{"id":8501,"date":"2016-08-09T11:34:09","date_gmt":"2016-08-09T09:34:09","guid":{"rendered":"http:\/\/www.lamennais.org\/?page_id=8501&#038;lang=es"},"modified":"2016-11-08T09:00:48","modified_gmt":"2016-11-08T08:00:48","slug":"formacion","status":"publish","type":"page","link":"https:\/\/www.lamennais.org\/es\/formacion\/","title":{"rendered":"Formaci\u00f3n"},"content":{"rendered":"<h4><\/h4>\n<h4><\/h4>\n<hr \/>\n<h4>Este espacio est\u00e1 reservado para los animadores de la Familia Menesiana; estos \u00faltimos pueden solicitar su inscripci\u00f3n al Hermano Secretario General.<\/h4>\n<h4><span style=\"color: #993300;\">Otro espacio abierto a todos, estar\u00e1 disponible en las pr\u00f3ximas semanas. Ofrecer\u00e1 una verdadera base de datos de todos los documentos (audio, v\u00eddeo, foto, texto) de las provincias y distritos de la Congregaci\u00f3n.<\/span><\/h4>\n\n<div class=\"wpcf7 no-js\" id=\"wpcf7-f7982-o1\" lang=\"it-IT\" dir=\"ltr\" data-wpcf7-id=\"7982\">\n<div class=\"screen-reader-response\"><p role=\"status\" aria-live=\"polite\" aria-atomic=\"true\"><\/p> <ul><\/ul><\/div>\n<form action=\"\/es\/wp-json\/wp\/v2\/pages\/8501#wpcf7-f7982-o1\" method=\"post\" class=\"wpcf7-form init\" aria-label=\"Modulo di contatto\" novalidate=\"novalidate\" data-status=\"init\">\n<fieldset class=\"hidden-fields-container\"><input type=\"hidden\" name=\"_wpcf7\" value=\"7982\" \/><input type=\"hidden\" name=\"_wpcf7_version\" value=\"6.1.5\" \/><input type=\"hidden\" name=\"_wpcf7_locale\" value=\"it_IT\" \/><input type=\"hidden\" name=\"_wpcf7_unit_tag\" value=\"wpcf7-f7982-o1\" \/><input type=\"hidden\" name=\"_wpcf7_container_post\" value=\"0\" \/><input type=\"hidden\" name=\"_wpcf7_posted_data_hash\" value=\"\" \/>\n<\/fieldset>\n<p>Su nombre (obligatorio)\n<\/p>\n<p><span class=\"wpcf7-form-control-wrap\" data-name=\"your-name\"><input size=\"40\" maxlength=\"400\" class=\"wpcf7-form-control wpcf7-text wpcf7-validates-as-required\" aria-required=\"true\" aria-invalid=\"false\" value=\"\" type=\"text\" name=\"your-name\" \/><\/span>\n<\/p>\n<p>Provincia o Distrito de apartenencia (obligatorio)\n<\/p>\n<p><span class=\"wpcf7-form-control-wrap\" data-name=\"text-145\"><input size=\"40\" maxlength=\"400\" class=\"wpcf7-form-control wpcf7-text wpcf7-validates-as-required\" aria-required=\"true\" aria-invalid=\"false\" value=\"\" type=\"text\" name=\"text-145\" \/><\/span>\n<\/p>\n<p>Usted es <span class=\"wpcf7-form-control-wrap\" data-name=\"menu-602\"><select class=\"wpcf7-form-control wpcf7-select\" aria-invalid=\"false\" name=\"menu-602\"><option value=\"Hermano\">Hermano<\/option><option value=\"Laico\">Laico<\/option><option value=\"Laica\">Laica<\/option><option value=\"Otro\">Otro<\/option><\/select><\/span>\n<\/p>\n<p>Su e-mail (obligatorio)\n<\/p>\n<p><span class=\"wpcf7-form-control-wrap\" data-name=\"your-email\"><input size=\"40\" maxlength=\"400\" class=\"wpcf7-form-control wpcf7-email wpcf7-validates-as-required wpcf7-text wpcf7-validates-as-email\" aria-required=\"true\" aria-invalid=\"false\" value=\"\" type=\"email\" name=\"your-email\" \/><\/span>\n<\/p>\n<p>Su mensaje\n<\/p>\n<p><span class=\"wpcf7-form-control-wrap\" data-name=\"your-message\"><textarea cols=\"40\" rows=\"10\" maxlength=\"2000\" class=\"wpcf7-form-control wpcf7-textarea\" aria-invalid=\"false\" name=\"your-message\"><\/textarea><\/span>\n<\/p>\n<p><input class=\"wpcf7-form-control wpcf7-submit has-spinner\" type=\"submit\" value=\"Enviar\" \/>\n<\/p><div class=\"wpcf7-response-output\" aria-hidden=\"true\"><\/div>\n<\/form>\n<\/div>\n\n<p>&nbsp;<\/p>\n<p>&nbsp;<\/p>\n","protected":false},"excerpt":{"rendered":"<p>Este espacio est\u00e1 reservado para los animadores de la Familia Menesiana; estos \u00faltimos pueden solicitar su inscripci\u00f3n al Hermano Secretario General. Otro espacio abierto a todos, estar\u00e1 disponible en las pr\u00f3ximas semanas. Ofrecer\u00e1 una verdadera base de datos de todos los documentos (audio, v\u00eddeo, foto, texto) de las provincias y distritos de la Congregaci\u00f3n. &nbsp; [&hellip;]<\/p>\n","protected":false},"author":1,"featured_media":0,"parent":0,"menu_order":0,"comment_status":"closed","ping_status":"closed","template":"","meta":{"footnotes":""},"class_list":["post-8501","page","type-page","status-publish","hentry"],"yoast_head":"<!-- This site is optimized with the Yoast SEO plugin v27.3 - https:\/\/yoast.com\/product\/yoast-seo-wordpress\/ -->\n<title>Formaci\u00f3n - LaMennais.org<\/title>\n<meta name=\"robots\" content=\"index, follow, max-snippet:-1, max-image-preview:large, max-video-preview:-1\" \/>\n<link rel=\"canonical\" href=\"https:\/\/www.lamennais.org\/formacion\/?lang=es\" \/>\n<meta property=\"og:locale\" content=\"es_ES\" \/>\n<meta property=\"og:type\" content=\"article\" \/>\n<meta property=\"og:title\" content=\"Formaci\u00f3n - LaMennais.org\" \/>\n<meta property=\"og:description\" content=\"Este espacio est\u00e1 reservado para los animadores de la Familia Menesiana; estos \u00faltimos pueden solicitar su inscripci\u00f3n al Hermano Secretario General. Otro espacio abierto a todos, estar\u00e1 disponible en las pr\u00f3ximas semanas. Ofrecer\u00e1 una verdadera base de datos de todos los documentos (audio, v\u00eddeo, foto, texto) de las provincias y distritos de la Congregaci\u00f3n. &nbsp; [&hellip;]\" \/>\n<meta property=\"og:url\" content=\"https:\/\/www.lamennais.org\/formacion\/?lang=es\" \/>\n<meta property=\"og:site_name\" content=\"LaMennais.org\" \/>\n<meta property=\"article:modified_time\" content=\"2016-11-08T08:00:48+00:00\" \/>\n<meta name=\"twitter:card\" content=\"summary_large_image\" \/>\n<script type=\"application\/ld+json\" class=\"yoast-schema-graph\">{\"@context\":\"https:\\\/\\\/schema.org\",\"@graph\":[{\"@type\":\"WebPage\",\"@id\":\"https:\\\/\\\/www.lamennais.org\\\/formacion\\\/?lang=es\",\"url\":\"https:\\\/\\\/www.lamennais.org\\\/formacion\\\/?lang=es\",\"name\":\"Formaci\u00f3n - LaMennais.org\",\"isPartOf\":{\"@id\":\"https:\\\/\\\/www.lamennais.org\\\/#website\"},\"datePublished\":\"2016-08-09T09:34:09+00:00\",\"dateModified\":\"2016-11-08T08:00:48+00:00\",\"breadcrumb\":{\"@id\":\"https:\\\/\\\/www.lamennais.org\\\/formacion\\\/?lang=es#breadcrumb\"},\"inLanguage\":\"es\",\"potentialAction\":[{\"@type\":\"ReadAction\",\"target\":[\"https:\\\/\\\/www.lamennais.org\\\/formacion\\\/?lang=es\"]}]},{\"@type\":\"BreadcrumbList\",\"@id\":\"https:\\\/\\\/www.lamennais.org\\\/formacion\\\/?lang=es#breadcrumb\",\"itemListElement\":[{\"@type\":\"ListItem\",\"position\":1,\"name\":\"Accueil\",\"item\":\"https:\\\/\\\/www.lamennais.org\\\/\"},{\"@type\":\"ListItem\",\"position\":2,\"name\":\"Formaci\u00f3n\"}]},{\"@type\":\"WebSite\",\"@id\":\"https:\\\/\\\/www.lamennais.org\\\/#website\",\"url\":\"https:\\\/\\\/www.lamennais.org\\\/\",\"name\":\"LaMennais.org\",\"description\":\"Fr\u00e8res de l&#039;Instruction Chr\u00e9tienne et Famille Mennaisienne\",\"potentialAction\":[{\"@type\":\"SearchAction\",\"target\":{\"@type\":\"EntryPoint\",\"urlTemplate\":\"https:\\\/\\\/www.lamennais.org\\\/?s={search_term_string}\"},\"query-input\":{\"@type\":\"PropertyValueSpecification\",\"valueRequired\":true,\"valueName\":\"search_term_string\"}}],\"inLanguage\":\"es\"}]}<\/script>\n<!-- \/ Yoast SEO plugin. -->","yoast_head_json":{"title":"Formaci\u00f3n - LaMennais.org","robots":{"index":"index","follow":"follow","max-snippet":"max-snippet:-1","max-image-preview":"max-image-preview:large","max-video-preview":"max-video-preview:-1"},"canonical":"https:\/\/www.lamennais.org\/formacion\/?lang=es","og_locale":"es_ES","og_type":"article","og_title":"Formaci\u00f3n - LaMennais.org","og_description":"Este espacio est\u00e1 reservado para los animadores de la Familia Menesiana; estos \u00faltimos pueden solicitar su inscripci\u00f3n al Hermano Secretario General. Otro espacio abierto a todos, estar\u00e1 disponible en las pr\u00f3ximas semanas. Ofrecer\u00e1 una verdadera base de datos de todos los documentos (audio, v\u00eddeo, foto, texto) de las provincias y distritos de la Congregaci\u00f3n. &nbsp; [&hellip;]","og_url":"https:\/\/www.lamennais.org\/formacion\/?lang=es","og_site_name":"LaMennais.org","article_modified_time":"2016-11-08T08:00:48+00:00","twitter_card":"summary_large_image","schema":{"@context":"https:\/\/schema.org","@graph":[{"@type":"WebPage","@id":"https:\/\/www.lamennais.org\/formacion\/?lang=es","url":"https:\/\/www.lamennais.org\/formacion\/?lang=es","name":"Formaci\u00f3n - LaMennais.org","isPartOf":{"@id":"https:\/\/www.lamennais.org\/#website"},"datePublished":"2016-08-09T09:34:09+00:00","dateModified":"2016-11-08T08:00:48+00:00","breadcrumb":{"@id":"https:\/\/www.lamennais.org\/formacion\/?lang=es#breadcrumb"},"inLanguage":"es","potentialAction":[{"@type":"ReadAction","target":["https:\/\/www.lamennais.org\/formacion\/?lang=es"]}]},{"@type":"BreadcrumbList","@id":"https:\/\/www.lamennais.org\/formacion\/?lang=es#breadcrumb","itemListElement":[{"@type":"ListItem","position":1,"name":"Accueil","item":"https:\/\/www.lamennais.org\/"},{"@type":"ListItem","position":2,"name":"Formaci\u00f3n"}]},{"@type":"WebSite","@id":"https:\/\/www.lamennais.org\/#website","url":"https:\/\/www.lamennais.org\/","name":"LaMennais.org","description":"Fr\u00e8res de l&#039;Instruction Chr\u00e9tienne et Famille Mennaisienne","potentialAction":[{"@type":"SearchAction","target":{"@type":"EntryPoint","urlTemplate":"https:\/\/www.lamennais.org\/?s={search_term_string}"},"query-input":{"@type":"PropertyValueSpecification","valueRequired":true,"valueName":"search_term_string"}}],"inLanguage":"es"}]}},"_links":{"self":[{"href":"https:\/\/www.lamennais.org\/es\/wp-json\/wp\/v2\/pages\/8501","targetHints":{"allow":["GET"]}}],"collection":[{"href":"https:\/\/www.lamennais.org\/es\/wp-json\/wp\/v2\/pages"}],"about":[{"href":"https:\/\/www.lamennais.org\/es\/wp-json\/wp\/v2\/types\/page"}],"author":[{"embeddable":true,"href":"https:\/\/www.lamennais.org\/es\/wp-json\/wp\/v2\/users\/1"}],"replies":[{"embeddable":true,"href":"https:\/\/www.lamennais.org\/es\/wp-json\/wp\/v2\/comments?post=8501"}],"version-history":[{"count":1,"href":"https:\/\/www.lamennais.org\/es\/wp-json\/wp\/v2\/pages\/8501\/revisions"}],"predecessor-version":[{"id":8503,"href":"https:\/\/www.lamennais.org\/es\/wp-json\/wp\/v2\/pages\/8501\/revisions\/8503"}],"wp:attachment":[{"href":"https:\/\/www.lamennais.org\/es\/wp-json\/wp\/v2\/media?parent=8501"}],"curies":[{"name":"wp","href":"https:\/\/api.w.org\/{rel}","templated":true}]}}