{"id":7305,"date":"2016-08-06T12:19:49","date_gmt":"2016-08-06T10:19:49","guid":{"rendered":"http:\/\/www.lamennais.org\/?page_id=7305&#038;lang=es"},"modified":"2024-12-01T10:57:56","modified_gmt":"2024-12-01T09:57:56","slug":"formacion-menesiana","status":"publish","type":"page","link":"https:\/\/www.lamennais.org\/es\/formacion-menesiana\/","title":{"rendered":"Formaci\u00f3n Menesiana"},"content":{"rendered":"<h4><a href=\"https:\/\/www.lamennais.org\/wp-content\/uploads\/2021\/07\/Familia-Menesiana-ES-OCT-2024.pdf\" target=\"_blank\" rel=\"noopener\"><span style=\"color: #0000ff;\"><strong><strong>Marco de referencia de la Familia Menesiana y Estatutos de los Laicos Menesianos Asociados &#8211; Octubre 2024<\/strong><\/strong><\/span><\/a><\/h4>\n<hr \/>\n<p><strong><strong><a href=\"https:\/\/www.lamennais.org\/formation-mennaisienne\/\">Nouveau !<br \/>\n<\/a><a href=\"https:\/\/www.lamennais.org\/formation-mennaisienne\/\"><img decoding=\"async\" class=\"alignnone size-medium\" src=\"http:\/\/www.lamennais.org\/wp-content\/plugins\/sitepress-multilingual-cms\/res\/flags\/fr.png\" alt=\"\" width=\"18\" height=\"12\" \/><\/a><a href=\"https:\/\/www.lamennais.org\/en\/mennaisian-formation\/\"> <img decoding=\"async\" class=\"alignnone size-medium\" src=\"http:\/\/www.lamennais.org\/wp-content\/plugins\/sitepress-multilingual-cms\/res\/flags\/en.png\" alt=\"\" width=\"18\" height=\"12\" \/><\/a>Livrets d&#8217;animation des mennaisienne, ann\u00e9e 2020, Canada : <a href=\"https:\/\/drive.google.com\/drive\/u\/3\/folders\/1lYTzEJRnM0sva8knsH4Gn94r2FbO4tpm\" target=\"_blank\" rel=\"noopener noreferrer\">&gt;&gt;&gt;\u00a0<\/a><a href=\"https:\/\/www.lamennais.org\/formation-mennaisienne\/\"><br \/>\n<\/a><a href=\"https:\/\/www.lamennais.org\/formation-mennaisienne\/\"><img decoding=\"async\" class=\"alignnone size-medium\" src=\"http:\/\/www.lamennais.org\/wp-content\/plugins\/sitepress-multilingual-cms\/res\/flags\/fr.png\" alt=\"\" width=\"18\" height=\"12\" \/><\/a>Livrets d&#8217;animation des Fraternit\u00e9s mennaisiennes, ann\u00e9e 2020, Province St Jean-Baptiste : <a href=\"https:\/\/drive.google.com\/drive\/u\/3\/folders\/1fiv9quO6GlCjtXdIeYR3asEUT5GHJn_a\" target=\"_blank\" rel=\"noopener noreferrer\">&gt;&gt;&gt;<\/a><a href=\"https:\/\/www.lamennais.org\/formation-mennaisienne\/\"><br \/>\n<\/a><a href=\"https:\/\/www.lamennais.org\/formation-mennaisienne\/\"><img decoding=\"async\" class=\"alignnone size-medium\" src=\"http:\/\/www.lamennais.org\/wp-content\/plugins\/sitepress-multilingual-cms\/res\/flags\/fr.png\" alt=\"\" width=\"18\" height=\"12\" \/><\/a> <a href=\"https:\/\/www.lamennais.org\/en\/mennaisian-formation\/\"><img decoding=\"async\" class=\"alignnone size-medium\" src=\"http:\/\/www.lamennais.org\/wp-content\/plugins\/sitepress-multilingual-cms\/res\/flags\/en.png\" alt=\"\" width=\"18\" height=\"12\" \/><\/a>Livrets d&#8217;animation mennaisienne, ann\u00e9e 2019, Canada : <a href=\"https:\/\/drive.google.com\/drive\/u\/1\/folders\/15mjuV50QVWEOJnqOxcUmbwErvpLfQSUF\" target=\"_blank\" rel=\"noopener noreferrer\">&gt;&gt;&gt;\u00a0<\/a><a href=\"https:\/\/www.lamennais.org\/formation-mennaisienne\/\"><br \/>\n<\/a><a href=\"https:\/\/www.lamennais.org\/formation-mennaisienne\/\"><img decoding=\"async\" class=\"alignnone size-medium\" src=\"http:\/\/www.lamennais.org\/wp-content\/plugins\/sitepress-multilingual-cms\/res\/flags\/fr.png\" alt=\"\" width=\"18\" height=\"12\" \/><\/a>Livrets d&#8217;animation des Fraternit\u00e9s mennaisiennes, ann\u00e9e 2019, Province St Jean-Baptiste : <a href=\"https:\/\/drive.google.com\/drive\/u\/1\/folders\/1Fi_qF3NZiYziqxIHQh05y0g8XnJLPHc4\" target=\"_blank\" rel=\"noopener noreferrer\">&gt;&gt;&gt;<\/a><\/strong><\/strong><\/p>\n<hr \/>\n<ul>\n<li><strong><a href=\"https:\/\/www.lamennais.org\/formation-mennaisienne\/\"><img decoding=\"async\" class=\"alignnone size-medium\" src=\"http:\/\/www.lamennais.org\/wp-content\/plugins\/sitepress-multilingual-cms\/res\/flags\/fr.png\" alt=\"\" width=\"18\" height=\"12\" \/><\/a><a href=\"https:\/\/www.lamennais.org\/wp-content\/uploads\/2016\/08\/fr-Famille-mennaisienne-projet-de-formation-octobre-2010.pdf\" target=\"_blank\" rel=\"noopener\">\u00a0Famille mennaisienne &#8211; Projet de formation &#8211; octobre 2010<\/a><\/strong>\u00a0(pdf &#8211; 365)<\/li>\n<li><strong><a href=\"https:\/\/www.lamennais.org\/en\/mennaisian-formation\/\"><img decoding=\"async\" class=\"alignnone size-medium\" src=\"http:\/\/www.lamennais.org\/wp-content\/plugins\/sitepress-multilingual-cms\/res\/flags\/en.png\" alt=\"\" width=\"18\" height=\"12\" \/><\/a>\u00a0<a href=\"https:\/\/www.lamennais.org\/wp-content\/uploads\/2016\/08\/an-Formation-Project-Oct.-2010doc.pdf\" target=\"_blank\" rel=\"noopener\">Mennaisian Family &#8211; Formation Project &#8211; october 2010<\/a><\/strong>\u00a0(pdf &#8211; 365)<\/li>\n<li><strong><a href=\"https:\/\/www.lamennais.org\/es\/formacion-menesiana\/?lang=es\"><img decoding=\"async\" class=\"alignnone size-medium\" src=\"http:\/\/www.lamennais.org\/wp-content\/plugins\/sitepress-multilingual-cms\/res\/flags\/es.png\" alt=\"\" width=\"18\" height=\"12\" \/><\/a>\u00a0 <a href=\"https:\/\/www.lamennais.org\/wp-content\/uploads\/2016\/03\/Proyecto-formaci\u00f3n-en-la-FM.pdf\" target=\"_blank\" rel=\"noopener\">Familia Menesiana &#8211; Proyecto de Formaci\u00f3n &#8211; octubre 2010 <\/a><\/strong>(pdf &#8211; 365)<\/li>\n<\/ul>\n<p class=\"alignnone size-medium\">El texto aprobado por el Consejo General el 15 octubre 2010<\/p>\n<hr \/>\n<p><b>Pertenencia a la Familia Menesiana<br \/>\n<\/b>\u00a0Appartenance a la famille mennaisienne\u00a0\/ Belonging\u00bb to the Mennaisian Family<\/p>\n<ul>\n<li><a href=\"https:\/\/www.lamennais.org\/es\/formacion-menesiana\/?lang=es\"><img decoding=\"async\" class=\"alignnone size-medium\" src=\"http:\/\/www.lamennais.org\/wp-content\/plugins\/sitepress-multilingual-cms\/res\/flags\/es.png\" alt=\"\" width=\"18\" height=\"12\" \/><\/a>\u00a0 Itin\u00e9raires de formation : \u00a0<a href=\"https:\/\/www.lamennais.org\/wp-content\/uploads\/2016\/08\/Itinerario-menesiano-Humildad.doc\">Humilit\u00e9 &#8211; Humildad <\/a>\u00a0 &#8211; \u00a0<a href=\"https:\/\/www.lamennais.org\/wp-content\/uploads\/2016\/08\/Itinerario-menesiano-PAZ.doc\">Paix &#8211; Paz &#8211; Peace<\/a><\/li>\n<li><a href=\"https:\/\/www.lamennais.org\/es\/formacion-menesiana\/?lang=es\"><img decoding=\"async\" class=\"alignnone size-medium\" src=\"http:\/\/www.lamennais.org\/wp-content\/plugins\/sitepress-multilingual-cms\/res\/flags\/es.png\" alt=\"\" width=\"18\" height=\"12\" \/><\/a>\u00a0 <a href=\"https:\/\/www.lamennais.org\/wp-content\/uploads\/2016\/08\/Documento-1.-ORGANIZACI\u00d3N.doc\">Organisation &#8211; organizaci\u00f3n\u00a0<\/a>\u00a0 \u00a0* \u00a0<a href=\"https:\/\/www.lamennais.org\/wp-content\/uploads\/2016\/08\/Documento-2.MARCO-DE-VIDA-LAICADO-MENESIANO.doc\">Marco de vida &#8211; Charte de vie &#8211; Charter of Life<\/a><\/li>\n<li><a href=\"https:\/\/www.lamennais.org\/es\/formacion-menesiana\/?lang=es\"><img decoding=\"async\" class=\"alignnone size-medium\" src=\"http:\/\/www.lamennais.org\/wp-content\/plugins\/sitepress-multilingual-cms\/res\/flags\/es.png\" alt=\"\" width=\"18\" height=\"12\" \/><\/a>\u00a0 Formaci\u00f3n \u00a0:<a href=\"https:\/\/www.lamennais.org\/wp-content\/uploads\/2016\/08\/Documento-3.-FORMACI\u00d3N.-Para-la-Vida-y-la-Misi\u00f3n.doc\">Para la Vida y la Misi\u00f3n &#8211; pour la vie de la Mission<\/a><\/li>\n<li><a href=\"https:\/\/www.lamennais.org\/formation-mennaisienne\/\"><img decoding=\"async\" class=\"alignnone size-medium\" src=\"http:\/\/www.lamennais.org\/wp-content\/plugins\/sitepress-multilingual-cms\/res\/flags\/fr.png\" alt=\"\" width=\"18\" height=\"12\" \/><\/a>\u00a0 <a href=\"https:\/\/www.lamennais.org\/wp-content\/uploads\/2016\/08\/Charte-Associ\u00e9s.doc\" target=\"_blank\" rel=\"noopener\">Charte Associ\u00e9s<\/a><\/li>\n<li><a href=\"https:\/\/www.lamennais.org\/formation-mennaisienne\/\"><img decoding=\"async\" class=\"alignnone size-medium\" src=\"http:\/\/www.lamennais.org\/wp-content\/plugins\/sitepress-multilingual-cms\/res\/flags\/fr.png\" alt=\"\" width=\"18\" height=\"12\" \/><\/a>\u00a0 <a href=\"https:\/\/www.lamennais.org\/wp-content\/uploads\/2016\/08\/Charte-Discernement-Guide-de-formation.doc\" target=\"_blank\" rel=\"noopener\">Charte de discernement<\/a><\/li>\n<li><a href=\"https:\/\/www.lamennais.org\/formation-mennaisienne\/\"><img decoding=\"async\" class=\"alignnone size-medium\" src=\"http:\/\/www.lamennais.org\/wp-content\/plugins\/sitepress-multilingual-cms\/res\/flags\/fr.png\" alt=\"\" width=\"18\" height=\"12\" \/><\/a>\u00a0 <a href=\"https:\/\/www.lamennais.org\/wp-content\/uploads\/2016\/08\/Invitation-au-cheminement.pdf\" target=\"_blank\" rel=\"noopener\">Invitation au cheminement<\/a><\/li>\n<\/ul>\n<hr \/>\n<p><b>Documentos <\/b><b>Familia<\/b><b> Menesiana<br \/>\n<\/b>Documents Famille Mennaisienne \/ Documents Mennaisian Family<\/p>\n<ul>\n<li><a href=\"https:\/\/www.lamennais.org\/es\/formacion-menesiana\/?lang=es\"><img decoding=\"async\" class=\"alignnone size-medium\" src=\"http:\/\/www.lamennais.org\/wp-content\/plugins\/sitepress-multilingual-cms\/res\/flags\/es.png\" alt=\"\" width=\"18\" height=\"12\" \/><\/a>\u00a0 <a href=\"https:\/\/www.lamennais.org\/wp-content\/uploads\/2016\/08\/Carta-Compromiso-de-Laicos-1.pdf\">Carta compromiso de Laicos<\/a><\/li>\n<li><a href=\"https:\/\/www.lamennais.org\/formation-mennaisienne\/\"><img decoding=\"async\" class=\"alignnone size-medium\" src=\"http:\/\/www.lamennais.org\/wp-content\/plugins\/sitepress-multilingual-cms\/res\/flags\/fr.png\" alt=\"\" width=\"18\" height=\"12\" \/><\/a>\u00a0 <a href=\"https:\/\/www.lamennais.org\/wp-content\/uploads\/2016\/08\/Document-engagement.docx\" target=\"_blank\" rel=\"noopener\">Document engagement<\/a><\/li>\n<li><a href=\"https:\/\/www.lamennais.org\/formation-mennaisienne\/\"><img decoding=\"async\" class=\"alignnone size-medium\" src=\"http:\/\/www.lamennais.org\/wp-content\/plugins\/sitepress-multilingual-cms\/res\/flags\/fr.png\" alt=\"\" width=\"18\" height=\"12\" \/><\/a>\u00a0 <a href=\"https:\/\/www.lamennais.org\/wp-content\/uploads\/2016\/08\/flyer-Associ\u00e9s.pdf\" target=\"_blank\" rel=\"noopener\">Flyer membres asoci\u00e9s<\/a><\/li>\n<li><a href=\"https:\/\/www.lamennais.org\/es\/formacion-menesiana\/?lang=es\"><img decoding=\"async\" class=\"alignnone size-medium\" src=\"http:\/\/www.lamennais.org\/wp-content\/plugins\/sitepress-multilingual-cms\/res\/flags\/es.png\" alt=\"\" width=\"18\" height=\"12\" \/><\/a>\u00a0 Itinerario Familia Menesiana <a href=\"https:\/\/www.lamennais.org\/wp-content\/uploads\/2016\/08\/Itinerario-Familia-Menesiana-1.ppt\">(DIAPORAMA)<\/a><\/li>\n<li><a href=\"https:\/\/www.lamennais.org\/formation-mennaisienne\/\"><img decoding=\"async\" class=\"alignnone size-medium\" src=\"http:\/\/www.lamennais.org\/wp-content\/plugins\/sitepress-multilingual-cms\/res\/flags\/fr.png\" alt=\"\" width=\"18\" height=\"12\" \/><\/a>\u00a0 Pr\u00e9sentation CHARTE Associ\u00e9s (<a href=\"https:\/\/www.lamennais.org\/wp-content\/uploads\/2016\/08\/Pr\u00e9sentation-CHARTE-Associ\u00e9s.pptx\" target=\"_blank\" rel=\"noopener\">DIAPORAMA<\/a>)<\/li>\n<li><a href=\"https:\/\/www.lamennais.org\/es\/formacion-menesiana\/?lang=es\"><img decoding=\"async\" class=\"alignnone size-medium\" src=\"http:\/\/www.lamennais.org\/wp-content\/plugins\/sitepress-multilingual-cms\/res\/flags\/es.png\" alt=\"\" width=\"18\" height=\"12\" \/><\/a>\u00a0<a href=\"https:\/\/www.lamennais.org\/en\/mennaisian-formation\/\"><img decoding=\"async\" class=\"alignnone size-medium\" src=\"http:\/\/www.lamennais.org\/wp-content\/plugins\/sitepress-multilingual-cms\/res\/flags\/en.png\" alt=\"\" width=\"18\" height=\"12\" \/><\/a>\u00a0<a href=\"https:\/\/www.lamennais.org\/formation-mennaisienne\/\"><img decoding=\"async\" class=\"alignnone size-medium\" src=\"http:\/\/www.lamennais.org\/wp-content\/plugins\/sitepress-multilingual-cms\/res\/flags\/fr.png\" alt=\"\" width=\"18\" height=\"12\" \/><\/a>\u00a0:<a href=\"https:\/\/www.lamennais.org\/testimonies-temoignages-testimonios-famille-mennaisienne\/\"> T\u00e9moignages de Fr\u00e8res et de La\u00efcs, au cours<\/a> de la Conf\u00e9rence G\u00e9n\u00e9rale d&#8217;Ha\u00efti (Octobre 2016) sur la FM<\/li>\n<\/ul>\n<hr \/>\n<p><b>Propuestas de for<\/b><b>maci\u00f3n<\/b><\/p>\n<ul>\n<li><a href=\"https:\/\/www.lamennais.org\/es\/formacion-menesiana\/?lang=es\"><img decoding=\"async\" class=\"alignnone size-medium\" src=\"http:\/\/www.lamennais.org\/wp-content\/plugins\/sitepress-multilingual-cms\/res\/flags\/es.png\" alt=\"\" width=\"18\" height=\"12\" \/><\/a>\u00a0<a href=\"https:\/\/www.lamennais.org\/es\/formacion-menesiana\/propuestas-de-formacion\/?lang=es\"> Propuestas de formaci\u00f3n<\/a>\u00a0\/<a href=\"https:\/\/www.lamennais.org\/es\/formacion-menesiana\/propuestas-de-formacion\/?lang=es\"> Proposals of formation<\/a><\/li>\n<li><img decoding=\"async\" class=\"alignnone size-medium\" src=\"http:\/\/www.lamennais.org\/wp-content\/plugins\/sitepress-multilingual-cms\/res\/flags\/fr.png\" alt=\"\" width=\"18\" height=\"12\" \/>\u00a0 <a href=\"https:\/\/www.lamennais.org\/wp-content\/uploads\/2016\/08\/Associ\u00e9s-et-communaut\u00e9s.docx\" target=\"_blank\" rel=\"noopener\">Membres Associ\u00e9s et Communaut\u00e9<\/a><\/li>\n<li><img decoding=\"async\" class=\"alignnone size-medium\" src=\"http:\/\/www.lamennais.org\/wp-content\/plugins\/sitepress-multilingual-cms\/res\/flags\/fr.png\" alt=\"\" width=\"18\" height=\"12\" \/>\u00a0 <a href=\"https:\/\/www.lamennais.org\/wp-content\/uploads\/2016\/08\/Associ\u00e9s-et-Mission.docx\" target=\"_blank\" rel=\"noopener\">Membres Associ\u00e9s et Mission<\/a><\/li>\n<li><img decoding=\"async\" class=\"alignnone size-medium\" src=\"http:\/\/www.lamennais.org\/wp-content\/plugins\/sitepress-multilingual-cms\/res\/flags\/fr.png\" alt=\"\" width=\"18\" height=\"12\" \/>\u00a0 <a href=\"https:\/\/www.lamennais.org\/wp-content\/uploads\/2016\/08\/Associ\u00e9s-et-Vie-fraternelle-en-communaut\u00e9.docx\" target=\"_blank\" rel=\"noopener\">Membres Associ\u00e9s et Vie fraternelle en communaut\u00e9<\/a><\/li>\n<li><img decoding=\"async\" class=\"alignnone size-medium\" src=\"http:\/\/www.lamennais.org\/wp-content\/plugins\/sitepress-multilingual-cms\/res\/flags\/fr.png\" alt=\"\" width=\"18\" height=\"12\" \/>\u00a0 <a href=\"https:\/\/www.lamennais.org\/wp-content\/uploads\/2016\/08\/Une-pri\u00e8re-au-coeur-de-la-vie-Prier-15-jours.docx\" target=\"_blank\" rel=\"noopener\">Une pri\u00e8re au coeur de la vie Prier 15 jours<\/a><\/li>\n<\/ul>\n<hr \/>\n<p><strong>J\u00f3venes Menesianos<\/strong><br \/>\nJeunes Mennaisiens\/ Young Mennaisians<\/p>\n<ul>\n<li><img loading=\"lazy\" decoding=\"async\" class=\"alignnone\" src=\"http:\/\/www.lamennais.org\/wp-content\/plugins\/sitepress-multilingual-cms\/res\/flags\/es.png\" width=\"18\" height=\"12\" \/>\u00a0Espa\u00f1ol\u00a0 : de un <a href=\"https:\/\/www.youtube.com\/watch?v=j2T_MdMF3Bg\">joven argentino\u00a0<\/a><\/li>\n<li><img loading=\"lazy\" decoding=\"async\" class=\"alignnone\" src=\"http:\/\/www.lamennais.org\/wp-content\/plugins\/sitepress-multilingual-cms\/res\/flags\/es.png\" width=\"18\" height=\"12\" \/>\u00a0Espa\u00f1ol\u00a0 : de un <a href=\"https:\/\/www.youtube.com\/watch?v=aqyPtkIApBQ\">joven espa\u00f1ol<\/a><\/li>\n<li><img loading=\"lazy\" decoding=\"async\" class=\"alignnone\" src=\"http:\/\/www.lamennais.org\/wp-content\/plugins\/sitepress-multilingual-cms\/res\/flags\/es.png\" width=\"18\" height=\"12\" \/>\u00a0Espa\u00f1ol\u00a0 : de una <a href=\"https:\/\/www.youtube.com\/watch?v=PGr0IQRW_hQ\">joven argentina<\/a><\/li>\n<\/ul>\n<hr \/>\n","protected":false},"excerpt":{"rendered":"<p>Marco de referencia de la Familia Menesiana y Estatutos de los Laicos Menesianos Asociados &#8211; Octubre 2024 Nouveau ! Livrets d&#8217;animation des mennaisienne, ann\u00e9e 2020, Canada : &gt;&gt;&gt;\u00a0 Livrets d&#8217;animation des Fraternit\u00e9s mennaisiennes, ann\u00e9e 2020, Province St Jean-Baptiste : &gt;&gt;&gt; Livrets d&#8217;animation mennaisienne, ann\u00e9e 2019, Canada : &gt;&gt;&gt;\u00a0 Livrets d&#8217;animation des Fraternit\u00e9s mennaisiennes, ann\u00e9e 2019, [&hellip;]<\/p>\n","protected":false},"author":1,"featured_media":13373,"parent":0,"menu_order":0,"comment_status":"closed","ping_status":"closed","template":"","meta":{"footnotes":""},"class_list":["post-7305","page","type-page","status-publish","has-post-thumbnail","hentry"],"yoast_head":"<!-- This site is optimized with the Yoast SEO plugin v27.4 - https:\/\/yoast.com\/product\/yoast-seo-wordpress\/ -->\n<title>Formaci\u00f3n Menesiana - LaMennais.org<\/title>\n<meta name=\"robots\" content=\"index, follow, max-snippet:-1, max-image-preview:large, max-video-preview:-1\" \/>\n<link rel=\"canonical\" href=\"https:\/\/www.lamennais.org\/es\/formacion-menesiana\/\" \/>\n<meta property=\"og:locale\" content=\"es_ES\" \/>\n<meta property=\"og:type\" content=\"article\" \/>\n<meta property=\"og:title\" content=\"Formaci\u00f3n Menesiana - LaMennais.org\" \/>\n<meta property=\"og:description\" content=\"Marco de referencia de la Familia Menesiana y Estatutos de los Laicos Menesianos Asociados &#8211; Octubre 2024 Nouveau ! Livrets d&#8217;animation des mennaisienne, ann\u00e9e 2020, Canada : &gt;&gt;&gt;\u00a0 Livrets d&#8217;animation des Fraternit\u00e9s mennaisiennes, ann\u00e9e 2020, Province St Jean-Baptiste : &gt;&gt;&gt; Livrets d&#8217;animation mennaisienne, ann\u00e9e 2019, Canada : &gt;&gt;&gt;\u00a0 Livrets d&#8217;animation des Fraternit\u00e9s mennaisiennes, ann\u00e9e 2019, [&hellip;]\" \/>\n<meta property=\"og:url\" content=\"https:\/\/www.lamennais.org\/es\/formacion-menesiana\/\" \/>\n<meta property=\"og:site_name\" content=\"LaMennais.org\" \/>\n<meta property=\"article:modified_time\" content=\"2024-12-01T09:57:56+00:00\" \/>\n<meta property=\"og:image\" content=\"https:\/\/www.lamennais.org\/wp-content\/uploads\/2016\/08\/ARGENT-Formation-Enseignants-1024x657.jpg\" \/>\n\t<meta property=\"og:image:width\" content=\"1024\" \/>\n\t<meta property=\"og:image:height\" content=\"657\" \/>\n\t<meta property=\"og:image:type\" content=\"image\/jpeg\" \/>\n<meta name=\"twitter:card\" content=\"summary_large_image\" \/>\n<meta name=\"twitter:label1\" content=\"Tiempo de lectura\" \/>\n\t<meta name=\"twitter:data1\" content=\"8 minutos\" \/>\n<script type=\"application\/ld+json\" class=\"yoast-schema-graph\">{\"@context\":\"https:\\\/\\\/schema.org\",\"@graph\":[{\"@type\":\"WebPage\",\"@id\":\"https:\\\/\\\/www.lamennais.org\\\/es\\\/formacion-menesiana\\\/\",\"url\":\"https:\\\/\\\/www.lamennais.org\\\/es\\\/formacion-menesiana\\\/\",\"name\":\"Formaci\u00f3n Menesiana - LaMennais.org\",\"isPartOf\":{\"@id\":\"https:\\\/\\\/www.lamennais.org\\\/#website\"},\"primaryImageOfPage\":{\"@id\":\"https:\\\/\\\/www.lamennais.org\\\/es\\\/formacion-menesiana\\\/#primaryimage\"},\"image\":{\"@id\":\"https:\\\/\\\/www.lamennais.org\\\/es\\\/formacion-menesiana\\\/#primaryimage\"},\"thumbnailUrl\":\"https:\\\/\\\/www.lamennais.org\\\/wp-content\\\/uploads\\\/2016\\\/08\\\/ARGENT-Formation-Enseignants.jpg\",\"datePublished\":\"2016-08-06T10:19:49+00:00\",\"dateModified\":\"2024-12-01T09:57:56+00:00\",\"breadcrumb\":{\"@id\":\"https:\\\/\\\/www.lamennais.org\\\/es\\\/formacion-menesiana\\\/#breadcrumb\"},\"inLanguage\":\"es\",\"potentialAction\":[{\"@type\":\"ReadAction\",\"target\":[\"https:\\\/\\\/www.lamennais.org\\\/es\\\/formacion-menesiana\\\/\"]}]},{\"@type\":\"ImageObject\",\"inLanguage\":\"es\",\"@id\":\"https:\\\/\\\/www.lamennais.org\\\/es\\\/formacion-menesiana\\\/#primaryimage\",\"url\":\"https:\\\/\\\/www.lamennais.org\\\/wp-content\\\/uploads\\\/2016\\\/08\\\/ARGENT-Formation-Enseignants.jpg\",\"contentUrl\":\"https:\\\/\\\/www.lamennais.org\\\/wp-content\\\/uploads\\\/2016\\\/08\\\/ARGENT-Formation-Enseignants.jpg\",\"width\":4608,\"height\":2958},{\"@type\":\"BreadcrumbList\",\"@id\":\"https:\\\/\\\/www.lamennais.org\\\/es\\\/formacion-menesiana\\\/#breadcrumb\",\"itemListElement\":[{\"@type\":\"ListItem\",\"position\":1,\"name\":\"Accueil\",\"item\":\"https:\\\/\\\/www.lamennais.org\\\/\"},{\"@type\":\"ListItem\",\"position\":2,\"name\":\"Formaci\u00f3n Menesiana\"}]},{\"@type\":\"WebSite\",\"@id\":\"https:\\\/\\\/www.lamennais.org\\\/#website\",\"url\":\"https:\\\/\\\/www.lamennais.org\\\/\",\"name\":\"LaMennais.org\",\"description\":\"Fr\u00e8res de l&#039;Instruction Chr\u00e9tienne et Famille Mennaisienne\",\"potentialAction\":[{\"@type\":\"SearchAction\",\"target\":{\"@type\":\"EntryPoint\",\"urlTemplate\":\"https:\\\/\\\/www.lamennais.org\\\/?s={search_term_string}\"},\"query-input\":{\"@type\":\"PropertyValueSpecification\",\"valueRequired\":true,\"valueName\":\"search_term_string\"}}],\"inLanguage\":\"es\"}]}<\/script>\n<!-- \/ Yoast SEO plugin. -->","yoast_head_json":{"title":"Formaci\u00f3n Menesiana - LaMennais.org","robots":{"index":"index","follow":"follow","max-snippet":"max-snippet:-1","max-image-preview":"max-image-preview:large","max-video-preview":"max-video-preview:-1"},"canonical":"https:\/\/www.lamennais.org\/es\/formacion-menesiana\/","og_locale":"es_ES","og_type":"article","og_title":"Formaci\u00f3n Menesiana - LaMennais.org","og_description":"Marco de referencia de la Familia Menesiana y Estatutos de los Laicos Menesianos Asociados &#8211; Octubre 2024 Nouveau ! Livrets d&#8217;animation des mennaisienne, ann\u00e9e 2020, Canada : &gt;&gt;&gt;\u00a0 Livrets d&#8217;animation des Fraternit\u00e9s mennaisiennes, ann\u00e9e 2020, Province St Jean-Baptiste : &gt;&gt;&gt; Livrets d&#8217;animation mennaisienne, ann\u00e9e 2019, Canada : &gt;&gt;&gt;\u00a0 Livrets d&#8217;animation des Fraternit\u00e9s mennaisiennes, ann\u00e9e 2019, [&hellip;]","og_url":"https:\/\/www.lamennais.org\/es\/formacion-menesiana\/","og_site_name":"LaMennais.org","article_modified_time":"2024-12-01T09:57:56+00:00","og_image":[{"width":1024,"height":657,"url":"https:\/\/www.lamennais.org\/wp-content\/uploads\/2016\/08\/ARGENT-Formation-Enseignants-1024x657.jpg","type":"image\/jpeg"}],"twitter_card":"summary_large_image","twitter_misc":{"Tiempo de lectura":"8 minutos"},"schema":{"@context":"https:\/\/schema.org","@graph":[{"@type":"WebPage","@id":"https:\/\/www.lamennais.org\/es\/formacion-menesiana\/","url":"https:\/\/www.lamennais.org\/es\/formacion-menesiana\/","name":"Formaci\u00f3n Menesiana - LaMennais.org","isPartOf":{"@id":"https:\/\/www.lamennais.org\/#website"},"primaryImageOfPage":{"@id":"https:\/\/www.lamennais.org\/es\/formacion-menesiana\/#primaryimage"},"image":{"@id":"https:\/\/www.lamennais.org\/es\/formacion-menesiana\/#primaryimage"},"thumbnailUrl":"https:\/\/www.lamennais.org\/wp-content\/uploads\/2016\/08\/ARGENT-Formation-Enseignants.jpg","datePublished":"2016-08-06T10:19:49+00:00","dateModified":"2024-12-01T09:57:56+00:00","breadcrumb":{"@id":"https:\/\/www.lamennais.org\/es\/formacion-menesiana\/#breadcrumb"},"inLanguage":"es","potentialAction":[{"@type":"ReadAction","target":["https:\/\/www.lamennais.org\/es\/formacion-menesiana\/"]}]},{"@type":"ImageObject","inLanguage":"es","@id":"https:\/\/www.lamennais.org\/es\/formacion-menesiana\/#primaryimage","url":"https:\/\/www.lamennais.org\/wp-content\/uploads\/2016\/08\/ARGENT-Formation-Enseignants.jpg","contentUrl":"https:\/\/www.lamennais.org\/wp-content\/uploads\/2016\/08\/ARGENT-Formation-Enseignants.jpg","width":4608,"height":2958},{"@type":"BreadcrumbList","@id":"https:\/\/www.lamennais.org\/es\/formacion-menesiana\/#breadcrumb","itemListElement":[{"@type":"ListItem","position":1,"name":"Accueil","item":"https:\/\/www.lamennais.org\/"},{"@type":"ListItem","position":2,"name":"Formaci\u00f3n Menesiana"}]},{"@type":"WebSite","@id":"https:\/\/www.lamennais.org\/#website","url":"https:\/\/www.lamennais.org\/","name":"LaMennais.org","description":"Fr\u00e8res de l&#039;Instruction Chr\u00e9tienne et Famille Mennaisienne","potentialAction":[{"@type":"SearchAction","target":{"@type":"EntryPoint","urlTemplate":"https:\/\/www.lamennais.org\/?s={search_term_string}"},"query-input":{"@type":"PropertyValueSpecification","valueRequired":true,"valueName":"search_term_string"}}],"inLanguage":"es"}]}},"_links":{"self":[{"href":"https:\/\/www.lamennais.org\/es\/wp-json\/wp\/v2\/pages\/7305","targetHints":{"allow":["GET"]}}],"collection":[{"href":"https:\/\/www.lamennais.org\/es\/wp-json\/wp\/v2\/pages"}],"about":[{"href":"https:\/\/www.lamennais.org\/es\/wp-json\/wp\/v2\/types\/page"}],"author":[{"embeddable":true,"href":"https:\/\/www.lamennais.org\/es\/wp-json\/wp\/v2\/users\/1"}],"replies":[{"embeddable":true,"href":"https:\/\/www.lamennais.org\/es\/wp-json\/wp\/v2\/comments?post=7305"}],"version-history":[{"count":30,"href":"https:\/\/www.lamennais.org\/es\/wp-json\/wp\/v2\/pages\/7305\/revisions"}],"predecessor-version":[{"id":42935,"href":"https:\/\/www.lamennais.org\/es\/wp-json\/wp\/v2\/pages\/7305\/revisions\/42935"}],"wp:featuredmedia":[{"embeddable":true,"href":"https:\/\/www.lamennais.org\/es\/wp-json\/wp\/v2\/media\/13373"}],"wp:attachment":[{"href":"https:\/\/www.lamennais.org\/es\/wp-json\/wp\/v2\/media?parent=7305"}],"curies":[{"name":"wp","href":"https:\/\/api.w.org\/{rel}","templated":true}]}}