{"id":5753,"date":"2016-05-01T18:59:26","date_gmt":"2016-05-01T16:59:26","guid":{"rendered":"http:\/\/www.lamennais.org\/?page_id=5753&#038;lang=es"},"modified":"2019-01-30T20:44:17","modified_gmt":"2019-01-30T19:44:17","slug":"italia","status":"publish","type":"page","link":"https:\/\/www.lamennais.org\/es\/en-el-mundo\/europa\/italia\/","title":{"rendered":"Italia"},"content":{"rendered":"<p><strong><img fetchpriority=\"high\" decoding=\"async\" class=\"alignright size-full wp-image-1728\" src=\"http:\/\/www.lamennais.org\/wp-content\/uploads\/2016\/05\/italie_resize.jpg\" alt=\"italie_resize\" width=\"500\" height=\"500\" srcset=\"https:\/\/www.lamennais.org\/wp-content\/uploads\/2016\/05\/italie_resize.jpg 500w, https:\/\/www.lamennais.org\/wp-content\/uploads\/2016\/05\/italie_resize-150x150.jpg 150w, https:\/\/www.lamennais.org\/wp-content\/uploads\/2016\/05\/italie_resize-300x300.jpg 300w, https:\/\/www.lamennais.org\/wp-content\/uploads\/2016\/05\/italie_resize-260x260.jpg 260w\" sizes=\"(max-width: 500px) 100vw, 500px\" \/>Ciudades<\/strong>: Castelgandolfo &#8211; Roma<\/p>\n<p><strong><span style=\"color: #3366ff;\">CASTELGANDOLFO<\/span><br \/>\nIstituto San Giuseppe &#8211; Casa Mennesiana<\/strong><br \/>\nVia Appia Nuova, 7<br \/>\n00040 CASTELGANDOLFO-ROMA<br \/>\nC : <a href=\"mailto:mario.forino@casamennesiana.it\">mario.forino@casamennesiana.it<\/a><\/p>\n<p><strong><span style=\"color: #3366ff;\">ROMA<\/span><br \/>\nIstituto Sant\u2019Ivo<\/strong><br \/>\nVia Arturo Colautti,9<br \/>\n00152 ROMA<br \/>\nC : <a href=\"mailto:fic.santivo@mennaisien.org\">fic.santivo@mennaisien.org<\/a><\/p>\n<p><strong>Casa Generalizia F.I.C.P.<\/strong><br \/>\nVia della Divina Providenza, 44<br \/>\n00166 ROMA<br \/>\nT\u00e9l. : 00 (39) 06 66 41 56 18<br \/>\nC : <a href=\"mailto:secretariat@lamennais.org%20\">secretariat@lamennais.org<\/a><\/p>\n<hr \/>\n<p><img decoding=\"async\" class=\"size-medium wp-image-1724 alignright\" src=\"http:\/\/www.lamennais.org\/wp-content\/uploads\/2016\/05\/Italie-A-300x225.jpg\" alt=\"OLYMPUS DIGITAL CAMERA\" width=\"300\" height=\"225\" srcset=\"https:\/\/www.lamennais.org\/wp-content\/uploads\/2016\/05\/Italie-A-300x225.jpg 300w, https:\/\/www.lamennais.org\/wp-content\/uploads\/2016\/05\/Italie-A-768x576.jpg 768w, https:\/\/www.lamennais.org\/wp-content\/uploads\/2016\/05\/Italie-A-1024x768.jpg 1024w, https:\/\/www.lamennais.org\/wp-content\/uploads\/2016\/05\/Italie-A-260x195.jpg 260w\" sizes=\"(max-width: 300px) 100vw, 300px\" \/><\/p>\n<p class=\"Textbody\"><strong><span class=\"StrongEmphasis\"><span lang=\"ES\">Procuradur\u00eda y Administraci\u00f3n general.<\/span><\/span><\/strong><span lang=\"ES\"><br \/>\nRepresentado hasta entonces en Roma por un Procurador de otra congregaci\u00f3n, el Instituto designa, despu\u00e9s del Cap\u00edtulo General de 1921, a su primer representante, el Hno. Philippe N\u00e9ri. Se aloj\u00f3 en la casa de los Padres Maristas, Via Cernaia.<br \/>\nEn <strong>1931<\/strong> se construy\u00f3 el Instituto Sant&#8217;Ivo en el barrio de Monteverde, en Roma. La Procuradur\u00eda general, la residencia de los Hermanos estudiantes, el juniorado y el colegio cohabitaron all\u00ed hasta el d\u00eda en que la expansi\u00f3n de la escuela exigi\u00f3 que le dejaran todo el espacio. Los juniores emigraron a Castelgandolfo, una hermosa propiedad, en 1946.<br \/>\nLa Procuradur\u00eda general y los estudiantes pasaron a la nueva residencia de la Via Divina Provvidenza en <strong>1965<\/strong>. Esta residencia se ampli\u00f3 para dar cabida a la Administraci\u00f3n General que abandon\u00f3 Jersey en <strong>1972<\/strong>.<\/span><\/p>\n<p class=\"Textbody\"><strong><span class=\"StrongEmphasis\"><span lang=\"ES\">Delegaci\u00f3n italiana.<\/span><\/span><\/strong><span lang=\"ES\"><br \/>\nEl Instituto Sant&#8217;Ivo de Monteverde, escuela primaria, y el lnstituto San Giuseppe de Castelgandolfo, antiguo juniorado, convertido en Centro de acogida (para los Hermanos del A\u00f1o de Renovaci\u00f3n hasta el a\u00f1o 2002 y ahora para grupos de paso) son hoy d\u00eda las dos ramas de la Delegaci\u00f3n italiana que presenta un desarrollo limitado.<\/span><\/p>\n<p class=\"Textbody\"><span lang=\"ES\">Desde <strong>julio de 2017<\/strong>, estas dos comunidades se han fusionado en una sola en la casa de Sant&#8217;Ivo.<\/span><\/p>\n","protected":false},"excerpt":{"rendered":"<p>Ciudades: Castelgandolfo &#8211; Roma CASTELGANDOLFO Istituto San Giuseppe &#8211; Casa Mennesiana Via Appia Nuova, 7 00040 CASTELGANDOLFO-ROMA C : mario.forino@casamennesiana.it ROMA Istituto Sant\u2019Ivo Via Arturo Colautti,9 00152 ROMA C : fic.santivo@mennaisien.org Casa Generalizia F.I.C.P. Via della Divina Providenza, 44 00166 ROMA T\u00e9l. : 00 (39) 06 66 41 56 18 C : secretariat@lamennais.org Procuradur\u00eda y [&hellip;]<\/p>\n","protected":false},"author":1,"featured_media":0,"parent":5742,"menu_order":0,"comment_status":"closed","ping_status":"closed","template":"","meta":{"footnotes":""},"class_list":["post-5753","page","type-page","status-publish","hentry"],"yoast_head":"<!-- This site is optimized with the Yoast SEO plugin v27.3 - https:\/\/yoast.com\/product\/yoast-seo-wordpress\/ -->\n<title>Italia - LaMennais.org<\/title>\n<meta name=\"robots\" content=\"index, follow, max-snippet:-1, max-image-preview:large, max-video-preview:-1\" \/>\n<link rel=\"canonical\" href=\"https:\/\/www.lamennais.org\/en-el-mundo\/europa\/italia\/?lang=es\" \/>\n<meta property=\"og:locale\" content=\"es_ES\" \/>\n<meta property=\"og:type\" content=\"article\" \/>\n<meta property=\"og:title\" content=\"Italia - LaMennais.org\" \/>\n<meta property=\"og:description\" content=\"Ciudades: Castelgandolfo &#8211; Roma CASTELGANDOLFO Istituto San Giuseppe &#8211; Casa Mennesiana Via Appia Nuova, 7 00040 CASTELGANDOLFO-ROMA C : mario.forino@casamennesiana.it ROMA Istituto Sant\u2019Ivo Via Arturo Colautti,9 00152 ROMA C : fic.santivo@mennaisien.org Casa Generalizia F.I.C.P. Via della Divina Providenza, 44 00166 ROMA T\u00e9l. : 00 (39) 06 66 41 56 18 C : secretariat@lamennais.org Procuradur\u00eda y [&hellip;]\" \/>\n<meta property=\"og:url\" content=\"https:\/\/www.lamennais.org\/en-el-mundo\/europa\/italia\/?lang=es\" \/>\n<meta property=\"og:site_name\" content=\"LaMennais.org\" \/>\n<meta property=\"article:modified_time\" content=\"2019-01-30T19:44:17+00:00\" \/>\n<meta property=\"og:image\" content=\"http:\/\/www.lamennais.org\/wp-content\/uploads\/2016\/05\/italie_resize.jpg\" \/>\n<meta name=\"twitter:card\" content=\"summary_large_image\" \/>\n<meta name=\"twitter:label1\" content=\"Tiempo de lectura\" \/>\n\t<meta name=\"twitter:data1\" content=\"1 minuto\" \/>\n<script type=\"application\/ld+json\" class=\"yoast-schema-graph\">{\"@context\":\"https:\\\/\\\/schema.org\",\"@graph\":[{\"@type\":\"WebPage\",\"@id\":\"https:\\\/\\\/www.lamennais.org\\\/en-el-mundo\\\/europa\\\/italia\\\/?lang=es\",\"url\":\"https:\\\/\\\/www.lamennais.org\\\/en-el-mundo\\\/europa\\\/italia\\\/?lang=es\",\"name\":\"Italia - LaMennais.org\",\"isPartOf\":{\"@id\":\"https:\\\/\\\/www.lamennais.org\\\/#website\"},\"primaryImageOfPage\":{\"@id\":\"https:\\\/\\\/www.lamennais.org\\\/en-el-mundo\\\/europa\\\/italia\\\/?lang=es#primaryimage\"},\"image\":{\"@id\":\"https:\\\/\\\/www.lamennais.org\\\/en-el-mundo\\\/europa\\\/italia\\\/?lang=es#primaryimage\"},\"thumbnailUrl\":\"http:\\\/\\\/www.lamennais.org\\\/wp-content\\\/uploads\\\/2016\\\/05\\\/italie_resize.jpg\",\"datePublished\":\"2016-05-01T16:59:26+00:00\",\"dateModified\":\"2019-01-30T19:44:17+00:00\",\"breadcrumb\":{\"@id\":\"https:\\\/\\\/www.lamennais.org\\\/en-el-mundo\\\/europa\\\/italia\\\/?lang=es#breadcrumb\"},\"inLanguage\":\"es\",\"potentialAction\":[{\"@type\":\"ReadAction\",\"target\":[\"https:\\\/\\\/www.lamennais.org\\\/en-el-mundo\\\/europa\\\/italia\\\/?lang=es\"]}]},{\"@type\":\"ImageObject\",\"inLanguage\":\"es\",\"@id\":\"https:\\\/\\\/www.lamennais.org\\\/en-el-mundo\\\/europa\\\/italia\\\/?lang=es#primaryimage\",\"url\":\"http:\\\/\\\/www.lamennais.org\\\/wp-content\\\/uploads\\\/2016\\\/05\\\/italie_resize.jpg\",\"contentUrl\":\"http:\\\/\\\/www.lamennais.org\\\/wp-content\\\/uploads\\\/2016\\\/05\\\/italie_resize.jpg\"},{\"@type\":\"BreadcrumbList\",\"@id\":\"https:\\\/\\\/www.lamennais.org\\\/en-el-mundo\\\/europa\\\/italia\\\/?lang=es#breadcrumb\",\"itemListElement\":[{\"@type\":\"ListItem\",\"position\":1,\"name\":\"Accueil\",\"item\":\"https:\\\/\\\/www.lamennais.org\\\/\"},{\"@type\":\"ListItem\",\"position\":2,\"name\":\"&#8230;en el mundo\",\"item\":\"https:\\\/\\\/www.lamennais.org\\\/en-el-mundo\\\/?lang=es\"},{\"@type\":\"ListItem\",\"position\":3,\"name\":\"Europa\",\"item\":\"https:\\\/\\\/www.lamennais.org\\\/en-el-mundo\\\/europa\\\/?lang=es\"},{\"@type\":\"ListItem\",\"position\":4,\"name\":\"Italia\"}]},{\"@type\":\"WebSite\",\"@id\":\"https:\\\/\\\/www.lamennais.org\\\/#website\",\"url\":\"https:\\\/\\\/www.lamennais.org\\\/\",\"name\":\"LaMennais.org\",\"description\":\"Fr\u00e8res de l&#039;Instruction Chr\u00e9tienne et Famille Mennaisienne\",\"potentialAction\":[{\"@type\":\"SearchAction\",\"target\":{\"@type\":\"EntryPoint\",\"urlTemplate\":\"https:\\\/\\\/www.lamennais.org\\\/?s={search_term_string}\"},\"query-input\":{\"@type\":\"PropertyValueSpecification\",\"valueRequired\":true,\"valueName\":\"search_term_string\"}}],\"inLanguage\":\"es\"}]}<\/script>\n<!-- \/ Yoast SEO plugin. -->","yoast_head_json":{"title":"Italia - LaMennais.org","robots":{"index":"index","follow":"follow","max-snippet":"max-snippet:-1","max-image-preview":"max-image-preview:large","max-video-preview":"max-video-preview:-1"},"canonical":"https:\/\/www.lamennais.org\/en-el-mundo\/europa\/italia\/?lang=es","og_locale":"es_ES","og_type":"article","og_title":"Italia - LaMennais.org","og_description":"Ciudades: Castelgandolfo &#8211; Roma CASTELGANDOLFO Istituto San Giuseppe &#8211; Casa Mennesiana Via Appia Nuova, 7 00040 CASTELGANDOLFO-ROMA C : mario.forino@casamennesiana.it ROMA Istituto Sant\u2019Ivo Via Arturo Colautti,9 00152 ROMA C : fic.santivo@mennaisien.org Casa Generalizia F.I.C.P. Via della Divina Providenza, 44 00166 ROMA T\u00e9l. : 00 (39) 06 66 41 56 18 C : secretariat@lamennais.org Procuradur\u00eda y [&hellip;]","og_url":"https:\/\/www.lamennais.org\/en-el-mundo\/europa\/italia\/?lang=es","og_site_name":"LaMennais.org","article_modified_time":"2019-01-30T19:44:17+00:00","og_image":[{"url":"http:\/\/www.lamennais.org\/wp-content\/uploads\/2016\/05\/italie_resize.jpg","type":"","width":"","height":""}],"twitter_card":"summary_large_image","twitter_misc":{"Tiempo de lectura":"1 minuto"},"schema":{"@context":"https:\/\/schema.org","@graph":[{"@type":"WebPage","@id":"https:\/\/www.lamennais.org\/en-el-mundo\/europa\/italia\/?lang=es","url":"https:\/\/www.lamennais.org\/en-el-mundo\/europa\/italia\/?lang=es","name":"Italia - LaMennais.org","isPartOf":{"@id":"https:\/\/www.lamennais.org\/#website"},"primaryImageOfPage":{"@id":"https:\/\/www.lamennais.org\/en-el-mundo\/europa\/italia\/?lang=es#primaryimage"},"image":{"@id":"https:\/\/www.lamennais.org\/en-el-mundo\/europa\/italia\/?lang=es#primaryimage"},"thumbnailUrl":"http:\/\/www.lamennais.org\/wp-content\/uploads\/2016\/05\/italie_resize.jpg","datePublished":"2016-05-01T16:59:26+00:00","dateModified":"2019-01-30T19:44:17+00:00","breadcrumb":{"@id":"https:\/\/www.lamennais.org\/en-el-mundo\/europa\/italia\/?lang=es#breadcrumb"},"inLanguage":"es","potentialAction":[{"@type":"ReadAction","target":["https:\/\/www.lamennais.org\/en-el-mundo\/europa\/italia\/?lang=es"]}]},{"@type":"ImageObject","inLanguage":"es","@id":"https:\/\/www.lamennais.org\/en-el-mundo\/europa\/italia\/?lang=es#primaryimage","url":"http:\/\/www.lamennais.org\/wp-content\/uploads\/2016\/05\/italie_resize.jpg","contentUrl":"http:\/\/www.lamennais.org\/wp-content\/uploads\/2016\/05\/italie_resize.jpg"},{"@type":"BreadcrumbList","@id":"https:\/\/www.lamennais.org\/en-el-mundo\/europa\/italia\/?lang=es#breadcrumb","itemListElement":[{"@type":"ListItem","position":1,"name":"Accueil","item":"https:\/\/www.lamennais.org\/"},{"@type":"ListItem","position":2,"name":"&#8230;en el mundo","item":"https:\/\/www.lamennais.org\/en-el-mundo\/?lang=es"},{"@type":"ListItem","position":3,"name":"Europa","item":"https:\/\/www.lamennais.org\/en-el-mundo\/europa\/?lang=es"},{"@type":"ListItem","position":4,"name":"Italia"}]},{"@type":"WebSite","@id":"https:\/\/www.lamennais.org\/#website","url":"https:\/\/www.lamennais.org\/","name":"LaMennais.org","description":"Fr\u00e8res de l&#039;Instruction Chr\u00e9tienne et Famille Mennaisienne","potentialAction":[{"@type":"SearchAction","target":{"@type":"EntryPoint","urlTemplate":"https:\/\/www.lamennais.org\/?s={search_term_string}"},"query-input":{"@type":"PropertyValueSpecification","valueRequired":true,"valueName":"search_term_string"}}],"inLanguage":"es"}]}},"_links":{"self":[{"href":"https:\/\/www.lamennais.org\/es\/wp-json\/wp\/v2\/pages\/5753","targetHints":{"allow":["GET"]}}],"collection":[{"href":"https:\/\/www.lamennais.org\/es\/wp-json\/wp\/v2\/pages"}],"about":[{"href":"https:\/\/www.lamennais.org\/es\/wp-json\/wp\/v2\/types\/page"}],"author":[{"embeddable":true,"href":"https:\/\/www.lamennais.org\/es\/wp-json\/wp\/v2\/users\/1"}],"replies":[{"embeddable":true,"href":"https:\/\/www.lamennais.org\/es\/wp-json\/wp\/v2\/comments?post=5753"}],"version-history":[{"count":4,"href":"https:\/\/www.lamennais.org\/es\/wp-json\/wp\/v2\/pages\/5753\/revisions"}],"predecessor-version":[{"id":19364,"href":"https:\/\/www.lamennais.org\/es\/wp-json\/wp\/v2\/pages\/5753\/revisions\/19364"}],"up":[{"embeddable":true,"href":"https:\/\/www.lamennais.org\/es\/wp-json\/wp\/v2\/pages\/5742"}],"wp:attachment":[{"href":"https:\/\/www.lamennais.org\/es\/wp-json\/wp\/v2\/media?parent=5753"}],"curies":[{"name":"wp","href":"https:\/\/api.w.org\/{rel}","templated":true}]}}