{"id":5743,"date":"2016-05-01T18:52:03","date_gmt":"2016-05-01T16:52:03","guid":{"rendered":"http:\/\/www.lamennais.org\/?page_id=5743&#038;lang=es"},"modified":"2021-09-23T18:16:18","modified_gmt":"2021-09-23T16:16:18","slug":"inglaterra","status":"publish","type":"page","link":"https:\/\/www.lamennais.org\/es\/en-el-mundo\/europa\/inglaterra\/","title":{"rendered":"Inglaterra"},"content":{"rendered":"<p><strong>Ciudades<\/strong>:<\/p>\n<p>Liverpool &#8211; Southampton<img fetchpriority=\"high\" decoding=\"async\" class=\" wp-image-31953 alignright\" src=\"https:\/\/www.lamennais.org\/wp-content\/uploads\/2021\/09\/Angleterre-2021.jpg\" alt=\"\" width=\"618\" height=\"619\" srcset=\"https:\/\/www.lamennais.org\/wp-content\/uploads\/2021\/09\/Angleterre-2021.jpg 885w, https:\/\/www.lamennais.org\/wp-content\/uploads\/2021\/09\/Angleterre-2021-300x300.jpg 300w, https:\/\/www.lamennais.org\/wp-content\/uploads\/2021\/09\/Angleterre-2021-150x150.jpg 150w, https:\/\/www.lamennais.org\/wp-content\/uploads\/2021\/09\/Angleterre-2021-768x770.jpg 768w, https:\/\/www.lamennais.org\/wp-content\/uploads\/2021\/09\/Angleterre-2021-260x261.jpg 260w\" sizes=\"(max-width: 618px) 100vw, 618px\" \/><\/p>\n<p><strong>LIVERPOOL<\/strong><br \/>\n<strong>St Francis Xavier\u2019s College<\/strong><br \/>\nWoolton Hill Road<br \/>\nLIVERPOOL L25 6EG<br \/>\nC :<u><a href=\"mailto:admin@sfx1842.org\" target=\"_blank\" rel=\"noopener\"> admin@sfx1842.org<\/a> <\/u><\/p>\n<p>W : <a href=\"https:\/\/sfx1842.org\" target=\"_blank\" rel=\"noopener\">https:\/\/sfx1842.org<\/a><\/p>\n<p><strong>SOUTHAMPTON<br \/>\n<\/strong><strong>Charlton House Independent School<br \/>\n<\/strong>55-57 Midanbury Lane<br \/>\nBitterne Park<br \/>\nSOUTHAMPTON SO18 4DJ<br \/>\nC: <a href=\"mailto:admin@charltonhouseindependenthschool.co.uk\" target=\"_blank\" rel=\"noopener\">admin@charltonhouseindependentschool.co.uk<\/a><br \/>\nW:<a href=\"https:\/\/charltonhouseindependenthschool.co.uk\" target=\"_blank\" rel=\"noopener\">charltonhouseindependentschool.co.uk<\/a><\/p>\n<hr \/>\n<p><strong>Les novices fran\u00e7ais en Angleterre.<\/strong><br \/>\n<img decoding=\"async\" class=\"alignright size-medium wp-image-3409\" src=\"https:\/\/www.lamennais.org\/wp-content\/uploads\/2016\/05\/Angleterre-A-Southampton-300x200.jpg\" alt=\"Angleterre A+ Southampton\" width=\"300\" height=\"200\" srcset=\"https:\/\/www.lamennais.org\/wp-content\/uploads\/2016\/05\/Angleterre-A-Southampton-300x200.jpg 300w, https:\/\/www.lamennais.org\/wp-content\/uploads\/2016\/05\/Angleterre-A-Southampton-768x512.jpg 768w, https:\/\/www.lamennais.org\/wp-content\/uploads\/2016\/05\/Angleterre-A-Southampton-1024x683.jpg 1024w, https:\/\/www.lamennais.org\/wp-content\/uploads\/2016\/05\/Angleterre-A-Southampton-260x173.jpg 260w, https:\/\/www.lamennais.org\/wp-content\/uploads\/2016\/05\/Angleterre-A-Southampton-1200x800.jpg 1200w\" sizes=\"(max-width: 300px) 100vw, 300px\" \/><\/p>\n<p><strong>Los HH. Novicios franceses en Inglaterra.<\/strong><\/p>\n<p>En 1903, algunos HH. Menesianos franceses, expulsados por las Leyes de Secularizaci\u00f3n, encontraron refugio en Inglaterra. La propiedad de Fullands, alquilada en Taunton, en Somerset, acogi\u00f3 a sus primeros Postulantes franceses en 1904.<\/p>\n<p>Como la residencia de Taunton se qued\u00f3 demasiado peque\u00f1a, la Congregaci\u00f3n adquiri\u00f3 en 1910, una gran propiedad en Bitterne, cerca de Southampton. El Noviciado franc\u00e9s funcion\u00f3 all\u00ed hasta 1922. En esta fecha los PP. Jesuitas vendieron a los HH. Menesianos el colegio de Hihglands de Jersey. Durante 50 a\u00f1os, desde 1922 hasta 1972, salvo una interrupci\u00f3n durante la guerra, los Aspirantes franceses hicieron all\u00ed su Noviciado.<\/p>\n<p><strong>Jersey.<\/strong><\/p>\n<p>En 1896, llamados por el p\u00e1rroco, los HH. Menesianos (HIC) remplazan a los HH. de las Escuelas Cristinas en la parroquia de Saint Thomas y abren otros dos o tres establecimientos m\u00e1s. En 1904, el H. Abel y su Consejo alquilan all\u00ed una residencia para la Administraci\u00f3n General de la Congregaci\u00f3n. Se instala en Highlands en 1922 y permanece\u00a0 all\u00ed hasta su traslado a Roma en 1972. La propiedad de Highlands se vendi\u00f3 posteriormente al Estado de Jersey.<\/p>\n<p><strong>La Provincia inglesa.<\/strong><\/p>\n<p><img decoding=\"async\" class=\"alignleft size-medium wp-image-3411\" src=\"https:\/\/www.lamennais.org\/wp-content\/uploads\/2016\/05\/Angleterre-B-Liverpool-300x204.jpg\" alt=\"Liverpool\" width=\"300\" height=\"204\" srcset=\"https:\/\/www.lamennais.org\/wp-content\/uploads\/2016\/05\/Angleterre-B-Liverpool-300x204.jpg 300w, https:\/\/www.lamennais.org\/wp-content\/uploads\/2016\/05\/Angleterre-B-Liverpool-768x521.jpg 768w, https:\/\/www.lamennais.org\/wp-content\/uploads\/2016\/05\/Angleterre-B-Liverpool-1024x695.jpg 1024w, https:\/\/www.lamennais.org\/wp-content\/uploads\/2016\/05\/Angleterre-B-Liverpool-260x176.jpg 260w\" sizes=\"(max-width: 300px) 100vw, 300px\" \/>La marcha de los Novicios de Bitterne en 1922 inici\u00f3 realmente el comienzo de la Provincia inglesa de la Congregaci\u00f3n. En esa fecha se abri\u00f3 el colegio <em>\u2018Saint Mary\u2019s College\u2019<\/em> de Southampton, en la propiedad de Bitterne. Gracias a la llegada de Juniores de Pell Wall (1937) y de Cheswardine (1950), los Hermanos ingleses fueron remplazando gradualmente a los Hermanos franceses y canadienses.<\/p>\n<p><span id=\"s2_1\">En 2013, la comunidad de Southampton est\u00e1 cerrada.<\/span> <span id=\"s2_2\">Los \u00faltimos hermanos presentes se movieron hacia la comunidad de Liverpool que entonces se compon\u00eda de 4 Hermanos. 2021, los \u00faltimos Hermanos de Liverpool regresaron a las comunidades de Francia, pero los Hermanos ingleses conservan la tutela de los dos centros :<\/span><\/p>\n<div id=\"trtext\">\n<p><span id=\"s2_3\">&#8211; Escuela Independiente Charlton House en Southampton, escuela primaria.<\/span><br \/>\n<span id=\"s2_4\">&#8211; St Francis Xavier\u2019s College, en Liverpool, antiguo colegio de los jesuitas, vendido a los Hermanos en 1974.<\/span><\/p>\n<\/div>\n","protected":false},"excerpt":{"rendered":"<p>Ciudades: Liverpool &#8211; Southampton LIVERPOOL St Francis Xavier\u2019s College Woolton Hill Road LIVERPOOL L25 6EG C : admin@sfx1842.org W : https:\/\/sfx1842.org SOUTHAMPTON Charlton House Independent School 55-57 Midanbury Lane Bitterne Park SOUTHAMPTON SO18 4DJ C: admin@charltonhouseindependentschool.co.uk W:charltonhouseindependentschool.co.uk Les novices fran\u00e7ais en Angleterre. Los HH. Novicios franceses en Inglaterra. En 1903, algunos HH. Menesianos franceses, expulsados [&hellip;]<\/p>\n","protected":false},"author":1,"featured_media":0,"parent":5742,"menu_order":0,"comment_status":"closed","ping_status":"closed","template":"","meta":{"footnotes":""},"class_list":["post-5743","page","type-page","status-publish","hentry"],"yoast_head":"<!-- This site is optimized with the Yoast SEO plugin v27.4 - https:\/\/yoast.com\/product\/yoast-seo-wordpress\/ -->\n<title>Inglaterra - LaMennais.org<\/title>\n<meta name=\"robots\" content=\"index, follow, max-snippet:-1, max-image-preview:large, max-video-preview:-1\" \/>\n<link rel=\"canonical\" href=\"https:\/\/www.lamennais.org\/en-el-mundo\/europa\/inglaterra\/?lang=es\" \/>\n<meta property=\"og:locale\" content=\"es_ES\" \/>\n<meta property=\"og:type\" content=\"article\" \/>\n<meta property=\"og:title\" content=\"Inglaterra - LaMennais.org\" \/>\n<meta property=\"og:description\" content=\"Ciudades: Liverpool &#8211; Southampton LIVERPOOL St Francis Xavier\u2019s College Woolton Hill Road LIVERPOOL L25 6EG C : admin@sfx1842.org W : https:\/\/sfx1842.org SOUTHAMPTON Charlton House Independent School 55-57 Midanbury Lane Bitterne Park SOUTHAMPTON SO18 4DJ C: admin@charltonhouseindependentschool.co.uk W:charltonhouseindependentschool.co.uk Les novices fran\u00e7ais en Angleterre. Los HH. Novicios franceses en Inglaterra. En 1903, algunos HH. Menesianos franceses, expulsados [&hellip;]\" \/>\n<meta property=\"og:url\" content=\"https:\/\/www.lamennais.org\/en-el-mundo\/europa\/inglaterra\/?lang=es\" \/>\n<meta property=\"og:site_name\" content=\"LaMennais.org\" \/>\n<meta property=\"article:modified_time\" content=\"2021-09-23T16:16:18+00:00\" \/>\n<meta property=\"og:image\" content=\"https:\/\/www.lamennais.org\/wp-content\/uploads\/2021\/09\/Angleterre-2021.jpg\" \/>\n<meta name=\"twitter:card\" content=\"summary_large_image\" \/>\n<meta name=\"twitter:label1\" content=\"Tiempo de lectura\" \/>\n\t<meta name=\"twitter:data1\" content=\"3 minutos\" \/>\n<script type=\"application\/ld+json\" class=\"yoast-schema-graph\">{\"@context\":\"https:\\\/\\\/schema.org\",\"@graph\":[{\"@type\":\"WebPage\",\"@id\":\"https:\\\/\\\/www.lamennais.org\\\/en-el-mundo\\\/europa\\\/inglaterra\\\/?lang=es\",\"url\":\"https:\\\/\\\/www.lamennais.org\\\/en-el-mundo\\\/europa\\\/inglaterra\\\/?lang=es\",\"name\":\"Inglaterra - LaMennais.org\",\"isPartOf\":{\"@id\":\"https:\\\/\\\/www.lamennais.org\\\/#website\"},\"primaryImageOfPage\":{\"@id\":\"https:\\\/\\\/www.lamennais.org\\\/en-el-mundo\\\/europa\\\/inglaterra\\\/?lang=es#primaryimage\"},\"image\":{\"@id\":\"https:\\\/\\\/www.lamennais.org\\\/en-el-mundo\\\/europa\\\/inglaterra\\\/?lang=es#primaryimage\"},\"thumbnailUrl\":\"https:\\\/\\\/www.lamennais.org\\\/wp-content\\\/uploads\\\/2021\\\/09\\\/Angleterre-2021.jpg\",\"datePublished\":\"2016-05-01T16:52:03+00:00\",\"dateModified\":\"2021-09-23T16:16:18+00:00\",\"breadcrumb\":{\"@id\":\"https:\\\/\\\/www.lamennais.org\\\/en-el-mundo\\\/europa\\\/inglaterra\\\/?lang=es#breadcrumb\"},\"inLanguage\":\"es\",\"potentialAction\":[{\"@type\":\"ReadAction\",\"target\":[\"https:\\\/\\\/www.lamennais.org\\\/en-el-mundo\\\/europa\\\/inglaterra\\\/?lang=es\"]}]},{\"@type\":\"ImageObject\",\"inLanguage\":\"es\",\"@id\":\"https:\\\/\\\/www.lamennais.org\\\/en-el-mundo\\\/europa\\\/inglaterra\\\/?lang=es#primaryimage\",\"url\":\"https:\\\/\\\/www.lamennais.org\\\/wp-content\\\/uploads\\\/2021\\\/09\\\/Angleterre-2021.jpg\",\"contentUrl\":\"https:\\\/\\\/www.lamennais.org\\\/wp-content\\\/uploads\\\/2021\\\/09\\\/Angleterre-2021.jpg\"},{\"@type\":\"BreadcrumbList\",\"@id\":\"https:\\\/\\\/www.lamennais.org\\\/en-el-mundo\\\/europa\\\/inglaterra\\\/?lang=es#breadcrumb\",\"itemListElement\":[{\"@type\":\"ListItem\",\"position\":1,\"name\":\"Accueil\",\"item\":\"https:\\\/\\\/www.lamennais.org\\\/\"},{\"@type\":\"ListItem\",\"position\":2,\"name\":\"&#8230;en el mundo\",\"item\":\"https:\\\/\\\/www.lamennais.org\\\/en-el-mundo\\\/?lang=es\"},{\"@type\":\"ListItem\",\"position\":3,\"name\":\"Europa\",\"item\":\"https:\\\/\\\/www.lamennais.org\\\/en-el-mundo\\\/europa\\\/?lang=es\"},{\"@type\":\"ListItem\",\"position\":4,\"name\":\"Inglaterra\"}]},{\"@type\":\"WebSite\",\"@id\":\"https:\\\/\\\/www.lamennais.org\\\/#website\",\"url\":\"https:\\\/\\\/www.lamennais.org\\\/\",\"name\":\"LaMennais.org\",\"description\":\"Fr\u00e8res de l&#039;Instruction Chr\u00e9tienne et Famille Mennaisienne\",\"potentialAction\":[{\"@type\":\"SearchAction\",\"target\":{\"@type\":\"EntryPoint\",\"urlTemplate\":\"https:\\\/\\\/www.lamennais.org\\\/?s={search_term_string}\"},\"query-input\":{\"@type\":\"PropertyValueSpecification\",\"valueRequired\":true,\"valueName\":\"search_term_string\"}}],\"inLanguage\":\"es\"}]}<\/script>\n<!-- \/ Yoast SEO plugin. -->","yoast_head_json":{"title":"Inglaterra - LaMennais.org","robots":{"index":"index","follow":"follow","max-snippet":"max-snippet:-1","max-image-preview":"max-image-preview:large","max-video-preview":"max-video-preview:-1"},"canonical":"https:\/\/www.lamennais.org\/en-el-mundo\/europa\/inglaterra\/?lang=es","og_locale":"es_ES","og_type":"article","og_title":"Inglaterra - LaMennais.org","og_description":"Ciudades: Liverpool &#8211; Southampton LIVERPOOL St Francis Xavier\u2019s College Woolton Hill Road LIVERPOOL L25 6EG C : admin@sfx1842.org W : https:\/\/sfx1842.org SOUTHAMPTON Charlton House Independent School 55-57 Midanbury Lane Bitterne Park SOUTHAMPTON SO18 4DJ C: admin@charltonhouseindependentschool.co.uk W:charltonhouseindependentschool.co.uk Les novices fran\u00e7ais en Angleterre. Los HH. Novicios franceses en Inglaterra. En 1903, algunos HH. Menesianos franceses, expulsados [&hellip;]","og_url":"https:\/\/www.lamennais.org\/en-el-mundo\/europa\/inglaterra\/?lang=es","og_site_name":"LaMennais.org","article_modified_time":"2021-09-23T16:16:18+00:00","og_image":[{"url":"https:\/\/www.lamennais.org\/wp-content\/uploads\/2021\/09\/Angleterre-2021.jpg","type":"","width":"","height":""}],"twitter_card":"summary_large_image","twitter_misc":{"Tiempo de lectura":"3 minutos"},"schema":{"@context":"https:\/\/schema.org","@graph":[{"@type":"WebPage","@id":"https:\/\/www.lamennais.org\/en-el-mundo\/europa\/inglaterra\/?lang=es","url":"https:\/\/www.lamennais.org\/en-el-mundo\/europa\/inglaterra\/?lang=es","name":"Inglaterra - LaMennais.org","isPartOf":{"@id":"https:\/\/www.lamennais.org\/#website"},"primaryImageOfPage":{"@id":"https:\/\/www.lamennais.org\/en-el-mundo\/europa\/inglaterra\/?lang=es#primaryimage"},"image":{"@id":"https:\/\/www.lamennais.org\/en-el-mundo\/europa\/inglaterra\/?lang=es#primaryimage"},"thumbnailUrl":"https:\/\/www.lamennais.org\/wp-content\/uploads\/2021\/09\/Angleterre-2021.jpg","datePublished":"2016-05-01T16:52:03+00:00","dateModified":"2021-09-23T16:16:18+00:00","breadcrumb":{"@id":"https:\/\/www.lamennais.org\/en-el-mundo\/europa\/inglaterra\/?lang=es#breadcrumb"},"inLanguage":"es","potentialAction":[{"@type":"ReadAction","target":["https:\/\/www.lamennais.org\/en-el-mundo\/europa\/inglaterra\/?lang=es"]}]},{"@type":"ImageObject","inLanguage":"es","@id":"https:\/\/www.lamennais.org\/en-el-mundo\/europa\/inglaterra\/?lang=es#primaryimage","url":"https:\/\/www.lamennais.org\/wp-content\/uploads\/2021\/09\/Angleterre-2021.jpg","contentUrl":"https:\/\/www.lamennais.org\/wp-content\/uploads\/2021\/09\/Angleterre-2021.jpg"},{"@type":"BreadcrumbList","@id":"https:\/\/www.lamennais.org\/en-el-mundo\/europa\/inglaterra\/?lang=es#breadcrumb","itemListElement":[{"@type":"ListItem","position":1,"name":"Accueil","item":"https:\/\/www.lamennais.org\/"},{"@type":"ListItem","position":2,"name":"&#8230;en el mundo","item":"https:\/\/www.lamennais.org\/en-el-mundo\/?lang=es"},{"@type":"ListItem","position":3,"name":"Europa","item":"https:\/\/www.lamennais.org\/en-el-mundo\/europa\/?lang=es"},{"@type":"ListItem","position":4,"name":"Inglaterra"}]},{"@type":"WebSite","@id":"https:\/\/www.lamennais.org\/#website","url":"https:\/\/www.lamennais.org\/","name":"LaMennais.org","description":"Fr\u00e8res de l&#039;Instruction Chr\u00e9tienne et Famille Mennaisienne","potentialAction":[{"@type":"SearchAction","target":{"@type":"EntryPoint","urlTemplate":"https:\/\/www.lamennais.org\/?s={search_term_string}"},"query-input":{"@type":"PropertyValueSpecification","valueRequired":true,"valueName":"search_term_string"}}],"inLanguage":"es"}]}},"_links":{"self":[{"href":"https:\/\/www.lamennais.org\/es\/wp-json\/wp\/v2\/pages\/5743","targetHints":{"allow":["GET"]}}],"collection":[{"href":"https:\/\/www.lamennais.org\/es\/wp-json\/wp\/v2\/pages"}],"about":[{"href":"https:\/\/www.lamennais.org\/es\/wp-json\/wp\/v2\/types\/page"}],"author":[{"embeddable":true,"href":"https:\/\/www.lamennais.org\/es\/wp-json\/wp\/v2\/users\/1"}],"replies":[{"embeddable":true,"href":"https:\/\/www.lamennais.org\/es\/wp-json\/wp\/v2\/comments?post=5743"}],"version-history":[{"count":4,"href":"https:\/\/www.lamennais.org\/es\/wp-json\/wp\/v2\/pages\/5743\/revisions"}],"predecessor-version":[{"id":31963,"href":"https:\/\/www.lamennais.org\/es\/wp-json\/wp\/v2\/pages\/5743\/revisions\/31963"}],"up":[{"embeddable":true,"href":"https:\/\/www.lamennais.org\/es\/wp-json\/wp\/v2\/pages\/5742"}],"wp:attachment":[{"href":"https:\/\/www.lamennais.org\/es\/wp-json\/wp\/v2\/media?parent=5743"}],"curies":[{"name":"wp","href":"https:\/\/api.w.org\/{rel}","templated":true}]}}