{"id":5736,"date":"2016-05-01T18:44:47","date_gmt":"2016-05-01T16:44:47","guid":{"rendered":"http:\/\/www.lamennais.org\/?page_id=5736&#038;lang=es"},"modified":"2019-01-31T11:33:42","modified_gmt":"2019-01-31T10:33:42","slug":"polinesia-francesa","status":"publish","type":"page","link":"https:\/\/www.lamennais.org\/es\/en-el-mundo\/oceania\/polinesia-francesa\/","title":{"rendered":"Polinesia Francesa"},"content":{"rendered":"<p><strong><em><img fetchpriority=\"high\" decoding=\"async\" class=\"alignright size-medium wp-image-1687\" src=\"http:\/\/www.lamennais.org\/wp-content\/uploads\/2016\/05\/tahiti_resize-300x300.jpg\" alt=\"tahiti_resize\" width=\"300\" height=\"300\" \/>Tahiti <\/em><\/strong><br \/>\n<strong>Ciuades<\/strong>: Papete &#8211; Faaa &#8211; Taravao<\/p>\n<p><strong><em>Marquises<br \/>\n<\/em><strong>Ciudades<\/strong><\/strong>: Taiohae<\/p>\n<p><strong><em>TAHITI<\/em><\/strong><\/p>\n<p><strong>FAAA<br \/>\n<\/strong>Communaut\u00e9 Saint-Hilaire<br \/>\nBP 60025<br \/>\n98702 FAAA &#8211; Tahiti<br \/>\nC :<a href=\"mailto:h.alanou@fic.ddec.pf\">h.alanou@fic.ddec.pf<\/a><strong><br \/>\n<\/strong><\/p>\n<p><strong>PAPEETE<br \/>\n<\/strong><strong>Communaut\u00e9 Saint-Fran\u00e7ois d&#8217;Assise<\/strong><br \/>\nVall\u00e9e dela Mission<br \/>\nR\u00e9sidence Pure Ora 2 Lot 127\u00a0\u00a0\u00a0 BP 3878<br \/>\n98713 PAPEETE<strong> &#8211; Tahiti<br \/>\n<\/strong>C : <a href=\"mailto:frogierxavierfic@lamennais.org\">frogierxavierfic@lamennais.org<\/a><\/p>\n<p><strong><img decoding=\"async\" class=\"alignright size-medium wp-image-1686\" src=\"http:\/\/www.lamennais.org\/wp-content\/uploads\/2016\/05\/marquise_resize-300x300.jpg\" alt=\"marquise_resize\" width=\"300\" height=\"300\" srcset=\"https:\/\/www.lamennais.org\/wp-content\/uploads\/2016\/05\/marquise_resize-300x300.jpg 300w, https:\/\/www.lamennais.org\/wp-content\/uploads\/2016\/05\/marquise_resize-150x150.jpg 150w, https:\/\/www.lamennais.org\/wp-content\/uploads\/2016\/05\/marquise_resize-260x260.jpg 260w, https:\/\/www.lamennais.org\/wp-content\/uploads\/2016\/05\/marquise_resize.jpg 500w\" sizes=\"(max-width: 300px) 100vw, 300px\" \/><\/strong><strong><em>MARQUISES<\/em><\/strong><\/p>\n<p><span style=\"color: #3366ff;\"><strong>TAIOHAE<\/strong><\/span><strong><br \/>\n<strong>Communaut\u00e9 des Fr\u00e8res<\/strong><\/strong><br \/>\nB.P. 20<br \/>\n98742 TAIOHAE Iles Marquises (Polyn. Fr.)<br \/>\nC : <a href=\"mailto:f.caillet@fic.ddec.pf\">f.caillet@fic.ddec.pf<\/a><\/p>\n<hr \/>\n<p><strong>TAHITI <\/strong><\/p>\n<p><img decoding=\"async\" class=\"alignright size-medium wp-image-1688\" src=\"http:\/\/www.lamennais.org\/wp-content\/uploads\/2016\/05\/POLYNESIE-A-Tahiti-300x171.jpg\" alt=\"POLYNESIE A+ Tahiti\" width=\"300\" height=\"171\" srcset=\"https:\/\/www.lamennais.org\/wp-content\/uploads\/2016\/05\/POLYNESIE-A-Tahiti-300x171.jpg 300w, https:\/\/www.lamennais.org\/wp-content\/uploads\/2016\/05\/POLYNESIE-A-Tahiti-768x438.jpg 768w, https:\/\/www.lamennais.org\/wp-content\/uploads\/2016\/05\/POLYNESIE-A-Tahiti-1024x584.jpg 1024w, https:\/\/www.lamennais.org\/wp-content\/uploads\/2016\/05\/POLYNESIE-A-Tahiti-260x148.jpg 260w\" sizes=\"(max-width: 300px) 100vw, 300px\" \/><\/p>\n<p>El 17 de octubre de 1860 llegan a Papeete el H. Alpert-Marie y otros 3 co-Hermanos Menesianos, llamados a Tahit\u00ed por Mgr Janssen y por el Comisario Imperial. \u00c9sta fue la \u00faltima fundaci\u00f3n de Juan M\u00aa de la Mennais antes de su muerte, el 26 de diciembre de 1860. El 5 de diciembre de 1860 los Menesianos abren all\u00ed\u00a0 la primera escuela, con 4 alumnos. Con el correr de los a\u00f1os los HH. Menesianos se van haciendo cargo de varias escuelas p\u00fablicas en diferentes comunas y posteriormente fundar\u00e1n una escuela libre en Papeete, que se convertir\u00e1, m\u00e1s tarde, en el<strong><em> \u2018Liceo La Mennais\u2019<\/em><\/strong> y que hoy sigue su desarrollo atendiendo a 2200 j\u00f3venes. Mantienen v\u00ednculos con la Federaci\u00f3n FSCF, MEJ y son los grandes actores de la <strong><em>Pastoral en la Ense\u00f1anza Cat\u00f3lica<\/em><\/strong>.<\/p>\n<p>En la actualidad, los HH. Menesianos est\u00e1n establecidos en 3 Comunidades, una en Papeete, otra en Faaa y la tercera en las Islas Marquesas at Taiohae.<\/p>\n<p>Hasta hoy son <strong>152 HH. Menesianos<\/strong> los que han vivido y servido en Polinesia.<\/p>\n<p><strong>ISLAS MARQUESAS.<\/strong><\/p>\n<p><img loading=\"lazy\" decoding=\"async\" class=\"size-medium wp-image-1689 alignleft\" src=\"http:\/\/www.lamennais.org\/wp-content\/uploads\/2016\/05\/POLYNESIE-BMarquises-300x225.jpg\" alt=\"OLYMPUS DIGITAL CAMERA\" width=\"300\" height=\"225\" srcset=\"https:\/\/www.lamennais.org\/wp-content\/uploads\/2016\/05\/POLYNESIE-BMarquises-300x225.jpg 300w, https:\/\/www.lamennais.org\/wp-content\/uploads\/2016\/05\/POLYNESIE-BMarquises-768x576.jpg 768w, https:\/\/www.lamennais.org\/wp-content\/uploads\/2016\/05\/POLYNESIE-BMarquises-1024x768.jpg 1024w, https:\/\/www.lamennais.org\/wp-content\/uploads\/2016\/05\/POLYNESIE-BMarquises-260x195.jpg 260w\" sizes=\"(max-width: 300px) 100vw, 300px\" \/><\/p>\n<p>En 1866, 3 HH. Menesianos llegan a las Islas Marquesas y se ven obligados a abandonarlas en 1866. Regresan en 1898 y vuelven a irse en 1904. En 1971 vuelven a llamarles. En 1998 fundan un Centro Profesional especializado en agricultura y desarrollo, el <strong><em>\u2018CED S. Jos\u00e9<\/em><\/strong>\u2019. Objetivo:<em> \u00abConvertir el archipi\u00e9lago de las Islas Marquesas en el primer jard\u00edn polinesio, con responsables de la explotaci\u00f3n agr\u00edcola, respetuosos con las tradiciones y abiertos a la agricultura moderna.\u00bb <\/em>La Comunidad est\u00e1 tambi\u00e9n comprometida con el equipo de radio <strong><em>\u2018Te Oke Nui\u2019<\/em><\/strong>, el <strong>MEJ<\/strong> y <strong>FSCF<\/strong>.<\/p>\n","protected":false},"excerpt":{"rendered":"<p>Tahiti Ciuades: Papete &#8211; Faaa &#8211; Taravao Marquises Ciudades: Taiohae TAHITI FAAA Communaut\u00e9 Saint-Hilaire BP 60025 98702 FAAA &#8211; Tahiti C :h.alanou@fic.ddec.pf PAPEETE Communaut\u00e9 Saint-Fran\u00e7ois d&#8217;Assise Vall\u00e9e dela Mission R\u00e9sidence Pure Ora 2 Lot 127\u00a0\u00a0\u00a0 BP 3878 98713 PAPEETE &#8211; Tahiti C : frogierxavierfic@lamennais.org MARQUISES TAIOHAE Communaut\u00e9 des Fr\u00e8res B.P. 20 98742 TAIOHAE Iles Marquises [&hellip;]<\/p>\n","protected":false},"author":1,"featured_media":0,"parent":5738,"menu_order":0,"comment_status":"closed","ping_status":"closed","template":"","meta":{"footnotes":""},"class_list":["post-5736","page","type-page","status-publish","hentry"],"yoast_head":"<!-- This site is optimized with the Yoast SEO plugin v27.4 - https:\/\/yoast.com\/product\/yoast-seo-wordpress\/ -->\n<title>Polinesia Francesa - LaMennais.org<\/title>\n<meta name=\"robots\" content=\"index, follow, max-snippet:-1, max-image-preview:large, max-video-preview:-1\" \/>\n<link rel=\"canonical\" href=\"https:\/\/www.lamennais.org\/en-el-mundo\/oceania\/polinesia-francesa\/?lang=es\" \/>\n<meta property=\"og:locale\" content=\"es_ES\" \/>\n<meta property=\"og:type\" content=\"article\" \/>\n<meta property=\"og:title\" content=\"Polinesia Francesa - LaMennais.org\" \/>\n<meta property=\"og:description\" content=\"Tahiti Ciuades: Papete &#8211; Faaa &#8211; Taravao Marquises Ciudades: Taiohae TAHITI FAAA Communaut\u00e9 Saint-Hilaire BP 60025 98702 FAAA &#8211; Tahiti C :h.alanou@fic.ddec.pf PAPEETE Communaut\u00e9 Saint-Fran\u00e7ois d&#8217;Assise Vall\u00e9e dela Mission R\u00e9sidence Pure Ora 2 Lot 127\u00a0\u00a0\u00a0 BP 3878 98713 PAPEETE &#8211; Tahiti C : frogierxavierfic@lamennais.org MARQUISES TAIOHAE Communaut\u00e9 des Fr\u00e8res B.P. 20 98742 TAIOHAE Iles Marquises [&hellip;]\" \/>\n<meta property=\"og:url\" content=\"https:\/\/www.lamennais.org\/en-el-mundo\/oceania\/polinesia-francesa\/?lang=es\" \/>\n<meta property=\"og:site_name\" content=\"LaMennais.org\" \/>\n<meta property=\"article:modified_time\" content=\"2019-01-31T10:33:42+00:00\" \/>\n<meta property=\"og:image\" content=\"http:\/\/www.lamennais.org\/wp-content\/uploads\/2016\/05\/tahiti_resize-300x300.jpg\" \/>\n<meta name=\"twitter:card\" content=\"summary_large_image\" \/>\n<meta name=\"twitter:label1\" content=\"Tiempo de lectura\" \/>\n\t<meta name=\"twitter:data1\" content=\"2 minutos\" \/>\n<script type=\"application\/ld+json\" class=\"yoast-schema-graph\">{\"@context\":\"https:\\\/\\\/schema.org\",\"@graph\":[{\"@type\":\"WebPage\",\"@id\":\"https:\\\/\\\/www.lamennais.org\\\/en-el-mundo\\\/oceania\\\/polinesia-francesa\\\/?lang=es\",\"url\":\"https:\\\/\\\/www.lamennais.org\\\/en-el-mundo\\\/oceania\\\/polinesia-francesa\\\/?lang=es\",\"name\":\"Polinesia Francesa - LaMennais.org\",\"isPartOf\":{\"@id\":\"https:\\\/\\\/www.lamennais.org\\\/#website\"},\"primaryImageOfPage\":{\"@id\":\"https:\\\/\\\/www.lamennais.org\\\/en-el-mundo\\\/oceania\\\/polinesia-francesa\\\/?lang=es#primaryimage\"},\"image\":{\"@id\":\"https:\\\/\\\/www.lamennais.org\\\/en-el-mundo\\\/oceania\\\/polinesia-francesa\\\/?lang=es#primaryimage\"},\"thumbnailUrl\":\"http:\\\/\\\/www.lamennais.org\\\/wp-content\\\/uploads\\\/2016\\\/05\\\/tahiti_resize-300x300.jpg\",\"datePublished\":\"2016-05-01T16:44:47+00:00\",\"dateModified\":\"2019-01-31T10:33:42+00:00\",\"breadcrumb\":{\"@id\":\"https:\\\/\\\/www.lamennais.org\\\/en-el-mundo\\\/oceania\\\/polinesia-francesa\\\/?lang=es#breadcrumb\"},\"inLanguage\":\"es\",\"potentialAction\":[{\"@type\":\"ReadAction\",\"target\":[\"https:\\\/\\\/www.lamennais.org\\\/en-el-mundo\\\/oceania\\\/polinesia-francesa\\\/?lang=es\"]}]},{\"@type\":\"ImageObject\",\"inLanguage\":\"es\",\"@id\":\"https:\\\/\\\/www.lamennais.org\\\/en-el-mundo\\\/oceania\\\/polinesia-francesa\\\/?lang=es#primaryimage\",\"url\":\"http:\\\/\\\/www.lamennais.org\\\/wp-content\\\/uploads\\\/2016\\\/05\\\/tahiti_resize-300x300.jpg\",\"contentUrl\":\"http:\\\/\\\/www.lamennais.org\\\/wp-content\\\/uploads\\\/2016\\\/05\\\/tahiti_resize-300x300.jpg\"},{\"@type\":\"BreadcrumbList\",\"@id\":\"https:\\\/\\\/www.lamennais.org\\\/en-el-mundo\\\/oceania\\\/polinesia-francesa\\\/?lang=es#breadcrumb\",\"itemListElement\":[{\"@type\":\"ListItem\",\"position\":1,\"name\":\"Accueil\",\"item\":\"https:\\\/\\\/www.lamennais.org\\\/\"},{\"@type\":\"ListItem\",\"position\":2,\"name\":\"&#8230;en el mundo\",\"item\":\"https:\\\/\\\/www.lamennais.org\\\/en-el-mundo\\\/?lang=es\"},{\"@type\":\"ListItem\",\"position\":3,\"name\":\"Ocean\u00eda\",\"item\":\"https:\\\/\\\/www.lamennais.org\\\/en-el-mundo\\\/oceania\\\/?lang=es\"},{\"@type\":\"ListItem\",\"position\":4,\"name\":\"Polinesia Francesa\"}]},{\"@type\":\"WebSite\",\"@id\":\"https:\\\/\\\/www.lamennais.org\\\/#website\",\"url\":\"https:\\\/\\\/www.lamennais.org\\\/\",\"name\":\"LaMennais.org\",\"description\":\"Fr\u00e8res de l&#039;Instruction Chr\u00e9tienne et Famille Mennaisienne\",\"potentialAction\":[{\"@type\":\"SearchAction\",\"target\":{\"@type\":\"EntryPoint\",\"urlTemplate\":\"https:\\\/\\\/www.lamennais.org\\\/?s={search_term_string}\"},\"query-input\":{\"@type\":\"PropertyValueSpecification\",\"valueRequired\":true,\"valueName\":\"search_term_string\"}}],\"inLanguage\":\"es\"}]}<\/script>\n<!-- \/ Yoast SEO plugin. -->","yoast_head_json":{"title":"Polinesia Francesa - LaMennais.org","robots":{"index":"index","follow":"follow","max-snippet":"max-snippet:-1","max-image-preview":"max-image-preview:large","max-video-preview":"max-video-preview:-1"},"canonical":"https:\/\/www.lamennais.org\/en-el-mundo\/oceania\/polinesia-francesa\/?lang=es","og_locale":"es_ES","og_type":"article","og_title":"Polinesia Francesa - LaMennais.org","og_description":"Tahiti Ciuades: Papete &#8211; Faaa &#8211; Taravao Marquises Ciudades: Taiohae TAHITI FAAA Communaut\u00e9 Saint-Hilaire BP 60025 98702 FAAA &#8211; Tahiti C :h.alanou@fic.ddec.pf PAPEETE Communaut\u00e9 Saint-Fran\u00e7ois d&#8217;Assise Vall\u00e9e dela Mission R\u00e9sidence Pure Ora 2 Lot 127\u00a0\u00a0\u00a0 BP 3878 98713 PAPEETE &#8211; Tahiti C : frogierxavierfic@lamennais.org MARQUISES TAIOHAE Communaut\u00e9 des Fr\u00e8res B.P. 20 98742 TAIOHAE Iles Marquises [&hellip;]","og_url":"https:\/\/www.lamennais.org\/en-el-mundo\/oceania\/polinesia-francesa\/?lang=es","og_site_name":"LaMennais.org","article_modified_time":"2019-01-31T10:33:42+00:00","og_image":[{"url":"http:\/\/www.lamennais.org\/wp-content\/uploads\/2016\/05\/tahiti_resize-300x300.jpg","type":"","width":"","height":""}],"twitter_card":"summary_large_image","twitter_misc":{"Tiempo de lectura":"2 minutos"},"schema":{"@context":"https:\/\/schema.org","@graph":[{"@type":"WebPage","@id":"https:\/\/www.lamennais.org\/en-el-mundo\/oceania\/polinesia-francesa\/?lang=es","url":"https:\/\/www.lamennais.org\/en-el-mundo\/oceania\/polinesia-francesa\/?lang=es","name":"Polinesia Francesa - LaMennais.org","isPartOf":{"@id":"https:\/\/www.lamennais.org\/#website"},"primaryImageOfPage":{"@id":"https:\/\/www.lamennais.org\/en-el-mundo\/oceania\/polinesia-francesa\/?lang=es#primaryimage"},"image":{"@id":"https:\/\/www.lamennais.org\/en-el-mundo\/oceania\/polinesia-francesa\/?lang=es#primaryimage"},"thumbnailUrl":"http:\/\/www.lamennais.org\/wp-content\/uploads\/2016\/05\/tahiti_resize-300x300.jpg","datePublished":"2016-05-01T16:44:47+00:00","dateModified":"2019-01-31T10:33:42+00:00","breadcrumb":{"@id":"https:\/\/www.lamennais.org\/en-el-mundo\/oceania\/polinesia-francesa\/?lang=es#breadcrumb"},"inLanguage":"es","potentialAction":[{"@type":"ReadAction","target":["https:\/\/www.lamennais.org\/en-el-mundo\/oceania\/polinesia-francesa\/?lang=es"]}]},{"@type":"ImageObject","inLanguage":"es","@id":"https:\/\/www.lamennais.org\/en-el-mundo\/oceania\/polinesia-francesa\/?lang=es#primaryimage","url":"http:\/\/www.lamennais.org\/wp-content\/uploads\/2016\/05\/tahiti_resize-300x300.jpg","contentUrl":"http:\/\/www.lamennais.org\/wp-content\/uploads\/2016\/05\/tahiti_resize-300x300.jpg"},{"@type":"BreadcrumbList","@id":"https:\/\/www.lamennais.org\/en-el-mundo\/oceania\/polinesia-francesa\/?lang=es#breadcrumb","itemListElement":[{"@type":"ListItem","position":1,"name":"Accueil","item":"https:\/\/www.lamennais.org\/"},{"@type":"ListItem","position":2,"name":"&#8230;en el mundo","item":"https:\/\/www.lamennais.org\/en-el-mundo\/?lang=es"},{"@type":"ListItem","position":3,"name":"Ocean\u00eda","item":"https:\/\/www.lamennais.org\/en-el-mundo\/oceania\/?lang=es"},{"@type":"ListItem","position":4,"name":"Polinesia Francesa"}]},{"@type":"WebSite","@id":"https:\/\/www.lamennais.org\/#website","url":"https:\/\/www.lamennais.org\/","name":"LaMennais.org","description":"Fr\u00e8res de l&#039;Instruction Chr\u00e9tienne et Famille Mennaisienne","potentialAction":[{"@type":"SearchAction","target":{"@type":"EntryPoint","urlTemplate":"https:\/\/www.lamennais.org\/?s={search_term_string}"},"query-input":{"@type":"PropertyValueSpecification","valueRequired":true,"valueName":"search_term_string"}}],"inLanguage":"es"}]}},"_links":{"self":[{"href":"https:\/\/www.lamennais.org\/es\/wp-json\/wp\/v2\/pages\/5736","targetHints":{"allow":["GET"]}}],"collection":[{"href":"https:\/\/www.lamennais.org\/es\/wp-json\/wp\/v2\/pages"}],"about":[{"href":"https:\/\/www.lamennais.org\/es\/wp-json\/wp\/v2\/types\/page"}],"author":[{"embeddable":true,"href":"https:\/\/www.lamennais.org\/es\/wp-json\/wp\/v2\/users\/1"}],"replies":[{"embeddable":true,"href":"https:\/\/www.lamennais.org\/es\/wp-json\/wp\/v2\/comments?post=5736"}],"version-history":[{"count":2,"href":"https:\/\/www.lamennais.org\/es\/wp-json\/wp\/v2\/pages\/5736\/revisions"}],"predecessor-version":[{"id":19381,"href":"https:\/\/www.lamennais.org\/es\/wp-json\/wp\/v2\/pages\/5736\/revisions\/19381"}],"up":[{"embeddable":true,"href":"https:\/\/www.lamennais.org\/es\/wp-json\/wp\/v2\/pages\/5738"}],"wp:attachment":[{"href":"https:\/\/www.lamennais.org\/es\/wp-json\/wp\/v2\/media?parent=5736"}],"curies":[{"name":"wp","href":"https:\/\/api.w.org\/{rel}","templated":true}]}}