{"id":5726,"date":"2016-05-01T18:30:07","date_gmt":"2016-05-01T16:30:07","guid":{"rendered":"http:\/\/www.lamennais.org\/?page_id=5726&#038;lang=es"},"modified":"2019-02-06T10:54:21","modified_gmt":"2019-02-06T09:54:21","slug":"filipinas","status":"publish","type":"page","link":"https:\/\/www.lamennais.org\/es\/en-el-mundo\/asia\/filipinas\/","title":{"rendered":"Filipinas"},"content":{"rendered":"<p><strong><img fetchpriority=\"high\" decoding=\"async\" class=\"alignright size-full wp-image-3393\" src=\"http:\/\/www.lamennais.org\/wp-content\/uploads\/2016\/05\/philippines_resize.jpg\" alt=\"philippines_resize\" width=\"500\" height=\"500\" srcset=\"https:\/\/www.lamennais.org\/wp-content\/uploads\/2016\/05\/philippines_resize.jpg 500w, https:\/\/www.lamennais.org\/wp-content\/uploads\/2016\/05\/philippines_resize-150x150.jpg 150w, https:\/\/www.lamennais.org\/wp-content\/uploads\/2016\/05\/philippines_resize-300x300.jpg 300w, https:\/\/www.lamennais.org\/wp-content\/uploads\/2016\/05\/philippines_resize-260x260.jpg 260w\" sizes=\"(max-width: 500px) 100vw, 500px\" \/>Ciudades<\/strong>: Pandan &#8211; San Jos\u00e9 &#8211; Manille<\/p>\n<p><strong>PANDAN<\/strong><br \/>\n<strong>La Mennais Brothers c\/o P.B.I.<\/strong><br \/>\nCentro Norte<br \/>\nPANDAN Antique 5712<br \/>\nC: <a href=\"mailto:jeanpierrehoule7@yahoo.ca\"><u>jeanpierrehoule7@yahoo.ca<\/u><\/a><\/p>\n<p><strong>SAN JOS\u00c9<\/strong><br \/>\n<strong>La Mennais Brothers&#8217; House<\/strong><br \/>\nGen. Fullon Street<br \/>\nSAN JOS\u00c9 &#8211; Antique 5700<br \/>\nC: <a href=\"mailto:beauclaude@yahoo.com\">beauclaude@yahoo.com<\/a><\/p>\n<p><strong>MANILLE<br \/>\n<\/strong>St Pedro Calungsod \u2013 Scholasticate<br \/>\n448 Gen. Ordonnez St \u00a0 \u00a0 \u00a0 PARANG<br \/>\nMARIKINA City<br \/>\nC: <a href=\"mailto:rayducharamondo@gmail.com\">rayducharamondo@gmail.com<\/a><\/p>\n<hr \/>\n<p><strong><img decoding=\"async\" class=\"alignright size-medium wp-image-3395\" src=\"http:\/\/www.lamennais.org\/wp-content\/uploads\/2016\/05\/Philippines-A-300x225.jpg\" alt=\"Philippines A\" width=\"300\" height=\"225\" srcset=\"https:\/\/www.lamennais.org\/wp-content\/uploads\/2016\/05\/Philippines-A-300x225.jpg 300w, https:\/\/www.lamennais.org\/wp-content\/uploads\/2016\/05\/Philippines-A-768x576.jpg 768w, https:\/\/www.lamennais.org\/wp-content\/uploads\/2016\/05\/Philippines-A-1024x768.jpg 1024w, https:\/\/www.lamennais.org\/wp-content\/uploads\/2016\/05\/Philippines-A-260x195.jpg 260w, https:\/\/www.lamennais.org\/wp-content\/uploads\/2016\/05\/Philippines-A.jpg 1600w\" sizes=\"(max-width: 300px) 100vw, 300px\" \/><\/strong><\/p>\n<p><strong>En 1987<\/strong>, los HH. Menesianos de Jap\u00f3n deciden fundar en Filipinas. Unos 4 primeros hermanos llegaron a San Jos\u00e9.<\/p>\n<p>Ejercen como profesores del <em>St Anthony\u2019s College<\/em>, un colegio Diocesano de <strong>S. Jos\u00e9<\/strong>, en la isla de <strong>Panay<\/strong>, una de las 11 grandes islas del pa\u00eds. Con el correr de los a\u00f1os, ense\u00f1an tanto en Secundaria como a nivel de <em>\u2018college\u2019<\/em>. Paralelamente, se dedican al servicio de la di\u00f3cesis y a la Formaci\u00f3n del Profesorado.<\/p>\n<p><strong>En 1994<\/strong>, los HH. a\u00f1aden una secci\u00f3n t\u00e9cnica para los j\u00f3venes que se sienten poco atra\u00eddos por los estudios te\u00f3ricos. Esta secci\u00f3n desaparece en 2016 despu\u00e9s de una profunda reforma de la ense\u00f1anza secundaria.<\/p>\n<p><strong>\u00a0<\/strong><\/p>\n<p><strong><img decoding=\"async\" class=\"alignleft size-medium wp-image-3397\" src=\"http:\/\/www.lamennais.org\/wp-content\/uploads\/2016\/05\/Philippines-B-300x234.jpg\" alt=\"Philippines B+\" width=\"300\" height=\"234\" srcset=\"https:\/\/www.lamennais.org\/wp-content\/uploads\/2016\/05\/Philippines-B-300x234.jpg 300w, https:\/\/www.lamennais.org\/wp-content\/uploads\/2016\/05\/Philippines-B-768x599.jpg 768w, https:\/\/www.lamennais.org\/wp-content\/uploads\/2016\/05\/Philippines-B-1024x798.jpg 1024w, https:\/\/www.lamennais.org\/wp-content\/uploads\/2016\/05\/Philippines-B-260x203.jpg 260w, https:\/\/www.lamennais.org\/wp-content\/uploads\/2016\/05\/Philippines-B.jpg 1529w\" sizes=\"(max-width: 300px) 100vw, 300px\" \/><\/strong><\/p>\n<p><strong>En 2004<\/strong>, el Obispo les conf\u00eda la direcci\u00f3n de <em>Pandan Bay Institute<\/em>, una escuela de Secundaria situada en el extremo norte de la provincia de <strong>Pandan<\/strong>. Los Hermanos se dedicaron durante a\u00f1os a la reconstrucci\u00f3n de los edificios de la escuela. Todav\u00eda queda acabar este trabajo. El otro desaf\u00edo importante es el de hacer de esta escuela una \u00bb escuela menesiana\u00bb.<\/p>\n<p>En <strong>mayo de 2012<\/strong>, la misi\u00f3n de Indonesia abre, <strong>en Manila, un Escolasticado<\/strong> que puede acoger a sus escol\u00e1sticos y permitirles el aprendizaje del ingl\u00e9s. Luego con la llegada de nuevos Hermanos filipinos, el escolasticado de Manila se transforma en un escolasticado internacional para los j\u00f3venes originarios de Indonesia, filipinas o de Jap\u00f3n. Durante algunos a\u00f1os los escol\u00e1sticos segu\u00edan su formaci\u00f3n el <em>Centro de Formaci\u00f3n de las Provincias de los HH. Maristas <\/em>de Asia: <em>MAPAC, <\/em>pero ahora est\u00e1n inscritos en diferentes institutos de lengua y de estudios religiosos enManila.<\/p>\n","protected":false},"excerpt":{"rendered":"<p>Ciudades: Pandan &#8211; San Jos\u00e9 &#8211; Manille PANDAN La Mennais Brothers c\/o P.B.I. Centro Norte PANDAN Antique 5712 C: jeanpierrehoule7@yahoo.ca SAN JOS\u00c9 La Mennais Brothers&#8217; House Gen. Fullon Street SAN JOS\u00c9 &#8211; Antique 5700 C: beauclaude@yahoo.com MANILLE St Pedro Calungsod \u2013 Scholasticate 448 Gen. Ordonnez St \u00a0 \u00a0 \u00a0 PARANG MARIKINA City C: rayducharamondo@gmail.com En [&hellip;]<\/p>\n","protected":false},"author":1,"featured_media":0,"parent":5724,"menu_order":0,"comment_status":"closed","ping_status":"closed","template":"","meta":{"footnotes":""},"class_list":["post-5726","page","type-page","status-publish","hentry"],"yoast_head":"<!-- This site is optimized with the Yoast SEO plugin v27.3 - https:\/\/yoast.com\/product\/yoast-seo-wordpress\/ -->\n<title>Filipinas - LaMennais.org<\/title>\n<meta name=\"robots\" content=\"index, follow, max-snippet:-1, max-image-preview:large, max-video-preview:-1\" \/>\n<link rel=\"canonical\" href=\"https:\/\/www.lamennais.org\/en-el-mundo\/asia\/filipinas\/?lang=es\" \/>\n<meta property=\"og:locale\" content=\"es_ES\" \/>\n<meta property=\"og:type\" content=\"article\" \/>\n<meta property=\"og:title\" content=\"Filipinas - LaMennais.org\" \/>\n<meta property=\"og:description\" content=\"Ciudades: Pandan &#8211; San Jos\u00e9 &#8211; Manille PANDAN La Mennais Brothers c\/o P.B.I. Centro Norte PANDAN Antique 5712 C: jeanpierrehoule7@yahoo.ca SAN JOS\u00c9 La Mennais Brothers&#8217; House Gen. Fullon Street SAN JOS\u00c9 &#8211; Antique 5700 C: beauclaude@yahoo.com MANILLE St Pedro Calungsod \u2013 Scholasticate 448 Gen. Ordonnez St \u00a0 \u00a0 \u00a0 PARANG MARIKINA City C: rayducharamondo@gmail.com En [&hellip;]\" \/>\n<meta property=\"og:url\" content=\"https:\/\/www.lamennais.org\/en-el-mundo\/asia\/filipinas\/?lang=es\" \/>\n<meta property=\"og:site_name\" content=\"LaMennais.org\" \/>\n<meta property=\"article:modified_time\" content=\"2019-02-06T09:54:21+00:00\" \/>\n<meta property=\"og:image\" content=\"http:\/\/www.lamennais.org\/wp-content\/uploads\/2016\/05\/philippines_resize.jpg\" \/>\n<meta name=\"twitter:card\" content=\"summary_large_image\" \/>\n<meta name=\"twitter:label1\" content=\"Tiempo de lectura\" \/>\n\t<meta name=\"twitter:data1\" content=\"2 minutos\" \/>\n<script type=\"application\/ld+json\" class=\"yoast-schema-graph\">{\"@context\":\"https:\\\/\\\/schema.org\",\"@graph\":[{\"@type\":\"WebPage\",\"@id\":\"https:\\\/\\\/www.lamennais.org\\\/en-el-mundo\\\/asia\\\/filipinas\\\/?lang=es\",\"url\":\"https:\\\/\\\/www.lamennais.org\\\/en-el-mundo\\\/asia\\\/filipinas\\\/?lang=es\",\"name\":\"Filipinas - LaMennais.org\",\"isPartOf\":{\"@id\":\"https:\\\/\\\/www.lamennais.org\\\/#website\"},\"primaryImageOfPage\":{\"@id\":\"https:\\\/\\\/www.lamennais.org\\\/en-el-mundo\\\/asia\\\/filipinas\\\/?lang=es#primaryimage\"},\"image\":{\"@id\":\"https:\\\/\\\/www.lamennais.org\\\/en-el-mundo\\\/asia\\\/filipinas\\\/?lang=es#primaryimage\"},\"thumbnailUrl\":\"http:\\\/\\\/www.lamennais.org\\\/wp-content\\\/uploads\\\/2016\\\/05\\\/philippines_resize.jpg\",\"datePublished\":\"2016-05-01T16:30:07+00:00\",\"dateModified\":\"2019-02-06T09:54:21+00:00\",\"breadcrumb\":{\"@id\":\"https:\\\/\\\/www.lamennais.org\\\/en-el-mundo\\\/asia\\\/filipinas\\\/?lang=es#breadcrumb\"},\"inLanguage\":\"es\",\"potentialAction\":[{\"@type\":\"ReadAction\",\"target\":[\"https:\\\/\\\/www.lamennais.org\\\/en-el-mundo\\\/asia\\\/filipinas\\\/?lang=es\"]}]},{\"@type\":\"ImageObject\",\"inLanguage\":\"es\",\"@id\":\"https:\\\/\\\/www.lamennais.org\\\/en-el-mundo\\\/asia\\\/filipinas\\\/?lang=es#primaryimage\",\"url\":\"http:\\\/\\\/www.lamennais.org\\\/wp-content\\\/uploads\\\/2016\\\/05\\\/philippines_resize.jpg\",\"contentUrl\":\"http:\\\/\\\/www.lamennais.org\\\/wp-content\\\/uploads\\\/2016\\\/05\\\/philippines_resize.jpg\"},{\"@type\":\"BreadcrumbList\",\"@id\":\"https:\\\/\\\/www.lamennais.org\\\/en-el-mundo\\\/asia\\\/filipinas\\\/?lang=es#breadcrumb\",\"itemListElement\":[{\"@type\":\"ListItem\",\"position\":1,\"name\":\"Accueil\",\"item\":\"https:\\\/\\\/www.lamennais.org\\\/\"},{\"@type\":\"ListItem\",\"position\":2,\"name\":\"&#8230;en el mundo\",\"item\":\"https:\\\/\\\/www.lamennais.org\\\/en-el-mundo\\\/?lang=es\"},{\"@type\":\"ListItem\",\"position\":3,\"name\":\"Asia\",\"item\":\"https:\\\/\\\/www.lamennais.org\\\/en-el-mundo\\\/asia\\\/?lang=es\"},{\"@type\":\"ListItem\",\"position\":4,\"name\":\"Filipinas\"}]},{\"@type\":\"WebSite\",\"@id\":\"https:\\\/\\\/www.lamennais.org\\\/#website\",\"url\":\"https:\\\/\\\/www.lamennais.org\\\/\",\"name\":\"LaMennais.org\",\"description\":\"Fr\u00e8res de l&#039;Instruction Chr\u00e9tienne et Famille Mennaisienne\",\"potentialAction\":[{\"@type\":\"SearchAction\",\"target\":{\"@type\":\"EntryPoint\",\"urlTemplate\":\"https:\\\/\\\/www.lamennais.org\\\/?s={search_term_string}\"},\"query-input\":{\"@type\":\"PropertyValueSpecification\",\"valueRequired\":true,\"valueName\":\"search_term_string\"}}],\"inLanguage\":\"es\"}]}<\/script>\n<!-- \/ Yoast SEO plugin. -->","yoast_head_json":{"title":"Filipinas - LaMennais.org","robots":{"index":"index","follow":"follow","max-snippet":"max-snippet:-1","max-image-preview":"max-image-preview:large","max-video-preview":"max-video-preview:-1"},"canonical":"https:\/\/www.lamennais.org\/en-el-mundo\/asia\/filipinas\/?lang=es","og_locale":"es_ES","og_type":"article","og_title":"Filipinas - LaMennais.org","og_description":"Ciudades: Pandan &#8211; San Jos\u00e9 &#8211; Manille PANDAN La Mennais Brothers c\/o P.B.I. Centro Norte PANDAN Antique 5712 C: jeanpierrehoule7@yahoo.ca SAN JOS\u00c9 La Mennais Brothers&#8217; House Gen. Fullon Street SAN JOS\u00c9 &#8211; Antique 5700 C: beauclaude@yahoo.com MANILLE St Pedro Calungsod \u2013 Scholasticate 448 Gen. Ordonnez St \u00a0 \u00a0 \u00a0 PARANG MARIKINA City C: rayducharamondo@gmail.com En [&hellip;]","og_url":"https:\/\/www.lamennais.org\/en-el-mundo\/asia\/filipinas\/?lang=es","og_site_name":"LaMennais.org","article_modified_time":"2019-02-06T09:54:21+00:00","og_image":[{"url":"http:\/\/www.lamennais.org\/wp-content\/uploads\/2016\/05\/philippines_resize.jpg","type":"","width":"","height":""}],"twitter_card":"summary_large_image","twitter_misc":{"Tiempo de lectura":"2 minutos"},"schema":{"@context":"https:\/\/schema.org","@graph":[{"@type":"WebPage","@id":"https:\/\/www.lamennais.org\/en-el-mundo\/asia\/filipinas\/?lang=es","url":"https:\/\/www.lamennais.org\/en-el-mundo\/asia\/filipinas\/?lang=es","name":"Filipinas - LaMennais.org","isPartOf":{"@id":"https:\/\/www.lamennais.org\/#website"},"primaryImageOfPage":{"@id":"https:\/\/www.lamennais.org\/en-el-mundo\/asia\/filipinas\/?lang=es#primaryimage"},"image":{"@id":"https:\/\/www.lamennais.org\/en-el-mundo\/asia\/filipinas\/?lang=es#primaryimage"},"thumbnailUrl":"http:\/\/www.lamennais.org\/wp-content\/uploads\/2016\/05\/philippines_resize.jpg","datePublished":"2016-05-01T16:30:07+00:00","dateModified":"2019-02-06T09:54:21+00:00","breadcrumb":{"@id":"https:\/\/www.lamennais.org\/en-el-mundo\/asia\/filipinas\/?lang=es#breadcrumb"},"inLanguage":"es","potentialAction":[{"@type":"ReadAction","target":["https:\/\/www.lamennais.org\/en-el-mundo\/asia\/filipinas\/?lang=es"]}]},{"@type":"ImageObject","inLanguage":"es","@id":"https:\/\/www.lamennais.org\/en-el-mundo\/asia\/filipinas\/?lang=es#primaryimage","url":"http:\/\/www.lamennais.org\/wp-content\/uploads\/2016\/05\/philippines_resize.jpg","contentUrl":"http:\/\/www.lamennais.org\/wp-content\/uploads\/2016\/05\/philippines_resize.jpg"},{"@type":"BreadcrumbList","@id":"https:\/\/www.lamennais.org\/en-el-mundo\/asia\/filipinas\/?lang=es#breadcrumb","itemListElement":[{"@type":"ListItem","position":1,"name":"Accueil","item":"https:\/\/www.lamennais.org\/"},{"@type":"ListItem","position":2,"name":"&#8230;en el mundo","item":"https:\/\/www.lamennais.org\/en-el-mundo\/?lang=es"},{"@type":"ListItem","position":3,"name":"Asia","item":"https:\/\/www.lamennais.org\/en-el-mundo\/asia\/?lang=es"},{"@type":"ListItem","position":4,"name":"Filipinas"}]},{"@type":"WebSite","@id":"https:\/\/www.lamennais.org\/#website","url":"https:\/\/www.lamennais.org\/","name":"LaMennais.org","description":"Fr\u00e8res de l&#039;Instruction Chr\u00e9tienne et Famille Mennaisienne","potentialAction":[{"@type":"SearchAction","target":{"@type":"EntryPoint","urlTemplate":"https:\/\/www.lamennais.org\/?s={search_term_string}"},"query-input":{"@type":"PropertyValueSpecification","valueRequired":true,"valueName":"search_term_string"}}],"inLanguage":"es"}]}},"_links":{"self":[{"href":"https:\/\/www.lamennais.org\/es\/wp-json\/wp\/v2\/pages\/5726","targetHints":{"allow":["GET"]}}],"collection":[{"href":"https:\/\/www.lamennais.org\/es\/wp-json\/wp\/v2\/pages"}],"about":[{"href":"https:\/\/www.lamennais.org\/es\/wp-json\/wp\/v2\/types\/page"}],"author":[{"embeddable":true,"href":"https:\/\/www.lamennais.org\/es\/wp-json\/wp\/v2\/users\/1"}],"replies":[{"embeddable":true,"href":"https:\/\/www.lamennais.org\/es\/wp-json\/wp\/v2\/comments?post=5726"}],"version-history":[{"count":7,"href":"https:\/\/www.lamennais.org\/es\/wp-json\/wp\/v2\/pages\/5726\/revisions"}],"predecessor-version":[{"id":19432,"href":"https:\/\/www.lamennais.org\/es\/wp-json\/wp\/v2\/pages\/5726\/revisions\/19432"}],"up":[{"embeddable":true,"href":"https:\/\/www.lamennais.org\/es\/wp-json\/wp\/v2\/pages\/5724"}],"wp:attachment":[{"href":"https:\/\/www.lamennais.org\/es\/wp-json\/wp\/v2\/media?parent=5726"}],"curies":[{"name":"wp","href":"https:\/\/api.w.org\/{rel}","templated":true}]}}