{"id":5722,"date":"2016-05-01T18:30:02","date_gmt":"2016-05-01T16:30:02","guid":{"rendered":"http:\/\/www.lamennais.org\/?page_id=5722&#038;lang=es"},"modified":"2019-02-06T09:36:57","modified_gmt":"2019-02-06T08:36:57","slug":"japon","status":"publish","type":"page","link":"https:\/\/www.lamennais.org\/es\/en-el-mundo\/asia\/japon\/","title":{"rendered":"Jap\u00f3n"},"content":{"rendered":"<p><strong><img fetchpriority=\"high\" decoding=\"async\" class=\"alignright size-full wp-image-1659\" src=\"http:\/\/www.lamennais.org\/wp-content\/uploads\/2016\/05\/japon_resize.jpg\" alt=\"japon_resize\" width=\"500\" height=\"500\" \/>Ciudades<\/strong>: Yokohama &#8211; Shizuoka &#8211; Tokyo<\/p>\n<p><strong>YOKOHAMA <\/strong><br \/>\n<strong>Yokohama Community<\/strong><br \/>\n1, Takinoue, Naka-ku<br \/>\nYOKOHAMA 231 0837<br \/>\nC : <a href=\"mailto:yokohamaguy@yahoo.ca\">yokohamaguy@yahoo.ca<\/a><\/p>\n<p><strong>Sayuri Kindergarten<\/strong><br \/>\n2, Takinoue, Naka-ku<br \/>\nYokohama 231 0837<\/p>\n<p><strong>Seiko Gakuin High School<\/strong><br \/>\n100, Takinoue Naka-ku<br \/>\nYokohama 231 0837<\/p>\n<p><strong>SHIZUOKA<\/strong><\/p>\n<p><strong>Shizuoka Seiko Gakuin<\/strong><br \/>\n1440, Oshika<br \/>\nSHIZUOKA 422 8021<\/p>\n<p><strong>TOKYO<br \/>\n<\/strong><strong>Saint Mary&#8217;s International School<\/strong><br \/>\n6-19 Seta 1 &#8211; Chome<br \/>\nSetagaya-ku TOKYO 158-8668<\/p>\n<hr \/>\n<p><strong>20 de julio de 1951:<\/strong> Llegada de los 3 primeros HH. Menesianos a Jap\u00f3n. Fueron acogidos por los HH. Marianistas de Yokohama. La Provincia de la Pointe-du-Lac, de Canad\u00e1, se comprometi\u00f3 a enviar 3 Hermanos m\u00e1s cada a\u00f1o, durante los primeros a\u00f1os. Y cumpli\u00f3 su promesa. Veinte a\u00f1os m\u00e1s tarde, en 1971, sumaban 44 los Hermanos que hab\u00edan sido enviados all\u00ed.<\/p>\n<p>R\u00e1pidamente, la obra japonesa de los Menesianos se organiza en torno a 3 Instituciones que perduran a d\u00eda de hoy. Estos \u00faltimos a\u00f1os sus instalaciones han sido totalmente reconstruidas.<\/p>\n<p><img decoding=\"async\" class=\"alignright size-medium wp-image-3386\" src=\"http:\/\/www.lamennais.org\/wp-content\/uploads\/2016\/05\/Japon-B-300x225.jpg\" alt=\"Japon B\" width=\"300\" height=\"225\" srcset=\"https:\/\/www.lamennais.org\/wp-content\/uploads\/2016\/05\/Japon-B-300x225.jpg 300w, https:\/\/www.lamennais.org\/wp-content\/uploads\/2016\/05\/Japon-B-768x576.jpg 768w, https:\/\/www.lamennais.org\/wp-content\/uploads\/2016\/05\/Japon-B-1024x768.jpg 1024w, https:\/\/www.lamennais.org\/wp-content\/uploads\/2016\/05\/Japon-B-260x195.jpg 260w, https:\/\/www.lamennais.org\/wp-content\/uploads\/2016\/05\/Japon-B.jpg 1200w\" sizes=\"(max-width: 300px) 100vw, 300px\" \/>El <strong>Colegio <em>\u2018St. Mary\u2019s International School\u2019<\/em> de Tokio<\/strong>, se abri\u00f3 en 1954 con la intenci\u00f3n de atender a los hijos de los extranjeros residentes en Tokio. Acoge tambi\u00e9n a alumnos japoneses, pero funciona como una \u2018High School\u2019 americana.<\/p>\n<p>La <strong>Escuela de Secundaria <em>\u2018Seiko Gakuin\u2019 <\/em>(Santa Luz)\u00a0 de Yokohama<\/strong>, es una escuela japonesa de gran renombre y que apuesta por la excelencia educativa. En la misma propiedad funciona una escuela maternal, <em><strong>\u00abSayuri Kindengarden\u00bb<\/strong><\/em> igualmente muy apreciada por los padres.<\/p>\n<p><img decoding=\"async\" class=\"alignleft size-medium wp-image-3384\" src=\"http:\/\/www.lamennais.org\/wp-content\/uploads\/2016\/05\/Japon-A-300x225.jpg\" alt=\"Japon A\" width=\"300\" height=\"225\" srcset=\"https:\/\/www.lamennais.org\/wp-content\/uploads\/2016\/05\/Japon-A-300x225.jpg 300w, https:\/\/www.lamennais.org\/wp-content\/uploads\/2016\/05\/Japon-A-768x575.jpg 768w, https:\/\/www.lamennais.org\/wp-content\/uploads\/2016\/05\/Japon-A-1024x767.jpg 1024w, https:\/\/www.lamennais.org\/wp-content\/uploads\/2016\/05\/Japon-A-260x195.jpg 260w, https:\/\/www.lamennais.org\/wp-content\/uploads\/2016\/05\/Japon-A.jpg 1368w\" sizes=\"(max-width: 300px) 100vw, 300px\" \/>La <strong>Escuela de Secundaria japonesa <em>\u2018Seiko Gakuin\u2019 <\/em>(Santa Luz) de Shizuoka<\/strong>, est\u00e1 abierta a una poblaci\u00f3n m\u00e1s modesta que la de Yokohama.<\/p>\n<p>En estas 4 Instituciones, los HH. Menesianos han prestado una atenci\u00f3n particular a la dimensi\u00f3n evangelizadora de su misi\u00f3n:<\/p>\n<ul>\n<li>Amplia y hermosa capilla en el centro del establecimiento, abierta a los alumnos y a los padres para determinadas celebraciones tradicionales japonesas (bodas, funerales, &#8230;)<\/li>\n<li>Celebraci\u00f3n para todos los alumnos, cristianos o no, de un cierto n\u00famero de fiestas religiosas cristianas.<\/li>\n<li>Ense\u00f1anza de la Biblia para todos, Catequesis para los cat\u00f3licos y catec\u00famenos.<\/li>\n<\/ul>\n<p><span id=\"s2_1\">Desgraciadamente la ausencia de vocaciones japonesas (nuestro \u00fanico hermano japon\u00e9s falleci\u00f3 en 2018) y el envejecimiento de los Hermanos misioneros canadienses obligan a una reducci\u00f3n progresiva de la presencia de la congregaci\u00f3n.<\/span> <span id=\"s2_2\">No queda en lo sucesivo m\u00e1s que una sola comunidad en Yokohama.<\/span> <span id=\"s2_3\">Se pondr\u00e1 a medio plazo la cuesti\u00f3n de la presencia de los Hermanos en este pa\u00eds despu\u00e9s de m\u00e1s de 60 a\u00f1os de actividad continua.<\/span><\/p>\n","protected":false},"excerpt":{"rendered":"<p>Ciudades: Yokohama &#8211; Shizuoka &#8211; Tokyo YOKOHAMA Yokohama Community 1, Takinoue, Naka-ku YOKOHAMA 231 0837 C : yokohamaguy@yahoo.ca Sayuri Kindergarten 2, Takinoue, Naka-ku Yokohama 231 0837 Seiko Gakuin High School 100, Takinoue Naka-ku Yokohama 231 0837 SHIZUOKA Shizuoka Seiko Gakuin 1440, Oshika SHIZUOKA 422 8021 TOKYO Saint Mary&#8217;s International School 6-19 Seta 1 &#8211; Chome [&hellip;]<\/p>\n","protected":false},"author":1,"featured_media":0,"parent":5724,"menu_order":0,"comment_status":"closed","ping_status":"closed","template":"","meta":{"footnotes":""},"class_list":["post-5722","page","type-page","status-publish","hentry"],"yoast_head":"<!-- This site is optimized with the Yoast SEO plugin v27.4 - https:\/\/yoast.com\/product\/yoast-seo-wordpress\/ -->\n<title>Jap\u00f3n - LaMennais.org<\/title>\n<meta name=\"robots\" content=\"index, follow, max-snippet:-1, max-image-preview:large, max-video-preview:-1\" \/>\n<link rel=\"canonical\" href=\"https:\/\/www.lamennais.org\/en-el-mundo\/asia\/japon\/?lang=es\" \/>\n<meta property=\"og:locale\" content=\"es_ES\" \/>\n<meta property=\"og:type\" content=\"article\" \/>\n<meta property=\"og:title\" content=\"Jap\u00f3n - LaMennais.org\" \/>\n<meta property=\"og:description\" content=\"Ciudades: Yokohama &#8211; Shizuoka &#8211; Tokyo YOKOHAMA Yokohama Community 1, Takinoue, Naka-ku YOKOHAMA 231 0837 C : yokohamaguy@yahoo.ca Sayuri Kindergarten 2, Takinoue, Naka-ku Yokohama 231 0837 Seiko Gakuin High School 100, Takinoue Naka-ku Yokohama 231 0837 SHIZUOKA Shizuoka Seiko Gakuin 1440, Oshika SHIZUOKA 422 8021 TOKYO Saint Mary&#8217;s International School 6-19 Seta 1 &#8211; Chome [&hellip;]\" \/>\n<meta property=\"og:url\" content=\"https:\/\/www.lamennais.org\/en-el-mundo\/asia\/japon\/?lang=es\" \/>\n<meta property=\"og:site_name\" content=\"LaMennais.org\" \/>\n<meta property=\"article:modified_time\" content=\"2019-02-06T08:36:57+00:00\" \/>\n<meta property=\"og:image\" content=\"http:\/\/www.lamennais.org\/wp-content\/uploads\/2016\/05\/japon_resize.jpg\" \/>\n<meta name=\"twitter:card\" content=\"summary_large_image\" \/>\n<meta name=\"twitter:label1\" content=\"Tiempo de lectura\" \/>\n\t<meta name=\"twitter:data1\" content=\"2 minutos\" \/>\n<script type=\"application\/ld+json\" class=\"yoast-schema-graph\">{\"@context\":\"https:\\\/\\\/schema.org\",\"@graph\":[{\"@type\":\"WebPage\",\"@id\":\"https:\\\/\\\/www.lamennais.org\\\/en-el-mundo\\\/asia\\\/japon\\\/?lang=es\",\"url\":\"https:\\\/\\\/www.lamennais.org\\\/en-el-mundo\\\/asia\\\/japon\\\/?lang=es\",\"name\":\"Jap\u00f3n - LaMennais.org\",\"isPartOf\":{\"@id\":\"https:\\\/\\\/www.lamennais.org\\\/#website\"},\"primaryImageOfPage\":{\"@id\":\"https:\\\/\\\/www.lamennais.org\\\/en-el-mundo\\\/asia\\\/japon\\\/?lang=es#primaryimage\"},\"image\":{\"@id\":\"https:\\\/\\\/www.lamennais.org\\\/en-el-mundo\\\/asia\\\/japon\\\/?lang=es#primaryimage\"},\"thumbnailUrl\":\"http:\\\/\\\/www.lamennais.org\\\/wp-content\\\/uploads\\\/2016\\\/05\\\/japon_resize.jpg\",\"datePublished\":\"2016-05-01T16:30:02+00:00\",\"dateModified\":\"2019-02-06T08:36:57+00:00\",\"breadcrumb\":{\"@id\":\"https:\\\/\\\/www.lamennais.org\\\/en-el-mundo\\\/asia\\\/japon\\\/?lang=es#breadcrumb\"},\"inLanguage\":\"es\",\"potentialAction\":[{\"@type\":\"ReadAction\",\"target\":[\"https:\\\/\\\/www.lamennais.org\\\/en-el-mundo\\\/asia\\\/japon\\\/?lang=es\"]}]},{\"@type\":\"ImageObject\",\"inLanguage\":\"es\",\"@id\":\"https:\\\/\\\/www.lamennais.org\\\/en-el-mundo\\\/asia\\\/japon\\\/?lang=es#primaryimage\",\"url\":\"http:\\\/\\\/www.lamennais.org\\\/wp-content\\\/uploads\\\/2016\\\/05\\\/japon_resize.jpg\",\"contentUrl\":\"http:\\\/\\\/www.lamennais.org\\\/wp-content\\\/uploads\\\/2016\\\/05\\\/japon_resize.jpg\"},{\"@type\":\"BreadcrumbList\",\"@id\":\"https:\\\/\\\/www.lamennais.org\\\/en-el-mundo\\\/asia\\\/japon\\\/?lang=es#breadcrumb\",\"itemListElement\":[{\"@type\":\"ListItem\",\"position\":1,\"name\":\"Accueil\",\"item\":\"https:\\\/\\\/www.lamennais.org\\\/\"},{\"@type\":\"ListItem\",\"position\":2,\"name\":\"&#8230;en el mundo\",\"item\":\"https:\\\/\\\/www.lamennais.org\\\/en-el-mundo\\\/?lang=es\"},{\"@type\":\"ListItem\",\"position\":3,\"name\":\"Asia\",\"item\":\"https:\\\/\\\/www.lamennais.org\\\/en-el-mundo\\\/asia\\\/?lang=es\"},{\"@type\":\"ListItem\",\"position\":4,\"name\":\"Jap\u00f3n\"}]},{\"@type\":\"WebSite\",\"@id\":\"https:\\\/\\\/www.lamennais.org\\\/#website\",\"url\":\"https:\\\/\\\/www.lamennais.org\\\/\",\"name\":\"LaMennais.org\",\"description\":\"Fr\u00e8res de l&#039;Instruction Chr\u00e9tienne et Famille Mennaisienne\",\"potentialAction\":[{\"@type\":\"SearchAction\",\"target\":{\"@type\":\"EntryPoint\",\"urlTemplate\":\"https:\\\/\\\/www.lamennais.org\\\/?s={search_term_string}\"},\"query-input\":{\"@type\":\"PropertyValueSpecification\",\"valueRequired\":true,\"valueName\":\"search_term_string\"}}],\"inLanguage\":\"es\"}]}<\/script>\n<!-- \/ Yoast SEO plugin. -->","yoast_head_json":{"title":"Jap\u00f3n - LaMennais.org","robots":{"index":"index","follow":"follow","max-snippet":"max-snippet:-1","max-image-preview":"max-image-preview:large","max-video-preview":"max-video-preview:-1"},"canonical":"https:\/\/www.lamennais.org\/en-el-mundo\/asia\/japon\/?lang=es","og_locale":"es_ES","og_type":"article","og_title":"Jap\u00f3n - LaMennais.org","og_description":"Ciudades: Yokohama &#8211; Shizuoka &#8211; Tokyo YOKOHAMA Yokohama Community 1, Takinoue, Naka-ku YOKOHAMA 231 0837 C : yokohamaguy@yahoo.ca Sayuri Kindergarten 2, Takinoue, Naka-ku Yokohama 231 0837 Seiko Gakuin High School 100, Takinoue Naka-ku Yokohama 231 0837 SHIZUOKA Shizuoka Seiko Gakuin 1440, Oshika SHIZUOKA 422 8021 TOKYO Saint Mary&#8217;s International School 6-19 Seta 1 &#8211; Chome [&hellip;]","og_url":"https:\/\/www.lamennais.org\/en-el-mundo\/asia\/japon\/?lang=es","og_site_name":"LaMennais.org","article_modified_time":"2019-02-06T08:36:57+00:00","og_image":[{"url":"http:\/\/www.lamennais.org\/wp-content\/uploads\/2016\/05\/japon_resize.jpg","type":"","width":"","height":""}],"twitter_card":"summary_large_image","twitter_misc":{"Tiempo de lectura":"2 minutos"},"schema":{"@context":"https:\/\/schema.org","@graph":[{"@type":"WebPage","@id":"https:\/\/www.lamennais.org\/en-el-mundo\/asia\/japon\/?lang=es","url":"https:\/\/www.lamennais.org\/en-el-mundo\/asia\/japon\/?lang=es","name":"Jap\u00f3n - LaMennais.org","isPartOf":{"@id":"https:\/\/www.lamennais.org\/#website"},"primaryImageOfPage":{"@id":"https:\/\/www.lamennais.org\/en-el-mundo\/asia\/japon\/?lang=es#primaryimage"},"image":{"@id":"https:\/\/www.lamennais.org\/en-el-mundo\/asia\/japon\/?lang=es#primaryimage"},"thumbnailUrl":"http:\/\/www.lamennais.org\/wp-content\/uploads\/2016\/05\/japon_resize.jpg","datePublished":"2016-05-01T16:30:02+00:00","dateModified":"2019-02-06T08:36:57+00:00","breadcrumb":{"@id":"https:\/\/www.lamennais.org\/en-el-mundo\/asia\/japon\/?lang=es#breadcrumb"},"inLanguage":"es","potentialAction":[{"@type":"ReadAction","target":["https:\/\/www.lamennais.org\/en-el-mundo\/asia\/japon\/?lang=es"]}]},{"@type":"ImageObject","inLanguage":"es","@id":"https:\/\/www.lamennais.org\/en-el-mundo\/asia\/japon\/?lang=es#primaryimage","url":"http:\/\/www.lamennais.org\/wp-content\/uploads\/2016\/05\/japon_resize.jpg","contentUrl":"http:\/\/www.lamennais.org\/wp-content\/uploads\/2016\/05\/japon_resize.jpg"},{"@type":"BreadcrumbList","@id":"https:\/\/www.lamennais.org\/en-el-mundo\/asia\/japon\/?lang=es#breadcrumb","itemListElement":[{"@type":"ListItem","position":1,"name":"Accueil","item":"https:\/\/www.lamennais.org\/"},{"@type":"ListItem","position":2,"name":"&#8230;en el mundo","item":"https:\/\/www.lamennais.org\/en-el-mundo\/?lang=es"},{"@type":"ListItem","position":3,"name":"Asia","item":"https:\/\/www.lamennais.org\/en-el-mundo\/asia\/?lang=es"},{"@type":"ListItem","position":4,"name":"Jap\u00f3n"}]},{"@type":"WebSite","@id":"https:\/\/www.lamennais.org\/#website","url":"https:\/\/www.lamennais.org\/","name":"LaMennais.org","description":"Fr\u00e8res de l&#039;Instruction Chr\u00e9tienne et Famille Mennaisienne","potentialAction":[{"@type":"SearchAction","target":{"@type":"EntryPoint","urlTemplate":"https:\/\/www.lamennais.org\/?s={search_term_string}"},"query-input":{"@type":"PropertyValueSpecification","valueRequired":true,"valueName":"search_term_string"}}],"inLanguage":"es"}]}},"_links":{"self":[{"href":"https:\/\/www.lamennais.org\/es\/wp-json\/wp\/v2\/pages\/5722","targetHints":{"allow":["GET"]}}],"collection":[{"href":"https:\/\/www.lamennais.org\/es\/wp-json\/wp\/v2\/pages"}],"about":[{"href":"https:\/\/www.lamennais.org\/es\/wp-json\/wp\/v2\/types\/page"}],"author":[{"embeddable":true,"href":"https:\/\/www.lamennais.org\/es\/wp-json\/wp\/v2\/users\/1"}],"replies":[{"embeddable":true,"href":"https:\/\/www.lamennais.org\/es\/wp-json\/wp\/v2\/comments?post=5722"}],"version-history":[{"count":3,"href":"https:\/\/www.lamennais.org\/es\/wp-json\/wp\/v2\/pages\/5722\/revisions"}],"predecessor-version":[{"id":19416,"href":"https:\/\/www.lamennais.org\/es\/wp-json\/wp\/v2\/pages\/5722\/revisions\/19416"}],"up":[{"embeddable":true,"href":"https:\/\/www.lamennais.org\/es\/wp-json\/wp\/v2\/pages\/5724"}],"wp:attachment":[{"href":"https:\/\/www.lamennais.org\/es\/wp-json\/wp\/v2\/media?parent=5722"}],"curies":[{"name":"wp","href":"https:\/\/api.w.org\/{rel}","templated":true}]}}