{"id":5720,"date":"2016-05-01T18:29:56","date_gmt":"2016-05-01T16:29:56","guid":{"rendered":"http:\/\/www.lamennais.org\/?page_id=5720&#038;lang=es"},"modified":"2019-02-06T10:51:12","modified_gmt":"2019-02-06T09:51:12","slug":"indonesia","status":"publish","type":"page","link":"https:\/\/www.lamennais.org\/es\/en-el-mundo\/asia\/indonesia\/","title":{"rendered":"Indonesia"},"content":{"rendered":"<p><strong><img fetchpriority=\"high\" decoding=\"async\" class=\"alignright size-full wp-image-1658\" src=\"http:\/\/www.lamennais.org\/wp-content\/uploads\/2016\/05\/indonesie_resize.jpg\" alt=\"indonesie_resize\" width=\"500\" height=\"500\" \/> <\/strong><a href=\"http:\/\/www.lamennais.org\/fr\/5continents\/indonesie.html#HISTOIRE\"><br \/>\n<\/a><br \/>\n<strong>Ciudades<\/strong>: Larantuka \u2013 Yogyakarta<\/p>\n<p><strong><span style=\"color: #3366ff;\">LARANTUKA<\/span><br \/>\nBiara La Mennais, BPK<br \/>\n<\/strong><strong>Lorong Yaspensel Weri<br \/>\n<\/strong>86218 LARANTUKA<br \/>\nFLORES<br \/>\nC: <a href=\"mailto:brlamennais@gmail.com\">brlamennais@gmail.com<\/a><\/p>\n<p><span style=\"color: #3366ff;\"><strong>YOGYAKARTA<\/strong><\/span><\/p>\n<p><strong>Wisma La Mennais<\/strong><br \/>\nJalan Getsemani\u00a0N\u00b0 213<br \/>\nSenggkan Condongcatur, Depok, Sleman<br \/>\n92231 YOGYAKARTA<br \/>\nC <a href=\"mailto:stefbpk@yahoo.co.id\">stefbpk@yahoo.co.id<\/a><\/p>\n<hr \/>\n<p>El Cap\u00edtulo General de los HH. Menesianos invita a buscar nuevas presencias y nuevos estilos de Vida Menesiana.<\/p>\n<p><img decoding=\"async\" class=\"alignright wp-image-1666 size-medium\" src=\"http:\/\/www.lamennais.org\/wp-content\/uploads\/2016\/05\/INDONESIE-B-Larantuka-300x225.jpg\" alt=\"OLYMPUS DIGITAL CAMERA\" width=\"300\" height=\"225\" srcset=\"https:\/\/www.lamennais.org\/wp-content\/uploads\/2016\/05\/INDONESIE-B-Larantuka-300x225.jpg 300w, https:\/\/www.lamennais.org\/wp-content\/uploads\/2016\/05\/INDONESIE-B-Larantuka-768x576.jpg 768w, https:\/\/www.lamennais.org\/wp-content\/uploads\/2016\/05\/INDONESIE-B-Larantuka-1024x768.jpg 1024w, https:\/\/www.lamennais.org\/wp-content\/uploads\/2016\/05\/INDONESIE-B-Larantuka-260x195.jpg 260w\" sizes=\"(max-width: 300px) 100vw, 300px\" \/><\/p>\n<p>El 2 de enero del a\u00f1o 2000, cuatro HH. Menesianos -2 espa\u00f1oles y 2 franceses- salen de Roma hacia la isla de Flores, en <strong>Larantuka<\/strong>, Indonesia. Con la ayuda de la iglesia local, del Sr. Obispo y de las Comunidades religiosas, comienzan su aventura desafiando el intrincado orden administrativo y los misterios de la lengua y de las costumbres de su pa\u00eds de adopci\u00f3n.<\/p>\n<p>En diciembre del a\u00f1o 2002, la nueva misi\u00f3n sufre un duro golpe con el fallecimiento s\u00fabito del H. Nicol\u00e1s Mediavilla. El a\u00f1o 2003 se conf\u00eda a los Hermanos la direcci\u00f3n del colegio cat\u00f3lico <em>\u2018Darius\u2019<\/em> hasta 2006.<\/p>\n<p>Despu\u00e9s los HH. Menesianos fundan <em>\u2018<strong>La Pusat La Mennais\u2019<\/strong><\/em> -Centro de Formaci\u00f3n que ofrece cursos de Inform\u00e1tica, Mec\u00e1nica, Costura y Pesca. Poco a poco nuevas construcciones aparecen y las actividades son ahora principalmente, Inform\u00e1tica, Costura y el aprendizaje del idioma Ingl\u00e9s.<\/p>\n<p>Tambi\u00e9n se abre un pre-Postulantado para acoger a j\u00f3venes aspirantes en discernimiento vocacional. All\u00ed, esos j\u00f3venes permanecen durante 2 a\u00f1os y siguen cursos en el Instituto de formaci\u00f3n religiosa Waibalum.<\/p>\n<p><img decoding=\"async\" class=\"alignleft size-medium wp-image-1665\" src=\"http:\/\/www.lamennais.org\/wp-content\/uploads\/2016\/05\/Indon\u00e9sie-A-300x225.jpg\" alt=\"Indon\u00e9sie A\" width=\"300\" height=\"225\" srcset=\"https:\/\/www.lamennais.org\/wp-content\/uploads\/2016\/05\/Indon\u00e9sie-A-300x225.jpg 300w, https:\/\/www.lamennais.org\/wp-content\/uploads\/2016\/05\/Indon\u00e9sie-A-260x195.jpg 260w, https:\/\/www.lamennais.org\/wp-content\/uploads\/2016\/05\/Indon\u00e9sie-A.jpg 640w\" sizes=\"(max-width: 300px) 100vw, 300px\" \/><\/p>\n<p>El a\u00f1o 2010, se abre en <strong>Yogyakarta<\/strong> una segunda Comunidad que acoge a los Postulantes y a los Novicios. Los primeros HH. Menesianos indonesios pronuncian sus votos el a\u00f1o 2011. Los Escol\u00e1sticos contin\u00faan despu\u00e9s su formaci\u00f3n en Manilla, Filipinas.<\/p>\n<p>2014 es otra etapa importante por la misi\u00f3n as\u00ed que se ven la construcci\u00f3n y la apertura en 2015 de la Escuela de Primaria <strong><em>\u2018SKD La Mennais\u2019<\/em> <\/strong>en <strong>Larantuka<\/strong>. Esta escuela sigue su desarollo para llegar al ciclo completo de la primaria, es decir 6 a\u00f1os.<\/p>\n","protected":false},"excerpt":{"rendered":"<p>Ciudades: Larantuka \u2013 Yogyakarta LARANTUKA Biara La Mennais, BPK Lorong Yaspensel Weri 86218 LARANTUKA FLORES C: brlamennais@gmail.com YOGYAKARTA Wisma La Mennais Jalan Getsemani\u00a0N\u00b0 213 Senggkan Condongcatur, Depok, Sleman 92231 YOGYAKARTA C stefbpk@yahoo.co.id El Cap\u00edtulo General de los HH. Menesianos invita a buscar nuevas presencias y nuevos estilos de Vida Menesiana. El 2 de enero del [&hellip;]<\/p>\n","protected":false},"author":1,"featured_media":0,"parent":5724,"menu_order":0,"comment_status":"closed","ping_status":"closed","template":"","meta":{"footnotes":""},"class_list":["post-5720","page","type-page","status-publish","hentry"],"yoast_head":"<!-- This site is optimized with the Yoast SEO plugin v27.4 - https:\/\/yoast.com\/product\/yoast-seo-wordpress\/ -->\n<title>Indonesia - LaMennais.org<\/title>\n<meta name=\"robots\" content=\"index, follow, max-snippet:-1, max-image-preview:large, max-video-preview:-1\" \/>\n<link rel=\"canonical\" href=\"https:\/\/www.lamennais.org\/en-el-mundo\/asia\/indonesia\/?lang=es\" \/>\n<meta property=\"og:locale\" content=\"es_ES\" \/>\n<meta property=\"og:type\" content=\"article\" \/>\n<meta property=\"og:title\" content=\"Indonesia - LaMennais.org\" \/>\n<meta property=\"og:description\" content=\"Ciudades: Larantuka \u2013 Yogyakarta LARANTUKA Biara La Mennais, BPK Lorong Yaspensel Weri 86218 LARANTUKA FLORES C: brlamennais@gmail.com YOGYAKARTA Wisma La Mennais Jalan Getsemani\u00a0N\u00b0 213 Senggkan Condongcatur, Depok, Sleman 92231 YOGYAKARTA C stefbpk@yahoo.co.id El Cap\u00edtulo General de los HH. Menesianos invita a buscar nuevas presencias y nuevos estilos de Vida Menesiana. El 2 de enero del [&hellip;]\" \/>\n<meta property=\"og:url\" content=\"https:\/\/www.lamennais.org\/en-el-mundo\/asia\/indonesia\/?lang=es\" \/>\n<meta property=\"og:site_name\" content=\"LaMennais.org\" \/>\n<meta property=\"article:modified_time\" content=\"2019-02-06T09:51:12+00:00\" \/>\n<meta property=\"og:image\" content=\"http:\/\/www.lamennais.org\/wp-content\/uploads\/2016\/05\/indonesie_resize.jpg\" \/>\n<meta name=\"twitter:card\" content=\"summary_large_image\" \/>\n<meta name=\"twitter:label1\" content=\"Tiempo de lectura\" \/>\n\t<meta name=\"twitter:data1\" content=\"2 minutos\" \/>\n<script type=\"application\/ld+json\" class=\"yoast-schema-graph\">{\"@context\":\"https:\\\/\\\/schema.org\",\"@graph\":[{\"@type\":\"WebPage\",\"@id\":\"https:\\\/\\\/www.lamennais.org\\\/en-el-mundo\\\/asia\\\/indonesia\\\/?lang=es\",\"url\":\"https:\\\/\\\/www.lamennais.org\\\/en-el-mundo\\\/asia\\\/indonesia\\\/?lang=es\",\"name\":\"Indonesia - LaMennais.org\",\"isPartOf\":{\"@id\":\"https:\\\/\\\/www.lamennais.org\\\/#website\"},\"primaryImageOfPage\":{\"@id\":\"https:\\\/\\\/www.lamennais.org\\\/en-el-mundo\\\/asia\\\/indonesia\\\/?lang=es#primaryimage\"},\"image\":{\"@id\":\"https:\\\/\\\/www.lamennais.org\\\/en-el-mundo\\\/asia\\\/indonesia\\\/?lang=es#primaryimage\"},\"thumbnailUrl\":\"http:\\\/\\\/www.lamennais.org\\\/wp-content\\\/uploads\\\/2016\\\/05\\\/indonesie_resize.jpg\",\"datePublished\":\"2016-05-01T16:29:56+00:00\",\"dateModified\":\"2019-02-06T09:51:12+00:00\",\"breadcrumb\":{\"@id\":\"https:\\\/\\\/www.lamennais.org\\\/en-el-mundo\\\/asia\\\/indonesia\\\/?lang=es#breadcrumb\"},\"inLanguage\":\"es\",\"potentialAction\":[{\"@type\":\"ReadAction\",\"target\":[\"https:\\\/\\\/www.lamennais.org\\\/en-el-mundo\\\/asia\\\/indonesia\\\/?lang=es\"]}]},{\"@type\":\"ImageObject\",\"inLanguage\":\"es\",\"@id\":\"https:\\\/\\\/www.lamennais.org\\\/en-el-mundo\\\/asia\\\/indonesia\\\/?lang=es#primaryimage\",\"url\":\"http:\\\/\\\/www.lamennais.org\\\/wp-content\\\/uploads\\\/2016\\\/05\\\/indonesie_resize.jpg\",\"contentUrl\":\"http:\\\/\\\/www.lamennais.org\\\/wp-content\\\/uploads\\\/2016\\\/05\\\/indonesie_resize.jpg\"},{\"@type\":\"BreadcrumbList\",\"@id\":\"https:\\\/\\\/www.lamennais.org\\\/en-el-mundo\\\/asia\\\/indonesia\\\/?lang=es#breadcrumb\",\"itemListElement\":[{\"@type\":\"ListItem\",\"position\":1,\"name\":\"Accueil\",\"item\":\"https:\\\/\\\/www.lamennais.org\\\/\"},{\"@type\":\"ListItem\",\"position\":2,\"name\":\"&#8230;en el mundo\",\"item\":\"https:\\\/\\\/www.lamennais.org\\\/en-el-mundo\\\/?lang=es\"},{\"@type\":\"ListItem\",\"position\":3,\"name\":\"Asia\",\"item\":\"https:\\\/\\\/www.lamennais.org\\\/en-el-mundo\\\/asia\\\/?lang=es\"},{\"@type\":\"ListItem\",\"position\":4,\"name\":\"Indonesia\"}]},{\"@type\":\"WebSite\",\"@id\":\"https:\\\/\\\/www.lamennais.org\\\/#website\",\"url\":\"https:\\\/\\\/www.lamennais.org\\\/\",\"name\":\"LaMennais.org\",\"description\":\"Fr\u00e8res de l&#039;Instruction Chr\u00e9tienne et Famille Mennaisienne\",\"potentialAction\":[{\"@type\":\"SearchAction\",\"target\":{\"@type\":\"EntryPoint\",\"urlTemplate\":\"https:\\\/\\\/www.lamennais.org\\\/?s={search_term_string}\"},\"query-input\":{\"@type\":\"PropertyValueSpecification\",\"valueRequired\":true,\"valueName\":\"search_term_string\"}}],\"inLanguage\":\"es\"}]}<\/script>\n<!-- \/ Yoast SEO plugin. -->","yoast_head_json":{"title":"Indonesia - LaMennais.org","robots":{"index":"index","follow":"follow","max-snippet":"max-snippet:-1","max-image-preview":"max-image-preview:large","max-video-preview":"max-video-preview:-1"},"canonical":"https:\/\/www.lamennais.org\/en-el-mundo\/asia\/indonesia\/?lang=es","og_locale":"es_ES","og_type":"article","og_title":"Indonesia - LaMennais.org","og_description":"Ciudades: Larantuka \u2013 Yogyakarta LARANTUKA Biara La Mennais, BPK Lorong Yaspensel Weri 86218 LARANTUKA FLORES C: brlamennais@gmail.com YOGYAKARTA Wisma La Mennais Jalan Getsemani\u00a0N\u00b0 213 Senggkan Condongcatur, Depok, Sleman 92231 YOGYAKARTA C stefbpk@yahoo.co.id El Cap\u00edtulo General de los HH. Menesianos invita a buscar nuevas presencias y nuevos estilos de Vida Menesiana. El 2 de enero del [&hellip;]","og_url":"https:\/\/www.lamennais.org\/en-el-mundo\/asia\/indonesia\/?lang=es","og_site_name":"LaMennais.org","article_modified_time":"2019-02-06T09:51:12+00:00","og_image":[{"url":"http:\/\/www.lamennais.org\/wp-content\/uploads\/2016\/05\/indonesie_resize.jpg","type":"","width":"","height":""}],"twitter_card":"summary_large_image","twitter_misc":{"Tiempo de lectura":"2 minutos"},"schema":{"@context":"https:\/\/schema.org","@graph":[{"@type":"WebPage","@id":"https:\/\/www.lamennais.org\/en-el-mundo\/asia\/indonesia\/?lang=es","url":"https:\/\/www.lamennais.org\/en-el-mundo\/asia\/indonesia\/?lang=es","name":"Indonesia - LaMennais.org","isPartOf":{"@id":"https:\/\/www.lamennais.org\/#website"},"primaryImageOfPage":{"@id":"https:\/\/www.lamennais.org\/en-el-mundo\/asia\/indonesia\/?lang=es#primaryimage"},"image":{"@id":"https:\/\/www.lamennais.org\/en-el-mundo\/asia\/indonesia\/?lang=es#primaryimage"},"thumbnailUrl":"http:\/\/www.lamennais.org\/wp-content\/uploads\/2016\/05\/indonesie_resize.jpg","datePublished":"2016-05-01T16:29:56+00:00","dateModified":"2019-02-06T09:51:12+00:00","breadcrumb":{"@id":"https:\/\/www.lamennais.org\/en-el-mundo\/asia\/indonesia\/?lang=es#breadcrumb"},"inLanguage":"es","potentialAction":[{"@type":"ReadAction","target":["https:\/\/www.lamennais.org\/en-el-mundo\/asia\/indonesia\/?lang=es"]}]},{"@type":"ImageObject","inLanguage":"es","@id":"https:\/\/www.lamennais.org\/en-el-mundo\/asia\/indonesia\/?lang=es#primaryimage","url":"http:\/\/www.lamennais.org\/wp-content\/uploads\/2016\/05\/indonesie_resize.jpg","contentUrl":"http:\/\/www.lamennais.org\/wp-content\/uploads\/2016\/05\/indonesie_resize.jpg"},{"@type":"BreadcrumbList","@id":"https:\/\/www.lamennais.org\/en-el-mundo\/asia\/indonesia\/?lang=es#breadcrumb","itemListElement":[{"@type":"ListItem","position":1,"name":"Accueil","item":"https:\/\/www.lamennais.org\/"},{"@type":"ListItem","position":2,"name":"&#8230;en el mundo","item":"https:\/\/www.lamennais.org\/en-el-mundo\/?lang=es"},{"@type":"ListItem","position":3,"name":"Asia","item":"https:\/\/www.lamennais.org\/en-el-mundo\/asia\/?lang=es"},{"@type":"ListItem","position":4,"name":"Indonesia"}]},{"@type":"WebSite","@id":"https:\/\/www.lamennais.org\/#website","url":"https:\/\/www.lamennais.org\/","name":"LaMennais.org","description":"Fr\u00e8res de l&#039;Instruction Chr\u00e9tienne et Famille Mennaisienne","potentialAction":[{"@type":"SearchAction","target":{"@type":"EntryPoint","urlTemplate":"https:\/\/www.lamennais.org\/?s={search_term_string}"},"query-input":{"@type":"PropertyValueSpecification","valueRequired":true,"valueName":"search_term_string"}}],"inLanguage":"es"}]}},"_links":{"self":[{"href":"https:\/\/www.lamennais.org\/es\/wp-json\/wp\/v2\/pages\/5720","targetHints":{"allow":["GET"]}}],"collection":[{"href":"https:\/\/www.lamennais.org\/es\/wp-json\/wp\/v2\/pages"}],"about":[{"href":"https:\/\/www.lamennais.org\/es\/wp-json\/wp\/v2\/types\/page"}],"author":[{"embeddable":true,"href":"https:\/\/www.lamennais.org\/es\/wp-json\/wp\/v2\/users\/1"}],"replies":[{"embeddable":true,"href":"https:\/\/www.lamennais.org\/es\/wp-json\/wp\/v2\/comments?post=5720"}],"version-history":[{"count":6,"href":"https:\/\/www.lamennais.org\/es\/wp-json\/wp\/v2\/pages\/5720\/revisions"}],"predecessor-version":[{"id":19431,"href":"https:\/\/www.lamennais.org\/es\/wp-json\/wp\/v2\/pages\/5720\/revisions\/19431"}],"up":[{"embeddable":true,"href":"https:\/\/www.lamennais.org\/es\/wp-json\/wp\/v2\/pages\/5724"}],"wp:attachment":[{"href":"https:\/\/www.lamennais.org\/es\/wp-json\/wp\/v2\/media?parent=5720"}],"curies":[{"name":"wp","href":"https:\/\/api.w.org\/{rel}","templated":true}]}}