{"id":5713,"date":"2016-05-01T18:18:47","date_gmt":"2016-05-01T16:18:47","guid":{"rendered":"http:\/\/www.lamennais.org\/?page_id=5713&#038;lang=es"},"modified":"2019-01-30T16:33:53","modified_gmt":"2019-01-30T15:33:53","slug":"uruguay","status":"publish","type":"page","link":"https:\/\/www.lamennais.org\/es\/en-el-mundo\/americas\/uruguay\/","title":{"rendered":"Uruguay"},"content":{"rendered":"<p><strong><img fetchpriority=\"high\" decoding=\"async\" class=\"alignright size-full wp-image-1625\" src=\"http:\/\/www.lamennais.org\/wp-content\/uploads\/2016\/05\/uruguay_resize.jpg\" alt=\"uruguay_resize\" width=\"500\" height=\"500\" srcset=\"https:\/\/www.lamennais.org\/wp-content\/uploads\/2016\/05\/uruguay_resize.jpg 500w, https:\/\/www.lamennais.org\/wp-content\/uploads\/2016\/05\/uruguay_resize-150x150.jpg 150w, https:\/\/www.lamennais.org\/wp-content\/uploads\/2016\/05\/uruguay_resize-300x300.jpg 300w, https:\/\/www.lamennais.org\/wp-content\/uploads\/2016\/05\/uruguay_resize-260x260.jpg 260w\" sizes=\"(max-width: 500px) 100vw, 500px\" \/>Ciuadades<\/strong>: Montevideo &#8211; Maldonado Nuevo<\/p>\n<p><strong><span style=\"color: #3366ff;\">MONTEVIDEO<\/span><br \/>\nInstituto La Mennais<\/strong><br \/>\nIngeniero J. Acquistapace 1701<br \/>\n11400 MONTEVIDEO<br \/>\nC : <a href=\"mailto:dirgeneral@lamennais.edu.uy\">dirgeneral@lamennais.edu.uy<\/a><\/p>\n<p><strong>MALDONADO <\/strong><br \/>\n<strong>Hermanos de La Mennais<\/strong><br \/>\nCommunidad \u201cDionisio Diaz\u201d<br \/>\nc\/ Norberto Ortiz y casi Tiburcio G\u00f3mez<br \/>\nBarrio 14 de febrero<br \/>\nC.P. 2000<br \/>\nMALDONADO<br \/>\nC : <a href=\"mailto:femu63@yahoo.com\">femu63@yahoo.com<\/a><\/p>\n<hr \/>\n<p><img decoding=\"async\" class=\"alignright size-medium wp-image-1629\" src=\"http:\/\/www.lamennais.org\/wp-content\/uploads\/2016\/05\/Urugay-A-300x225.jpg\" alt=\"Urugay A\" width=\"300\" height=\"225\" srcset=\"https:\/\/www.lamennais.org\/wp-content\/uploads\/2016\/05\/Urugay-A-300x225.jpg 300w, https:\/\/www.lamennais.org\/wp-content\/uploads\/2016\/05\/Urugay-A-768x576.jpg 768w, https:\/\/www.lamennais.org\/wp-content\/uploads\/2016\/05\/Urugay-A-1024x768.jpg 1024w, https:\/\/www.lamennais.org\/wp-content\/uploads\/2016\/05\/Urugay-A-260x195.jpg 260w\" sizes=\"(max-width: 300px) 100vw, 300px\" \/><\/p>\n<p><strong>URUGUAY.<\/strong><\/p>\n<p>En <strong>1956<\/strong> los Hermanos Menesianos de Argentina deciden instalarse en <strong>Montevideo<\/strong>. Abren all\u00ed un colegio. Con el correr de los a\u00f1os, el <em>Instituto La Mennais <\/em>crece y en la actualidad imparte las Ense\u00f1anzas Primaria, Secundaria y Preparatoria a 1.500 alumnos.<\/p>\n<p><strong>En febrero de 2001<\/strong> dos HH. Menesianos se instalan en la parroquia de <strong>Maldonado Nuevo<\/strong> a 100 Km. del este de Montevideo. Hoy d\u00eda, el centro Dionisio D\u00edaz de Maldonado acoge a j\u00f3venes desfavorecidos del entorno ayud\u00e1ndoles a una mejor inserci\u00f3n social por medio de talleres y actividades que trabajan el desarollo humano, educativo y familiar.<\/p>\n<p><img decoding=\"async\" class=\"aligncenter size-full wp-image-1631\" src=\"http:\/\/www.lamennais.org\/wp-content\/uploads\/2016\/05\/Uruguay-B-e1462119717247.jpg\" alt=\"Uruguay B\" width=\"600\" height=\"450\" \/><\/p>\n","protected":false},"excerpt":{"rendered":"<p>Ciuadades: Montevideo &#8211; Maldonado Nuevo MONTEVIDEO Instituto La Mennais Ingeniero J. Acquistapace 1701 11400 MONTEVIDEO C : dirgeneral@lamennais.edu.uy MALDONADO Hermanos de La Mennais Communidad \u201cDionisio Diaz\u201d c\/ Norberto Ortiz y casi Tiburcio G\u00f3mez Barrio 14 de febrero C.P. 2000 MALDONADO C : femu63@yahoo.com URUGUAY. En 1956 los Hermanos Menesianos de Argentina deciden instalarse en Montevideo. [&hellip;]<\/p>\n","protected":false},"author":1,"featured_media":0,"parent":5715,"menu_order":0,"comment_status":"closed","ping_status":"closed","template":"","meta":{"footnotes":""},"class_list":["post-5713","page","type-page","status-publish","hentry"],"yoast_head":"<!-- This site is optimized with the Yoast SEO plugin v27.4 - https:\/\/yoast.com\/product\/yoast-seo-wordpress\/ -->\n<title>Uruguay - LaMennais.org<\/title>\n<meta name=\"robots\" content=\"index, follow, max-snippet:-1, max-image-preview:large, max-video-preview:-1\" \/>\n<link rel=\"canonical\" href=\"https:\/\/www.lamennais.org\/en-el-mundo\/americas\/uruguay\/?lang=es\" \/>\n<meta property=\"og:locale\" content=\"es_ES\" \/>\n<meta property=\"og:type\" content=\"article\" \/>\n<meta property=\"og:title\" content=\"Uruguay - LaMennais.org\" \/>\n<meta property=\"og:description\" content=\"Ciuadades: Montevideo &#8211; Maldonado Nuevo MONTEVIDEO Instituto La Mennais Ingeniero J. Acquistapace 1701 11400 MONTEVIDEO C : dirgeneral@lamennais.edu.uy MALDONADO Hermanos de La Mennais Communidad \u201cDionisio Diaz\u201d c\/ Norberto Ortiz y casi Tiburcio G\u00f3mez Barrio 14 de febrero C.P. 2000 MALDONADO C : femu63@yahoo.com URUGUAY. En 1956 los Hermanos Menesianos de Argentina deciden instalarse en Montevideo. [&hellip;]\" \/>\n<meta property=\"og:url\" content=\"https:\/\/www.lamennais.org\/en-el-mundo\/americas\/uruguay\/?lang=es\" \/>\n<meta property=\"og:site_name\" content=\"LaMennais.org\" \/>\n<meta property=\"article:modified_time\" content=\"2019-01-30T15:33:53+00:00\" \/>\n<meta property=\"og:image\" content=\"http:\/\/www.lamennais.org\/wp-content\/uploads\/2016\/05\/uruguay_resize.jpg\" \/>\n<meta name=\"twitter:card\" content=\"summary_large_image\" \/>\n<meta name=\"twitter:label1\" content=\"Tiempo de lectura\" \/>\n\t<meta name=\"twitter:data1\" content=\"1 minuto\" \/>\n<script type=\"application\/ld+json\" class=\"yoast-schema-graph\">{\"@context\":\"https:\\\/\\\/schema.org\",\"@graph\":[{\"@type\":\"WebPage\",\"@id\":\"https:\\\/\\\/www.lamennais.org\\\/en-el-mundo\\\/americas\\\/uruguay\\\/?lang=es\",\"url\":\"https:\\\/\\\/www.lamennais.org\\\/en-el-mundo\\\/americas\\\/uruguay\\\/?lang=es\",\"name\":\"Uruguay - LaMennais.org\",\"isPartOf\":{\"@id\":\"https:\\\/\\\/www.lamennais.org\\\/#website\"},\"primaryImageOfPage\":{\"@id\":\"https:\\\/\\\/www.lamennais.org\\\/en-el-mundo\\\/americas\\\/uruguay\\\/?lang=es#primaryimage\"},\"image\":{\"@id\":\"https:\\\/\\\/www.lamennais.org\\\/en-el-mundo\\\/americas\\\/uruguay\\\/?lang=es#primaryimage\"},\"thumbnailUrl\":\"http:\\\/\\\/www.lamennais.org\\\/wp-content\\\/uploads\\\/2016\\\/05\\\/uruguay_resize.jpg\",\"datePublished\":\"2016-05-01T16:18:47+00:00\",\"dateModified\":\"2019-01-30T15:33:53+00:00\",\"breadcrumb\":{\"@id\":\"https:\\\/\\\/www.lamennais.org\\\/en-el-mundo\\\/americas\\\/uruguay\\\/?lang=es#breadcrumb\"},\"inLanguage\":\"es\",\"potentialAction\":[{\"@type\":\"ReadAction\",\"target\":[\"https:\\\/\\\/www.lamennais.org\\\/en-el-mundo\\\/americas\\\/uruguay\\\/?lang=es\"]}]},{\"@type\":\"ImageObject\",\"inLanguage\":\"es\",\"@id\":\"https:\\\/\\\/www.lamennais.org\\\/en-el-mundo\\\/americas\\\/uruguay\\\/?lang=es#primaryimage\",\"url\":\"http:\\\/\\\/www.lamennais.org\\\/wp-content\\\/uploads\\\/2016\\\/05\\\/uruguay_resize.jpg\",\"contentUrl\":\"http:\\\/\\\/www.lamennais.org\\\/wp-content\\\/uploads\\\/2016\\\/05\\\/uruguay_resize.jpg\"},{\"@type\":\"BreadcrumbList\",\"@id\":\"https:\\\/\\\/www.lamennais.org\\\/en-el-mundo\\\/americas\\\/uruguay\\\/?lang=es#breadcrumb\",\"itemListElement\":[{\"@type\":\"ListItem\",\"position\":1,\"name\":\"Accueil\",\"item\":\"https:\\\/\\\/www.lamennais.org\\\/\"},{\"@type\":\"ListItem\",\"position\":2,\"name\":\"&#8230;en el mundo\",\"item\":\"https:\\\/\\\/www.lamennais.org\\\/en-el-mundo\\\/?lang=es\"},{\"@type\":\"ListItem\",\"position\":3,\"name\":\"Am\u00e9ricas\",\"item\":\"https:\\\/\\\/www.lamennais.org\\\/en-el-mundo\\\/americas\\\/?lang=es\"},{\"@type\":\"ListItem\",\"position\":4,\"name\":\"Uruguay\"}]},{\"@type\":\"WebSite\",\"@id\":\"https:\\\/\\\/www.lamennais.org\\\/#website\",\"url\":\"https:\\\/\\\/www.lamennais.org\\\/\",\"name\":\"LaMennais.org\",\"description\":\"Fr\u00e8res de l&#039;Instruction Chr\u00e9tienne et Famille Mennaisienne\",\"potentialAction\":[{\"@type\":\"SearchAction\",\"target\":{\"@type\":\"EntryPoint\",\"urlTemplate\":\"https:\\\/\\\/www.lamennais.org\\\/?s={search_term_string}\"},\"query-input\":{\"@type\":\"PropertyValueSpecification\",\"valueRequired\":true,\"valueName\":\"search_term_string\"}}],\"inLanguage\":\"es\"}]}<\/script>\n<!-- \/ Yoast SEO plugin. -->","yoast_head_json":{"title":"Uruguay - LaMennais.org","robots":{"index":"index","follow":"follow","max-snippet":"max-snippet:-1","max-image-preview":"max-image-preview:large","max-video-preview":"max-video-preview:-1"},"canonical":"https:\/\/www.lamennais.org\/en-el-mundo\/americas\/uruguay\/?lang=es","og_locale":"es_ES","og_type":"article","og_title":"Uruguay - LaMennais.org","og_description":"Ciuadades: Montevideo &#8211; Maldonado Nuevo MONTEVIDEO Instituto La Mennais Ingeniero J. Acquistapace 1701 11400 MONTEVIDEO C : dirgeneral@lamennais.edu.uy MALDONADO Hermanos de La Mennais Communidad \u201cDionisio Diaz\u201d c\/ Norberto Ortiz y casi Tiburcio G\u00f3mez Barrio 14 de febrero C.P. 2000 MALDONADO C : femu63@yahoo.com URUGUAY. En 1956 los Hermanos Menesianos de Argentina deciden instalarse en Montevideo. [&hellip;]","og_url":"https:\/\/www.lamennais.org\/en-el-mundo\/americas\/uruguay\/?lang=es","og_site_name":"LaMennais.org","article_modified_time":"2019-01-30T15:33:53+00:00","og_image":[{"url":"http:\/\/www.lamennais.org\/wp-content\/uploads\/2016\/05\/uruguay_resize.jpg","type":"","width":"","height":""}],"twitter_card":"summary_large_image","twitter_misc":{"Tiempo de lectura":"1 minuto"},"schema":{"@context":"https:\/\/schema.org","@graph":[{"@type":"WebPage","@id":"https:\/\/www.lamennais.org\/en-el-mundo\/americas\/uruguay\/?lang=es","url":"https:\/\/www.lamennais.org\/en-el-mundo\/americas\/uruguay\/?lang=es","name":"Uruguay - LaMennais.org","isPartOf":{"@id":"https:\/\/www.lamennais.org\/#website"},"primaryImageOfPage":{"@id":"https:\/\/www.lamennais.org\/en-el-mundo\/americas\/uruguay\/?lang=es#primaryimage"},"image":{"@id":"https:\/\/www.lamennais.org\/en-el-mundo\/americas\/uruguay\/?lang=es#primaryimage"},"thumbnailUrl":"http:\/\/www.lamennais.org\/wp-content\/uploads\/2016\/05\/uruguay_resize.jpg","datePublished":"2016-05-01T16:18:47+00:00","dateModified":"2019-01-30T15:33:53+00:00","breadcrumb":{"@id":"https:\/\/www.lamennais.org\/en-el-mundo\/americas\/uruguay\/?lang=es#breadcrumb"},"inLanguage":"es","potentialAction":[{"@type":"ReadAction","target":["https:\/\/www.lamennais.org\/en-el-mundo\/americas\/uruguay\/?lang=es"]}]},{"@type":"ImageObject","inLanguage":"es","@id":"https:\/\/www.lamennais.org\/en-el-mundo\/americas\/uruguay\/?lang=es#primaryimage","url":"http:\/\/www.lamennais.org\/wp-content\/uploads\/2016\/05\/uruguay_resize.jpg","contentUrl":"http:\/\/www.lamennais.org\/wp-content\/uploads\/2016\/05\/uruguay_resize.jpg"},{"@type":"BreadcrumbList","@id":"https:\/\/www.lamennais.org\/en-el-mundo\/americas\/uruguay\/?lang=es#breadcrumb","itemListElement":[{"@type":"ListItem","position":1,"name":"Accueil","item":"https:\/\/www.lamennais.org\/"},{"@type":"ListItem","position":2,"name":"&#8230;en el mundo","item":"https:\/\/www.lamennais.org\/en-el-mundo\/?lang=es"},{"@type":"ListItem","position":3,"name":"Am\u00e9ricas","item":"https:\/\/www.lamennais.org\/en-el-mundo\/americas\/?lang=es"},{"@type":"ListItem","position":4,"name":"Uruguay"}]},{"@type":"WebSite","@id":"https:\/\/www.lamennais.org\/#website","url":"https:\/\/www.lamennais.org\/","name":"LaMennais.org","description":"Fr\u00e8res de l&#039;Instruction Chr\u00e9tienne et Famille Mennaisienne","potentialAction":[{"@type":"SearchAction","target":{"@type":"EntryPoint","urlTemplate":"https:\/\/www.lamennais.org\/?s={search_term_string}"},"query-input":{"@type":"PropertyValueSpecification","valueRequired":true,"valueName":"search_term_string"}}],"inLanguage":"es"}]}},"_links":{"self":[{"href":"https:\/\/www.lamennais.org\/es\/wp-json\/wp\/v2\/pages\/5713","targetHints":{"allow":["GET"]}}],"collection":[{"href":"https:\/\/www.lamennais.org\/es\/wp-json\/wp\/v2\/pages"}],"about":[{"href":"https:\/\/www.lamennais.org\/es\/wp-json\/wp\/v2\/types\/page"}],"author":[{"embeddable":true,"href":"https:\/\/www.lamennais.org\/es\/wp-json\/wp\/v2\/users\/1"}],"replies":[{"embeddable":true,"href":"https:\/\/www.lamennais.org\/es\/wp-json\/wp\/v2\/comments?post=5713"}],"version-history":[{"count":3,"href":"https:\/\/www.lamennais.org\/es\/wp-json\/wp\/v2\/pages\/5713\/revisions"}],"predecessor-version":[{"id":19350,"href":"https:\/\/www.lamennais.org\/es\/wp-json\/wp\/v2\/pages\/5713\/revisions\/19350"}],"up":[{"embeddable":true,"href":"https:\/\/www.lamennais.org\/es\/wp-json\/wp\/v2\/pages\/5715"}],"wp:attachment":[{"href":"https:\/\/www.lamennais.org\/es\/wp-json\/wp\/v2\/media?parent=5713"}],"curies":[{"name":"wp","href":"https:\/\/api.w.org\/{rel}","templated":true}]}}