{"id":5711,"date":"2016-05-01T18:26:20","date_gmt":"2016-05-01T16:26:20","guid":{"rendered":"http:\/\/www.lamennais.org\/?page_id=5711&#038;lang=es"},"modified":"2019-02-07T09:23:05","modified_gmt":"2019-02-07T08:23:05","slug":"mejico","status":"publish","type":"page","link":"https:\/\/www.lamennais.org\/es\/en-el-mundo\/americas\/mejico\/","title":{"rendered":"M\u00e9jico"},"content":{"rendered":"<p><span style=\"color: #3366ff;\"><strong>HUATUSCO<img fetchpriority=\"high\" decoding=\"async\" class=\" wp-image-19443 alignright\" src=\"http:\/\/www.lamennais.org\/wp-content\/uploads\/2019\/02\/Mexique-300x196.jpg\" alt=\"\" width=\"571\" height=\"373\" srcset=\"https:\/\/www.lamennais.org\/wp-content\/uploads\/2019\/02\/Mexique-300x196.jpg 300w, https:\/\/www.lamennais.org\/wp-content\/uploads\/2019\/02\/Mexique-768x502.jpg 768w, https:\/\/www.lamennais.org\/wp-content\/uploads\/2019\/02\/Mexique-1024x669.jpg 1024w, https:\/\/www.lamennais.org\/wp-content\/uploads\/2019\/02\/Mexique-260x170.jpg 260w, https:\/\/www.lamennais.org\/wp-content\/uploads\/2019\/02\/Mexique.jpg 1414w\" sizes=\"(max-width: 571px) 100vw, 571px\" \/><\/strong><\/span><\/p>\n<p>Hermanos menesianos<br \/>\nCalle 3, norte, N\u00b0328<br \/>\nCP 94100 HUATUSCO<br \/>\nVeracruz M\u00e9jico<br \/>\nC : <a href=\"mailto:arseneaultga@gmail.com\">arseneaultga@gmail.com<\/a><\/p>\n<p><img decoding=\"async\" class=\"alignright size-medium wp-image-1635\" src=\"http:\/\/www.lamennais.org\/wp-content\/uploads\/2016\/05\/Mexique-B-300x200.jpg\" alt=\"Mexique B\" width=\"300\" height=\"200\" srcset=\"https:\/\/www.lamennais.org\/wp-content\/uploads\/2016\/05\/Mexique-B-300x200.jpg 300w, https:\/\/www.lamennais.org\/wp-content\/uploads\/2016\/05\/Mexique-B-768x512.jpg 768w, https:\/\/www.lamennais.org\/wp-content\/uploads\/2016\/05\/Mexique-B.jpg 1024w, https:\/\/www.lamennais.org\/wp-content\/uploads\/2016\/05\/Mexique-B-260x173.jpg 260w\" sizes=\"(max-width: 300px) 100vw, 300px\" \/><\/p>\n<p>A partir de 2006, dos Hermanos canadienses se instalan con la asociaci\u00f3n AGAP\u00c8 en M\u00e9jico. Ponen en pie el Centro Juan Pablo II de Huatusco, donde aseguran con un equipo la responsabilidad de un centro educativo para ni\u00f1os, j\u00f3venes y adultos.<br \/>\nEn 2017, la Provincia Jean de la Mennais se encarga completamente de la obra, y la comunidad decide plantear sus ra\u00edces en suelo mexicano apostando por una pastoral vocacional viva y acompa\u00f1ando a j\u00f3venes adultos en su progreso personal. La familia menesiana tiene gran importancia en esta nueva presencia.<\/p>\n<p><img decoding=\"async\" class=\"aligncenter size-full wp-image-1636\" src=\"http:\/\/www.lamennais.org\/wp-content\/uploads\/2016\/05\/Mexique-A-e1462119907292.jpg\" alt=\"Mexique A\" width=\"600\" height=\"399\" \/><\/p>\n","protected":false},"excerpt":{"rendered":"<p>HUATUSCO Hermanos menesianos Calle 3, norte, N\u00b0328 CP 94100 HUATUSCO Veracruz M\u00e9jico C : arseneaultga@gmail.com A partir de 2006, dos Hermanos canadienses se instalan con la asociaci\u00f3n AGAP\u00c8 en M\u00e9jico. Ponen en pie el Centro Juan Pablo II de Huatusco, donde aseguran con un equipo la responsabilidad de un centro educativo para ni\u00f1os, j\u00f3venes y [&hellip;]<\/p>\n","protected":false},"author":1,"featured_media":0,"parent":5715,"menu_order":0,"comment_status":"closed","ping_status":"closed","template":"","meta":{"footnotes":""},"class_list":["post-5711","page","type-page","status-publish","hentry"],"yoast_head":"<!-- This site is optimized with the Yoast SEO plugin v27.4 - https:\/\/yoast.com\/product\/yoast-seo-wordpress\/ -->\n<title>M\u00e9jico - LaMennais.org<\/title>\n<meta name=\"robots\" content=\"index, follow, max-snippet:-1, max-image-preview:large, max-video-preview:-1\" \/>\n<link rel=\"canonical\" href=\"https:\/\/www.lamennais.org\/en-el-mundo\/americas\/mejico\/?lang=es\" \/>\n<meta property=\"og:locale\" content=\"es_ES\" \/>\n<meta property=\"og:type\" content=\"article\" \/>\n<meta property=\"og:title\" content=\"M\u00e9jico - LaMennais.org\" \/>\n<meta property=\"og:description\" content=\"HUATUSCO Hermanos menesianos Calle 3, norte, N\u00b0328 CP 94100 HUATUSCO Veracruz M\u00e9jico C : arseneaultga@gmail.com A partir de 2006, dos Hermanos canadienses se instalan con la asociaci\u00f3n AGAP\u00c8 en M\u00e9jico. Ponen en pie el Centro Juan Pablo II de Huatusco, donde aseguran con un equipo la responsabilidad de un centro educativo para ni\u00f1os, j\u00f3venes y [&hellip;]\" \/>\n<meta property=\"og:url\" content=\"https:\/\/www.lamennais.org\/en-el-mundo\/americas\/mejico\/?lang=es\" \/>\n<meta property=\"og:site_name\" content=\"LaMennais.org\" \/>\n<meta property=\"article:modified_time\" content=\"2019-02-07T08:23:05+00:00\" \/>\n<meta property=\"og:image\" content=\"http:\/\/www.lamennais.org\/wp-content\/uploads\/2019\/02\/Mexique-300x196.jpg\" \/>\n<meta name=\"twitter:card\" content=\"summary_large_image\" \/>\n<meta name=\"twitter:label1\" content=\"Tiempo de lectura\" \/>\n\t<meta name=\"twitter:data1\" content=\"1 minuto\" \/>\n<script type=\"application\/ld+json\" class=\"yoast-schema-graph\">{\"@context\":\"https:\\\/\\\/schema.org\",\"@graph\":[{\"@type\":\"WebPage\",\"@id\":\"https:\\\/\\\/www.lamennais.org\\\/en-el-mundo\\\/americas\\\/mejico\\\/?lang=es\",\"url\":\"https:\\\/\\\/www.lamennais.org\\\/en-el-mundo\\\/americas\\\/mejico\\\/?lang=es\",\"name\":\"M\u00e9jico - LaMennais.org\",\"isPartOf\":{\"@id\":\"https:\\\/\\\/www.lamennais.org\\\/#website\"},\"primaryImageOfPage\":{\"@id\":\"https:\\\/\\\/www.lamennais.org\\\/en-el-mundo\\\/americas\\\/mejico\\\/?lang=es#primaryimage\"},\"image\":{\"@id\":\"https:\\\/\\\/www.lamennais.org\\\/en-el-mundo\\\/americas\\\/mejico\\\/?lang=es#primaryimage\"},\"thumbnailUrl\":\"http:\\\/\\\/www.lamennais.org\\\/wp-content\\\/uploads\\\/2019\\\/02\\\/Mexique-300x196.jpg\",\"datePublished\":\"2016-05-01T16:26:20+00:00\",\"dateModified\":\"2019-02-07T08:23:05+00:00\",\"breadcrumb\":{\"@id\":\"https:\\\/\\\/www.lamennais.org\\\/en-el-mundo\\\/americas\\\/mejico\\\/?lang=es#breadcrumb\"},\"inLanguage\":\"es\",\"potentialAction\":[{\"@type\":\"ReadAction\",\"target\":[\"https:\\\/\\\/www.lamennais.org\\\/en-el-mundo\\\/americas\\\/mejico\\\/?lang=es\"]}]},{\"@type\":\"ImageObject\",\"inLanguage\":\"es\",\"@id\":\"https:\\\/\\\/www.lamennais.org\\\/en-el-mundo\\\/americas\\\/mejico\\\/?lang=es#primaryimage\",\"url\":\"http:\\\/\\\/www.lamennais.org\\\/wp-content\\\/uploads\\\/2019\\\/02\\\/Mexique-300x196.jpg\",\"contentUrl\":\"http:\\\/\\\/www.lamennais.org\\\/wp-content\\\/uploads\\\/2019\\\/02\\\/Mexique-300x196.jpg\"},{\"@type\":\"BreadcrumbList\",\"@id\":\"https:\\\/\\\/www.lamennais.org\\\/en-el-mundo\\\/americas\\\/mejico\\\/?lang=es#breadcrumb\",\"itemListElement\":[{\"@type\":\"ListItem\",\"position\":1,\"name\":\"Accueil\",\"item\":\"https:\\\/\\\/www.lamennais.org\\\/\"},{\"@type\":\"ListItem\",\"position\":2,\"name\":\"&#8230;en el mundo\",\"item\":\"https:\\\/\\\/www.lamennais.org\\\/en-el-mundo\\\/?lang=es\"},{\"@type\":\"ListItem\",\"position\":3,\"name\":\"Am\u00e9ricas\",\"item\":\"https:\\\/\\\/www.lamennais.org\\\/en-el-mundo\\\/americas\\\/?lang=es\"},{\"@type\":\"ListItem\",\"position\":4,\"name\":\"M\u00e9jico\"}]},{\"@type\":\"WebSite\",\"@id\":\"https:\\\/\\\/www.lamennais.org\\\/#website\",\"url\":\"https:\\\/\\\/www.lamennais.org\\\/\",\"name\":\"LaMennais.org\",\"description\":\"Fr\u00e8res de l&#039;Instruction Chr\u00e9tienne et Famille Mennaisienne\",\"potentialAction\":[{\"@type\":\"SearchAction\",\"target\":{\"@type\":\"EntryPoint\",\"urlTemplate\":\"https:\\\/\\\/www.lamennais.org\\\/?s={search_term_string}\"},\"query-input\":{\"@type\":\"PropertyValueSpecification\",\"valueRequired\":true,\"valueName\":\"search_term_string\"}}],\"inLanguage\":\"es\"}]}<\/script>\n<!-- \/ Yoast SEO plugin. -->","yoast_head_json":{"title":"M\u00e9jico - LaMennais.org","robots":{"index":"index","follow":"follow","max-snippet":"max-snippet:-1","max-image-preview":"max-image-preview:large","max-video-preview":"max-video-preview:-1"},"canonical":"https:\/\/www.lamennais.org\/en-el-mundo\/americas\/mejico\/?lang=es","og_locale":"es_ES","og_type":"article","og_title":"M\u00e9jico - LaMennais.org","og_description":"HUATUSCO Hermanos menesianos Calle 3, norte, N\u00b0328 CP 94100 HUATUSCO Veracruz M\u00e9jico C : arseneaultga@gmail.com A partir de 2006, dos Hermanos canadienses se instalan con la asociaci\u00f3n AGAP\u00c8 en M\u00e9jico. Ponen en pie el Centro Juan Pablo II de Huatusco, donde aseguran con un equipo la responsabilidad de un centro educativo para ni\u00f1os, j\u00f3venes y [&hellip;]","og_url":"https:\/\/www.lamennais.org\/en-el-mundo\/americas\/mejico\/?lang=es","og_site_name":"LaMennais.org","article_modified_time":"2019-02-07T08:23:05+00:00","og_image":[{"url":"http:\/\/www.lamennais.org\/wp-content\/uploads\/2019\/02\/Mexique-300x196.jpg","type":"","width":"","height":""}],"twitter_card":"summary_large_image","twitter_misc":{"Tiempo de lectura":"1 minuto"},"schema":{"@context":"https:\/\/schema.org","@graph":[{"@type":"WebPage","@id":"https:\/\/www.lamennais.org\/en-el-mundo\/americas\/mejico\/?lang=es","url":"https:\/\/www.lamennais.org\/en-el-mundo\/americas\/mejico\/?lang=es","name":"M\u00e9jico - LaMennais.org","isPartOf":{"@id":"https:\/\/www.lamennais.org\/#website"},"primaryImageOfPage":{"@id":"https:\/\/www.lamennais.org\/en-el-mundo\/americas\/mejico\/?lang=es#primaryimage"},"image":{"@id":"https:\/\/www.lamennais.org\/en-el-mundo\/americas\/mejico\/?lang=es#primaryimage"},"thumbnailUrl":"http:\/\/www.lamennais.org\/wp-content\/uploads\/2019\/02\/Mexique-300x196.jpg","datePublished":"2016-05-01T16:26:20+00:00","dateModified":"2019-02-07T08:23:05+00:00","breadcrumb":{"@id":"https:\/\/www.lamennais.org\/en-el-mundo\/americas\/mejico\/?lang=es#breadcrumb"},"inLanguage":"es","potentialAction":[{"@type":"ReadAction","target":["https:\/\/www.lamennais.org\/en-el-mundo\/americas\/mejico\/?lang=es"]}]},{"@type":"ImageObject","inLanguage":"es","@id":"https:\/\/www.lamennais.org\/en-el-mundo\/americas\/mejico\/?lang=es#primaryimage","url":"http:\/\/www.lamennais.org\/wp-content\/uploads\/2019\/02\/Mexique-300x196.jpg","contentUrl":"http:\/\/www.lamennais.org\/wp-content\/uploads\/2019\/02\/Mexique-300x196.jpg"},{"@type":"BreadcrumbList","@id":"https:\/\/www.lamennais.org\/en-el-mundo\/americas\/mejico\/?lang=es#breadcrumb","itemListElement":[{"@type":"ListItem","position":1,"name":"Accueil","item":"https:\/\/www.lamennais.org\/"},{"@type":"ListItem","position":2,"name":"&#8230;en el mundo","item":"https:\/\/www.lamennais.org\/en-el-mundo\/?lang=es"},{"@type":"ListItem","position":3,"name":"Am\u00e9ricas","item":"https:\/\/www.lamennais.org\/en-el-mundo\/americas\/?lang=es"},{"@type":"ListItem","position":4,"name":"M\u00e9jico"}]},{"@type":"WebSite","@id":"https:\/\/www.lamennais.org\/#website","url":"https:\/\/www.lamennais.org\/","name":"LaMennais.org","description":"Fr\u00e8res de l&#039;Instruction Chr\u00e9tienne et Famille Mennaisienne","potentialAction":[{"@type":"SearchAction","target":{"@type":"EntryPoint","urlTemplate":"https:\/\/www.lamennais.org\/?s={search_term_string}"},"query-input":{"@type":"PropertyValueSpecification","valueRequired":true,"valueName":"search_term_string"}}],"inLanguage":"es"}]}},"_links":{"self":[{"href":"https:\/\/www.lamennais.org\/es\/wp-json\/wp\/v2\/pages\/5711","targetHints":{"allow":["GET"]}}],"collection":[{"href":"https:\/\/www.lamennais.org\/es\/wp-json\/wp\/v2\/pages"}],"about":[{"href":"https:\/\/www.lamennais.org\/es\/wp-json\/wp\/v2\/types\/page"}],"author":[{"embeddable":true,"href":"https:\/\/www.lamennais.org\/es\/wp-json\/wp\/v2\/users\/1"}],"replies":[{"embeddable":true,"href":"https:\/\/www.lamennais.org\/es\/wp-json\/wp\/v2\/comments?post=5711"}],"version-history":[{"count":6,"href":"https:\/\/www.lamennais.org\/es\/wp-json\/wp\/v2\/pages\/5711\/revisions"}],"predecessor-version":[{"id":19488,"href":"https:\/\/www.lamennais.org\/es\/wp-json\/wp\/v2\/pages\/5711\/revisions\/19488"}],"up":[{"embeddable":true,"href":"https:\/\/www.lamennais.org\/es\/wp-json\/wp\/v2\/pages\/5715"}],"wp:attachment":[{"href":"https:\/\/www.lamennais.org\/es\/wp-json\/wp\/v2\/media?parent=5711"}],"curies":[{"name":"wp","href":"https:\/\/api.w.org\/{rel}","templated":true}]}}