{"id":5708,"date":"2016-05-01T18:11:44","date_gmt":"2016-05-01T16:11:44","guid":{"rendered":"http:\/\/www.lamennais.org\/?page_id=5708&#038;lang=es"},"modified":"2019-02-14T10:53:36","modified_gmt":"2019-02-14T09:53:36","slug":"haiti","status":"publish","type":"page","link":"https:\/\/www.lamennais.org\/es\/en-el-mundo\/americas\/haiti\/","title":{"rendered":"Hait\u00ed"},"content":{"rendered":"<p><strong><img fetchpriority=\"high\" decoding=\"async\" class=\"alignright size-full wp-image-1614\" src=\"http:\/\/www.lamennais.org\/wp-content\/uploads\/2016\/05\/haiti_resize.jpg\" alt=\"haiti_resize\" width=\"500\" height=\"500\" srcset=\"https:\/\/www.lamennais.org\/wp-content\/uploads\/2016\/05\/haiti_resize.jpg 500w, https:\/\/www.lamennais.org\/wp-content\/uploads\/2016\/05\/haiti_resize-150x150.jpg 150w, https:\/\/www.lamennais.org\/wp-content\/uploads\/2016\/05\/haiti_resize-300x300.jpg 300w, https:\/\/www.lamennais.org\/wp-content\/uploads\/2016\/05\/haiti_resize-260x260.jpg 260w\" sizes=\"(max-width: 500px) 100vw, 500px\" \/>FIC Province d&#8217;Ha\u00efti<br \/>\n<\/strong><a href=\"http:\/\/www.haitiprovincefic.com\/\">www.haitiprovincefic.com<\/a><\/p>\n<p><strong>Ciuadades<\/strong>: <a href=\"http:\/\/www.lamennais.org\/fr\/5continents\/haiti.html#PORT\">Port-au-Prince<\/a> &#8211; <a href=\"http:\/\/www.lamennais.org\/fr\/5continents\/haiti.html#CAP\">Cap-Ha\u00eftien<\/a> &#8211; <a href=\"http:\/\/www.lamennais.org\/fr\/5continents\/haiti.html#CAYES\">Cayes<\/a> &#8211; <a href=\"http:\/\/www.lamennais.org\/fr\/5continents\/haiti.html#DELMAS\">Delmas<\/a> &#8211; <a href=\"http:\/\/www.lamennais.org\/fr\/5continents\/haiti.html#JACMEL\">Jacmel<\/a> &#8211; <a href=\"http:\/\/www.lamennais.org\/fr\/5continents\/haiti.html#VALL%C3%89E\">La Vall\u00e9e<\/a> &#8211; <a href=\"http:\/\/www.lamennais.org\/fr\/5continents\/haiti.html#OUANAMINTHE\">Ouanaminthe<\/a> &#8211; <a href=\"http:\/\/www.lamennais.org\/fr\/5continents\/haiti.html#P%C3%89TIONVILLE\">P\u00e9tionville<\/a><\/p>\n<p><strong>PORT AU PRINCE<br \/>\nMaison provinciale La Mennais<\/strong><br \/>\nRue Mont Joli, n\u00b013<br \/>\nHT 6113 &#8211; Turgeau<br \/>\nPORT-AU-PRINCE<br \/>\nC : <a href=\"mailto:frerelamy@yahoo.fr\">frerelamy@yahoo.fr<\/a><\/p>\n<p><strong>CAP-HA\u00cfTIEN <\/strong><br \/>\n<strong>\u00c9cole St-Joseph <\/strong><br \/>\nRue 17-19 L<br \/>\nHT 1110 Cap Ha\u00eftien<br \/>\nC : <a href=\"mailto:ficap1877@gmail.com\">ficap1877@gmail.com<\/a><br \/>\n<strong><br \/>\nCAYES <\/strong><br \/>\n<strong>\u00c9cole Odile-Joseph <\/strong><br \/>\nRue Mgr Morice B.P. 44<br \/>\nHT 8110 Cayes<br \/>\nC : <a href=\"mailto:foj.cayes@gmail.com\">foj.cayes@gmail.com<\/a><\/p>\n<p><strong>DELMAS<br \/>\nInst. St-Louis-de-Gonzague<br \/>\n<\/strong>Delmas 31-33 B.P. 1758<br \/>\nHT 6120 &#8211; Port-au-Prince<br \/>\nC : <u><a href=\"mailto:dabomyr@yahoo.fr\">dabomyr@yahoo.fr<\/a><\/u><\/p>\n<p><strong>JACMEL<br \/>\n\u00c9cole Fr\u00e8re Cl\u00e9ment<br \/>\n<\/strong>Petite Batterie<br \/>\nHT 9110 &#8211; Jacmel<br \/>\nC : <u><a href=\"mailto:fzamedwin@gmail.com\">fzamedwin@gmail.com<\/a><\/u><br \/>\n<strong><br \/>\nLA VALL\u00c9E <\/strong><br \/>\n<strong>\u00c9cole Nat. L\u00e9once M\u00e9gie<br \/>\n<\/strong>HT 9140- La Vall\u00e9e<br \/>\nC : <u><a href=\"mailto:frenceau@yaho.fr\">frenceau@yahoo.fr<\/a><\/u><\/p>\n<p><strong>OUANAMINTHE<br \/>\n\u00c9cole St-Fran\u00e7ois-Xavier<br \/>\n<\/strong>HT 2210 &#8211; Ouanaminthe<br \/>\nC : <a href=\"mailto:fjgontrand@yahoo.fr\">fjgontrand@yahoo.fr<\/a><br \/>\n<strong><br \/>\nP\u00c9TIONVILLE<\/strong><br \/>\n<strong>Postulat &#8211; Juv\u00e9nat Notre-Dame du Perp\u00e9tuel Secours<\/strong><br \/>\n144 Rue Panam\u00e9ricaine<br \/>\nHT 6140 -P\u00e9tionville<br \/>\nT : (509) 2257 1909<br \/>\nC : <a href=\"mailto:jjrabellanger@yahoo.com\"><u>jjrabellanger@yahoo.com<\/u><\/a><\/p>\n<p><strong>Maison Gabriel Deshayes<br \/>\n<\/strong>144 Rue Panam\u00e9ricaine<br \/>\nHT 6140 -P\u00e9tionville<br \/>\nC : \u00a0<u><a href=\"mailto:carioujean@yahoo.fr\">carioujean@yahoo.fr<\/a><\/u><\/p>\n<hr \/>\n<p><strong>13 de mayo de 1864: llegada de los 4 primeros HH. Menesianos.<br \/>\n<\/strong>Inicialmente sostenida por la Provincia francesa, la misi\u00f3n se vio reforzada con HH. Menesianos de Canad\u00e1 y luego de Espa\u00f1a. M\u00e1s de 600 Menesianos han trabajado en Hait\u00ed. Hoy, la Provincia cuenta con unos 50 Hermanos, la mayor\u00eda haitianos.<\/p>\n<p><strong><img decoding=\"async\" class=\"alignright size-medium wp-image-1620\" src=\"http:\/\/www.lamennais.org\/wp-content\/uploads\/2016\/05\/Haiti-A-300x199.jpg\" alt=\"Haiti A+\" width=\"300\" height=\"199\" srcset=\"https:\/\/www.lamennais.org\/wp-content\/uploads\/2016\/05\/Haiti-A-300x199.jpg 300w, https:\/\/www.lamennais.org\/wp-content\/uploads\/2016\/05\/Haiti-A-768x510.jpg 768w, https:\/\/www.lamennais.org\/wp-content\/uploads\/2016\/05\/Haiti-A-1024x680.jpg 1024w, https:\/\/www.lamennais.org\/wp-content\/uploads\/2016\/05\/Haiti-A-260x173.jpg 260w, https:\/\/www.lamennais.org\/wp-content\/uploads\/2016\/05\/Haiti-A-1200x800.jpg 1200w\" sizes=\"(max-width: 300px) 100vw, 300px\" \/><\/strong><\/p>\n<p><strong>Escuelas en constante evoluci\u00f3n.<br \/>\n<\/strong>Treinta y cinco localidades diferentes han acogido Comunidades o Escuelas. La evoluci\u00f3n del sistema educativo ha obligado a los Menesianos a hacer alardes de creatividad: como la construcci\u00f3n de escuelas de Secundaria en Cayes, Cap Ha\u00eftien y Saint Marc para asegurar la continuidad de las escuelas de Primaria.<\/p>\n<p><strong>Pioneros.<br \/>\n<\/strong>Como otrora con la Literatura haitiana o con la Pedagog\u00eda, los HH. Menesianos se entregaron a la elaboraci\u00f3n de Libros de Texto en criollo, Manuales Escolares, etc.<\/p>\n<p><strong>Abiertos a todo.<br \/>\n<\/strong>Aunque siempre inmersos en el mundo educativo haitiano, los HH. Menesianos no se han limitado a esa labor: la animaci\u00f3n deportiva y apost\u00f3lica, la acogida de grupos, la apertura a los barrios y la alfabetizaci\u00f3n, siempre han llenado la vida de las Comunidades Menesianas.<\/p>\n<p><strong>Obras y nuevas construcciones.<\/strong><strong><br \/>\n<img decoding=\"async\" class=\"alignleft size-medium wp-image-1623\" src=\"http:\/\/www.lamennais.org\/wp-content\/uploads\/2016\/05\/Ha\u00efti-B-300x199.jpg\" alt=\"Ha\u00efti B\" width=\"300\" height=\"199\" srcset=\"https:\/\/www.lamennais.org\/wp-content\/uploads\/2016\/05\/Ha\u00efti-B-300x199.jpg 300w, https:\/\/www.lamennais.org\/wp-content\/uploads\/2016\/05\/Ha\u00efti-B-768x510.jpg 768w, https:\/\/www.lamennais.org\/wp-content\/uploads\/2016\/05\/Ha\u00efti-B-1024x680.jpg 1024w, https:\/\/www.lamennais.org\/wp-content\/uploads\/2016\/05\/Ha\u00efti-B-260x173.jpg 260w, https:\/\/www.lamennais.org\/wp-content\/uploads\/2016\/05\/Ha\u00efti-B-1200x800.jpg 1200w\" sizes=\"(max-width: 300px) 100vw, 300px\" \/><\/strong><\/p>\n<p>El terremoto del 12 de enero de 2010 caus\u00f3 300.000 muertos, dos de ellos HH. Menesianos: el H. Joseph Bergot y el H. Dominique Baron. Resultados del seismo sobre la Provincia: el colegio de St-Louis en el centro de la ciudad qued\u00f3 enteramente destruido, las escuelas de Jean-Marie Guilloux, St-Joseph de P\u00e9tionville y la de Jacmel necesitaron ser reconstruidas, la <em>Casa Provincial \u2018La Mennais\u2019<\/em> de Delmas arrasada, el Juniorado de P\u00e9tionville, la Institution St Louis de Gonzague de Delmas, la escuela de La Vall\u00e9e y la casa Gabriel Deshayes de P\u00e9tionville necesitadas de importantes reparaciones.<\/p>\n<p>Todas estas obras se han reconstruido de nuevo y adem\u00e1s se ha abierto una nueva Escuela Profesional en La Vall\u00e9e de Jacmel. Cuenta con dos ramas t\u00e9cnicas: Edificaci\u00f3n y Restauraci\u00f3n y Hosteler\u00eda. Tambi\u00e9n es noticia que se ha abierto el Centro Educativo <em>\u2018Notre Dame des Anges\u2019 <\/em>-CE<em>NA<\/em>&#8211; en la <em>Cit\u00e9 Soleil<\/em> -barrio marginal de Puerto Pr\u00edncipe- en febrero de 2016, que acoge a chicos sin escolarizar. Se trata de una obra conjunta de los Menesianos, los Sacerdotes de St-Jaques y las Hermanas de Cluny, 3 Congregaciones que llegaron al mismo tiempo a Hait\u00ed hace 150 a\u00f1os.<\/p>\n<div id=\"trpar\"><span id=\"s2_1\">En 2018, elecci\u00f3n del Hermano Herv\u00e9 ZAMOR,\u00a0 Superior general de la Congregaci\u00f3n.<\/span> <span id=\"s2_2\">Era hasta Entonces Hno Provincial en Hait\u00ed.<\/span><\/div>\n","protected":false},"excerpt":{"rendered":"<p>FIC Province d&#8217;Ha\u00efti www.haitiprovincefic.com Ciuadades: Port-au-Prince &#8211; Cap-Ha\u00eftien &#8211; Cayes &#8211; Delmas &#8211; Jacmel &#8211; La Vall\u00e9e &#8211; Ouanaminthe &#8211; P\u00e9tionville PORT AU PRINCE Maison provinciale La Mennais Rue Mont Joli, n\u00b013 HT 6113 &#8211; Turgeau PORT-AU-PRINCE C : frerelamy@yahoo.fr CAP-HA\u00cfTIEN \u00c9cole St-Joseph Rue 17-19 L HT 1110 Cap Ha\u00eftien C : ficap1877@gmail.com CAYES \u00c9cole [&hellip;]<\/p>\n","protected":false},"author":1,"featured_media":0,"parent":5715,"menu_order":0,"comment_status":"closed","ping_status":"closed","template":"","meta":{"footnotes":""},"class_list":["post-5708","page","type-page","status-publish","hentry"],"yoast_head":"<!-- This site is optimized with the Yoast SEO plugin v27.4 - https:\/\/yoast.com\/product\/yoast-seo-wordpress\/ -->\n<title>Hait\u00ed - LaMennais.org<\/title>\n<meta name=\"robots\" content=\"index, follow, max-snippet:-1, max-image-preview:large, max-video-preview:-1\" \/>\n<link rel=\"canonical\" href=\"https:\/\/www.lamennais.org\/en-el-mundo\/americas\/haiti\/?lang=es\" \/>\n<meta property=\"og:locale\" content=\"es_ES\" \/>\n<meta property=\"og:type\" content=\"article\" \/>\n<meta property=\"og:title\" content=\"Hait\u00ed - LaMennais.org\" \/>\n<meta property=\"og:description\" content=\"FIC Province d&#8217;Ha\u00efti www.haitiprovincefic.com Ciuadades: Port-au-Prince &#8211; Cap-Ha\u00eftien &#8211; Cayes &#8211; Delmas &#8211; Jacmel &#8211; La Vall\u00e9e &#8211; Ouanaminthe &#8211; P\u00e9tionville PORT AU PRINCE Maison provinciale La Mennais Rue Mont Joli, n\u00b013 HT 6113 &#8211; Turgeau PORT-AU-PRINCE C : frerelamy@yahoo.fr CAP-HA\u00cfTIEN \u00c9cole St-Joseph Rue 17-19 L HT 1110 Cap Ha\u00eftien C : ficap1877@gmail.com CAYES \u00c9cole [&hellip;]\" \/>\n<meta property=\"og:url\" content=\"https:\/\/www.lamennais.org\/en-el-mundo\/americas\/haiti\/?lang=es\" \/>\n<meta property=\"og:site_name\" content=\"LaMennais.org\" \/>\n<meta property=\"article:modified_time\" content=\"2019-02-14T09:53:36+00:00\" \/>\n<meta property=\"og:image\" content=\"http:\/\/www.lamennais.org\/wp-content\/uploads\/2016\/05\/haiti_resize.jpg\" \/>\n<meta name=\"twitter:card\" content=\"summary_large_image\" \/>\n<meta name=\"twitter:label1\" content=\"Tiempo de lectura\" \/>\n\t<meta name=\"twitter:data1\" content=\"3 minutos\" \/>\n<script type=\"application\/ld+json\" class=\"yoast-schema-graph\">{\"@context\":\"https:\\\/\\\/schema.org\",\"@graph\":[{\"@type\":\"WebPage\",\"@id\":\"https:\\\/\\\/www.lamennais.org\\\/en-el-mundo\\\/americas\\\/haiti\\\/?lang=es\",\"url\":\"https:\\\/\\\/www.lamennais.org\\\/en-el-mundo\\\/americas\\\/haiti\\\/?lang=es\",\"name\":\"Hait\u00ed - LaMennais.org\",\"isPartOf\":{\"@id\":\"https:\\\/\\\/www.lamennais.org\\\/#website\"},\"primaryImageOfPage\":{\"@id\":\"https:\\\/\\\/www.lamennais.org\\\/en-el-mundo\\\/americas\\\/haiti\\\/?lang=es#primaryimage\"},\"image\":{\"@id\":\"https:\\\/\\\/www.lamennais.org\\\/en-el-mundo\\\/americas\\\/haiti\\\/?lang=es#primaryimage\"},\"thumbnailUrl\":\"http:\\\/\\\/www.lamennais.org\\\/wp-content\\\/uploads\\\/2016\\\/05\\\/haiti_resize.jpg\",\"datePublished\":\"2016-05-01T16:11:44+00:00\",\"dateModified\":\"2019-02-14T09:53:36+00:00\",\"breadcrumb\":{\"@id\":\"https:\\\/\\\/www.lamennais.org\\\/en-el-mundo\\\/americas\\\/haiti\\\/?lang=es#breadcrumb\"},\"inLanguage\":\"es\",\"potentialAction\":[{\"@type\":\"ReadAction\",\"target\":[\"https:\\\/\\\/www.lamennais.org\\\/en-el-mundo\\\/americas\\\/haiti\\\/?lang=es\"]}]},{\"@type\":\"ImageObject\",\"inLanguage\":\"es\",\"@id\":\"https:\\\/\\\/www.lamennais.org\\\/en-el-mundo\\\/americas\\\/haiti\\\/?lang=es#primaryimage\",\"url\":\"http:\\\/\\\/www.lamennais.org\\\/wp-content\\\/uploads\\\/2016\\\/05\\\/haiti_resize.jpg\",\"contentUrl\":\"http:\\\/\\\/www.lamennais.org\\\/wp-content\\\/uploads\\\/2016\\\/05\\\/haiti_resize.jpg\"},{\"@type\":\"BreadcrumbList\",\"@id\":\"https:\\\/\\\/www.lamennais.org\\\/en-el-mundo\\\/americas\\\/haiti\\\/?lang=es#breadcrumb\",\"itemListElement\":[{\"@type\":\"ListItem\",\"position\":1,\"name\":\"Accueil\",\"item\":\"https:\\\/\\\/www.lamennais.org\\\/\"},{\"@type\":\"ListItem\",\"position\":2,\"name\":\"&#8230;en el mundo\",\"item\":\"https:\\\/\\\/www.lamennais.org\\\/en-el-mundo\\\/?lang=es\"},{\"@type\":\"ListItem\",\"position\":3,\"name\":\"Am\u00e9ricas\",\"item\":\"https:\\\/\\\/www.lamennais.org\\\/en-el-mundo\\\/americas\\\/?lang=es\"},{\"@type\":\"ListItem\",\"position\":4,\"name\":\"Hait\u00ed\"}]},{\"@type\":\"WebSite\",\"@id\":\"https:\\\/\\\/www.lamennais.org\\\/#website\",\"url\":\"https:\\\/\\\/www.lamennais.org\\\/\",\"name\":\"LaMennais.org\",\"description\":\"Fr\u00e8res de l&#039;Instruction Chr\u00e9tienne et Famille Mennaisienne\",\"potentialAction\":[{\"@type\":\"SearchAction\",\"target\":{\"@type\":\"EntryPoint\",\"urlTemplate\":\"https:\\\/\\\/www.lamennais.org\\\/?s={search_term_string}\"},\"query-input\":{\"@type\":\"PropertyValueSpecification\",\"valueRequired\":true,\"valueName\":\"search_term_string\"}}],\"inLanguage\":\"es\"}]}<\/script>\n<!-- \/ Yoast SEO plugin. -->","yoast_head_json":{"title":"Hait\u00ed - LaMennais.org","robots":{"index":"index","follow":"follow","max-snippet":"max-snippet:-1","max-image-preview":"max-image-preview:large","max-video-preview":"max-video-preview:-1"},"canonical":"https:\/\/www.lamennais.org\/en-el-mundo\/americas\/haiti\/?lang=es","og_locale":"es_ES","og_type":"article","og_title":"Hait\u00ed - LaMennais.org","og_description":"FIC Province d&#8217;Ha\u00efti www.haitiprovincefic.com Ciuadades: Port-au-Prince &#8211; Cap-Ha\u00eftien &#8211; Cayes &#8211; Delmas &#8211; Jacmel &#8211; La Vall\u00e9e &#8211; Ouanaminthe &#8211; P\u00e9tionville PORT AU PRINCE Maison provinciale La Mennais Rue Mont Joli, n\u00b013 HT 6113 &#8211; Turgeau PORT-AU-PRINCE C : frerelamy@yahoo.fr CAP-HA\u00cfTIEN \u00c9cole St-Joseph Rue 17-19 L HT 1110 Cap Ha\u00eftien C : ficap1877@gmail.com CAYES \u00c9cole [&hellip;]","og_url":"https:\/\/www.lamennais.org\/en-el-mundo\/americas\/haiti\/?lang=es","og_site_name":"LaMennais.org","article_modified_time":"2019-02-14T09:53:36+00:00","og_image":[{"url":"http:\/\/www.lamennais.org\/wp-content\/uploads\/2016\/05\/haiti_resize.jpg","type":"","width":"","height":""}],"twitter_card":"summary_large_image","twitter_misc":{"Tiempo de lectura":"3 minutos"},"schema":{"@context":"https:\/\/schema.org","@graph":[{"@type":"WebPage","@id":"https:\/\/www.lamennais.org\/en-el-mundo\/americas\/haiti\/?lang=es","url":"https:\/\/www.lamennais.org\/en-el-mundo\/americas\/haiti\/?lang=es","name":"Hait\u00ed - LaMennais.org","isPartOf":{"@id":"https:\/\/www.lamennais.org\/#website"},"primaryImageOfPage":{"@id":"https:\/\/www.lamennais.org\/en-el-mundo\/americas\/haiti\/?lang=es#primaryimage"},"image":{"@id":"https:\/\/www.lamennais.org\/en-el-mundo\/americas\/haiti\/?lang=es#primaryimage"},"thumbnailUrl":"http:\/\/www.lamennais.org\/wp-content\/uploads\/2016\/05\/haiti_resize.jpg","datePublished":"2016-05-01T16:11:44+00:00","dateModified":"2019-02-14T09:53:36+00:00","breadcrumb":{"@id":"https:\/\/www.lamennais.org\/en-el-mundo\/americas\/haiti\/?lang=es#breadcrumb"},"inLanguage":"es","potentialAction":[{"@type":"ReadAction","target":["https:\/\/www.lamennais.org\/en-el-mundo\/americas\/haiti\/?lang=es"]}]},{"@type":"ImageObject","inLanguage":"es","@id":"https:\/\/www.lamennais.org\/en-el-mundo\/americas\/haiti\/?lang=es#primaryimage","url":"http:\/\/www.lamennais.org\/wp-content\/uploads\/2016\/05\/haiti_resize.jpg","contentUrl":"http:\/\/www.lamennais.org\/wp-content\/uploads\/2016\/05\/haiti_resize.jpg"},{"@type":"BreadcrumbList","@id":"https:\/\/www.lamennais.org\/en-el-mundo\/americas\/haiti\/?lang=es#breadcrumb","itemListElement":[{"@type":"ListItem","position":1,"name":"Accueil","item":"https:\/\/www.lamennais.org\/"},{"@type":"ListItem","position":2,"name":"&#8230;en el mundo","item":"https:\/\/www.lamennais.org\/en-el-mundo\/?lang=es"},{"@type":"ListItem","position":3,"name":"Am\u00e9ricas","item":"https:\/\/www.lamennais.org\/en-el-mundo\/americas\/?lang=es"},{"@type":"ListItem","position":4,"name":"Hait\u00ed"}]},{"@type":"WebSite","@id":"https:\/\/www.lamennais.org\/#website","url":"https:\/\/www.lamennais.org\/","name":"LaMennais.org","description":"Fr\u00e8res de l&#039;Instruction Chr\u00e9tienne et Famille Mennaisienne","potentialAction":[{"@type":"SearchAction","target":{"@type":"EntryPoint","urlTemplate":"https:\/\/www.lamennais.org\/?s={search_term_string}"},"query-input":{"@type":"PropertyValueSpecification","valueRequired":true,"valueName":"search_term_string"}}],"inLanguage":"es"}]}},"_links":{"self":[{"href":"https:\/\/www.lamennais.org\/es\/wp-json\/wp\/v2\/pages\/5708","targetHints":{"allow":["GET"]}}],"collection":[{"href":"https:\/\/www.lamennais.org\/es\/wp-json\/wp\/v2\/pages"}],"about":[{"href":"https:\/\/www.lamennais.org\/es\/wp-json\/wp\/v2\/types\/page"}],"author":[{"embeddable":true,"href":"https:\/\/www.lamennais.org\/es\/wp-json\/wp\/v2\/users\/1"}],"replies":[{"embeddable":true,"href":"https:\/\/www.lamennais.org\/es\/wp-json\/wp\/v2\/comments?post=5708"}],"version-history":[{"count":5,"href":"https:\/\/www.lamennais.org\/es\/wp-json\/wp\/v2\/pages\/5708\/revisions"}],"predecessor-version":[{"id":20138,"href":"https:\/\/www.lamennais.org\/es\/wp-json\/wp\/v2\/pages\/5708\/revisions\/20138"}],"up":[{"embeddable":true,"href":"https:\/\/www.lamennais.org\/es\/wp-json\/wp\/v2\/pages\/5715"}],"wp:attachment":[{"href":"https:\/\/www.lamennais.org\/es\/wp-json\/wp\/v2\/media?parent=5708"}],"curies":[{"name":"wp","href":"https:\/\/api.w.org\/{rel}","templated":true}]}}