{"id":5705,"date":"2016-05-01T17:59:24","date_gmt":"2016-05-01T15:59:24","guid":{"rendered":"http:\/\/www.lamennais.org\/?page_id=5705&#038;lang=es"},"modified":"2019-02-06T17:19:07","modified_gmt":"2019-02-06T16:19:07","slug":"estados-unidos","status":"publish","type":"page","link":"https:\/\/www.lamennais.org\/es\/en-el-mundo\/americas\/estados-unidos\/","title":{"rendered":"Estados Unidos"},"content":{"rendered":"<p><strong><img fetchpriority=\"high\" decoding=\"async\" class=\" wp-image-19459 alignright\" src=\"http:\/\/www.lamennais.org\/wp-content\/uploads\/2019\/02\/Usa-2017-300x294.jpg\" alt=\"\" width=\"537\" height=\"526\" srcset=\"https:\/\/www.lamennais.org\/wp-content\/uploads\/2019\/02\/Usa-2017-300x294.jpg 300w, https:\/\/www.lamennais.org\/wp-content\/uploads\/2019\/02\/Usa-2017-768x754.jpg 768w, https:\/\/www.lamennais.org\/wp-content\/uploads\/2019\/02\/Usa-2017-260x255.jpg 260w, https:\/\/www.lamennais.org\/wp-content\/uploads\/2019\/02\/Usa-2017.jpg 907w\" sizes=\"(max-width: 537px) 100vw, 537px\" \/><a href=\"http:\/\/www.brothersofchristianinstruction.org\" target=\"_blank\" rel=\"noopener\">Brothers of Christian Instruction<\/a><a href=\"http:\/\/www.brothersofchristianinstruction.org\"><br \/>\n<\/a><a href=\"https:\/\/www.facebook.com\/BrothersofChristianInstruction\/\">Facebook Page <\/a><\/strong><\/p>\n<p><strong>Ciudades<\/strong>: Alfred &#8211; North Canton<\/p>\n<p><strong><span style=\"color: #3366ff;\">ALFRED, ME<\/span><br \/>\nNotre Dame Institute<br \/>\n<\/strong>132 Shaker Hill Road<br \/>\nPO Box 159<br \/>\nAlfred, ME 04002-0159<br \/>\nC : <a href=\"http:\/\/www.ficbrothers.org\/\">jlessard40@yahoo.com<\/a><\/p>\n<p><strong><span style=\"color: #3366ff;\">NORTH CANTON, OH<\/span><br \/>\n<\/strong><strong>La Mennais Hall \u2013 Walsh University<\/strong><br \/>\n2020 East Maple Street<br \/>\nNorth Canton, OH 44720-3396<br \/>\nC : <a href=\"mailto:cdesjarlais@walsh.edu\">cdesjarlais@walsh.edu<\/a><\/p>\n<p><strong>Walsh University<\/strong><u><br \/>\n<\/u><u><a href=\"http:\/\/www.walsh.edu\">www.walsh.edu<\/a><\/u><\/p>\n<hr \/>\n<div id=\"attachment_1607\" style=\"width: 310px\" class=\"wp-caption alignright\"><img decoding=\"async\" aria-describedby=\"caption-attachment-1607\" class=\"wp-image-1607 size-medium\" src=\"http:\/\/www.lamennais.org\/wp-content\/uploads\/2016\/05\/USA-A-Universit\u00e9-Walsh-300x206.jpg\" alt=\"Walsh University\" width=\"300\" height=\"206\" srcset=\"https:\/\/www.lamennais.org\/wp-content\/uploads\/2016\/05\/USA-A-Universit\u00e9-Walsh-300x206.jpg 300w, https:\/\/www.lamennais.org\/wp-content\/uploads\/2016\/05\/USA-A-Universit\u00e9-Walsh-768x527.jpg 768w, https:\/\/www.lamennais.org\/wp-content\/uploads\/2016\/05\/USA-A-Universit\u00e9-Walsh-1024x702.jpg 1024w, https:\/\/www.lamennais.org\/wp-content\/uploads\/2016\/05\/USA-A-Universit\u00e9-Walsh-260x178.jpg 260w\" sizes=\"(max-width: 300px) 100vw, 300px\" \/><p id=\"caption-attachment-1607\" class=\"wp-caption-text\">Walsh University<\/p><\/div>\n<p>La llegada de un centenar de HH. J\u00f3venes y Novicios de Francia provoca grandes dificultades de inserci\u00f3n en la joven Provincia de Quebec. Los Superiores se alegran de encontrar una casa en EEUU, en <strong>Plattsburg<\/strong>, cerca de la frontera. Una veintena de Hermanos se traslada all\u00ed y siguen cursos en la Universidad. Es el comienzo de la presencia menesiana en los EEUU.<\/p>\n<p>Las Comunidades de EEUU no constituir\u00e1n Provincia hasta 1946, fecha de la repartici\u00f3n de la regi\u00f3n canadiense en 5 Provincias independientes.<\/p>\n<p>Mientras tanto, la Provincia americana se desarrolla: <strong>Plattsburg (Nueva York):<\/strong> el <em>\u2018Mount Assumption\u2019<\/em> abre en 1903 y se fusiona con el colegio irland\u00e9s en 1987, convirti\u00e9ndose en<em> \u2018Seton Catholic High School\u2019<\/em>. <strong>Fall River (Massachutts)<\/strong> abierto en 1927, qued\u00f3 completamente destruido por un incendio en 1968. Entonces los HH. Menesianos ofrecen sus servicios al colegio vecino de los PP. Jesuitas. <strong>\u2019Waterville\u2019 (Maine)<\/strong> que se abri\u00f3 en 1928. <strong>Biddeford (Maine)<\/strong> que funcion\u00f3 desde 1929 hasta 1970.<\/p>\n<div id=\"attachment_1609\" style=\"width: 310px\" class=\"wp-caption alignleft\"><img decoding=\"async\" aria-describedby=\"caption-attachment-1609\" class=\"size-medium wp-image-1609\" src=\"http:\/\/www.lamennais.org\/wp-content\/uploads\/2016\/05\/USA-B-Alfred-300x225.jpg\" alt=\"Alfred\" width=\"300\" height=\"225\" srcset=\"https:\/\/www.lamennais.org\/wp-content\/uploads\/2016\/05\/USA-B-Alfred-300x225.jpg 300w, https:\/\/www.lamennais.org\/wp-content\/uploads\/2016\/05\/USA-B-Alfred-768x576.jpg 768w, https:\/\/www.lamennais.org\/wp-content\/uploads\/2016\/05\/USA-B-Alfred-1024x768.jpg 1024w, https:\/\/www.lamennais.org\/wp-content\/uploads\/2016\/05\/USA-B-Alfred-260x195.jpg 260w\" sizes=\"(max-width: 300px) 100vw, 300px\" \/><p id=\"caption-attachment-1609\" class=\"wp-caption-text\">Alfred<\/p><\/div>\n<p><strong>Alfred (Maine)<\/strong> adquirido en 1931 a los Shakers (cu\u00e1queros) se convierte en la Casa Central y de Formaci\u00f3n de la Provincia. <strong>Louisville (Ohio),<\/strong> abri\u00f3 en 1964 y cerr\u00f3 en 1976. <strong>Detroit<\/strong>, en la Catholic High School, abri\u00f3 en 1956 y cerr\u00f3 1970.<\/p>\n<p>Tambi\u00e9n hay que mencionar un compromiso temporal en Alaska donde dos HH. Menesianos prestaron sus servicios en una Emisora de Radio durante algunos a\u00f1os.<\/p>\n<p><strong>Canton (Ohio)<\/strong> En 1951, el Provincial funda <em>\u2018La Mennais College\u2019 <\/em>en Alfred y le trasfiere a Ohio, a Canton en 1960 bajo el auspicio del Obispo Mgr Walsh. En 1995 el <em>\u201cCollege\u201d<\/em> alcanza el rango de Universidad. La <strong>Walsh University<\/strong> es hoy una din\u00e1mica universidad privada dirigida por laicos, y la peque\u00f1a comunidad internacional de hermanos que viven sobre el campus contribuye mucho a su identidad cat\u00f3lica menesiana.<br \/>\nHoy, la mayor\u00eda de los hermanos reside en Alfred, Maine, que permanece la casa madre de los Estados Unidos y que alberga a York County Shelter, organismo de acogida y de ayuda a las personas sin domicilio y\\o a las con diferentes adicciones.<\/p>\n<p>Desde <strong>julio de 2016<\/strong>, la provincia Notre-Dame fusion\u00f3 con la Provincia Jean de la Mennais de Canad\u00e1-M\u00e9xico para formar una sola entidad de Am\u00e9rica del Norte.<\/p>\n","protected":false},"excerpt":{"rendered":"<p>Brothers of Christian Instruction Facebook Page Ciudades: Alfred &#8211; North Canton ALFRED, ME Notre Dame Institute 132 Shaker Hill Road PO Box 159 Alfred, ME 04002-0159 C : jlessard40@yahoo.com NORTH CANTON, OH La Mennais Hall \u2013 Walsh University 2020 East Maple Street North Canton, OH 44720-3396 C : cdesjarlais@walsh.edu Walsh University www.walsh.edu La llegada de [&hellip;]<\/p>\n","protected":false},"author":1,"featured_media":0,"parent":5715,"menu_order":0,"comment_status":"closed","ping_status":"closed","template":"","meta":{"footnotes":""},"class_list":["post-5705","page","type-page","status-publish","hentry"],"yoast_head":"<!-- This site is optimized with the Yoast SEO plugin v27.4 - https:\/\/yoast.com\/product\/yoast-seo-wordpress\/ -->\n<title>Estados Unidos - LaMennais.org<\/title>\n<meta name=\"robots\" content=\"index, follow, max-snippet:-1, max-image-preview:large, max-video-preview:-1\" \/>\n<link rel=\"canonical\" href=\"https:\/\/www.lamennais.org\/en-el-mundo\/americas\/estados-unidos\/?lang=es\" \/>\n<meta property=\"og:locale\" content=\"es_ES\" \/>\n<meta property=\"og:type\" content=\"article\" \/>\n<meta property=\"og:title\" content=\"Estados Unidos - LaMennais.org\" \/>\n<meta property=\"og:description\" content=\"Brothers of Christian Instruction Facebook Page Ciudades: Alfred &#8211; North Canton ALFRED, ME Notre Dame Institute 132 Shaker Hill Road PO Box 159 Alfred, ME 04002-0159 C : jlessard40@yahoo.com NORTH CANTON, OH La Mennais Hall \u2013 Walsh University 2020 East Maple Street North Canton, OH 44720-3396 C : cdesjarlais@walsh.edu Walsh University www.walsh.edu La llegada de [&hellip;]\" \/>\n<meta property=\"og:url\" content=\"https:\/\/www.lamennais.org\/en-el-mundo\/americas\/estados-unidos\/?lang=es\" \/>\n<meta property=\"og:site_name\" content=\"LaMennais.org\" \/>\n<meta property=\"article:modified_time\" content=\"2019-02-06T16:19:07+00:00\" \/>\n<meta property=\"og:image\" content=\"http:\/\/www.lamennais.org\/wp-content\/uploads\/2019\/02\/Usa-2017-300x294.jpg\" \/>\n<meta name=\"twitter:card\" content=\"summary_large_image\" \/>\n<meta name=\"twitter:label1\" content=\"Tiempo de lectura\" \/>\n\t<meta name=\"twitter:data1\" content=\"2 minutos\" \/>\n<script type=\"application\/ld+json\" class=\"yoast-schema-graph\">{\"@context\":\"https:\\\/\\\/schema.org\",\"@graph\":[{\"@type\":\"WebPage\",\"@id\":\"https:\\\/\\\/www.lamennais.org\\\/en-el-mundo\\\/americas\\\/estados-unidos\\\/?lang=es\",\"url\":\"https:\\\/\\\/www.lamennais.org\\\/en-el-mundo\\\/americas\\\/estados-unidos\\\/?lang=es\",\"name\":\"Estados Unidos - LaMennais.org\",\"isPartOf\":{\"@id\":\"https:\\\/\\\/www.lamennais.org\\\/#website\"},\"primaryImageOfPage\":{\"@id\":\"https:\\\/\\\/www.lamennais.org\\\/en-el-mundo\\\/americas\\\/estados-unidos\\\/?lang=es#primaryimage\"},\"image\":{\"@id\":\"https:\\\/\\\/www.lamennais.org\\\/en-el-mundo\\\/americas\\\/estados-unidos\\\/?lang=es#primaryimage\"},\"thumbnailUrl\":\"http:\\\/\\\/www.lamennais.org\\\/wp-content\\\/uploads\\\/2019\\\/02\\\/Usa-2017-300x294.jpg\",\"datePublished\":\"2016-05-01T15:59:24+00:00\",\"dateModified\":\"2019-02-06T16:19:07+00:00\",\"breadcrumb\":{\"@id\":\"https:\\\/\\\/www.lamennais.org\\\/en-el-mundo\\\/americas\\\/estados-unidos\\\/?lang=es#breadcrumb\"},\"inLanguage\":\"es\",\"potentialAction\":[{\"@type\":\"ReadAction\",\"target\":[\"https:\\\/\\\/www.lamennais.org\\\/en-el-mundo\\\/americas\\\/estados-unidos\\\/?lang=es\"]}]},{\"@type\":\"ImageObject\",\"inLanguage\":\"es\",\"@id\":\"https:\\\/\\\/www.lamennais.org\\\/en-el-mundo\\\/americas\\\/estados-unidos\\\/?lang=es#primaryimage\",\"url\":\"http:\\\/\\\/www.lamennais.org\\\/wp-content\\\/uploads\\\/2019\\\/02\\\/Usa-2017-300x294.jpg\",\"contentUrl\":\"http:\\\/\\\/www.lamennais.org\\\/wp-content\\\/uploads\\\/2019\\\/02\\\/Usa-2017-300x294.jpg\"},{\"@type\":\"BreadcrumbList\",\"@id\":\"https:\\\/\\\/www.lamennais.org\\\/en-el-mundo\\\/americas\\\/estados-unidos\\\/?lang=es#breadcrumb\",\"itemListElement\":[{\"@type\":\"ListItem\",\"position\":1,\"name\":\"Accueil\",\"item\":\"https:\\\/\\\/www.lamennais.org\\\/\"},{\"@type\":\"ListItem\",\"position\":2,\"name\":\"&#8230;en el mundo\",\"item\":\"https:\\\/\\\/www.lamennais.org\\\/en-el-mundo\\\/?lang=es\"},{\"@type\":\"ListItem\",\"position\":3,\"name\":\"Am\u00e9ricas\",\"item\":\"https:\\\/\\\/www.lamennais.org\\\/en-el-mundo\\\/americas\\\/?lang=es\"},{\"@type\":\"ListItem\",\"position\":4,\"name\":\"Estados Unidos\"}]},{\"@type\":\"WebSite\",\"@id\":\"https:\\\/\\\/www.lamennais.org\\\/#website\",\"url\":\"https:\\\/\\\/www.lamennais.org\\\/\",\"name\":\"LaMennais.org\",\"description\":\"Fr\u00e8res de l&#039;Instruction Chr\u00e9tienne et Famille Mennaisienne\",\"potentialAction\":[{\"@type\":\"SearchAction\",\"target\":{\"@type\":\"EntryPoint\",\"urlTemplate\":\"https:\\\/\\\/www.lamennais.org\\\/?s={search_term_string}\"},\"query-input\":{\"@type\":\"PropertyValueSpecification\",\"valueRequired\":true,\"valueName\":\"search_term_string\"}}],\"inLanguage\":\"es\"}]}<\/script>\n<!-- \/ Yoast SEO plugin. -->","yoast_head_json":{"title":"Estados Unidos - LaMennais.org","robots":{"index":"index","follow":"follow","max-snippet":"max-snippet:-1","max-image-preview":"max-image-preview:large","max-video-preview":"max-video-preview:-1"},"canonical":"https:\/\/www.lamennais.org\/en-el-mundo\/americas\/estados-unidos\/?lang=es","og_locale":"es_ES","og_type":"article","og_title":"Estados Unidos - LaMennais.org","og_description":"Brothers of Christian Instruction Facebook Page Ciudades: Alfred &#8211; North Canton ALFRED, ME Notre Dame Institute 132 Shaker Hill Road PO Box 159 Alfred, ME 04002-0159 C : jlessard40@yahoo.com NORTH CANTON, OH La Mennais Hall \u2013 Walsh University 2020 East Maple Street North Canton, OH 44720-3396 C : cdesjarlais@walsh.edu Walsh University www.walsh.edu La llegada de [&hellip;]","og_url":"https:\/\/www.lamennais.org\/en-el-mundo\/americas\/estados-unidos\/?lang=es","og_site_name":"LaMennais.org","article_modified_time":"2019-02-06T16:19:07+00:00","og_image":[{"url":"http:\/\/www.lamennais.org\/wp-content\/uploads\/2019\/02\/Usa-2017-300x294.jpg","type":"","width":"","height":""}],"twitter_card":"summary_large_image","twitter_misc":{"Tiempo de lectura":"2 minutos"},"schema":{"@context":"https:\/\/schema.org","@graph":[{"@type":"WebPage","@id":"https:\/\/www.lamennais.org\/en-el-mundo\/americas\/estados-unidos\/?lang=es","url":"https:\/\/www.lamennais.org\/en-el-mundo\/americas\/estados-unidos\/?lang=es","name":"Estados Unidos - LaMennais.org","isPartOf":{"@id":"https:\/\/www.lamennais.org\/#website"},"primaryImageOfPage":{"@id":"https:\/\/www.lamennais.org\/en-el-mundo\/americas\/estados-unidos\/?lang=es#primaryimage"},"image":{"@id":"https:\/\/www.lamennais.org\/en-el-mundo\/americas\/estados-unidos\/?lang=es#primaryimage"},"thumbnailUrl":"http:\/\/www.lamennais.org\/wp-content\/uploads\/2019\/02\/Usa-2017-300x294.jpg","datePublished":"2016-05-01T15:59:24+00:00","dateModified":"2019-02-06T16:19:07+00:00","breadcrumb":{"@id":"https:\/\/www.lamennais.org\/en-el-mundo\/americas\/estados-unidos\/?lang=es#breadcrumb"},"inLanguage":"es","potentialAction":[{"@type":"ReadAction","target":["https:\/\/www.lamennais.org\/en-el-mundo\/americas\/estados-unidos\/?lang=es"]}]},{"@type":"ImageObject","inLanguage":"es","@id":"https:\/\/www.lamennais.org\/en-el-mundo\/americas\/estados-unidos\/?lang=es#primaryimage","url":"http:\/\/www.lamennais.org\/wp-content\/uploads\/2019\/02\/Usa-2017-300x294.jpg","contentUrl":"http:\/\/www.lamennais.org\/wp-content\/uploads\/2019\/02\/Usa-2017-300x294.jpg"},{"@type":"BreadcrumbList","@id":"https:\/\/www.lamennais.org\/en-el-mundo\/americas\/estados-unidos\/?lang=es#breadcrumb","itemListElement":[{"@type":"ListItem","position":1,"name":"Accueil","item":"https:\/\/www.lamennais.org\/"},{"@type":"ListItem","position":2,"name":"&#8230;en el mundo","item":"https:\/\/www.lamennais.org\/en-el-mundo\/?lang=es"},{"@type":"ListItem","position":3,"name":"Am\u00e9ricas","item":"https:\/\/www.lamennais.org\/en-el-mundo\/americas\/?lang=es"},{"@type":"ListItem","position":4,"name":"Estados Unidos"}]},{"@type":"WebSite","@id":"https:\/\/www.lamennais.org\/#website","url":"https:\/\/www.lamennais.org\/","name":"LaMennais.org","description":"Fr\u00e8res de l&#039;Instruction Chr\u00e9tienne et Famille Mennaisienne","potentialAction":[{"@type":"SearchAction","target":{"@type":"EntryPoint","urlTemplate":"https:\/\/www.lamennais.org\/?s={search_term_string}"},"query-input":{"@type":"PropertyValueSpecification","valueRequired":true,"valueName":"search_term_string"}}],"inLanguage":"es"}]}},"_links":{"self":[{"href":"https:\/\/www.lamennais.org\/es\/wp-json\/wp\/v2\/pages\/5705","targetHints":{"allow":["GET"]}}],"collection":[{"href":"https:\/\/www.lamennais.org\/es\/wp-json\/wp\/v2\/pages"}],"about":[{"href":"https:\/\/www.lamennais.org\/es\/wp-json\/wp\/v2\/types\/page"}],"author":[{"embeddable":true,"href":"https:\/\/www.lamennais.org\/es\/wp-json\/wp\/v2\/users\/1"}],"replies":[{"embeddable":true,"href":"https:\/\/www.lamennais.org\/es\/wp-json\/wp\/v2\/comments?post=5705"}],"version-history":[{"count":4,"href":"https:\/\/www.lamennais.org\/es\/wp-json\/wp\/v2\/pages\/5705\/revisions"}],"predecessor-version":[{"id":19465,"href":"https:\/\/www.lamennais.org\/es\/wp-json\/wp\/v2\/pages\/5705\/revisions\/19465"}],"up":[{"embeddable":true,"href":"https:\/\/www.lamennais.org\/es\/wp-json\/wp\/v2\/pages\/5715"}],"wp:attachment":[{"href":"https:\/\/www.lamennais.org\/es\/wp-json\/wp\/v2\/media?parent=5705"}],"curies":[{"name":"wp","href":"https:\/\/api.w.org\/{rel}","templated":true}]}}