{"id":5701,"date":"2016-05-01T17:53:29","date_gmt":"2016-05-01T15:53:29","guid":{"rendered":"http:\/\/www.lamennais.org\/?page_id=5701&#038;lang=es"},"modified":"2019-01-30T15:53:54","modified_gmt":"2019-01-30T14:53:54","slug":"chile","status":"publish","type":"page","link":"https:\/\/www.lamennais.org\/es\/en-el-mundo\/americas\/chile\/","title":{"rendered":"Chile"},"content":{"rendered":"<p><strong><img fetchpriority=\"high\" decoding=\"async\" class=\"alignright size-full wp-image-1592\" src=\"http:\/\/www.lamennais.org\/wp-content\/uploads\/2016\/05\/chili_resize.jpg\" alt=\"chili_resize\" width=\"500\" height=\"500\" \/>Ciudades<\/strong>: Culipr\u00e1n &#8211; Llay-Llay \u2013 Quinta Normal<\/p>\n<p><strong>CULIPR\u00c1N<br \/>\nHermanos Menesianos <\/strong><br \/>\nCasilla 33<br \/>\nMELIPILLA (CULIPRAN) &#8211; CHILE<strong><br \/>\n<\/strong>Courriel : <u><a href=\"mailto:natxomorso@menesianos.org\">natxomorso@menesianos.org<\/a><\/p>\n<p><\/u><u><\/u><strong>LLAY-LLAY<br \/>\nHermanos Menesianos<br \/>\nColegio del Sagrado Coraz\u00f3n<\/strong><br \/>\nC\/Edward&#8217;s, 673<br \/>\nLLAY-LLAY (San Felipe) Chile<br \/>\nT : (56) 34 61 48 75<br \/>\nC : <a href=\"mailto:jgrijalvo@gmail.com\">jgrijalvo@gmail.com<\/a><\/p>\n<p><strong>QUINTA NORMAL<\/strong><\/p>\n<p><strong>Parroquia de San Jos\u00e9<\/strong><br \/>\nCorreo 5-Casilla 93<br \/>\nQUINTA NORMAL (Santiago) Chile<\/p>\n<hr \/>\n<p><img decoding=\"async\" class=\"alignright size-medium wp-image-1595\" src=\"http:\/\/www.lamennais.org\/wp-content\/uploads\/2016\/05\/Chili-B-195x300.jpg\" alt=\"Chili B\" width=\"195\" height=\"300\" srcset=\"https:\/\/www.lamennais.org\/wp-content\/uploads\/2016\/05\/Chili-B-195x300.jpg 195w, https:\/\/www.lamennais.org\/wp-content\/uploads\/2016\/05\/Chili-B-768x1185.jpg 768w, https:\/\/www.lamennais.org\/wp-content\/uploads\/2016\/05\/Chili-B-664x1024.jpg 664w, https:\/\/www.lamennais.org\/wp-content\/uploads\/2016\/05\/Chili-B-260x401.jpg 260w, https:\/\/www.lamennais.org\/wp-content\/uploads\/2016\/05\/Chili-B.jpg 1062w\" sizes=\"(max-width: 195px) 100vw, 195px\" \/><\/p>\n<p>Despu\u00e9s del Cap\u00edtulo General de 1982, la Provincia espa\u00f1ola decide abrir una nueva presencia menesiana en Chile.<\/p>\n<p><strong>Culipr\u00e1n<br \/>\n<\/strong>En marzo de 1984, tres HH. Menesianos se hacen cargo de una escuela rural dirigida hasta entonces por el Estado. Un terremoto la destruy\u00f3 totalmente en 1985.<\/p>\n<p>Hoy, acoge en un edificio reci\u00e9n construido, a chicos del campo de los alrededores ofreci\u00e9ndoles una ense\u00f1anza adaptada al medio, con especialidad t\u00e9cnico agr\u00edcola.<\/p>\n<p><strong>Llay-Llay<br \/>\n<\/strong>En febrero de 1987, en Llay-Llay se conf\u00eda a los HH. Menesianos una escuela parroquial centenaria -que m\u00e1s tarde pasar\u00e1 a manos de los laicos-. Los Menesianos la transforman en un Liceo Profesional mixto, que acoge hoy d\u00eda a m\u00e1s de 850 alumnos.<\/p>\n<p><strong>Quinta Normal<\/strong> de Santiago de Chile.<br \/>\nEl objetivo primordial de este establecimiento es acoger a j\u00f3venes y Hermanos en formaci\u00f3n, y servir de lugar de coordinaci\u00f3n de los otros dos centros de Culipr\u00e1n y Llay Llay.<\/p>\n<p><img decoding=\"async\" class=\"aligncenter size-full wp-image-1597\" src=\"http:\/\/www.lamennais.org\/wp-content\/uploads\/2016\/05\/Chili-A-e1462118210118.jpg\" alt=\"Chili A\" width=\"600\" height=\"450\" \/><\/p>\n","protected":false},"excerpt":{"rendered":"<p>Ciudades: Culipr\u00e1n &#8211; Llay-Llay \u2013 Quinta Normal CULIPR\u00c1N Hermanos Menesianos Casilla 33 MELIPILLA (CULIPRAN) &#8211; CHILE Courriel : natxomorso@menesianos.org LLAY-LLAY Hermanos Menesianos Colegio del Sagrado Coraz\u00f3n C\/Edward&#8217;s, 673 LLAY-LLAY (San Felipe) Chile T : (56) 34 61 48 75 C : jgrijalvo@gmail.com QUINTA NORMAL Parroquia de San Jos\u00e9 Correo 5-Casilla 93 QUINTA NORMAL (Santiago) Chile [&hellip;]<\/p>\n","protected":false},"author":1,"featured_media":0,"parent":5715,"menu_order":0,"comment_status":"closed","ping_status":"closed","template":"","meta":{"footnotes":""},"class_list":["post-5701","page","type-page","status-publish","hentry"],"yoast_head":"<!-- This site is optimized with the Yoast SEO plugin v27.4 - https:\/\/yoast.com\/product\/yoast-seo-wordpress\/ -->\n<title>Chile - LaMennais.org<\/title>\n<meta name=\"robots\" content=\"index, follow, max-snippet:-1, max-image-preview:large, max-video-preview:-1\" \/>\n<link rel=\"canonical\" href=\"https:\/\/www.lamennais.org\/en-el-mundo\/americas\/chile\/?lang=es\" \/>\n<meta property=\"og:locale\" content=\"es_ES\" \/>\n<meta property=\"og:type\" content=\"article\" \/>\n<meta property=\"og:title\" content=\"Chile - LaMennais.org\" \/>\n<meta property=\"og:description\" content=\"Ciudades: Culipr\u00e1n &#8211; Llay-Llay \u2013 Quinta Normal CULIPR\u00c1N Hermanos Menesianos Casilla 33 MELIPILLA (CULIPRAN) &#8211; CHILE Courriel : natxomorso@menesianos.org LLAY-LLAY Hermanos Menesianos Colegio del Sagrado Coraz\u00f3n C\/Edward&#8217;s, 673 LLAY-LLAY (San Felipe) Chile T : (56) 34 61 48 75 C : jgrijalvo@gmail.com QUINTA NORMAL Parroquia de San Jos\u00e9 Correo 5-Casilla 93 QUINTA NORMAL (Santiago) Chile [&hellip;]\" \/>\n<meta property=\"og:url\" content=\"https:\/\/www.lamennais.org\/en-el-mundo\/americas\/chile\/?lang=es\" \/>\n<meta property=\"og:site_name\" content=\"LaMennais.org\" \/>\n<meta property=\"article:modified_time\" content=\"2019-01-30T14:53:54+00:00\" \/>\n<meta property=\"og:image\" content=\"http:\/\/www.lamennais.org\/wp-content\/uploads\/2016\/05\/chili_resize.jpg\" \/>\n<meta name=\"twitter:card\" content=\"summary_large_image\" \/>\n<meta name=\"twitter:label1\" content=\"Tiempo de lectura\" \/>\n\t<meta name=\"twitter:data1\" content=\"1 minuto\" \/>\n<script type=\"application\/ld+json\" class=\"yoast-schema-graph\">{\"@context\":\"https:\\\/\\\/schema.org\",\"@graph\":[{\"@type\":\"WebPage\",\"@id\":\"https:\\\/\\\/www.lamennais.org\\\/en-el-mundo\\\/americas\\\/chile\\\/?lang=es\",\"url\":\"https:\\\/\\\/www.lamennais.org\\\/en-el-mundo\\\/americas\\\/chile\\\/?lang=es\",\"name\":\"Chile - LaMennais.org\",\"isPartOf\":{\"@id\":\"https:\\\/\\\/www.lamennais.org\\\/#website\"},\"primaryImageOfPage\":{\"@id\":\"https:\\\/\\\/www.lamennais.org\\\/en-el-mundo\\\/americas\\\/chile\\\/?lang=es#primaryimage\"},\"image\":{\"@id\":\"https:\\\/\\\/www.lamennais.org\\\/en-el-mundo\\\/americas\\\/chile\\\/?lang=es#primaryimage\"},\"thumbnailUrl\":\"http:\\\/\\\/www.lamennais.org\\\/wp-content\\\/uploads\\\/2016\\\/05\\\/chili_resize.jpg\",\"datePublished\":\"2016-05-01T15:53:29+00:00\",\"dateModified\":\"2019-01-30T14:53:54+00:00\",\"breadcrumb\":{\"@id\":\"https:\\\/\\\/www.lamennais.org\\\/en-el-mundo\\\/americas\\\/chile\\\/?lang=es#breadcrumb\"},\"inLanguage\":\"es\",\"potentialAction\":[{\"@type\":\"ReadAction\",\"target\":[\"https:\\\/\\\/www.lamennais.org\\\/en-el-mundo\\\/americas\\\/chile\\\/?lang=es\"]}]},{\"@type\":\"ImageObject\",\"inLanguage\":\"es\",\"@id\":\"https:\\\/\\\/www.lamennais.org\\\/en-el-mundo\\\/americas\\\/chile\\\/?lang=es#primaryimage\",\"url\":\"http:\\\/\\\/www.lamennais.org\\\/wp-content\\\/uploads\\\/2016\\\/05\\\/chili_resize.jpg\",\"contentUrl\":\"http:\\\/\\\/www.lamennais.org\\\/wp-content\\\/uploads\\\/2016\\\/05\\\/chili_resize.jpg\"},{\"@type\":\"BreadcrumbList\",\"@id\":\"https:\\\/\\\/www.lamennais.org\\\/en-el-mundo\\\/americas\\\/chile\\\/?lang=es#breadcrumb\",\"itemListElement\":[{\"@type\":\"ListItem\",\"position\":1,\"name\":\"Accueil\",\"item\":\"https:\\\/\\\/www.lamennais.org\\\/\"},{\"@type\":\"ListItem\",\"position\":2,\"name\":\"&#8230;en el mundo\",\"item\":\"https:\\\/\\\/www.lamennais.org\\\/en-el-mundo\\\/?lang=es\"},{\"@type\":\"ListItem\",\"position\":3,\"name\":\"Am\u00e9ricas\",\"item\":\"https:\\\/\\\/www.lamennais.org\\\/en-el-mundo\\\/americas\\\/?lang=es\"},{\"@type\":\"ListItem\",\"position\":4,\"name\":\"Chile\"}]},{\"@type\":\"WebSite\",\"@id\":\"https:\\\/\\\/www.lamennais.org\\\/#website\",\"url\":\"https:\\\/\\\/www.lamennais.org\\\/\",\"name\":\"LaMennais.org\",\"description\":\"Fr\u00e8res de l&#039;Instruction Chr\u00e9tienne et Famille Mennaisienne\",\"potentialAction\":[{\"@type\":\"SearchAction\",\"target\":{\"@type\":\"EntryPoint\",\"urlTemplate\":\"https:\\\/\\\/www.lamennais.org\\\/?s={search_term_string}\"},\"query-input\":{\"@type\":\"PropertyValueSpecification\",\"valueRequired\":true,\"valueName\":\"search_term_string\"}}],\"inLanguage\":\"es\"}]}<\/script>\n<!-- \/ Yoast SEO plugin. -->","yoast_head_json":{"title":"Chile - LaMennais.org","robots":{"index":"index","follow":"follow","max-snippet":"max-snippet:-1","max-image-preview":"max-image-preview:large","max-video-preview":"max-video-preview:-1"},"canonical":"https:\/\/www.lamennais.org\/en-el-mundo\/americas\/chile\/?lang=es","og_locale":"es_ES","og_type":"article","og_title":"Chile - LaMennais.org","og_description":"Ciudades: Culipr\u00e1n &#8211; Llay-Llay \u2013 Quinta Normal CULIPR\u00c1N Hermanos Menesianos Casilla 33 MELIPILLA (CULIPRAN) &#8211; CHILE Courriel : natxomorso@menesianos.org LLAY-LLAY Hermanos Menesianos Colegio del Sagrado Coraz\u00f3n C\/Edward&#8217;s, 673 LLAY-LLAY (San Felipe) Chile T : (56) 34 61 48 75 C : jgrijalvo@gmail.com QUINTA NORMAL Parroquia de San Jos\u00e9 Correo 5-Casilla 93 QUINTA NORMAL (Santiago) Chile [&hellip;]","og_url":"https:\/\/www.lamennais.org\/en-el-mundo\/americas\/chile\/?lang=es","og_site_name":"LaMennais.org","article_modified_time":"2019-01-30T14:53:54+00:00","og_image":[{"url":"http:\/\/www.lamennais.org\/wp-content\/uploads\/2016\/05\/chili_resize.jpg","type":"","width":"","height":""}],"twitter_card":"summary_large_image","twitter_misc":{"Tiempo de lectura":"1 minuto"},"schema":{"@context":"https:\/\/schema.org","@graph":[{"@type":"WebPage","@id":"https:\/\/www.lamennais.org\/en-el-mundo\/americas\/chile\/?lang=es","url":"https:\/\/www.lamennais.org\/en-el-mundo\/americas\/chile\/?lang=es","name":"Chile - LaMennais.org","isPartOf":{"@id":"https:\/\/www.lamennais.org\/#website"},"primaryImageOfPage":{"@id":"https:\/\/www.lamennais.org\/en-el-mundo\/americas\/chile\/?lang=es#primaryimage"},"image":{"@id":"https:\/\/www.lamennais.org\/en-el-mundo\/americas\/chile\/?lang=es#primaryimage"},"thumbnailUrl":"http:\/\/www.lamennais.org\/wp-content\/uploads\/2016\/05\/chili_resize.jpg","datePublished":"2016-05-01T15:53:29+00:00","dateModified":"2019-01-30T14:53:54+00:00","breadcrumb":{"@id":"https:\/\/www.lamennais.org\/en-el-mundo\/americas\/chile\/?lang=es#breadcrumb"},"inLanguage":"es","potentialAction":[{"@type":"ReadAction","target":["https:\/\/www.lamennais.org\/en-el-mundo\/americas\/chile\/?lang=es"]}]},{"@type":"ImageObject","inLanguage":"es","@id":"https:\/\/www.lamennais.org\/en-el-mundo\/americas\/chile\/?lang=es#primaryimage","url":"http:\/\/www.lamennais.org\/wp-content\/uploads\/2016\/05\/chili_resize.jpg","contentUrl":"http:\/\/www.lamennais.org\/wp-content\/uploads\/2016\/05\/chili_resize.jpg"},{"@type":"BreadcrumbList","@id":"https:\/\/www.lamennais.org\/en-el-mundo\/americas\/chile\/?lang=es#breadcrumb","itemListElement":[{"@type":"ListItem","position":1,"name":"Accueil","item":"https:\/\/www.lamennais.org\/"},{"@type":"ListItem","position":2,"name":"&#8230;en el mundo","item":"https:\/\/www.lamennais.org\/en-el-mundo\/?lang=es"},{"@type":"ListItem","position":3,"name":"Am\u00e9ricas","item":"https:\/\/www.lamennais.org\/en-el-mundo\/americas\/?lang=es"},{"@type":"ListItem","position":4,"name":"Chile"}]},{"@type":"WebSite","@id":"https:\/\/www.lamennais.org\/#website","url":"https:\/\/www.lamennais.org\/","name":"LaMennais.org","description":"Fr\u00e8res de l&#039;Instruction Chr\u00e9tienne et Famille Mennaisienne","potentialAction":[{"@type":"SearchAction","target":{"@type":"EntryPoint","urlTemplate":"https:\/\/www.lamennais.org\/?s={search_term_string}"},"query-input":{"@type":"PropertyValueSpecification","valueRequired":true,"valueName":"search_term_string"}}],"inLanguage":"es"}]}},"_links":{"self":[{"href":"https:\/\/www.lamennais.org\/es\/wp-json\/wp\/v2\/pages\/5701","targetHints":{"allow":["GET"]}}],"collection":[{"href":"https:\/\/www.lamennais.org\/es\/wp-json\/wp\/v2\/pages"}],"about":[{"href":"https:\/\/www.lamennais.org\/es\/wp-json\/wp\/v2\/types\/page"}],"author":[{"embeddable":true,"href":"https:\/\/www.lamennais.org\/es\/wp-json\/wp\/v2\/users\/1"}],"replies":[{"embeddable":true,"href":"https:\/\/www.lamennais.org\/es\/wp-json\/wp\/v2\/comments?post=5701"}],"version-history":[{"count":3,"href":"https:\/\/www.lamennais.org\/es\/wp-json\/wp\/v2\/pages\/5701\/revisions"}],"predecessor-version":[{"id":19334,"href":"https:\/\/www.lamennais.org\/es\/wp-json\/wp\/v2\/pages\/5701\/revisions\/19334"}],"up":[{"embeddable":true,"href":"https:\/\/www.lamennais.org\/es\/wp-json\/wp\/v2\/pages\/5715"}],"wp:attachment":[{"href":"https:\/\/www.lamennais.org\/es\/wp-json\/wp\/v2\/media?parent=5701"}],"curies":[{"name":"wp","href":"https:\/\/api.w.org\/{rel}","templated":true}]}}