{"id":5698,"date":"2016-05-01T17:51:34","date_gmt":"2016-05-01T15:51:34","guid":{"rendered":"http:\/\/www.lamennais.org\/?page_id=5698&#038;lang=es"},"modified":"2024-12-24T12:01:12","modified_gmt":"2024-12-24T11:01:12","slug":"canada","status":"publish","type":"page","link":"https:\/\/www.lamennais.org\/es\/en-el-mundo\/americas\/canada\/","title":{"rendered":"Canad\u00e1"},"content":{"rendered":"<p><strong><img fetchpriority=\"high\" decoding=\"async\" class=\"size-full wp-image-44056 alignright\" src=\"https:\/\/www.lamennais.org\/wp-content\/uploads\/2024\/12\/Canada2022.jpg\" alt=\"\" width=\"858\" height=\"852\" srcset=\"https:\/\/www.lamennais.org\/wp-content\/uploads\/2024\/12\/Canada2022.jpg 858w, https:\/\/www.lamennais.org\/wp-content\/uploads\/2024\/12\/Canada2022-300x298.jpg 300w, https:\/\/www.lamennais.org\/wp-content\/uploads\/2024\/12\/Canada2022-150x150.jpg 150w, https:\/\/www.lamennais.org\/wp-content\/uploads\/2024\/12\/Canada2022-768x763.jpg 768w, https:\/\/www.lamennais.org\/wp-content\/uploads\/2024\/12\/Canada2022-260x258.jpg 260w\" sizes=\"(max-width: 858px) 100vw, 858px\" \/>\u00a0<\/strong><\/p>\n<p align=\"right\"><strong>Provincia Jean de la Mennais<br \/>\n<\/strong><br \/>\n<strong>Ciudades <\/strong>: La Prairie &#8211; LAval &#8211;\u00a0 Montr\u00e9al &#8211; Pointe-du-Lac (Trois-Rivi\u00e8res) &#8211; Saint-Romuald (L\u00e9vis) &#8211; Shediac Cape.<\/p>\n<p><strong>LA PRAIRIE<br \/>\n<\/strong><strong> Administration Provinciale<\/strong><br \/>\n850 Chemin de Sault St Louis<br \/>\nLA PRAIRIE &#8211; QUEBEC J5R 1E1 &#8211; CANADA<br \/>\nCourriel : <a href=\"mailto:mariocourrier@hotmail.com\">mariocourrier@hotmail.com<br \/>\n<\/a><br \/>\n<strong>Maison m\u00e8re<\/strong><br \/>\n870, Chemin de Saint-Jean<br \/>\nLa Prairie QC J5R 2L5<br \/>\nC : <a href=\"mailto:lacroixh@jdlm.qc.ca\">lacroixh@jdlm.qc.ca<\/a><\/p>\n<p><strong>Coll\u00e8ge Jean de la Mennais<\/strong><br \/>\n870, chemin de Saint-Jean<br \/>\nLa Prairie (Qc) J5R 2L5<br \/>\nC : <a href=\"mailto:administration@jeandelamennais.qc.ca\">administration@jeandelamennais.qc.ca<br \/>\n<\/a><br \/>\n<strong>Terre Sans Fronti\u00e8res<\/strong><br \/>\nW: <a href=\"http:\/\/www.terresansfrontieres.ca\/\">www.terresansfrontieres.ca<\/a><\/p>\n<p><strong>MONTR\u00c9AL<br \/>\nAppartements du Square Angus<\/strong><br \/>\n3200, rue Omer &#8211; Lavall\u00e9e<br \/>\nMONTR\u00c9AL Qu\u00e9bec H1Y 3P5<br \/>\nC : <a href=\"mailto:michelgraveldga@hotmail.com\">michelgraveldga@hotmail.com<\/a><\/p>\n<p><strong>POINTE-DU-LAC (Trois-Rivi\u00e8res)<br \/>\n<\/strong><strong>Maison Saint-Joseph<br \/>\n<\/strong>501, rue des Fr\u00e8res enseignants<br \/>\nTROIS-RIVI\u00c8RES Qu\u00e9bec G9B 6J1<br \/>\nC : <a href=\"mailto:marcellinper@hotmail.ca\">marcellinper@hotmail.ca<\/a><\/p>\n<p><strong>SAINT-ROMUALD (L\u00e9vis)<br \/>\nMaison Atkinson<\/strong><br \/>\n20, rue du Juv\u00e9nat<br \/>\nLEVIS Qu\u00e9bec G6W 7X2<br \/>\nC : <a href=\"mailto:fortin.lucien1942@gmail.com\">fortin.lucien1942@gmail.com<\/a><\/p>\n<p><strong>Juv\u00e9nat Notre Dame du Saint-Laurent<\/strong><br \/>\n30, rue du Juv\u00e9nat<br \/>\nLEVIS Qu\u00e9bec G6W 7X2<br \/>\nC: <a href=\"mailto:juvenat@jnd.qc.ca\">juvenat@jnd.qc.ca<\/a><\/p>\n<p><strong>SHEDIAC CAPE<br \/>\nLe Village des Sources<\/strong><br \/>\nC.P. 5061 &#8211; 3466, route 134<br \/>\nSh\u00e9diac N.-B. E4P 8T8<br \/>\nC : <a href=\"mailto:leviboudreau@mail.com\">leviboudreau@mail.com<\/a><\/p>\n<hr \/>\n<p>Desde 1886, fecha en la que los HH. Menesianos franceses, preocupados por las orientaciones pol\u00edticas y escolares de Jules Ferry, buscan un pa\u00eds de acogida y optan por Canad\u00e1. La Provincia canadiense HIC (<em>Hermanos de la Instrucci\u00f3n Cristiana \/ Menesianos<\/em>) ha escrito hermosas p\u00e1ginas a lo largo de su historia.<\/p>\n<p><strong><img decoding=\"async\" class=\"alignright size-medium wp-image-1586\" src=\"https:\/\/www.lamennais.org\/wp-content\/uploads\/2016\/05\/Canada-A-300x199.jpg\" alt=\"Canada A\" width=\"300\" height=\"199\" srcset=\"https:\/\/www.lamennais.org\/wp-content\/uploads\/2016\/05\/Canada-A-300x199.jpg 300w, https:\/\/www.lamennais.org\/wp-content\/uploads\/2016\/05\/Canada-A-768x509.jpg 768w, https:\/\/www.lamennais.org\/wp-content\/uploads\/2016\/05\/Canada-A-1024x679.jpg 1024w, https:\/\/www.lamennais.org\/wp-content\/uploads\/2016\/05\/Canada-A-260x172.jpg 260w, https:\/\/www.lamennais.org\/wp-content\/uploads\/2016\/05\/Canada-A-1200x800.jpg 1200w\" sizes=\"(max-width: 300px) 100vw, 300px\" \/><\/strong><\/p>\n<p><strong>Desarrollo y compromiso misionero.<\/strong><\/p>\n<p>En 1904, los HH. Menesianos canadienses eran ya medio centenar. Recibieron un nuevo refuerzo de Francia (m\u00e1s de 100 Hermanos y Novicios) . El reclutamiento local era floreciente. Los p\u00e1rrocos reclamaban Hermanos para sus parroquias: la Provincia se cubr\u00eda de Colegios Cat\u00f3licos.<\/p>\n<p>Igual que sus cohermanos franceses, los HH. Menesianos canadienses se convierten tambi\u00e9n en misioneros. Fundan nuevas Comunidades en EEUU, refuerzan los efectivos de Hait\u00ed y Egipto y sobre todo, a partir de 1926, van a Uganda, luego a Kenia (1931), a Tanzania (1948) y finalmente, a Jap\u00f3n (1951). Los efectivos de las Provincias canadienses sobrepasan, en 1954, los 1.000 HH. Menesianos y cuentan con 100 Novicios.<\/p>\n<p><strong>\u00a0<\/strong><\/p>\n<p><strong>A pesar de la crisis, un nuevo impulso misionero.<\/strong><\/p>\n<p>Los a\u00f1os 60 y despu\u00e9s del Concilio Vaticano II, desencadenan la <em>\u201crevoluci\u00f3n pac\u00edfica\u201d<\/em>. Una crisis profunda sacude a la sociedad, el sistema escolar de Qu\u00e9bec sufre una reestructuraci\u00f3n total. Los HH. Menesianos se ven obligados a abandonar sus Centros para inscribirse en las nuevas escuela<em> \u201cpolivalentes\u201d<\/em> p\u00fablicas. Un gran n\u00famero de ellos abandona la Congregaci\u00f3n, pero la Provincia contin\u00faa con su compromiso misionero: 1968, Ruanda y Burundi; se encarga de la misi\u00f3n de las Islas Seychelles ; 1969, Congo y Zaire; 1987, Filipinas.<\/p>\n<p>En 1980, los Menesianos canadienses son 436 y en 1996, menos de 300.<\/p>\n<p><strong><img decoding=\"async\" class=\"alignleft size-medium wp-image-1589\" src=\"https:\/\/www.lamennais.org\/wp-content\/uploads\/2016\/05\/Canada-B-300x225.jpg\" alt=\" \" width=\"300\" height=\"225\" srcset=\"https:\/\/www.lamennais.org\/wp-content\/uploads\/2016\/05\/Canada-B-300x225.jpg 300w, https:\/\/www.lamennais.org\/wp-content\/uploads\/2016\/05\/Canada-B-768x576.jpg 768w, https:\/\/www.lamennais.org\/wp-content\/uploads\/2016\/05\/Canada-B-1024x768.jpg 1024w, https:\/\/www.lamennais.org\/wp-content\/uploads\/2016\/05\/Canada-B-260x195.jpg 260w\" sizes=\"(max-width: 300px) 100vw, 300px\" \/><\/strong><\/p>\n<p><strong>Hoy.<\/strong><\/p>\n<p>En Quebec, actualmente, dos escuelas todav\u00eda viven del esp\u00edritu menesiano, mientras que se efect\u00fae all\u00ed un relevo institucional din\u00e1mico: el Colegio Jean de la Mennais del Prado (La Prairie), y el Juniorado Notre-Dame de Saint-Romuald (L\u00e9vis). Los Laicos asumen ya plenamente la direcci\u00f3n y la administraci\u00f3n, y se har\u00e1n propietarios de los lugares en 2026.<\/p>\n<p>Varios Hermanos contin\u00faan comprometidos en labores educativos, al servicio de los j\u00f3venes con dificultades escolares o en la pastoral diocesana y parroquial. Sostienen financieramente el Distrito S. Juan Pablo II de RDC Congo-Ruanda.<\/p>\n<p><strong><em>\u201cTerre Sans Fronti\u00e8res \/ Tierra Sin fronteras\u201d<\/em><\/strong> una ONG fundada por los HH. Menesianos (HIC) goza de una gran vitalidad y sostiene las obras africanas de los Menesianos y otros proyectos dentro del campo de la educaci\u00f3n y del desarrollo. Otra obra llevada por los Hermanos, \u00abSecours-Missions\u00bb, sostiene los microproyectos para las escuelas y la formaci\u00f3n<\/p>\n<p>Como otras Congregaciones presentes en la educaci\u00f3n, los HIC (<em>Hermanos de la Instrucci\u00f3n Cristiana \/ Menesianos<\/em>) se interrogan hoy sobre su futuro en Qu\u00e9bec y en New Brunswick, pero tienen que estar contentos de los compromisos y los frutos de sus Fundaciones Misioneras en \u00c1frica y en Asia. Actualmente la Provincia todav\u00eda cuenta con una centena de HH. Menesianos, pero de una media de edad m\u00e1s que respetable.<\/p>\n<p>Desde 2023, la enfermer\u00eda de La Prairie se ha trasladado a Laval en una estructura intercongregacional, administrada por los Hermanos de las Escuelas Cristianas.<\/p>\n","protected":false},"excerpt":{"rendered":"<p>\u00a0 Provincia Jean de la Mennais Ciudades : La Prairie &#8211; LAval &#8211;\u00a0 Montr\u00e9al &#8211; Pointe-du-Lac (Trois-Rivi\u00e8res) &#8211; Saint-Romuald (L\u00e9vis) &#8211; Shediac Cape. LA PRAIRIE Administration Provinciale 850 Chemin de Sault St Louis LA PRAIRIE &#8211; QUEBEC J5R 1E1 &#8211; CANADA Courriel : mariocourrier@hotmail.com Maison m\u00e8re 870, Chemin de Saint-Jean La Prairie QC J5R 2L5 [&hellip;]<\/p>\n","protected":false},"author":1,"featured_media":0,"parent":5715,"menu_order":0,"comment_status":"closed","ping_status":"closed","template":"","meta":{"footnotes":""},"class_list":["post-5698","page","type-page","status-publish","hentry"],"yoast_head":"<!-- This site is optimized with the Yoast SEO plugin v27.4 - https:\/\/yoast.com\/product\/yoast-seo-wordpress\/ -->\n<title>Canad\u00e1 - LaMennais.org<\/title>\n<meta name=\"robots\" content=\"index, follow, max-snippet:-1, max-image-preview:large, max-video-preview:-1\" \/>\n<link rel=\"canonical\" href=\"https:\/\/www.lamennais.org\/es\/en-el-mundo\/americas\/canada\/\" \/>\n<meta property=\"og:locale\" content=\"es_ES\" \/>\n<meta property=\"og:type\" content=\"article\" \/>\n<meta property=\"og:title\" content=\"Canad\u00e1 - LaMennais.org\" \/>\n<meta property=\"og:description\" content=\"\u00a0 Provincia Jean de la Mennais Ciudades : La Prairie &#8211; LAval &#8211;\u00a0 Montr\u00e9al &#8211; Pointe-du-Lac (Trois-Rivi\u00e8res) &#8211; Saint-Romuald (L\u00e9vis) &#8211; Shediac Cape. LA PRAIRIE Administration Provinciale 850 Chemin de Sault St Louis LA PRAIRIE &#8211; QUEBEC J5R 1E1 &#8211; CANADA Courriel : mariocourrier@hotmail.com Maison m\u00e8re 870, Chemin de Saint-Jean La Prairie QC J5R 2L5 [&hellip;]\" \/>\n<meta property=\"og:url\" content=\"https:\/\/www.lamennais.org\/es\/en-el-mundo\/americas\/canada\/\" \/>\n<meta property=\"og:site_name\" content=\"LaMennais.org\" \/>\n<meta property=\"article:modified_time\" content=\"2024-12-24T11:01:12+00:00\" \/>\n<meta property=\"og:image\" content=\"https:\/\/www.lamennais.org\/wp-content\/uploads\/2024\/12\/Canada2022.jpg\" \/>\n\t<meta property=\"og:image:width\" content=\"858\" \/>\n\t<meta property=\"og:image:height\" content=\"852\" \/>\n\t<meta property=\"og:image:type\" content=\"image\/jpeg\" \/>\n<meta name=\"twitter:card\" content=\"summary_large_image\" \/>\n<meta name=\"twitter:label1\" content=\"Tiempo de lectura\" \/>\n\t<meta name=\"twitter:data1\" content=\"4 minutos\" \/>\n<script type=\"application\/ld+json\" class=\"yoast-schema-graph\">{\"@context\":\"https:\\\/\\\/schema.org\",\"@graph\":[{\"@type\":\"WebPage\",\"@id\":\"https:\\\/\\\/www.lamennais.org\\\/es\\\/en-el-mundo\\\/americas\\\/canada\\\/\",\"url\":\"https:\\\/\\\/www.lamennais.org\\\/es\\\/en-el-mundo\\\/americas\\\/canada\\\/\",\"name\":\"Canad\u00e1 - LaMennais.org\",\"isPartOf\":{\"@id\":\"https:\\\/\\\/www.lamennais.org\\\/#website\"},\"primaryImageOfPage\":{\"@id\":\"https:\\\/\\\/www.lamennais.org\\\/es\\\/en-el-mundo\\\/americas\\\/canada\\\/#primaryimage\"},\"image\":{\"@id\":\"https:\\\/\\\/www.lamennais.org\\\/es\\\/en-el-mundo\\\/americas\\\/canada\\\/#primaryimage\"},\"thumbnailUrl\":\"https:\\\/\\\/www.lamennais.org\\\/wp-content\\\/uploads\\\/2024\\\/12\\\/Canada2022.jpg\",\"datePublished\":\"2016-05-01T15:51:34+00:00\",\"dateModified\":\"2024-12-24T11:01:12+00:00\",\"breadcrumb\":{\"@id\":\"https:\\\/\\\/www.lamennais.org\\\/es\\\/en-el-mundo\\\/americas\\\/canada\\\/#breadcrumb\"},\"inLanguage\":\"es\",\"potentialAction\":[{\"@type\":\"ReadAction\",\"target\":[\"https:\\\/\\\/www.lamennais.org\\\/es\\\/en-el-mundo\\\/americas\\\/canada\\\/\"]}]},{\"@type\":\"ImageObject\",\"inLanguage\":\"es\",\"@id\":\"https:\\\/\\\/www.lamennais.org\\\/es\\\/en-el-mundo\\\/americas\\\/canada\\\/#primaryimage\",\"url\":\"https:\\\/\\\/www.lamennais.org\\\/wp-content\\\/uploads\\\/2024\\\/12\\\/Canada2022.jpg\",\"contentUrl\":\"https:\\\/\\\/www.lamennais.org\\\/wp-content\\\/uploads\\\/2024\\\/12\\\/Canada2022.jpg\"},{\"@type\":\"BreadcrumbList\",\"@id\":\"https:\\\/\\\/www.lamennais.org\\\/es\\\/en-el-mundo\\\/americas\\\/canada\\\/#breadcrumb\",\"itemListElement\":[{\"@type\":\"ListItem\",\"position\":1,\"name\":\"Accueil\",\"item\":\"https:\\\/\\\/www.lamennais.org\\\/\"},{\"@type\":\"ListItem\",\"position\":2,\"name\":\"&#8230;en el mundo\",\"item\":\"https:\\\/\\\/www.lamennais.org\\\/en-el-mundo\\\/?lang=es\"},{\"@type\":\"ListItem\",\"position\":3,\"name\":\"Am\u00e9ricas\",\"item\":\"https:\\\/\\\/www.lamennais.org\\\/en-el-mundo\\\/americas\\\/?lang=es\"},{\"@type\":\"ListItem\",\"position\":4,\"name\":\"Canad\u00e1\"}]},{\"@type\":\"WebSite\",\"@id\":\"https:\\\/\\\/www.lamennais.org\\\/#website\",\"url\":\"https:\\\/\\\/www.lamennais.org\\\/\",\"name\":\"LaMennais.org\",\"description\":\"Fr\u00e8res de l&#039;Instruction Chr\u00e9tienne et Famille Mennaisienne\",\"potentialAction\":[{\"@type\":\"SearchAction\",\"target\":{\"@type\":\"EntryPoint\",\"urlTemplate\":\"https:\\\/\\\/www.lamennais.org\\\/?s={search_term_string}\"},\"query-input\":{\"@type\":\"PropertyValueSpecification\",\"valueRequired\":true,\"valueName\":\"search_term_string\"}}],\"inLanguage\":\"es\"}]}<\/script>\n<!-- \/ Yoast SEO plugin. -->","yoast_head_json":{"title":"Canad\u00e1 - LaMennais.org","robots":{"index":"index","follow":"follow","max-snippet":"max-snippet:-1","max-image-preview":"max-image-preview:large","max-video-preview":"max-video-preview:-1"},"canonical":"https:\/\/www.lamennais.org\/es\/en-el-mundo\/americas\/canada\/","og_locale":"es_ES","og_type":"article","og_title":"Canad\u00e1 - LaMennais.org","og_description":"\u00a0 Provincia Jean de la Mennais Ciudades : La Prairie &#8211; LAval &#8211;\u00a0 Montr\u00e9al &#8211; Pointe-du-Lac (Trois-Rivi\u00e8res) &#8211; Saint-Romuald (L\u00e9vis) &#8211; Shediac Cape. LA PRAIRIE Administration Provinciale 850 Chemin de Sault St Louis LA PRAIRIE &#8211; QUEBEC J5R 1E1 &#8211; CANADA Courriel : mariocourrier@hotmail.com Maison m\u00e8re 870, Chemin de Saint-Jean La Prairie QC J5R 2L5 [&hellip;]","og_url":"https:\/\/www.lamennais.org\/es\/en-el-mundo\/americas\/canada\/","og_site_name":"LaMennais.org","article_modified_time":"2024-12-24T11:01:12+00:00","og_image":[{"width":858,"height":852,"url":"https:\/\/www.lamennais.org\/wp-content\/uploads\/2024\/12\/Canada2022.jpg","type":"image\/jpeg"}],"twitter_card":"summary_large_image","twitter_misc":{"Tiempo de lectura":"4 minutos"},"schema":{"@context":"https:\/\/schema.org","@graph":[{"@type":"WebPage","@id":"https:\/\/www.lamennais.org\/es\/en-el-mundo\/americas\/canada\/","url":"https:\/\/www.lamennais.org\/es\/en-el-mundo\/americas\/canada\/","name":"Canad\u00e1 - LaMennais.org","isPartOf":{"@id":"https:\/\/www.lamennais.org\/#website"},"primaryImageOfPage":{"@id":"https:\/\/www.lamennais.org\/es\/en-el-mundo\/americas\/canada\/#primaryimage"},"image":{"@id":"https:\/\/www.lamennais.org\/es\/en-el-mundo\/americas\/canada\/#primaryimage"},"thumbnailUrl":"https:\/\/www.lamennais.org\/wp-content\/uploads\/2024\/12\/Canada2022.jpg","datePublished":"2016-05-01T15:51:34+00:00","dateModified":"2024-12-24T11:01:12+00:00","breadcrumb":{"@id":"https:\/\/www.lamennais.org\/es\/en-el-mundo\/americas\/canada\/#breadcrumb"},"inLanguage":"es","potentialAction":[{"@type":"ReadAction","target":["https:\/\/www.lamennais.org\/es\/en-el-mundo\/americas\/canada\/"]}]},{"@type":"ImageObject","inLanguage":"es","@id":"https:\/\/www.lamennais.org\/es\/en-el-mundo\/americas\/canada\/#primaryimage","url":"https:\/\/www.lamennais.org\/wp-content\/uploads\/2024\/12\/Canada2022.jpg","contentUrl":"https:\/\/www.lamennais.org\/wp-content\/uploads\/2024\/12\/Canada2022.jpg"},{"@type":"BreadcrumbList","@id":"https:\/\/www.lamennais.org\/es\/en-el-mundo\/americas\/canada\/#breadcrumb","itemListElement":[{"@type":"ListItem","position":1,"name":"Accueil","item":"https:\/\/www.lamennais.org\/"},{"@type":"ListItem","position":2,"name":"&#8230;en el mundo","item":"https:\/\/www.lamennais.org\/en-el-mundo\/?lang=es"},{"@type":"ListItem","position":3,"name":"Am\u00e9ricas","item":"https:\/\/www.lamennais.org\/en-el-mundo\/americas\/?lang=es"},{"@type":"ListItem","position":4,"name":"Canad\u00e1"}]},{"@type":"WebSite","@id":"https:\/\/www.lamennais.org\/#website","url":"https:\/\/www.lamennais.org\/","name":"LaMennais.org","description":"Fr\u00e8res de l&#039;Instruction Chr\u00e9tienne et Famille Mennaisienne","potentialAction":[{"@type":"SearchAction","target":{"@type":"EntryPoint","urlTemplate":"https:\/\/www.lamennais.org\/?s={search_term_string}"},"query-input":{"@type":"PropertyValueSpecification","valueRequired":true,"valueName":"search_term_string"}}],"inLanguage":"es"}]}},"_links":{"self":[{"href":"https:\/\/www.lamennais.org\/es\/wp-json\/wp\/v2\/pages\/5698","targetHints":{"allow":["GET"]}}],"collection":[{"href":"https:\/\/www.lamennais.org\/es\/wp-json\/wp\/v2\/pages"}],"about":[{"href":"https:\/\/www.lamennais.org\/es\/wp-json\/wp\/v2\/types\/page"}],"author":[{"embeddable":true,"href":"https:\/\/www.lamennais.org\/es\/wp-json\/wp\/v2\/users\/1"}],"replies":[{"embeddable":true,"href":"https:\/\/www.lamennais.org\/es\/wp-json\/wp\/v2\/comments?post=5698"}],"version-history":[{"count":9,"href":"https:\/\/www.lamennais.org\/es\/wp-json\/wp\/v2\/pages\/5698\/revisions"}],"predecessor-version":[{"id":44064,"href":"https:\/\/www.lamennais.org\/es\/wp-json\/wp\/v2\/pages\/5698\/revisions\/44064"}],"up":[{"embeddable":true,"href":"https:\/\/www.lamennais.org\/es\/wp-json\/wp\/v2\/pages\/5715"}],"wp:attachment":[{"href":"https:\/\/www.lamennais.org\/es\/wp-json\/wp\/v2\/media?parent=5698"}],"curies":[{"name":"wp","href":"https:\/\/api.w.org\/{rel}","templated":true}]}}