{"id":5693,"date":"2016-05-01T17:30:26","date_gmt":"2016-05-01T15:30:26","guid":{"rendered":"http:\/\/www.lamennais.org\/?page_id=5693&#038;lang=es"},"modified":"2019-01-30T16:14:07","modified_gmt":"2019-01-30T15:14:07","slug":"argentina","status":"publish","type":"page","link":"https:\/\/www.lamennais.org\/es\/en-el-mundo\/americas\/argentina\/","title":{"rendered":"Argentina"},"content":{"rendered":"<p><strong><img fetchpriority=\"high\" decoding=\"async\" class=\"alignright size-full wp-image-1563\" src=\"http:\/\/www.lamennais.org\/wp-content\/uploads\/2016\/05\/argentine_resize.jpg\" alt=\"argentine_resize\" width=\"500\" height=\"500\" srcset=\"https:\/\/www.lamennais.org\/wp-content\/uploads\/2016\/05\/argentine_resize.jpg 500w, https:\/\/www.lamennais.org\/wp-content\/uploads\/2016\/05\/argentine_resize-150x150.jpg 150w, https:\/\/www.lamennais.org\/wp-content\/uploads\/2016\/05\/argentine_resize-300x300.jpg 300w, https:\/\/www.lamennais.org\/wp-content\/uploads\/2016\/05\/argentine_resize-260x260.jpg 260w\" sizes=\"(max-width: 500px) 100vw, 500px\" \/>Ciudades<\/strong>: Bialet Mass\u00e9 &#8211; Buenos Aires &#8211; Luj\u00e1n de Cuyo Villa Gobernador G\u00e1lvez<\/p>\n<p><span style=\"color: #3366ff;\"><strong>BIALET MASS\u00c9<br \/>\n<\/strong><\/span><strong style=\"line-height: 1.5;\">Instituto Nuestra Se\u00f1ora del Rosario<br \/>\n<\/strong><span style=\"line-height: 1.5;\">9 de Julio 359<br \/>\n<\/span><span style=\"line-height: 1.5;\">X5158ACG\u00a0\u00a0 \u00a0BIALET MASS\u00c9 (C\u00f3rdoba)<br \/>\n<\/span><\/p>\n<p><strong><span style=\"color: #3366ff;\">BUENOS AIRES<\/span><br \/>\n<\/strong><strong>Comunidad Hermanos Menesianos<br \/>\nInstituto Colegio Cardinal Copello<\/strong><br \/>\nNueva York 3571, Villa Devoto<br \/>\nC1419 HDE.<br \/>\nC : <a href=\"mailto:hnoclaudio@yahoo.com\">hnoclaudio@yahoo.com<\/a><br \/>\n<u><\/u><\/p>\n<p><strong><span style=\"color: #3366ff;\">LUJ\u00c1N DE CUYO<\/span><br \/>\n<\/strong><strong>Comunidad Hermanos Menesianos<br \/>\nColegio San Pablo<\/strong><br \/>\nSan Martin 1425<br \/>\nM5507 LUJ\u00c1N DE CUYO (Mendoza)<br \/>\nC : <a href=\"mailto:arturopiana@gmail.com\">arturopiana@gmail.com<\/a><\/p>\n<p><strong><span style=\"color: #3366ff;\">VILLA GOBERNADOR G\u00c1LVEZ<\/span><br \/>\n<\/strong><strong>Comunidad Hermanos Menesianos<br \/>\nInstituto Teodelina Fern\u00e1ndez de Alvear<\/strong><br \/>\nBulevar San Diego 1056<br \/>\n2124 VILLA GOBERNADOR G\u00c1LVEZ (Santa Fe)<br \/>\n<strong>C : <\/strong><a href=\"mailto:carlos.hic@yahoo.com.ar\">carlos.hic@yahoo.com.ar<\/a><a href=\"mailto:teodolin@coopvgg.com.ar\"><br \/>\n<\/a><\/p>\n<hr \/>\n<p><img decoding=\"async\" class=\"alignright size-medium wp-image-1553\" src=\"http:\/\/www.lamennais.org\/wp-content\/uploads\/2016\/05\/Argentine-A-300x225.jpg\" alt=\"Argentine A\" width=\"300\" height=\"225\" srcset=\"https:\/\/www.lamennais.org\/wp-content\/uploads\/2016\/05\/Argentine-A-300x225.jpg 300w, https:\/\/www.lamennais.org\/wp-content\/uploads\/2016\/05\/Argentine-A-260x195.jpg 260w, https:\/\/www.lamennais.org\/wp-content\/uploads\/2016\/05\/Argentine-A.jpg 595w\" sizes=\"(max-width: 300px) 100vw, 300px\" \/><\/p>\n<p>Los 3 primeros HH. Menesianos espa\u00f1oles llegaron a Argentina en 1933. Despu\u00e9s de las dificultades propias de los inicios y varias tentativas, particularmente en San Miguel y Tucum\u00e1n, fundaron el colegio \u2018Cardenal Copello\u2019 en Buenos Aires. En 1953 se instalaron en Bialet Mass\u00e9, en el Instituto Nuestra Se\u00f1ora del Rosario.<\/p>\n<p>En 1967, en Villa Gobernador G\u00e1lvez, los PP. Capuchinos cedieron a los Menesianos la direcci\u00f3n del colegio de Secundaria y Profesional \u2018Teodelina Fern\u00e1ndez de Alvear\u2019 que hoy cuenta con 1200 alumnos.<\/p>\n<p>En 1987, por petici\u00f3n de la parroquia, los HH. aceptan la direcci\u00f3n de una escuela de Primaria, Secundaria y Profesional de un millar de alumnos en Luj\u00e1n de Cuyo. Hermanos y Laicos de la Comunidad de Luj\u00e1n de Cuyo, han abierto recientemente una nueva obra: \u201cLa escuelita\u201d, en un barrio &#8211; Las Margaritas- de la ciudad de Luj\u00e1n de Cuyo, para acoger y acompa\u00f1ar a los ni\u00f1os y j\u00f3venes procedentes de barrios desfavorecidos.<\/p>\n<p><img decoding=\"async\" class=\"aligncenter size-full wp-image-1555\" src=\"http:\/\/www.lamennais.org\/wp-content\/uploads\/2016\/05\/argentine.jpg\" alt=\"argentine\" width=\"602\" height=\"451\" srcset=\"https:\/\/www.lamennais.org\/wp-content\/uploads\/2016\/05\/argentine.jpg 602w, https:\/\/www.lamennais.org\/wp-content\/uploads\/2016\/05\/argentine-300x225.jpg 300w, https:\/\/www.lamennais.org\/wp-content\/uploads\/2016\/05\/argentine-260x195.jpg 260w\" sizes=\"(max-width: 602px) 100vw, 602px\" \/><\/p>\n","protected":false},"excerpt":{"rendered":"<p>Ciudades: Bialet Mass\u00e9 &#8211; Buenos Aires &#8211; Luj\u00e1n de Cuyo Villa Gobernador G\u00e1lvez BIALET MASS\u00c9 Instituto Nuestra Se\u00f1ora del Rosario 9 de Julio 359 X5158ACG\u00a0\u00a0 \u00a0BIALET MASS\u00c9 (C\u00f3rdoba) BUENOS AIRES Comunidad Hermanos Menesianos Instituto Colegio Cardinal Copello Nueva York 3571, Villa Devoto C1419 HDE. C : hnoclaudio@yahoo.com LUJ\u00c1N DE CUYO Comunidad Hermanos Menesianos Colegio San [&hellip;]<\/p>\n","protected":false},"author":1,"featured_media":0,"parent":5715,"menu_order":0,"comment_status":"closed","ping_status":"closed","template":"","meta":{"footnotes":""},"class_list":["post-5693","page","type-page","status-publish","hentry"],"yoast_head":"<!-- This site is optimized with the Yoast SEO plugin v27.4 - https:\/\/yoast.com\/product\/yoast-seo-wordpress\/ -->\n<title>Argentina - LaMennais.org<\/title>\n<meta name=\"robots\" content=\"index, follow, max-snippet:-1, max-image-preview:large, max-video-preview:-1\" \/>\n<link rel=\"canonical\" href=\"https:\/\/www.lamennais.org\/en-el-mundo\/americas\/argentina\/?lang=es\" \/>\n<meta property=\"og:locale\" content=\"es_ES\" \/>\n<meta property=\"og:type\" content=\"article\" \/>\n<meta property=\"og:title\" content=\"Argentina - LaMennais.org\" \/>\n<meta property=\"og:description\" content=\"Ciudades: Bialet Mass\u00e9 &#8211; Buenos Aires &#8211; Luj\u00e1n de Cuyo Villa Gobernador G\u00e1lvez BIALET MASS\u00c9 Instituto Nuestra Se\u00f1ora del Rosario 9 de Julio 359 X5158ACG\u00a0\u00a0 \u00a0BIALET MASS\u00c9 (C\u00f3rdoba) BUENOS AIRES Comunidad Hermanos Menesianos Instituto Colegio Cardinal Copello Nueva York 3571, Villa Devoto C1419 HDE. C : hnoclaudio@yahoo.com LUJ\u00c1N DE CUYO Comunidad Hermanos Menesianos Colegio San [&hellip;]\" \/>\n<meta property=\"og:url\" content=\"https:\/\/www.lamennais.org\/en-el-mundo\/americas\/argentina\/?lang=es\" \/>\n<meta property=\"og:site_name\" content=\"LaMennais.org\" \/>\n<meta property=\"article:modified_time\" content=\"2019-01-30T15:14:07+00:00\" \/>\n<meta property=\"og:image\" content=\"http:\/\/www.lamennais.org\/wp-content\/uploads\/2016\/05\/argentine_resize.jpg\" \/>\n<meta name=\"twitter:card\" content=\"summary_large_image\" \/>\n<meta name=\"twitter:label1\" content=\"Tiempo de lectura\" \/>\n\t<meta name=\"twitter:data1\" content=\"1 minuto\" \/>\n<script type=\"application\/ld+json\" class=\"yoast-schema-graph\">{\"@context\":\"https:\\\/\\\/schema.org\",\"@graph\":[{\"@type\":\"WebPage\",\"@id\":\"https:\\\/\\\/www.lamennais.org\\\/en-el-mundo\\\/americas\\\/argentina\\\/?lang=es\",\"url\":\"https:\\\/\\\/www.lamennais.org\\\/en-el-mundo\\\/americas\\\/argentina\\\/?lang=es\",\"name\":\"Argentina - LaMennais.org\",\"isPartOf\":{\"@id\":\"https:\\\/\\\/www.lamennais.org\\\/#website\"},\"primaryImageOfPage\":{\"@id\":\"https:\\\/\\\/www.lamennais.org\\\/en-el-mundo\\\/americas\\\/argentina\\\/?lang=es#primaryimage\"},\"image\":{\"@id\":\"https:\\\/\\\/www.lamennais.org\\\/en-el-mundo\\\/americas\\\/argentina\\\/?lang=es#primaryimage\"},\"thumbnailUrl\":\"http:\\\/\\\/www.lamennais.org\\\/wp-content\\\/uploads\\\/2016\\\/05\\\/argentine_resize.jpg\",\"datePublished\":\"2016-05-01T15:30:26+00:00\",\"dateModified\":\"2019-01-30T15:14:07+00:00\",\"breadcrumb\":{\"@id\":\"https:\\\/\\\/www.lamennais.org\\\/en-el-mundo\\\/americas\\\/argentina\\\/?lang=es#breadcrumb\"},\"inLanguage\":\"es\",\"potentialAction\":[{\"@type\":\"ReadAction\",\"target\":[\"https:\\\/\\\/www.lamennais.org\\\/en-el-mundo\\\/americas\\\/argentina\\\/?lang=es\"]}]},{\"@type\":\"ImageObject\",\"inLanguage\":\"es\",\"@id\":\"https:\\\/\\\/www.lamennais.org\\\/en-el-mundo\\\/americas\\\/argentina\\\/?lang=es#primaryimage\",\"url\":\"http:\\\/\\\/www.lamennais.org\\\/wp-content\\\/uploads\\\/2016\\\/05\\\/argentine_resize.jpg\",\"contentUrl\":\"http:\\\/\\\/www.lamennais.org\\\/wp-content\\\/uploads\\\/2016\\\/05\\\/argentine_resize.jpg\"},{\"@type\":\"BreadcrumbList\",\"@id\":\"https:\\\/\\\/www.lamennais.org\\\/en-el-mundo\\\/americas\\\/argentina\\\/?lang=es#breadcrumb\",\"itemListElement\":[{\"@type\":\"ListItem\",\"position\":1,\"name\":\"Accueil\",\"item\":\"https:\\\/\\\/www.lamennais.org\\\/\"},{\"@type\":\"ListItem\",\"position\":2,\"name\":\"&#8230;en el mundo\",\"item\":\"https:\\\/\\\/www.lamennais.org\\\/en-el-mundo\\\/?lang=es\"},{\"@type\":\"ListItem\",\"position\":3,\"name\":\"Am\u00e9ricas\",\"item\":\"https:\\\/\\\/www.lamennais.org\\\/en-el-mundo\\\/americas\\\/?lang=es\"},{\"@type\":\"ListItem\",\"position\":4,\"name\":\"Argentina\"}]},{\"@type\":\"WebSite\",\"@id\":\"https:\\\/\\\/www.lamennais.org\\\/#website\",\"url\":\"https:\\\/\\\/www.lamennais.org\\\/\",\"name\":\"LaMennais.org\",\"description\":\"Fr\u00e8res de l&#039;Instruction Chr\u00e9tienne et Famille Mennaisienne\",\"potentialAction\":[{\"@type\":\"SearchAction\",\"target\":{\"@type\":\"EntryPoint\",\"urlTemplate\":\"https:\\\/\\\/www.lamennais.org\\\/?s={search_term_string}\"},\"query-input\":{\"@type\":\"PropertyValueSpecification\",\"valueRequired\":true,\"valueName\":\"search_term_string\"}}],\"inLanguage\":\"es\"}]}<\/script>\n<!-- \/ Yoast SEO plugin. -->","yoast_head_json":{"title":"Argentina - LaMennais.org","robots":{"index":"index","follow":"follow","max-snippet":"max-snippet:-1","max-image-preview":"max-image-preview:large","max-video-preview":"max-video-preview:-1"},"canonical":"https:\/\/www.lamennais.org\/en-el-mundo\/americas\/argentina\/?lang=es","og_locale":"es_ES","og_type":"article","og_title":"Argentina - LaMennais.org","og_description":"Ciudades: Bialet Mass\u00e9 &#8211; Buenos Aires &#8211; Luj\u00e1n de Cuyo Villa Gobernador G\u00e1lvez BIALET MASS\u00c9 Instituto Nuestra Se\u00f1ora del Rosario 9 de Julio 359 X5158ACG\u00a0\u00a0 \u00a0BIALET MASS\u00c9 (C\u00f3rdoba) BUENOS AIRES Comunidad Hermanos Menesianos Instituto Colegio Cardinal Copello Nueva York 3571, Villa Devoto C1419 HDE. C : hnoclaudio@yahoo.com LUJ\u00c1N DE CUYO Comunidad Hermanos Menesianos Colegio San [&hellip;]","og_url":"https:\/\/www.lamennais.org\/en-el-mundo\/americas\/argentina\/?lang=es","og_site_name":"LaMennais.org","article_modified_time":"2019-01-30T15:14:07+00:00","og_image":[{"url":"http:\/\/www.lamennais.org\/wp-content\/uploads\/2016\/05\/argentine_resize.jpg","type":"","width":"","height":""}],"twitter_card":"summary_large_image","twitter_misc":{"Tiempo de lectura":"1 minuto"},"schema":{"@context":"https:\/\/schema.org","@graph":[{"@type":"WebPage","@id":"https:\/\/www.lamennais.org\/en-el-mundo\/americas\/argentina\/?lang=es","url":"https:\/\/www.lamennais.org\/en-el-mundo\/americas\/argentina\/?lang=es","name":"Argentina - LaMennais.org","isPartOf":{"@id":"https:\/\/www.lamennais.org\/#website"},"primaryImageOfPage":{"@id":"https:\/\/www.lamennais.org\/en-el-mundo\/americas\/argentina\/?lang=es#primaryimage"},"image":{"@id":"https:\/\/www.lamennais.org\/en-el-mundo\/americas\/argentina\/?lang=es#primaryimage"},"thumbnailUrl":"http:\/\/www.lamennais.org\/wp-content\/uploads\/2016\/05\/argentine_resize.jpg","datePublished":"2016-05-01T15:30:26+00:00","dateModified":"2019-01-30T15:14:07+00:00","breadcrumb":{"@id":"https:\/\/www.lamennais.org\/en-el-mundo\/americas\/argentina\/?lang=es#breadcrumb"},"inLanguage":"es","potentialAction":[{"@type":"ReadAction","target":["https:\/\/www.lamennais.org\/en-el-mundo\/americas\/argentina\/?lang=es"]}]},{"@type":"ImageObject","inLanguage":"es","@id":"https:\/\/www.lamennais.org\/en-el-mundo\/americas\/argentina\/?lang=es#primaryimage","url":"http:\/\/www.lamennais.org\/wp-content\/uploads\/2016\/05\/argentine_resize.jpg","contentUrl":"http:\/\/www.lamennais.org\/wp-content\/uploads\/2016\/05\/argentine_resize.jpg"},{"@type":"BreadcrumbList","@id":"https:\/\/www.lamennais.org\/en-el-mundo\/americas\/argentina\/?lang=es#breadcrumb","itemListElement":[{"@type":"ListItem","position":1,"name":"Accueil","item":"https:\/\/www.lamennais.org\/"},{"@type":"ListItem","position":2,"name":"&#8230;en el mundo","item":"https:\/\/www.lamennais.org\/en-el-mundo\/?lang=es"},{"@type":"ListItem","position":3,"name":"Am\u00e9ricas","item":"https:\/\/www.lamennais.org\/en-el-mundo\/americas\/?lang=es"},{"@type":"ListItem","position":4,"name":"Argentina"}]},{"@type":"WebSite","@id":"https:\/\/www.lamennais.org\/#website","url":"https:\/\/www.lamennais.org\/","name":"LaMennais.org","description":"Fr\u00e8res de l&#039;Instruction Chr\u00e9tienne et Famille Mennaisienne","potentialAction":[{"@type":"SearchAction","target":{"@type":"EntryPoint","urlTemplate":"https:\/\/www.lamennais.org\/?s={search_term_string}"},"query-input":{"@type":"PropertyValueSpecification","valueRequired":true,"valueName":"search_term_string"}}],"inLanguage":"es"}]}},"_links":{"self":[{"href":"https:\/\/www.lamennais.org\/es\/wp-json\/wp\/v2\/pages\/5693","targetHints":{"allow":["GET"]}}],"collection":[{"href":"https:\/\/www.lamennais.org\/es\/wp-json\/wp\/v2\/pages"}],"about":[{"href":"https:\/\/www.lamennais.org\/es\/wp-json\/wp\/v2\/types\/page"}],"author":[{"embeddable":true,"href":"https:\/\/www.lamennais.org\/es\/wp-json\/wp\/v2\/users\/1"}],"replies":[{"embeddable":true,"href":"https:\/\/www.lamennais.org\/es\/wp-json\/wp\/v2\/comments?post=5693"}],"version-history":[{"count":2,"href":"https:\/\/www.lamennais.org\/es\/wp-json\/wp\/v2\/pages\/5693\/revisions"}],"predecessor-version":[{"id":19341,"href":"https:\/\/www.lamennais.org\/es\/wp-json\/wp\/v2\/pages\/5693\/revisions\/19341"}],"up":[{"embeddable":true,"href":"https:\/\/www.lamennais.org\/es\/wp-json\/wp\/v2\/pages\/5715"}],"wp:attachment":[{"href":"https:\/\/www.lamennais.org\/es\/wp-json\/wp\/v2\/media?parent=5693"}],"curies":[{"name":"wp","href":"https:\/\/api.w.org\/{rel}","templated":true}]}}