{"id":5685,"date":"2016-05-01T17:25:41","date_gmt":"2016-05-01T15:25:41","guid":{"rendered":"http:\/\/www.lamennais.org\/?page_id=5685&#038;lang=es"},"modified":"2019-01-31T11:13:33","modified_gmt":"2019-01-31T10:13:33","slug":"togo","status":"publish","type":"page","link":"https:\/\/www.lamennais.org\/es\/en-el-mundo\/africa\/togo\/","title":{"rendered":"Togo"},"content":{"rendered":"<p><strong><img fetchpriority=\"high\" decoding=\"async\" class=\"alignright size-full wp-image-1541\" src=\"http:\/\/www.lamennais.org\/wp-content\/uploads\/2016\/05\/togo_resize.jpg\" alt=\"togo_resize\" width=\"500\" height=\"500\" \/><\/strong><strong>Ciudades<\/strong> : Dapaong &#8211; Aneho &#8211; Lome &#8211; Mango &#8211; Ogaro<\/p>\n<p><strong>ANEHO<br \/>\n<\/strong><strong>Fr\u00e8res de l&#8217;Instruction Chr\u00e9tienne <\/strong><br \/>\nBP 29<br \/>\nANEHO<br \/>\nC: <a href=\"mailto:mapayenebenoit@yahoo.fr\">mapayenebenoit@yahoo.fr<\/a><\/p>\n<p><strong>DAPAONG<br \/>\n<\/strong><strong>Fr\u00e8res de l&#8217;Instruction Chr\u00e9tienne<\/strong><br \/>\nNoviciat<br \/>\nBP 09<br \/>\nDAPAONG<br \/>\nTOGO<br \/>\nC:<a href=\"mailto:mailto:ficnada@yahoo.fr\"> ficnada@yahoo.fr<\/a><\/p>\n<p><strong>LOM\u00c9<br \/>\n<\/strong><strong>Fr\u00e8res de l&#8217;Instruction Chr\u00e9tienne<\/strong><br \/>\n38 rue Kpegbadja<br \/>\n03 BP 30911<br \/>\nQuartier WUITI<br \/>\nLOM\u00c9<br \/>\nC : <a href=\"mailto:ficlome@yahoo.fr\">ficlome@yahoo.fr <\/a><\/p>\n<p><strong>MANGO<br \/>\n<\/strong><strong>Fr\u00e8res de l&#8217;Instruction Chr\u00e9tienne<br \/>\n<\/strong> BP 01 MANGO<br \/>\nC : <a href=\"mailto:kombatekoffi@yahoo.fr\">kombatekoffi@yahoo.fr<\/a><\/p>\n<p><strong>OGARO<br \/>\n<\/strong><strong>Fr\u00e8res de l&#8217;Instruction Chr\u00e9tienne<\/strong><br \/>\n<strong>CARTO d&#8217;Ogaro<\/strong><br \/>\nBP 09 &#8211; DAPAONG<br \/>\nC : <a href=\"mailto:cartogaro@gmail.com\">cartogaro@gmail.com<\/a><\/p>\n<hr \/>\n<p><strong>Ogaro.<\/strong><\/p>\n<div id=\"attachment_1542\" style=\"width: 310px\" class=\"wp-caption alignright\"><img decoding=\"async\" aria-describedby=\"caption-attachment-1542\" class=\"size-medium wp-image-1542\" src=\"http:\/\/www.lamennais.org\/wp-content\/uploads\/2016\/05\/Togo-B-Ogaro-300x200.jpg\" alt=\"Ogaro\" width=\"300\" height=\"200\" srcset=\"https:\/\/www.lamennais.org\/wp-content\/uploads\/2016\/05\/Togo-B-Ogaro-300x200.jpg 300w, https:\/\/www.lamennais.org\/wp-content\/uploads\/2016\/05\/Togo-B-Ogaro-768x512.jpg 768w, https:\/\/www.lamennais.org\/wp-content\/uploads\/2016\/05\/Togo-B-Ogaro-1024x683.jpg 1024w, https:\/\/www.lamennais.org\/wp-content\/uploads\/2016\/05\/Togo-B-Ogaro-260x173.jpg 260w, https:\/\/www.lamennais.org\/wp-content\/uploads\/2016\/05\/Togo-B-Ogaro-1200x800.jpg 1200w, https:\/\/www.lamennais.org\/wp-content\/uploads\/2016\/05\/Togo-B-Ogaro.jpg 1374w\" sizes=\"(max-width: 300px) 100vw, 300px\" \/><p id=\"caption-attachment-1542\" class=\"wp-caption-text\">Ogaro<\/p><\/div>\n<p>Fue esta ciudad, situada en la regi\u00f3n de<em> \u2018Les Sabanes\u2019<\/em>, al norte de Togo, la elegida por los HH. Menesianos franceses para implantarse, el a\u00f1o1982. La llegada de los HH. Menesianos trajo una verdadera revoluci\u00f3n en la agricultura: formaci\u00f3n de campesinos en el trabajo con animales de tiro, introducci\u00f3n de nuevos cultivos. Mientras un Hermano, con la colaboraci\u00f3n de laicos congole\u00f1os, se encarga de la formaci\u00f3n agr\u00edcola, otros dos hacen otro tanto con las escuelas rurales. Gesti\u00f3n de escuelas, formaci\u00f3n y seguimiento pedag\u00f3gico de los maestros, construcciones, son algunas de las labores que la Comunidad de HH. Menesianos asegura en la regi\u00f3n. Poco a poco las escuelas rurales pasan a manos del Estado, aunque los Hermanos conservan la propiedad de una que se convierte en la <em>\u2018Escuela JMLM\u2019<\/em> de Battebangbang.<br \/>\nEn 2018, un colegio completa la escuela primaria y el centro se vuelve en \u00abComplejo escolar La Mennais\u00bb de Battebangbang.<\/p>\n<div id=\"attachment_1543\" style=\"width: 310px\" class=\"wp-caption alignleft\"><img decoding=\"async\" aria-describedby=\"caption-attachment-1543\" class=\"size-medium wp-image-1543\" src=\"http:\/\/www.lamennais.org\/wp-content\/uploads\/2016\/05\/Togo-A-Dapaong-300x226.jpg\" alt=\"Dapaong\" width=\"300\" height=\"226\" srcset=\"https:\/\/www.lamennais.org\/wp-content\/uploads\/2016\/05\/Togo-A-Dapaong-300x226.jpg 300w, https:\/\/www.lamennais.org\/wp-content\/uploads\/2016\/05\/Togo-A-Dapaong-768x580.jpg 768w, https:\/\/www.lamennais.org\/wp-content\/uploads\/2016\/05\/Togo-A-Dapaong-1024x773.jpg 1024w, https:\/\/www.lamennais.org\/wp-content\/uploads\/2016\/05\/Togo-A-Dapaong-260x196.jpg 260w, https:\/\/www.lamennais.org\/wp-content\/uploads\/2016\/05\/Togo-A-Dapaong.jpg 1632w\" sizes=\"(max-width: 300px) 100vw, 300px\" \/><p id=\"caption-attachment-1543\" class=\"wp-caption-text\">Dapaong<\/p><\/div>\n<p><strong>Dapaong.<br \/>\n<\/strong>Desde 1985 hay una Comunidad Menesiana en esta ciudad del norte de Togo. Los HH. se ocupan en la animaci\u00f3n del <em>Liceo Cat\u00f3lico<\/em>, perteneciente a los HH. de las Escuelas Cristianas, de los movimientos de Acci\u00f3n Cat\u00f3lica y de los Grupos Vocacionales.<\/p>\n<p>Hoy, el Noviciado del<em> \u2018Distrito S. Pablo\u2019<\/em> de \u00c1frica Occidental est\u00e1 en el centro de esta ciudad, caracterizada por la presencia de numerosos catec\u00famenos y j\u00f3venes cristianos.<\/p>\n<p><strong>An\u00e9ho.<br \/>\n<\/strong>El<em> \u2018Liceo S. Padro y S. Pablo\u2019<\/em> est\u00e1 situado en la antigua capital de Togo. Los HH. Menesianos se hicieron cargo de \u00e9l en 1994.<\/p>\n<p><strong>Lom\u00e9.<br \/>\n<\/strong>En 2002 se acomod\u00f3 una casa en Lom\u00e9 para que sirviera de residencia de los HH. Menesianos J\u00f3venes estudiantes. Actualmente es tambi\u00e9n la Residencia del H. Visitador del Distrito.<\/p>\n<p><strong>Mango.<br \/>\n<\/strong>Al comienzo de curso 2005, se abri\u00f3 en Mango el <em>\u2018Colegio Mgr Hanrison\u2019<\/em>, en Mango, al norte del pa\u00eds.<\/p>\n","protected":false},"excerpt":{"rendered":"<p>Ciudades : Dapaong &#8211; Aneho &#8211; Lome &#8211; Mango &#8211; Ogaro ANEHO Fr\u00e8res de l&#8217;Instruction Chr\u00e9tienne BP 29 ANEHO C: mapayenebenoit@yahoo.fr DAPAONG Fr\u00e8res de l&#8217;Instruction Chr\u00e9tienne Noviciat BP 09 DAPAONG TOGO C: ficnada@yahoo.fr LOM\u00c9 Fr\u00e8res de l&#8217;Instruction Chr\u00e9tienne 38 rue Kpegbadja 03 BP 30911 Quartier WUITI LOM\u00c9 C : ficlome@yahoo.fr MANGO Fr\u00e8res de l&#8217;Instruction Chr\u00e9tienne [&hellip;]<\/p>\n","protected":false},"author":1,"featured_media":0,"parent":5686,"menu_order":0,"comment_status":"closed","ping_status":"closed","template":"","meta":{"footnotes":""},"class_list":["post-5685","page","type-page","status-publish","hentry"],"yoast_head":"<!-- This site is optimized with the Yoast SEO plugin v27.4 - https:\/\/yoast.com\/product\/yoast-seo-wordpress\/ -->\n<title>Togo - LaMennais.org<\/title>\n<meta name=\"robots\" content=\"index, follow, max-snippet:-1, max-image-preview:large, max-video-preview:-1\" \/>\n<link rel=\"canonical\" href=\"https:\/\/www.lamennais.org\/en-el-mundo\/africa\/togo\/?lang=es\" \/>\n<meta property=\"og:locale\" content=\"es_ES\" \/>\n<meta property=\"og:type\" content=\"article\" \/>\n<meta property=\"og:title\" content=\"Togo - LaMennais.org\" \/>\n<meta property=\"og:description\" content=\"Ciudades : Dapaong &#8211; Aneho &#8211; Lome &#8211; Mango &#8211; Ogaro ANEHO Fr\u00e8res de l&#8217;Instruction Chr\u00e9tienne BP 29 ANEHO C: mapayenebenoit@yahoo.fr DAPAONG Fr\u00e8res de l&#8217;Instruction Chr\u00e9tienne Noviciat BP 09 DAPAONG TOGO C: ficnada@yahoo.fr LOM\u00c9 Fr\u00e8res de l&#8217;Instruction Chr\u00e9tienne 38 rue Kpegbadja 03 BP 30911 Quartier WUITI LOM\u00c9 C : ficlome@yahoo.fr MANGO Fr\u00e8res de l&#8217;Instruction Chr\u00e9tienne [&hellip;]\" \/>\n<meta property=\"og:url\" content=\"https:\/\/www.lamennais.org\/en-el-mundo\/africa\/togo\/?lang=es\" \/>\n<meta property=\"og:site_name\" content=\"LaMennais.org\" \/>\n<meta property=\"article:modified_time\" content=\"2019-01-31T10:13:33+00:00\" \/>\n<meta property=\"og:image\" content=\"http:\/\/www.lamennais.org\/wp-content\/uploads\/2016\/05\/togo_resize.jpg\" \/>\n<meta name=\"twitter:card\" content=\"summary_large_image\" \/>\n<meta name=\"twitter:label1\" content=\"Tiempo de lectura\" \/>\n\t<meta name=\"twitter:data1\" content=\"2 minutos\" \/>\n<script type=\"application\/ld+json\" class=\"yoast-schema-graph\">{\"@context\":\"https:\\\/\\\/schema.org\",\"@graph\":[{\"@type\":\"WebPage\",\"@id\":\"https:\\\/\\\/www.lamennais.org\\\/en-el-mundo\\\/africa\\\/togo\\\/?lang=es\",\"url\":\"https:\\\/\\\/www.lamennais.org\\\/en-el-mundo\\\/africa\\\/togo\\\/?lang=es\",\"name\":\"Togo - LaMennais.org\",\"isPartOf\":{\"@id\":\"https:\\\/\\\/www.lamennais.org\\\/#website\"},\"primaryImageOfPage\":{\"@id\":\"https:\\\/\\\/www.lamennais.org\\\/en-el-mundo\\\/africa\\\/togo\\\/?lang=es#primaryimage\"},\"image\":{\"@id\":\"https:\\\/\\\/www.lamennais.org\\\/en-el-mundo\\\/africa\\\/togo\\\/?lang=es#primaryimage\"},\"thumbnailUrl\":\"http:\\\/\\\/www.lamennais.org\\\/wp-content\\\/uploads\\\/2016\\\/05\\\/togo_resize.jpg\",\"datePublished\":\"2016-05-01T15:25:41+00:00\",\"dateModified\":\"2019-01-31T10:13:33+00:00\",\"breadcrumb\":{\"@id\":\"https:\\\/\\\/www.lamennais.org\\\/en-el-mundo\\\/africa\\\/togo\\\/?lang=es#breadcrumb\"},\"inLanguage\":\"es\",\"potentialAction\":[{\"@type\":\"ReadAction\",\"target\":[\"https:\\\/\\\/www.lamennais.org\\\/en-el-mundo\\\/africa\\\/togo\\\/?lang=es\"]}]},{\"@type\":\"ImageObject\",\"inLanguage\":\"es\",\"@id\":\"https:\\\/\\\/www.lamennais.org\\\/en-el-mundo\\\/africa\\\/togo\\\/?lang=es#primaryimage\",\"url\":\"http:\\\/\\\/www.lamennais.org\\\/wp-content\\\/uploads\\\/2016\\\/05\\\/togo_resize.jpg\",\"contentUrl\":\"http:\\\/\\\/www.lamennais.org\\\/wp-content\\\/uploads\\\/2016\\\/05\\\/togo_resize.jpg\"},{\"@type\":\"BreadcrumbList\",\"@id\":\"https:\\\/\\\/www.lamennais.org\\\/en-el-mundo\\\/africa\\\/togo\\\/?lang=es#breadcrumb\",\"itemListElement\":[{\"@type\":\"ListItem\",\"position\":1,\"name\":\"Accueil\",\"item\":\"https:\\\/\\\/www.lamennais.org\\\/\"},{\"@type\":\"ListItem\",\"position\":2,\"name\":\"&#8230;en el mundo\",\"item\":\"https:\\\/\\\/www.lamennais.org\\\/en-el-mundo\\\/?lang=es\"},{\"@type\":\"ListItem\",\"position\":3,\"name\":\"\u00c1frica\",\"item\":\"https:\\\/\\\/www.lamennais.org\\\/en-el-mundo\\\/africa\\\/?lang=es\"},{\"@type\":\"ListItem\",\"position\":4,\"name\":\"Togo\"}]},{\"@type\":\"WebSite\",\"@id\":\"https:\\\/\\\/www.lamennais.org\\\/#website\",\"url\":\"https:\\\/\\\/www.lamennais.org\\\/\",\"name\":\"LaMennais.org\",\"description\":\"Fr\u00e8res de l&#039;Instruction Chr\u00e9tienne et Famille Mennaisienne\",\"potentialAction\":[{\"@type\":\"SearchAction\",\"target\":{\"@type\":\"EntryPoint\",\"urlTemplate\":\"https:\\\/\\\/www.lamennais.org\\\/?s={search_term_string}\"},\"query-input\":{\"@type\":\"PropertyValueSpecification\",\"valueRequired\":true,\"valueName\":\"search_term_string\"}}],\"inLanguage\":\"es\"}]}<\/script>\n<!-- \/ Yoast SEO plugin. -->","yoast_head_json":{"title":"Togo - LaMennais.org","robots":{"index":"index","follow":"follow","max-snippet":"max-snippet:-1","max-image-preview":"max-image-preview:large","max-video-preview":"max-video-preview:-1"},"canonical":"https:\/\/www.lamennais.org\/en-el-mundo\/africa\/togo\/?lang=es","og_locale":"es_ES","og_type":"article","og_title":"Togo - LaMennais.org","og_description":"Ciudades : Dapaong &#8211; Aneho &#8211; Lome &#8211; Mango &#8211; Ogaro ANEHO Fr\u00e8res de l&#8217;Instruction Chr\u00e9tienne BP 29 ANEHO C: mapayenebenoit@yahoo.fr DAPAONG Fr\u00e8res de l&#8217;Instruction Chr\u00e9tienne Noviciat BP 09 DAPAONG TOGO C: ficnada@yahoo.fr LOM\u00c9 Fr\u00e8res de l&#8217;Instruction Chr\u00e9tienne 38 rue Kpegbadja 03 BP 30911 Quartier WUITI LOM\u00c9 C : ficlome@yahoo.fr MANGO Fr\u00e8res de l&#8217;Instruction Chr\u00e9tienne [&hellip;]","og_url":"https:\/\/www.lamennais.org\/en-el-mundo\/africa\/togo\/?lang=es","og_site_name":"LaMennais.org","article_modified_time":"2019-01-31T10:13:33+00:00","og_image":[{"url":"http:\/\/www.lamennais.org\/wp-content\/uploads\/2016\/05\/togo_resize.jpg","type":"","width":"","height":""}],"twitter_card":"summary_large_image","twitter_misc":{"Tiempo de lectura":"2 minutos"},"schema":{"@context":"https:\/\/schema.org","@graph":[{"@type":"WebPage","@id":"https:\/\/www.lamennais.org\/en-el-mundo\/africa\/togo\/?lang=es","url":"https:\/\/www.lamennais.org\/en-el-mundo\/africa\/togo\/?lang=es","name":"Togo - LaMennais.org","isPartOf":{"@id":"https:\/\/www.lamennais.org\/#website"},"primaryImageOfPage":{"@id":"https:\/\/www.lamennais.org\/en-el-mundo\/africa\/togo\/?lang=es#primaryimage"},"image":{"@id":"https:\/\/www.lamennais.org\/en-el-mundo\/africa\/togo\/?lang=es#primaryimage"},"thumbnailUrl":"http:\/\/www.lamennais.org\/wp-content\/uploads\/2016\/05\/togo_resize.jpg","datePublished":"2016-05-01T15:25:41+00:00","dateModified":"2019-01-31T10:13:33+00:00","breadcrumb":{"@id":"https:\/\/www.lamennais.org\/en-el-mundo\/africa\/togo\/?lang=es#breadcrumb"},"inLanguage":"es","potentialAction":[{"@type":"ReadAction","target":["https:\/\/www.lamennais.org\/en-el-mundo\/africa\/togo\/?lang=es"]}]},{"@type":"ImageObject","inLanguage":"es","@id":"https:\/\/www.lamennais.org\/en-el-mundo\/africa\/togo\/?lang=es#primaryimage","url":"http:\/\/www.lamennais.org\/wp-content\/uploads\/2016\/05\/togo_resize.jpg","contentUrl":"http:\/\/www.lamennais.org\/wp-content\/uploads\/2016\/05\/togo_resize.jpg"},{"@type":"BreadcrumbList","@id":"https:\/\/www.lamennais.org\/en-el-mundo\/africa\/togo\/?lang=es#breadcrumb","itemListElement":[{"@type":"ListItem","position":1,"name":"Accueil","item":"https:\/\/www.lamennais.org\/"},{"@type":"ListItem","position":2,"name":"&#8230;en el mundo","item":"https:\/\/www.lamennais.org\/en-el-mundo\/?lang=es"},{"@type":"ListItem","position":3,"name":"\u00c1frica","item":"https:\/\/www.lamennais.org\/en-el-mundo\/africa\/?lang=es"},{"@type":"ListItem","position":4,"name":"Togo"}]},{"@type":"WebSite","@id":"https:\/\/www.lamennais.org\/#website","url":"https:\/\/www.lamennais.org\/","name":"LaMennais.org","description":"Fr\u00e8res de l&#039;Instruction Chr\u00e9tienne et Famille Mennaisienne","potentialAction":[{"@type":"SearchAction","target":{"@type":"EntryPoint","urlTemplate":"https:\/\/www.lamennais.org\/?s={search_term_string}"},"query-input":{"@type":"PropertyValueSpecification","valueRequired":true,"valueName":"search_term_string"}}],"inLanguage":"es"}]}},"_links":{"self":[{"href":"https:\/\/www.lamennais.org\/es\/wp-json\/wp\/v2\/pages\/5685","targetHints":{"allow":["GET"]}}],"collection":[{"href":"https:\/\/www.lamennais.org\/es\/wp-json\/wp\/v2\/pages"}],"about":[{"href":"https:\/\/www.lamennais.org\/es\/wp-json\/wp\/v2\/types\/page"}],"author":[{"embeddable":true,"href":"https:\/\/www.lamennais.org\/es\/wp-json\/wp\/v2\/users\/1"}],"replies":[{"embeddable":true,"href":"https:\/\/www.lamennais.org\/es\/wp-json\/wp\/v2\/comments?post=5685"}],"version-history":[{"count":5,"href":"https:\/\/www.lamennais.org\/es\/wp-json\/wp\/v2\/pages\/5685\/revisions"}],"predecessor-version":[{"id":19373,"href":"https:\/\/www.lamennais.org\/es\/wp-json\/wp\/v2\/pages\/5685\/revisions\/19373"}],"up":[{"embeddable":true,"href":"https:\/\/www.lamennais.org\/es\/wp-json\/wp\/v2\/pages\/5686"}],"wp:attachment":[{"href":"https:\/\/www.lamennais.org\/es\/wp-json\/wp\/v2\/media?parent=5685"}],"curies":[{"name":"wp","href":"https:\/\/api.w.org\/{rel}","templated":true}]}}