{"id":5681,"date":"2016-05-14T21:18:56","date_gmt":"2016-05-14T19:18:56","guid":{"rendered":"http:\/\/www.lamennais.org\/?page_id=5681&#038;lang=es"},"modified":"2019-02-07T14:12:24","modified_gmt":"2019-02-07T13:12:24","slug":"sudan-sur-una-nueva-fundacion","status":"publish","type":"page","link":"https:\/\/www.lamennais.org\/es\/en-el-mundo\/africa\/sudan-sur-una-nueva-fundacion\/","title":{"rendered":"Sudan-Sur. Una nueva fundaci\u00f3n."},"content":{"rendered":"<p><img fetchpriority=\"high\" decoding=\"async\" class=\"alignright size-medium wp-image-1520\" src=\"http:\/\/www.lamennais.org\/wp-content\/uploads\/2016\/05\/Sud-Soudan-A-300x225.jpg\" alt=\"Sud Soudan A\" width=\"300\" height=\"225\" srcset=\"https:\/\/www.lamennais.org\/wp-content\/uploads\/2016\/05\/Sud-Soudan-A-300x225.jpg 300w, https:\/\/www.lamennais.org\/wp-content\/uploads\/2016\/05\/Sud-Soudan-A-768x576.jpg 768w, https:\/\/www.lamennais.org\/wp-content\/uploads\/2016\/05\/Sud-Soudan-A-1024x768.jpg 1024w, https:\/\/www.lamennais.org\/wp-content\/uploads\/2016\/05\/Sud-Soudan-A-260x195.jpg 260w\" sizes=\"(max-width: 300px) 100vw, 300px\" \/><\/p>\n<p><img decoding=\"async\" class=\" wp-image-19505 alignright\" src=\"http:\/\/www.lamennais.org\/wp-content\/uploads\/2019\/02\/Sud-Soudan.jpg\" alt=\"\" width=\"355\" height=\"356\" srcset=\"https:\/\/www.lamennais.org\/wp-content\/uploads\/2019\/02\/Sud-Soudan.jpg 237w, https:\/\/www.lamennais.org\/wp-content\/uploads\/2019\/02\/Sud-Soudan-150x150.jpg 150w\" sizes=\"(max-width: 355px) 100vw, 355px\" \/>Los <strong>HH. Menesianos de Uganda<\/strong> fundaron una Comunidad el 19 de julio de 2013, en <strong>Riimenze<\/strong>, situada en el centro de una regi\u00f3n rural pobre, a 40 km. de la ciudad de Yambio. Junto a la Comunidad Cristiana, han establecido contactos con las familias y la poblaci\u00f3n y han hecho instalaciones materiales muy necesarias. Era prioritario construir la <strong>casa de la Comunidad.<\/strong> Los HH. Menesianos de Hait\u00ed, Francia, Inglaterra, Canad\u00e1 y USA han colaborado en la financiaci\u00f3n de esta construcci\u00f3n.<\/p>\n<p><img decoding=\"async\" class=\"alignleft size-medium wp-image-1521\" src=\"http:\/\/www.lamennais.org\/wp-content\/uploads\/2016\/05\/Sud-Soudan-B-300x225.jpg\" alt=\"Sud Soudan B\" width=\"300\" height=\"225\" srcset=\"https:\/\/www.lamennais.org\/wp-content\/uploads\/2016\/05\/Sud-Soudan-B-300x225.jpg 300w, https:\/\/www.lamennais.org\/wp-content\/uploads\/2016\/05\/Sud-Soudan-B-768x576.jpg 768w, https:\/\/www.lamennais.org\/wp-content\/uploads\/2016\/05\/Sud-Soudan-B.jpg 1024w, https:\/\/www.lamennais.org\/wp-content\/uploads\/2016\/05\/Sud-Soudan-B-260x195.jpg 260w\" sizes=\"(max-width: 300px) 100vw, 300px\" \/><\/p>\n<p>En una segunda etapa, se ha construido una <strong>Escuela de Primaria<\/strong>. Las Asociaciones de Solidaridad de la Congregaci\u00f3n: <strong><em>\u2018Terre sans fronti\u00e8re \/ Tierra sin fronteras\u2019<\/em><\/strong> (Canad\u00e1), <strong><em>Assific<\/em><\/strong> (Francia) y<em> <strong>SAL<\/strong><\/em> (Espa\u00f1a) han participado activamente en la b\u00fasqueda de financiaci\u00f3n, junto a otros bienhechores solicitados por la Provincia de Uganda. Despu\u00e9s de mucho retraso, en cuanto la estabilidad pol\u00edtica, la escuela pudo abrirse en febrero 2018.<\/p>\n<p><strong>Contacto:<br \/>\nOur Lady of the Assumption<\/strong><br \/>\nPrimary School<br \/>\nRIMENZE<br \/>\n<a href=\"mailto:bro.kiwanuka@gmail.com\">bro.kiwanuka@gmail.com<\/a><\/p>\n","protected":false},"excerpt":{"rendered":"<p>Los HH. Menesianos de Uganda fundaron una Comunidad el 19 de julio de 2013, en Riimenze, situada en el centro de una regi\u00f3n rural pobre, a 40 km. de la ciudad de Yambio. Junto a la Comunidad Cristiana, han establecido contactos con las familias y la poblaci\u00f3n y han hecho instalaciones materiales muy necesarias. Era [&hellip;]<\/p>\n","protected":false},"author":1,"featured_media":0,"parent":5686,"menu_order":0,"comment_status":"closed","ping_status":"closed","template":"","meta":{"footnotes":""},"class_list":["post-5681","page","type-page","status-publish","hentry"],"yoast_head":"<!-- This site is optimized with the Yoast SEO plugin v27.4 - https:\/\/yoast.com\/product\/yoast-seo-wordpress\/ -->\n<title>Sudan-Sur. Una nueva fundaci\u00f3n. - LaMennais.org<\/title>\n<meta name=\"robots\" content=\"index, follow, max-snippet:-1, max-image-preview:large, max-video-preview:-1\" \/>\n<link rel=\"canonical\" href=\"https:\/\/www.lamennais.org\/en-el-mundo\/africa\/sudan-sur-una-nueva-fundacion\/?lang=es\" \/>\n<meta property=\"og:locale\" content=\"es_ES\" \/>\n<meta property=\"og:type\" content=\"article\" \/>\n<meta property=\"og:title\" content=\"Sudan-Sur. Una nueva fundaci\u00f3n. - LaMennais.org\" \/>\n<meta property=\"og:description\" content=\"Los HH. Menesianos de Uganda fundaron una Comunidad el 19 de julio de 2013, en Riimenze, situada en el centro de una regi\u00f3n rural pobre, a 40 km. de la ciudad de Yambio. Junto a la Comunidad Cristiana, han establecido contactos con las familias y la poblaci\u00f3n y han hecho instalaciones materiales muy necesarias. Era [&hellip;]\" \/>\n<meta property=\"og:url\" content=\"https:\/\/www.lamennais.org\/en-el-mundo\/africa\/sudan-sur-una-nueva-fundacion\/?lang=es\" \/>\n<meta property=\"og:site_name\" content=\"LaMennais.org\" \/>\n<meta property=\"article:modified_time\" content=\"2019-02-07T13:12:24+00:00\" \/>\n<meta property=\"og:image\" content=\"http:\/\/www.lamennais.org\/wp-content\/uploads\/2016\/05\/Sud-Soudan-A-300x225.jpg\" \/>\n<meta name=\"twitter:card\" content=\"summary_large_image\" \/>\n<meta name=\"twitter:label1\" content=\"Tiempo de lectura\" \/>\n\t<meta name=\"twitter:data1\" content=\"1 minuto\" \/>\n<script type=\"application\/ld+json\" class=\"yoast-schema-graph\">{\"@context\":\"https:\\\/\\\/schema.org\",\"@graph\":[{\"@type\":\"WebPage\",\"@id\":\"https:\\\/\\\/www.lamennais.org\\\/en-el-mundo\\\/africa\\\/sudan-sur-una-nueva-fundacion\\\/?lang=es\",\"url\":\"https:\\\/\\\/www.lamennais.org\\\/en-el-mundo\\\/africa\\\/sudan-sur-una-nueva-fundacion\\\/?lang=es\",\"name\":\"Sudan-Sur. Una nueva fundaci\u00f3n. - LaMennais.org\",\"isPartOf\":{\"@id\":\"https:\\\/\\\/www.lamennais.org\\\/#website\"},\"primaryImageOfPage\":{\"@id\":\"https:\\\/\\\/www.lamennais.org\\\/en-el-mundo\\\/africa\\\/sudan-sur-una-nueva-fundacion\\\/?lang=es#primaryimage\"},\"image\":{\"@id\":\"https:\\\/\\\/www.lamennais.org\\\/en-el-mundo\\\/africa\\\/sudan-sur-una-nueva-fundacion\\\/?lang=es#primaryimage\"},\"thumbnailUrl\":\"http:\\\/\\\/www.lamennais.org\\\/wp-content\\\/uploads\\\/2016\\\/05\\\/Sud-Soudan-A-300x225.jpg\",\"datePublished\":\"2016-05-14T19:18:56+00:00\",\"dateModified\":\"2019-02-07T13:12:24+00:00\",\"breadcrumb\":{\"@id\":\"https:\\\/\\\/www.lamennais.org\\\/en-el-mundo\\\/africa\\\/sudan-sur-una-nueva-fundacion\\\/?lang=es#breadcrumb\"},\"inLanguage\":\"es\",\"potentialAction\":[{\"@type\":\"ReadAction\",\"target\":[\"https:\\\/\\\/www.lamennais.org\\\/en-el-mundo\\\/africa\\\/sudan-sur-una-nueva-fundacion\\\/?lang=es\"]}]},{\"@type\":\"ImageObject\",\"inLanguage\":\"es\",\"@id\":\"https:\\\/\\\/www.lamennais.org\\\/en-el-mundo\\\/africa\\\/sudan-sur-una-nueva-fundacion\\\/?lang=es#primaryimage\",\"url\":\"http:\\\/\\\/www.lamennais.org\\\/wp-content\\\/uploads\\\/2016\\\/05\\\/Sud-Soudan-A-300x225.jpg\",\"contentUrl\":\"http:\\\/\\\/www.lamennais.org\\\/wp-content\\\/uploads\\\/2016\\\/05\\\/Sud-Soudan-A-300x225.jpg\"},{\"@type\":\"BreadcrumbList\",\"@id\":\"https:\\\/\\\/www.lamennais.org\\\/en-el-mundo\\\/africa\\\/sudan-sur-una-nueva-fundacion\\\/?lang=es#breadcrumb\",\"itemListElement\":[{\"@type\":\"ListItem\",\"position\":1,\"name\":\"Accueil\",\"item\":\"https:\\\/\\\/www.lamennais.org\\\/\"},{\"@type\":\"ListItem\",\"position\":2,\"name\":\"&#8230;en el mundo\",\"item\":\"https:\\\/\\\/www.lamennais.org\\\/en-el-mundo\\\/?lang=es\"},{\"@type\":\"ListItem\",\"position\":3,\"name\":\"\u00c1frica\",\"item\":\"https:\\\/\\\/www.lamennais.org\\\/en-el-mundo\\\/africa\\\/?lang=es\"},{\"@type\":\"ListItem\",\"position\":4,\"name\":\"Sudan-Sur. Una nueva fundaci\u00f3n.\"}]},{\"@type\":\"WebSite\",\"@id\":\"https:\\\/\\\/www.lamennais.org\\\/#website\",\"url\":\"https:\\\/\\\/www.lamennais.org\\\/\",\"name\":\"LaMennais.org\",\"description\":\"Fr\u00e8res de l&#039;Instruction Chr\u00e9tienne et Famille Mennaisienne\",\"potentialAction\":[{\"@type\":\"SearchAction\",\"target\":{\"@type\":\"EntryPoint\",\"urlTemplate\":\"https:\\\/\\\/www.lamennais.org\\\/?s={search_term_string}\"},\"query-input\":{\"@type\":\"PropertyValueSpecification\",\"valueRequired\":true,\"valueName\":\"search_term_string\"}}],\"inLanguage\":\"es\"}]}<\/script>\n<!-- \/ Yoast SEO plugin. -->","yoast_head_json":{"title":"Sudan-Sur. Una nueva fundaci\u00f3n. - LaMennais.org","robots":{"index":"index","follow":"follow","max-snippet":"max-snippet:-1","max-image-preview":"max-image-preview:large","max-video-preview":"max-video-preview:-1"},"canonical":"https:\/\/www.lamennais.org\/en-el-mundo\/africa\/sudan-sur-una-nueva-fundacion\/?lang=es","og_locale":"es_ES","og_type":"article","og_title":"Sudan-Sur. Una nueva fundaci\u00f3n. - LaMennais.org","og_description":"Los HH. Menesianos de Uganda fundaron una Comunidad el 19 de julio de 2013, en Riimenze, situada en el centro de una regi\u00f3n rural pobre, a 40 km. de la ciudad de Yambio. Junto a la Comunidad Cristiana, han establecido contactos con las familias y la poblaci\u00f3n y han hecho instalaciones materiales muy necesarias. Era [&hellip;]","og_url":"https:\/\/www.lamennais.org\/en-el-mundo\/africa\/sudan-sur-una-nueva-fundacion\/?lang=es","og_site_name":"LaMennais.org","article_modified_time":"2019-02-07T13:12:24+00:00","og_image":[{"url":"http:\/\/www.lamennais.org\/wp-content\/uploads\/2016\/05\/Sud-Soudan-A-300x225.jpg","type":"","width":"","height":""}],"twitter_card":"summary_large_image","twitter_misc":{"Tiempo de lectura":"1 minuto"},"schema":{"@context":"https:\/\/schema.org","@graph":[{"@type":"WebPage","@id":"https:\/\/www.lamennais.org\/en-el-mundo\/africa\/sudan-sur-una-nueva-fundacion\/?lang=es","url":"https:\/\/www.lamennais.org\/en-el-mundo\/africa\/sudan-sur-una-nueva-fundacion\/?lang=es","name":"Sudan-Sur. Una nueva fundaci\u00f3n. - LaMennais.org","isPartOf":{"@id":"https:\/\/www.lamennais.org\/#website"},"primaryImageOfPage":{"@id":"https:\/\/www.lamennais.org\/en-el-mundo\/africa\/sudan-sur-una-nueva-fundacion\/?lang=es#primaryimage"},"image":{"@id":"https:\/\/www.lamennais.org\/en-el-mundo\/africa\/sudan-sur-una-nueva-fundacion\/?lang=es#primaryimage"},"thumbnailUrl":"http:\/\/www.lamennais.org\/wp-content\/uploads\/2016\/05\/Sud-Soudan-A-300x225.jpg","datePublished":"2016-05-14T19:18:56+00:00","dateModified":"2019-02-07T13:12:24+00:00","breadcrumb":{"@id":"https:\/\/www.lamennais.org\/en-el-mundo\/africa\/sudan-sur-una-nueva-fundacion\/?lang=es#breadcrumb"},"inLanguage":"es","potentialAction":[{"@type":"ReadAction","target":["https:\/\/www.lamennais.org\/en-el-mundo\/africa\/sudan-sur-una-nueva-fundacion\/?lang=es"]}]},{"@type":"ImageObject","inLanguage":"es","@id":"https:\/\/www.lamennais.org\/en-el-mundo\/africa\/sudan-sur-una-nueva-fundacion\/?lang=es#primaryimage","url":"http:\/\/www.lamennais.org\/wp-content\/uploads\/2016\/05\/Sud-Soudan-A-300x225.jpg","contentUrl":"http:\/\/www.lamennais.org\/wp-content\/uploads\/2016\/05\/Sud-Soudan-A-300x225.jpg"},{"@type":"BreadcrumbList","@id":"https:\/\/www.lamennais.org\/en-el-mundo\/africa\/sudan-sur-una-nueva-fundacion\/?lang=es#breadcrumb","itemListElement":[{"@type":"ListItem","position":1,"name":"Accueil","item":"https:\/\/www.lamennais.org\/"},{"@type":"ListItem","position":2,"name":"&#8230;en el mundo","item":"https:\/\/www.lamennais.org\/en-el-mundo\/?lang=es"},{"@type":"ListItem","position":3,"name":"\u00c1frica","item":"https:\/\/www.lamennais.org\/en-el-mundo\/africa\/?lang=es"},{"@type":"ListItem","position":4,"name":"Sudan-Sur. Una nueva fundaci\u00f3n."}]},{"@type":"WebSite","@id":"https:\/\/www.lamennais.org\/#website","url":"https:\/\/www.lamennais.org\/","name":"LaMennais.org","description":"Fr\u00e8res de l&#039;Instruction Chr\u00e9tienne et Famille Mennaisienne","potentialAction":[{"@type":"SearchAction","target":{"@type":"EntryPoint","urlTemplate":"https:\/\/www.lamennais.org\/?s={search_term_string}"},"query-input":{"@type":"PropertyValueSpecification","valueRequired":true,"valueName":"search_term_string"}}],"inLanguage":"es"}]}},"_links":{"self":[{"href":"https:\/\/www.lamennais.org\/es\/wp-json\/wp\/v2\/pages\/5681","targetHints":{"allow":["GET"]}}],"collection":[{"href":"https:\/\/www.lamennais.org\/es\/wp-json\/wp\/v2\/pages"}],"about":[{"href":"https:\/\/www.lamennais.org\/es\/wp-json\/wp\/v2\/types\/page"}],"author":[{"embeddable":true,"href":"https:\/\/www.lamennais.org\/es\/wp-json\/wp\/v2\/users\/1"}],"replies":[{"embeddable":true,"href":"https:\/\/www.lamennais.org\/es\/wp-json\/wp\/v2\/comments?post=5681"}],"version-history":[{"count":3,"href":"https:\/\/www.lamennais.org\/es\/wp-json\/wp\/v2\/pages\/5681\/revisions"}],"predecessor-version":[{"id":19532,"href":"https:\/\/www.lamennais.org\/es\/wp-json\/wp\/v2\/pages\/5681\/revisions\/19532"}],"up":[{"embeddable":true,"href":"https:\/\/www.lamennais.org\/es\/wp-json\/wp\/v2\/pages\/5686"}],"wp:attachment":[{"href":"https:\/\/www.lamennais.org\/es\/wp-json\/wp\/v2\/media?parent=5681"}],"curies":[{"name":"wp","href":"https:\/\/api.w.org\/{rel}","templated":true}]}}