{"id":5679,"date":"2016-05-01T17:03:19","date_gmt":"2016-05-01T15:03:19","guid":{"rendered":"http:\/\/www.lamennais.org\/?page_id=5679&#038;lang=es"},"modified":"2016-06-12T09:55:20","modified_gmt":"2016-06-12T07:55:20","slug":"senegal","status":"publish","type":"page","link":"https:\/\/www.lamennais.org\/es\/en-el-mundo\/africa\/senegal\/","title":{"rendered":"Senegal"},"content":{"rendered":"<p><strong><br \/>\n<img fetchpriority=\"high\" decoding=\"async\" class=\"alignright size-full wp-image-1522\" src=\"http:\/\/www.lamennais.org\/wp-content\/uploads\/2016\/05\/senegal_resize.jpg\" alt=\"senegal_resize\" width=\"500\" height=\"500\" \/>Ciudades<\/strong>: Diourbel &#8211; Thi\u00e8s &#8211; Velingara<\/p>\n<p><strong>DIOURBEL<br \/>\nFr\u00e8res de Plo\u00ebrmel<\/strong><br \/>\nColl\u00e8ge Paul VI<br \/>\nB.P.20<br \/>\nDIOURBEL<br \/>\nC : <a href=\"mailto:ficdiourbel@yahoo.fr\">ficdiourbel@yahoo.fr <\/a><\/p>\n<p><strong>THIES<br \/>\nCommunaut\u00e9 des Fr\u00e8res Keur \u00abLa Mennais\u00bb<\/strong><br \/>\nBP 3306<br \/>\nTHIES<br \/>\nC:<a href=\"mailto:ficao@orange.sn\"> ficao@orange.sn<\/a><\/p>\n<p><strong>VELINGARA<br \/>\nFr\u00e8res de Plo\u00ebrmel<\/strong><br \/>\nColl\u00e8ge Jean-Paul II<br \/>\nB.P. 7<br \/>\nVELINGARA , S\u00e9n\u00e9gal<br \/>\nC\u00a0: <a href=\"mailto:%20ficjp2@yahoo.fr\">ficjp2@yahoo.fr<\/a><\/p>\n<hr \/>\n<p><strong>AYER, &#8230;<\/strong><\/p>\n<p>Despu\u00e9s de una primera presencia <strong>desde 1841 hasta 1904<\/strong>, los HH. Menesianos volvieron en 1967 abriendo el <em>Colegio Didier-Marie<\/em>, en Saint-Louis. Posteriormente transfirieron la direcci\u00f3n a los laicos en 2001.<br \/>\nLos HH. Menesianos han tenido tambi\u00e9n una escuela de Primaria en <strong>Richard Toll,<\/strong> que ahora administra la di\u00f3cesis.<\/p>\n<p>&nbsp;<\/p>\n<p><strong>HOY.<\/strong><\/p>\n<p><strong>Diourbel:<\/strong> La Comunidad anima all\u00ed el <em>Colegio Pablo VI<\/em>, un internado, Casa de Formaci\u00f3n y una red de escuelas rurales.<br \/>\n<strong>V\u00e9lingara:<\/strong> La Comunidad anima el <em>Colegio Juan Pablo II<\/em>.<br \/>\n<strong>Thi\u00e8s:<\/strong> Los Menesianos dirigen all\u00ed un <em>Hogar Juvenil<\/em>.<\/p>\n<p><strong>\u00a0<\/strong><\/p>\n","protected":false},"excerpt":{"rendered":"<p>Ciudades: Diourbel &#8211; Thi\u00e8s &#8211; Velingara DIOURBEL Fr\u00e8res de Plo\u00ebrmel Coll\u00e8ge Paul VI B.P.20 DIOURBEL C : ficdiourbel@yahoo.fr THIES Communaut\u00e9 des Fr\u00e8res Keur \u00abLa Mennais\u00bb BP 3306 THIES C: ficao@orange.sn VELINGARA Fr\u00e8res de Plo\u00ebrmel Coll\u00e8ge Jean-Paul II B.P. 7 VELINGARA , S\u00e9n\u00e9gal C\u00a0: ficjp2@yahoo.fr AYER, &#8230; Despu\u00e9s de una primera presencia desde 1841 hasta 1904, [&hellip;]<\/p>\n","protected":false},"author":1,"featured_media":0,"parent":5686,"menu_order":0,"comment_status":"closed","ping_status":"closed","template":"","meta":{"footnotes":""},"class_list":["post-5679","page","type-page","status-publish","hentry"],"yoast_head":"<!-- This site is optimized with the Yoast SEO plugin v27.4 - https:\/\/yoast.com\/product\/yoast-seo-wordpress\/ -->\n<title>Senegal - LaMennais.org<\/title>\n<meta name=\"robots\" content=\"index, follow, max-snippet:-1, max-image-preview:large, max-video-preview:-1\" \/>\n<link rel=\"canonical\" href=\"https:\/\/www.lamennais.org\/en-el-mundo\/africa\/senegal\/?lang=es\" \/>\n<meta property=\"og:locale\" content=\"es_ES\" \/>\n<meta property=\"og:type\" content=\"article\" \/>\n<meta property=\"og:title\" content=\"Senegal - LaMennais.org\" \/>\n<meta property=\"og:description\" content=\"Ciudades: Diourbel &#8211; Thi\u00e8s &#8211; Velingara DIOURBEL Fr\u00e8res de Plo\u00ebrmel Coll\u00e8ge Paul VI B.P.20 DIOURBEL C : ficdiourbel@yahoo.fr THIES Communaut\u00e9 des Fr\u00e8res Keur \u00abLa Mennais\u00bb BP 3306 THIES C: ficao@orange.sn VELINGARA Fr\u00e8res de Plo\u00ebrmel Coll\u00e8ge Jean-Paul II B.P. 7 VELINGARA , S\u00e9n\u00e9gal C\u00a0: ficjp2@yahoo.fr AYER, &#8230; Despu\u00e9s de una primera presencia desde 1841 hasta 1904, [&hellip;]\" \/>\n<meta property=\"og:url\" content=\"https:\/\/www.lamennais.org\/en-el-mundo\/africa\/senegal\/?lang=es\" \/>\n<meta property=\"og:site_name\" content=\"LaMennais.org\" \/>\n<meta property=\"article:modified_time\" content=\"2016-06-12T07:55:20+00:00\" \/>\n<meta property=\"og:image\" content=\"http:\/\/www.lamennais.org\/wp-content\/uploads\/2016\/05\/senegal_resize.jpg\" \/>\n<meta name=\"twitter:card\" content=\"summary_large_image\" \/>\n<meta name=\"twitter:label1\" content=\"Tiempo de lectura\" \/>\n\t<meta name=\"twitter:data1\" content=\"1 minuto\" \/>\n<script type=\"application\/ld+json\" class=\"yoast-schema-graph\">{\"@context\":\"https:\\\/\\\/schema.org\",\"@graph\":[{\"@type\":\"WebPage\",\"@id\":\"https:\\\/\\\/www.lamennais.org\\\/en-el-mundo\\\/africa\\\/senegal\\\/?lang=es\",\"url\":\"https:\\\/\\\/www.lamennais.org\\\/en-el-mundo\\\/africa\\\/senegal\\\/?lang=es\",\"name\":\"Senegal - LaMennais.org\",\"isPartOf\":{\"@id\":\"https:\\\/\\\/www.lamennais.org\\\/#website\"},\"primaryImageOfPage\":{\"@id\":\"https:\\\/\\\/www.lamennais.org\\\/en-el-mundo\\\/africa\\\/senegal\\\/?lang=es#primaryimage\"},\"image\":{\"@id\":\"https:\\\/\\\/www.lamennais.org\\\/en-el-mundo\\\/africa\\\/senegal\\\/?lang=es#primaryimage\"},\"thumbnailUrl\":\"http:\\\/\\\/www.lamennais.org\\\/wp-content\\\/uploads\\\/2016\\\/05\\\/senegal_resize.jpg\",\"datePublished\":\"2016-05-01T15:03:19+00:00\",\"dateModified\":\"2016-06-12T07:55:20+00:00\",\"breadcrumb\":{\"@id\":\"https:\\\/\\\/www.lamennais.org\\\/en-el-mundo\\\/africa\\\/senegal\\\/?lang=es#breadcrumb\"},\"inLanguage\":\"es\",\"potentialAction\":[{\"@type\":\"ReadAction\",\"target\":[\"https:\\\/\\\/www.lamennais.org\\\/en-el-mundo\\\/africa\\\/senegal\\\/?lang=es\"]}]},{\"@type\":\"ImageObject\",\"inLanguage\":\"es\",\"@id\":\"https:\\\/\\\/www.lamennais.org\\\/en-el-mundo\\\/africa\\\/senegal\\\/?lang=es#primaryimage\",\"url\":\"http:\\\/\\\/www.lamennais.org\\\/wp-content\\\/uploads\\\/2016\\\/05\\\/senegal_resize.jpg\",\"contentUrl\":\"http:\\\/\\\/www.lamennais.org\\\/wp-content\\\/uploads\\\/2016\\\/05\\\/senegal_resize.jpg\"},{\"@type\":\"BreadcrumbList\",\"@id\":\"https:\\\/\\\/www.lamennais.org\\\/en-el-mundo\\\/africa\\\/senegal\\\/?lang=es#breadcrumb\",\"itemListElement\":[{\"@type\":\"ListItem\",\"position\":1,\"name\":\"Accueil\",\"item\":\"https:\\\/\\\/www.lamennais.org\\\/\"},{\"@type\":\"ListItem\",\"position\":2,\"name\":\"&#8230;en el mundo\",\"item\":\"https:\\\/\\\/www.lamennais.org\\\/en-el-mundo\\\/?lang=es\"},{\"@type\":\"ListItem\",\"position\":3,\"name\":\"\u00c1frica\",\"item\":\"https:\\\/\\\/www.lamennais.org\\\/en-el-mundo\\\/africa\\\/?lang=es\"},{\"@type\":\"ListItem\",\"position\":4,\"name\":\"Senegal\"}]},{\"@type\":\"WebSite\",\"@id\":\"https:\\\/\\\/www.lamennais.org\\\/#website\",\"url\":\"https:\\\/\\\/www.lamennais.org\\\/\",\"name\":\"LaMennais.org\",\"description\":\"Fr\u00e8res de l&#039;Instruction Chr\u00e9tienne et Famille Mennaisienne\",\"potentialAction\":[{\"@type\":\"SearchAction\",\"target\":{\"@type\":\"EntryPoint\",\"urlTemplate\":\"https:\\\/\\\/www.lamennais.org\\\/?s={search_term_string}\"},\"query-input\":{\"@type\":\"PropertyValueSpecification\",\"valueRequired\":true,\"valueName\":\"search_term_string\"}}],\"inLanguage\":\"es\"}]}<\/script>\n<!-- \/ Yoast SEO plugin. -->","yoast_head_json":{"title":"Senegal - LaMennais.org","robots":{"index":"index","follow":"follow","max-snippet":"max-snippet:-1","max-image-preview":"max-image-preview:large","max-video-preview":"max-video-preview:-1"},"canonical":"https:\/\/www.lamennais.org\/en-el-mundo\/africa\/senegal\/?lang=es","og_locale":"es_ES","og_type":"article","og_title":"Senegal - LaMennais.org","og_description":"Ciudades: Diourbel &#8211; Thi\u00e8s &#8211; Velingara DIOURBEL Fr\u00e8res de Plo\u00ebrmel Coll\u00e8ge Paul VI B.P.20 DIOURBEL C : ficdiourbel@yahoo.fr THIES Communaut\u00e9 des Fr\u00e8res Keur \u00abLa Mennais\u00bb BP 3306 THIES C: ficao@orange.sn VELINGARA Fr\u00e8res de Plo\u00ebrmel Coll\u00e8ge Jean-Paul II B.P. 7 VELINGARA , S\u00e9n\u00e9gal C\u00a0: ficjp2@yahoo.fr AYER, &#8230; Despu\u00e9s de una primera presencia desde 1841 hasta 1904, [&hellip;]","og_url":"https:\/\/www.lamennais.org\/en-el-mundo\/africa\/senegal\/?lang=es","og_site_name":"LaMennais.org","article_modified_time":"2016-06-12T07:55:20+00:00","og_image":[{"url":"http:\/\/www.lamennais.org\/wp-content\/uploads\/2016\/05\/senegal_resize.jpg","type":"","width":"","height":""}],"twitter_card":"summary_large_image","twitter_misc":{"Tiempo de lectura":"1 minuto"},"schema":{"@context":"https:\/\/schema.org","@graph":[{"@type":"WebPage","@id":"https:\/\/www.lamennais.org\/en-el-mundo\/africa\/senegal\/?lang=es","url":"https:\/\/www.lamennais.org\/en-el-mundo\/africa\/senegal\/?lang=es","name":"Senegal - LaMennais.org","isPartOf":{"@id":"https:\/\/www.lamennais.org\/#website"},"primaryImageOfPage":{"@id":"https:\/\/www.lamennais.org\/en-el-mundo\/africa\/senegal\/?lang=es#primaryimage"},"image":{"@id":"https:\/\/www.lamennais.org\/en-el-mundo\/africa\/senegal\/?lang=es#primaryimage"},"thumbnailUrl":"http:\/\/www.lamennais.org\/wp-content\/uploads\/2016\/05\/senegal_resize.jpg","datePublished":"2016-05-01T15:03:19+00:00","dateModified":"2016-06-12T07:55:20+00:00","breadcrumb":{"@id":"https:\/\/www.lamennais.org\/en-el-mundo\/africa\/senegal\/?lang=es#breadcrumb"},"inLanguage":"es","potentialAction":[{"@type":"ReadAction","target":["https:\/\/www.lamennais.org\/en-el-mundo\/africa\/senegal\/?lang=es"]}]},{"@type":"ImageObject","inLanguage":"es","@id":"https:\/\/www.lamennais.org\/en-el-mundo\/africa\/senegal\/?lang=es#primaryimage","url":"http:\/\/www.lamennais.org\/wp-content\/uploads\/2016\/05\/senegal_resize.jpg","contentUrl":"http:\/\/www.lamennais.org\/wp-content\/uploads\/2016\/05\/senegal_resize.jpg"},{"@type":"BreadcrumbList","@id":"https:\/\/www.lamennais.org\/en-el-mundo\/africa\/senegal\/?lang=es#breadcrumb","itemListElement":[{"@type":"ListItem","position":1,"name":"Accueil","item":"https:\/\/www.lamennais.org\/"},{"@type":"ListItem","position":2,"name":"&#8230;en el mundo","item":"https:\/\/www.lamennais.org\/en-el-mundo\/?lang=es"},{"@type":"ListItem","position":3,"name":"\u00c1frica","item":"https:\/\/www.lamennais.org\/en-el-mundo\/africa\/?lang=es"},{"@type":"ListItem","position":4,"name":"Senegal"}]},{"@type":"WebSite","@id":"https:\/\/www.lamennais.org\/#website","url":"https:\/\/www.lamennais.org\/","name":"LaMennais.org","description":"Fr\u00e8res de l&#039;Instruction Chr\u00e9tienne et Famille Mennaisienne","potentialAction":[{"@type":"SearchAction","target":{"@type":"EntryPoint","urlTemplate":"https:\/\/www.lamennais.org\/?s={search_term_string}"},"query-input":{"@type":"PropertyValueSpecification","valueRequired":true,"valueName":"search_term_string"}}],"inLanguage":"es"}]}},"_links":{"self":[{"href":"https:\/\/www.lamennais.org\/es\/wp-json\/wp\/v2\/pages\/5679","targetHints":{"allow":["GET"]}}],"collection":[{"href":"https:\/\/www.lamennais.org\/es\/wp-json\/wp\/v2\/pages"}],"about":[{"href":"https:\/\/www.lamennais.org\/es\/wp-json\/wp\/v2\/types\/page"}],"author":[{"embeddable":true,"href":"https:\/\/www.lamennais.org\/es\/wp-json\/wp\/v2\/users\/1"}],"replies":[{"embeddable":true,"href":"https:\/\/www.lamennais.org\/es\/wp-json\/wp\/v2\/comments?post=5679"}],"version-history":[{"count":4,"href":"https:\/\/www.lamennais.org\/es\/wp-json\/wp\/v2\/pages\/5679\/revisions"}],"predecessor-version":[{"id":7808,"href":"https:\/\/www.lamennais.org\/es\/wp-json\/wp\/v2\/pages\/5679\/revisions\/7808"}],"up":[{"embeddable":true,"href":"https:\/\/www.lamennais.org\/es\/wp-json\/wp\/v2\/pages\/5686"}],"wp:attachment":[{"href":"https:\/\/www.lamennais.org\/es\/wp-json\/wp\/v2\/media?parent=5679"}],"curies":[{"name":"wp","href":"https:\/\/api.w.org\/{rel}","templated":true}]}}