{"id":5677,"date":"2016-05-01T16:53:20","date_gmt":"2016-05-01T14:53:20","guid":{"rendered":"http:\/\/www.lamennais.org\/?page_id=5677&#038;lang=es"},"modified":"2024-12-21T10:29:16","modified_gmt":"2024-12-21T09:29:16","slug":"rwanda","status":"publish","type":"page","link":"https:\/\/www.lamennais.org\/es\/en-el-mundo\/africa\/rwanda\/","title":{"rendered":"Rwanda"},"content":{"rendered":"<p><img fetchpriority=\"high\" decoding=\"async\" class=\"alignright size-full wp-image-1514\" src=\"http:\/\/www.lamennais.org\/wp-content\/uploads\/2016\/05\/rwanda_resize.jpg\" alt=\"rwanda_resize\" width=\"500\" height=\"500\" \/><strong>Distrito ND de Kibeho : Rwanda<\/strong><\/p>\n<p><strong>Ciudades<\/strong>: Kirambo &#8211; Gisenyi &#8211; Nyundo<\/p>\n<p><strong><span style=\"color: #3366ff;\">KIRAMBO<\/span><br \/>\nCommunaut\u00e9 des Fr\u00e8res<br \/>\n<\/strong>TTC Kirambo<br \/>\nBP 58 KIGALI<br \/>\nC : \u00a0 <u><a href=\"mailto:emmabazi@yahoo.com\">emmabazi@yahoo.com<\/a><\/u><\/p>\n<p><span style=\"color: #3366ff;\"><strong>GISENYI<\/strong><\/span><br \/>\n<strong>Communaut\u00e9 FIC<\/strong><br \/>\nBP 238 GISENYI<br \/>\nC : <a href=\"mailto:didocoth@yahoo.fr\">didocoth@yahoo.fr<\/a><\/p>\n<p><strong><span style=\"color: #3366ff;\">NYUNDO<\/span><br \/>\nCommunaut\u00e9\u00a0<\/strong><strong>FIC<br \/>\nPostulat Notre-Dame des Ap\u00f4tres<br \/>\n<\/strong>BP 238 GYSENYI<br \/>\nC : <a href=\"mailto:emmarwa05@yahoo.fr\">emmarwa05@yahoo.fr<\/a><\/p>\n<hr \/>\n<p>Desde 1968, algunos HH. Menesianos Canadienses llegaron a Ruanda y comenzaron a estudiar la lengua local. En <strong>GISENYI<\/strong>,\u00a0los HH.<\/p>\n<div id=\"attachment_1515\" style=\"width: 310px\" class=\"wp-caption alignright\"><img decoding=\"async\" aria-describedby=\"caption-attachment-1515\" class=\"wp-image-1515 size-medium\" src=\"https:\/\/www.lamennais.org\/wp-content\/uploads\/2016\/05\/Rwanda-A-Nyundo-300x169.jpg\" alt=\"Rwanda A+ Nyundo\" width=\"300\" height=\"169\" srcset=\"https:\/\/www.lamennais.org\/wp-content\/uploads\/2016\/05\/Rwanda-A-Nyundo-300x169.jpg 300w, https:\/\/www.lamennais.org\/wp-content\/uploads\/2016\/05\/Rwanda-A-Nyundo-768x432.jpg 768w, https:\/\/www.lamennais.org\/wp-content\/uploads\/2016\/05\/Rwanda-A-Nyundo-1024x576.jpg 1024w, https:\/\/www.lamennais.org\/wp-content\/uploads\/2016\/05\/Rwanda-A-Nyundo-260x146.jpg 260w\" sizes=\"(max-width: 300px) 100vw, 300px\" \/><p id=\"caption-attachment-1515\" class=\"wp-caption-text\">Nyundo<\/p><\/div>\n<p>Menesianos se hicieron cargo del\u00a0Colegio Inyemeramihigo, centro t\u00e9cnico agr\u00edcola y de servicios.<\/p>\n<p><strong>En 1975: Los HH Menesianos se instalaron en \u00a0RAMBURA.<\/strong>\u00a0El colegio existente ten\u00eda una marcada vocaci\u00f3n agr\u00edcola. Pero en 1983, la Instituci\u00f3n, reconstruida de nuevo, cambi\u00f3 totalmente de orientaci\u00f3n y se convirti\u00f3 en un Colegio T\u00e9cnico de Secundaria con 4 especialidades: Letras, Matem\u00e1ticas, Bioqu\u00edmica y una Secci\u00f3n Normal T\u00e9cnica. En 1992, cuando este colegio funcionaba a pleno rendimiento, se pidi\u00f3 a los HH. Menesianos que lo abandonasen para dejar la direcci\u00f3n al P\u00e1rroco. Entonces, se marcharon a <strong>KIRAMBO<\/strong> y abrieron un colegio.<\/p>\n<p>En 1981, el Noviciado, que hab\u00eda comenzado en Rambura en 1975, se traslad\u00f3 a Nyundo. En el mismo a\u00f1o los HH Menesianos llegaron a<strong> BUTAMWA.<\/strong> En esta localidad, el\u00a0<strong>H. Fran\u00e7ois Cardinal<\/strong>\u00a0era el alma mater de un Centro de Formaci\u00f3n Rural. El 29 de noviembre de 1992, fue asesinado.<\/p>\n<p><strong>En 1994,<\/strong> el asesinato del Presidente, el general Habyarimana, fue la chispa que dio origen al terrible genocidio. El pa\u00eds se ha esforzado por levantarse poco a poco de este drama.<\/p>\n<p>Despu\u00e9s de una retirada temporal, tanto los Hermanos canadienses como los Hermanos Ruandeses supervivientes, regresaron a Kirambo y Gisenyi. Restauraron las comunidades de Nyundo y de Gisenyi. <strong>La escuela normal de Kirambo<\/strong>, reconstruida y ampliada con ayuda del gobierno, tiene hoy el estatuto de Escuela Normal Mixta.<\/p>\n<p>La comunidad de <strong>Nyundo<\/strong> acoge ahora a los pre-postulantes y postulantes ruandeses.<\/p>\n<p>En 2018, una nueva escuela primaria \u00abNuestra se\u00f1ora de los Ap\u00f3stoles\u00bb est\u00e1 abierta al lado de la comunidad.<\/p>\n<div id=\"attachment_1516\" style=\"width: 310px\" class=\"wp-caption alignleft\"><img decoding=\"async\" aria-describedby=\"caption-attachment-1516\" class=\"size-medium wp-image-1516\" src=\"https:\/\/www.lamennais.org\/wp-content\/uploads\/2016\/05\/Rwanda-B-Kirambo-300x225.jpg\" alt=\"Kirambo\" width=\"300\" height=\"225\" srcset=\"https:\/\/www.lamennais.org\/wp-content\/uploads\/2016\/05\/Rwanda-B-Kirambo-300x225.jpg 300w, https:\/\/www.lamennais.org\/wp-content\/uploads\/2016\/05\/Rwanda-B-Kirambo-260x195.jpg 260w, https:\/\/www.lamennais.org\/wp-content\/uploads\/2016\/05\/Rwanda-B-Kirambo.jpg 640w\" sizes=\"(max-width: 300px) 100vw, 300px\" \/><p id=\"caption-attachment-1516\" class=\"wp-caption-text\">Kirambo<\/p><\/div>\n<p><strong>En 2002, en Gisenyi, el Hno Gabriel Lauzon fund\u00f3<\/strong> en colaboraci\u00f3n con el Padre Ep\u00edmaco MAKUZA, que era p\u00e1rroco de la Parroquia Stella Maris de Gisenyi, la <strong>asociaci\u00f3n<\/strong> <strong>\u201cVisi\u00f3n Nueva Juventud\u201d<\/strong>. Esta organizaci\u00f3n trabaja en estrecha colaboraci\u00f3n con la di\u00f3cesis, las instituciones estatales y otros diferentes organismos. La asociaci\u00f3n est\u00e1, sobre todo, al servicio de la juventud no escolarizada, especialmente de los ni\u00f1os y j\u00f3venes m\u00e1s necesitados, indigentes y, con frecuencia, marginados, (los pigmeos, los sordomudos y los hu\u00e9rfanos, \u2026), sin olvidar, por supuesto, a los chicos escolarizados. El objetivo general es luchar entre los j\u00f3venes contra la lacra del SIDA y otras ETS (Enfermedades de Trasmisi\u00f3n Sexual ), y tambi\u00e9n contra la delincuencia en todas sus formas. Las actividades de\u00a0<strong>Visi\u00f3n Nueva Juventud<\/strong>\u00a0re\u00fanen a m\u00e1s\u00a0<strong>20.000 j\u00f3venes de entre 10 y 20 a\u00f1os<\/strong>, repartidos por toda la regi\u00f3n.<\/p>\n<p>Contacto:<br \/>\n<a href=\"http:\/\/visionjeunessenouvelle.org.rw\/\">http:\/\/visionjeunessenouvelle.org.rw<\/a><\/p>\n<ol>\n<li>Formaci\u00f3n: Alfabetizaci\u00f3n, franc\u00e9s e ingl\u00e9s, tambi\u00e9n a grupos marginales como los sordos.<\/li>\n<li>Deportes y tiempo libre: f\u00fatbol, voleibol, baloncesto, balonmano, nataci\u00f3n, artes circenses, k\u00e1rate, atletismo y kung-fu.<\/li>\n<li>Cultura: Grupos de teatro, bailes tradicionales y modernos, orquestas, biblioteca, Internet y artes oratorias.<\/li>\n<li>Asistencia a las personas vulnerables: cooperativas de j\u00f3venes, actividades remuneradas, aprendizaje de oficios, micro-finanzas, iniciaci\u00f3n al ahorro y al cr\u00e9dito.<\/li>\n<\/ol>\n<p>En <strong>2015<\/strong>, sobre un terreno adquirido en la ciudad de Gisenyi, los Hermanos han construido unas clases y han abierto una escuela maternal y primaria \u00abSanto Juan-Pablo II\u00bb.<\/p>\n<p><strong>A finales de 2024<\/strong>, el Distrito San Juan Pablo II (Congo RDC y Ruanda) se divide en un <strong>Distrito (Distrito ND de Kibeho: Ruanda)<\/strong> y una <strong>Delegaci\u00f3n (Delegaci\u00f3n San Jos\u00e9: Congo RDC)<\/strong><\/p>\n","protected":false},"excerpt":{"rendered":"<p>Distrito ND de Kibeho : Rwanda Ciudades: Kirambo &#8211; Gisenyi &#8211; Nyundo KIRAMBO Communaut\u00e9 des Fr\u00e8res TTC Kirambo BP 58 KIGALI C : \u00a0 emmabazi@yahoo.com GISENYI Communaut\u00e9 FIC BP 238 GISENYI C : didocoth@yahoo.fr NYUNDO Communaut\u00e9\u00a0FIC Postulat Notre-Dame des Ap\u00f4tres BP 238 GYSENYI C : emmarwa05@yahoo.fr Desde 1968, algunos HH. Menesianos Canadienses llegaron a Ruanda [&hellip;]<\/p>\n","protected":false},"author":1,"featured_media":0,"parent":5686,"menu_order":0,"comment_status":"closed","ping_status":"closed","template":"","meta":{"footnotes":""},"class_list":["post-5677","page","type-page","status-publish","hentry"],"yoast_head":"<!-- This site is optimized with the Yoast SEO plugin v27.4 - https:\/\/yoast.com\/product\/yoast-seo-wordpress\/ -->\n<title>Rwanda - LaMennais.org<\/title>\n<meta name=\"robots\" content=\"index, follow, max-snippet:-1, max-image-preview:large, max-video-preview:-1\" \/>\n<link rel=\"canonical\" href=\"https:\/\/www.lamennais.org\/es\/en-el-mundo\/africa\/rwanda\/\" \/>\n<meta property=\"og:locale\" content=\"es_ES\" \/>\n<meta property=\"og:type\" content=\"article\" \/>\n<meta property=\"og:title\" content=\"Rwanda - LaMennais.org\" \/>\n<meta property=\"og:description\" content=\"Distrito ND de Kibeho : Rwanda Ciudades: Kirambo &#8211; Gisenyi &#8211; Nyundo KIRAMBO Communaut\u00e9 des Fr\u00e8res TTC Kirambo BP 58 KIGALI C : \u00a0 emmabazi@yahoo.com GISENYI Communaut\u00e9 FIC BP 238 GISENYI C : didocoth@yahoo.fr NYUNDO Communaut\u00e9\u00a0FIC Postulat Notre-Dame des Ap\u00f4tres BP 238 GYSENYI C : emmarwa05@yahoo.fr Desde 1968, algunos HH. Menesianos Canadienses llegaron a Ruanda [&hellip;]\" \/>\n<meta property=\"og:url\" content=\"https:\/\/www.lamennais.org\/es\/en-el-mundo\/africa\/rwanda\/\" \/>\n<meta property=\"og:site_name\" content=\"LaMennais.org\" \/>\n<meta property=\"article:modified_time\" content=\"2024-12-21T09:29:16+00:00\" \/>\n<meta property=\"og:image\" content=\"http:\/\/www.lamennais.org\/wp-content\/uploads\/2016\/05\/rwanda_resize.jpg\" \/>\n<meta name=\"twitter:card\" content=\"summary_large_image\" \/>\n<meta name=\"twitter:label1\" content=\"Tiempo de lectura\" \/>\n\t<meta name=\"twitter:data1\" content=\"4 minutos\" \/>\n<script type=\"application\/ld+json\" class=\"yoast-schema-graph\">{\"@context\":\"https:\\\/\\\/schema.org\",\"@graph\":[{\"@type\":\"WebPage\",\"@id\":\"https:\\\/\\\/www.lamennais.org\\\/es\\\/en-el-mundo\\\/africa\\\/rwanda\\\/\",\"url\":\"https:\\\/\\\/www.lamennais.org\\\/es\\\/en-el-mundo\\\/africa\\\/rwanda\\\/\",\"name\":\"Rwanda - LaMennais.org\",\"isPartOf\":{\"@id\":\"https:\\\/\\\/www.lamennais.org\\\/#website\"},\"primaryImageOfPage\":{\"@id\":\"https:\\\/\\\/www.lamennais.org\\\/es\\\/en-el-mundo\\\/africa\\\/rwanda\\\/#primaryimage\"},\"image\":{\"@id\":\"https:\\\/\\\/www.lamennais.org\\\/es\\\/en-el-mundo\\\/africa\\\/rwanda\\\/#primaryimage\"},\"thumbnailUrl\":\"http:\\\/\\\/www.lamennais.org\\\/wp-content\\\/uploads\\\/2016\\\/05\\\/rwanda_resize.jpg\",\"datePublished\":\"2016-05-01T14:53:20+00:00\",\"dateModified\":\"2024-12-21T09:29:16+00:00\",\"breadcrumb\":{\"@id\":\"https:\\\/\\\/www.lamennais.org\\\/es\\\/en-el-mundo\\\/africa\\\/rwanda\\\/#breadcrumb\"},\"inLanguage\":\"es\",\"potentialAction\":[{\"@type\":\"ReadAction\",\"target\":[\"https:\\\/\\\/www.lamennais.org\\\/es\\\/en-el-mundo\\\/africa\\\/rwanda\\\/\"]}]},{\"@type\":\"ImageObject\",\"inLanguage\":\"es\",\"@id\":\"https:\\\/\\\/www.lamennais.org\\\/es\\\/en-el-mundo\\\/africa\\\/rwanda\\\/#primaryimage\",\"url\":\"http:\\\/\\\/www.lamennais.org\\\/wp-content\\\/uploads\\\/2016\\\/05\\\/rwanda_resize.jpg\",\"contentUrl\":\"http:\\\/\\\/www.lamennais.org\\\/wp-content\\\/uploads\\\/2016\\\/05\\\/rwanda_resize.jpg\"},{\"@type\":\"BreadcrumbList\",\"@id\":\"https:\\\/\\\/www.lamennais.org\\\/es\\\/en-el-mundo\\\/africa\\\/rwanda\\\/#breadcrumb\",\"itemListElement\":[{\"@type\":\"ListItem\",\"position\":1,\"name\":\"Accueil\",\"item\":\"https:\\\/\\\/www.lamennais.org\\\/\"},{\"@type\":\"ListItem\",\"position\":2,\"name\":\"&#8230;en el mundo\",\"item\":\"https:\\\/\\\/www.lamennais.org\\\/en-el-mundo\\\/?lang=es\"},{\"@type\":\"ListItem\",\"position\":3,\"name\":\"\u00c1frica\",\"item\":\"https:\\\/\\\/www.lamennais.org\\\/en-el-mundo\\\/africa\\\/?lang=es\"},{\"@type\":\"ListItem\",\"position\":4,\"name\":\"Rwanda\"}]},{\"@type\":\"WebSite\",\"@id\":\"https:\\\/\\\/www.lamennais.org\\\/#website\",\"url\":\"https:\\\/\\\/www.lamennais.org\\\/\",\"name\":\"LaMennais.org\",\"description\":\"Fr\u00e8res de l&#039;Instruction Chr\u00e9tienne et Famille Mennaisienne\",\"potentialAction\":[{\"@type\":\"SearchAction\",\"target\":{\"@type\":\"EntryPoint\",\"urlTemplate\":\"https:\\\/\\\/www.lamennais.org\\\/?s={search_term_string}\"},\"query-input\":{\"@type\":\"PropertyValueSpecification\",\"valueRequired\":true,\"valueName\":\"search_term_string\"}}],\"inLanguage\":\"es\"}]}<\/script>\n<!-- \/ Yoast SEO plugin. -->","yoast_head_json":{"title":"Rwanda - LaMennais.org","robots":{"index":"index","follow":"follow","max-snippet":"max-snippet:-1","max-image-preview":"max-image-preview:large","max-video-preview":"max-video-preview:-1"},"canonical":"https:\/\/www.lamennais.org\/es\/en-el-mundo\/africa\/rwanda\/","og_locale":"es_ES","og_type":"article","og_title":"Rwanda - LaMennais.org","og_description":"Distrito ND de Kibeho : Rwanda Ciudades: Kirambo &#8211; Gisenyi &#8211; Nyundo KIRAMBO Communaut\u00e9 des Fr\u00e8res TTC Kirambo BP 58 KIGALI C : \u00a0 emmabazi@yahoo.com GISENYI Communaut\u00e9 FIC BP 238 GISENYI C : didocoth@yahoo.fr NYUNDO Communaut\u00e9\u00a0FIC Postulat Notre-Dame des Ap\u00f4tres BP 238 GYSENYI C : emmarwa05@yahoo.fr Desde 1968, algunos HH. Menesianos Canadienses llegaron a Ruanda [&hellip;]","og_url":"https:\/\/www.lamennais.org\/es\/en-el-mundo\/africa\/rwanda\/","og_site_name":"LaMennais.org","article_modified_time":"2024-12-21T09:29:16+00:00","og_image":[{"url":"http:\/\/www.lamennais.org\/wp-content\/uploads\/2016\/05\/rwanda_resize.jpg","type":"","width":"","height":""}],"twitter_card":"summary_large_image","twitter_misc":{"Tiempo de lectura":"4 minutos"},"schema":{"@context":"https:\/\/schema.org","@graph":[{"@type":"WebPage","@id":"https:\/\/www.lamennais.org\/es\/en-el-mundo\/africa\/rwanda\/","url":"https:\/\/www.lamennais.org\/es\/en-el-mundo\/africa\/rwanda\/","name":"Rwanda - LaMennais.org","isPartOf":{"@id":"https:\/\/www.lamennais.org\/#website"},"primaryImageOfPage":{"@id":"https:\/\/www.lamennais.org\/es\/en-el-mundo\/africa\/rwanda\/#primaryimage"},"image":{"@id":"https:\/\/www.lamennais.org\/es\/en-el-mundo\/africa\/rwanda\/#primaryimage"},"thumbnailUrl":"http:\/\/www.lamennais.org\/wp-content\/uploads\/2016\/05\/rwanda_resize.jpg","datePublished":"2016-05-01T14:53:20+00:00","dateModified":"2024-12-21T09:29:16+00:00","breadcrumb":{"@id":"https:\/\/www.lamennais.org\/es\/en-el-mundo\/africa\/rwanda\/#breadcrumb"},"inLanguage":"es","potentialAction":[{"@type":"ReadAction","target":["https:\/\/www.lamennais.org\/es\/en-el-mundo\/africa\/rwanda\/"]}]},{"@type":"ImageObject","inLanguage":"es","@id":"https:\/\/www.lamennais.org\/es\/en-el-mundo\/africa\/rwanda\/#primaryimage","url":"http:\/\/www.lamennais.org\/wp-content\/uploads\/2016\/05\/rwanda_resize.jpg","contentUrl":"http:\/\/www.lamennais.org\/wp-content\/uploads\/2016\/05\/rwanda_resize.jpg"},{"@type":"BreadcrumbList","@id":"https:\/\/www.lamennais.org\/es\/en-el-mundo\/africa\/rwanda\/#breadcrumb","itemListElement":[{"@type":"ListItem","position":1,"name":"Accueil","item":"https:\/\/www.lamennais.org\/"},{"@type":"ListItem","position":2,"name":"&#8230;en el mundo","item":"https:\/\/www.lamennais.org\/en-el-mundo\/?lang=es"},{"@type":"ListItem","position":3,"name":"\u00c1frica","item":"https:\/\/www.lamennais.org\/en-el-mundo\/africa\/?lang=es"},{"@type":"ListItem","position":4,"name":"Rwanda"}]},{"@type":"WebSite","@id":"https:\/\/www.lamennais.org\/#website","url":"https:\/\/www.lamennais.org\/","name":"LaMennais.org","description":"Fr\u00e8res de l&#039;Instruction Chr\u00e9tienne et Famille Mennaisienne","potentialAction":[{"@type":"SearchAction","target":{"@type":"EntryPoint","urlTemplate":"https:\/\/www.lamennais.org\/?s={search_term_string}"},"query-input":{"@type":"PropertyValueSpecification","valueRequired":true,"valueName":"search_term_string"}}],"inLanguage":"es"}]}},"_links":{"self":[{"href":"https:\/\/www.lamennais.org\/es\/wp-json\/wp\/v2\/pages\/5677","targetHints":{"allow":["GET"]}}],"collection":[{"href":"https:\/\/www.lamennais.org\/es\/wp-json\/wp\/v2\/pages"}],"about":[{"href":"https:\/\/www.lamennais.org\/es\/wp-json\/wp\/v2\/types\/page"}],"author":[{"embeddable":true,"href":"https:\/\/www.lamennais.org\/es\/wp-json\/wp\/v2\/users\/1"}],"replies":[{"embeddable":true,"href":"https:\/\/www.lamennais.org\/es\/wp-json\/wp\/v2\/comments?post=5677"}],"version-history":[{"count":6,"href":"https:\/\/www.lamennais.org\/es\/wp-json\/wp\/v2\/pages\/5677\/revisions"}],"predecessor-version":[{"id":43920,"href":"https:\/\/www.lamennais.org\/es\/wp-json\/wp\/v2\/pages\/5677\/revisions\/43920"}],"up":[{"embeddable":true,"href":"https:\/\/www.lamennais.org\/es\/wp-json\/wp\/v2\/pages\/5686"}],"wp:attachment":[{"href":"https:\/\/www.lamennais.org\/es\/wp-json\/wp\/v2\/media?parent=5677"}],"curies":[{"name":"wp","href":"https:\/\/api.w.org\/{rel}","templated":true}]}}