{"id":5675,"date":"2016-05-01T16:38:15","date_gmt":"2016-05-01T14:38:15","guid":{"rendered":"http:\/\/www.lamennais.org\/?page_id=5675&#038;lang=es"},"modified":"2024-12-20T09:24:48","modified_gmt":"2024-12-20T08:24:48","slug":"uganda","status":"publish","type":"page","link":"https:\/\/www.lamennais.org\/es\/en-el-mundo\/africa\/uganda\/","title":{"rendered":"Uganda"},"content":{"rendered":"<p><strong><img fetchpriority=\"high\" decoding=\"async\" class=\"alignright size-full wp-image-1504\" src=\"https:\/\/www.lamennais.org\/wp-content\/uploads\/2016\/05\/uganda_resize.jpg\" alt=\"uganda_resize\" width=\"500\" height=\"500\" srcset=\"https:\/\/www.lamennais.org\/wp-content\/uploads\/2016\/05\/uganda_resize.jpg 500w, https:\/\/www.lamennais.org\/wp-content\/uploads\/2016\/05\/uganda_resize-150x150.jpg 150w, https:\/\/www.lamennais.org\/wp-content\/uploads\/2016\/05\/uganda_resize-300x300.jpg 300w, https:\/\/www.lamennais.org\/wp-content\/uploads\/2016\/05\/uganda_resize-260x260.jpg 260w\" sizes=\"(max-width: 500px) 100vw, 500px\" \/>Province of Saint Teresa<br \/>\n<\/strong><a href=\"http:\/\/www.bcikisubiuganda.org\">www.bcikisubiuganda.org <\/a><\/p>\n<p><strong>Villes<\/strong> : Buhungiro &#8211; Bukuumi &#8211; Ibanda &#8211; Kabojja &#8211; Kakooge &#8211; Kambuga &#8211; Kampala &#8211; Kasasa &#8211; Kisubi &#8211; Kitovu \u2013 Makerere \u2013 Mubende \u2013 Nebbi &#8211; Nkozi &#8211; Rubaga &#8211; Zombo<\/p>\n<table>\n<tbody>\n<tr>\n<td width=\"151\"><strong><span style=\"color: #0000ff;\">BUKUUMI<\/span><br \/>\n<\/strong>Community<br \/>\n<strong>Saint Edwards&#8217;S Secondary School<\/strong><br \/>\nPO Box 507 Kakumiro<br \/>\nBUKUUMI<br \/>\nC : <a href=\"mailto:jfnjogerere@gmail.com\">jfnjogerere@gmail.com<\/a><\/td>\n<td width=\"151\"><strong><span style=\"color: #0000ff;\">IBANDA<\/span><br \/>\n<\/strong>Community<br \/>\n<strong>St John Fisher Ibanda Secondary School<\/strong><br \/>\nPO Box 102<br \/>\nIBANDA<br \/>\nC : <a href=\"mailto:bakesiima17@gmail.com\">bakesiima17@gmail.com<\/a><\/td>\n<td width=\"151\"><strong><span style=\"color: #0000ff;\">KABOJJA<\/span><br \/>\n<\/strong>Community<br \/>\n<strong>Mugwanya Preparatory School Kabojja<\/strong><br \/>\nPO Box 30389<br \/>\nKAMPALA<br \/>\nC : <a href=\"mailto:rtumwesigye@yahoo.com\">rtumwesigye@yahoo.com<\/a><\/td>\n<td width=\"151\"><strong><span style=\"color: #0000ff;\">KAKOOGE<\/span><br \/>\n<\/strong>Community<br \/>\n<strong>Saint Jude Primary School<\/strong><br \/>\nPO Box 228<br \/>\nKAKOOGE-Luweero<br \/>\nC : <a href=\"mailto:twongyeirwevianney@yahoo.com\">twongyeirwevianney@yahoo.com<\/a><\/td>\n<\/tr>\n<tr>\n<td width=\"151\"><strong><span style=\"color: #0000ff;\">KAKOOGE<\/span><br \/>\n<\/strong>Community<br \/>\n<strong>Saint John Paul II Technical School<\/strong><br \/>\nPO Box 283<br \/>\nKAKOOGE-Luweero<br \/>\nC : <a href=\"mailto:kiizajoseph@yahoo.com\">kiizajoseph@yahoo.com<\/a><\/td>\n<td width=\"151\"><strong><span style=\"color: #0000ff;\">KAMBUGA<\/span><br \/>\n<\/strong>Community<br \/>\n<strong>Bishop Comboni College<\/strong><br \/>\nPO Box 212<br \/>\nRukungiri<br \/>\nC : <a href=\"mailto:byekwaso10@gmail.com\">byekwaso10@gmail.com<\/a><\/td>\n<td width=\"151\"><strong><span style=\"color: #0000ff;\">KASASA<\/span><br \/>\n<\/strong>Novitiate<br \/>\n<strong>John Mary Muzeeyi Novitiate<\/strong><br \/>\nPo Box 1269<br \/>\nMasaka<br \/>\nC : <a href=\"mailto:franklinrukundo@gmail.com\">franklinrukundo@gmail.com<\/a><\/td>\n<td width=\"151\"><span style=\"color: #0000ff;\"><strong>KASASA<\/strong><\/span><br \/>\n<strong>Saint Charles-Lwanga Secondary School<\/strong><br \/>\nPO Box 1269<br \/>\nMasaka<br \/>\nC : <a href=\"mailto:ahimbisibweglorian@yahoo.com\">ahimbisibweglorian@yahoo.com<\/a><\/td>\n<\/tr>\n<tr>\n<td width=\"151\"><strong><span style=\"color: #0000ff;\">KISUBI<\/span><br \/>\n<\/strong><strong>Scholasticate<\/strong><br \/>\n<strong>Br Charles Jules Poitras Scholasticate<\/strong><br \/>\nPO Box 33<br \/>\nKisubi<br \/>\nC : <a href=\"mailto:gerard_byaruhanga@yahoo.com\">gerard_byaruhanga@yahoo.com<\/a><\/td>\n<td width=\"151\"><strong><span style=\"color: #0000ff;\">KISUBI<\/span><br \/>\n<\/strong><strong>Provincial House<\/strong><br \/>\n<strong>Alphonsus Zayera Community<br \/>\n<\/strong>PO Box 50<br \/>\nKisubi<br \/>\nC : <a href=\"mailto:superior_uganda@yahoo.com\">superior_uganda@yahoo.com<\/a><\/td>\n<td width=\"151\"><strong><span style=\"color: #0000ff;\">KISUBI<\/span><br \/>\n<\/strong><strong>Kisubi University (UNIK)<\/strong><br \/>\n<strong> Aloysius Lutaaya Community<\/strong><br \/>\nPO Box 182 ENTEBBE<br \/>\nC : <a href=\"mailto:katusiime.denis@yahoo.co.uk\">katusiime.denis@yahoo.co.uk<\/a><\/td>\n<td width=\"151\"><strong><span style=\"color: #0000ff;\">KISUBI<\/span><br \/>\n<\/strong><strong>Mount St. Teresa Community<\/strong><br \/>\nPO Box 50<br \/>\nKisubi<br \/>\nC : <a href=\"mailto:kafiire@yahoo.co.uk\">kafiire@yahoo.co.uk<\/a><\/td>\n<\/tr>\n<tr>\n<td width=\"151\"><strong><span style=\"color: #0000ff;\">KISUBI<\/span><br \/>\nPostulate<\/strong><br \/>\nPO Box 25<br \/>\nKisubi<br \/>\nC : <a href=\"mailto:kdominic7200@gmail.com\">kdominic7200@gmail.com<\/a><\/td>\n<td width=\"151\"><strong><span style=\"color: #0000ff;\">KISUBI<\/span><br \/>\nSaint Savio Junior School<\/strong><br \/>\nPO Box 10<br \/>\nKisubi<br \/>\nC : <a href=\"mailto:jmukwana@yahoo.com\">jmukwana@yahoo.com<\/a><\/td>\n<td width=\"151\"><strong><span style=\"color: #0000ff;\">KISUBI<\/span><br \/>\nSt&#8217; Mary&#8217;s College<\/strong><br \/>\nKisubi<br \/>\nPO Box 26<br \/>\nKisubi<br \/>\nC : <a href=\"mailto:bropius@gmail.com\">bropius@gmail.com<\/a><\/td>\n<td width=\"151\"><strong><span style=\"color: #0000ff;\">KITOVU<\/span><br \/>\n<\/strong>Community<br \/>\n<strong>Saint Henry&#8217;s College<\/strong><br \/>\nPO Box 64<br \/>\nMasaka<br \/>\nC : <a href=\"mailto:lubegandrw@gmail.com\">lubegandrw@gmail.com<\/a><\/td>\n<\/tr>\n<tr>\n<td width=\"151\"><strong><span style=\"color: #0000ff;\">MAKERERE<\/span><br \/>\n<\/strong>Community<br \/>\n<strong>La Mennais House<\/strong><br \/>\nP0 Box 16108<br \/>\nKampala<br \/>\nC : <a href=\"mailto:twinocent3@gmail.com\">twinocent3@gmail.com<\/a><\/td>\n<td width=\"151\"><strong><span style=\"color: #0000ff;\">MUBENDE<\/span><br \/>\n<\/strong>Community<br \/>\n<strong>St Charles Lwanga Sec School<\/strong><br \/>\nPO Box 30<br \/>\nMubende<br \/>\nC : <a href=\"mailto:crescentruhondeeza@gmail.com\">crescentruhondeeza@gmail.com<\/a><\/td>\n<td width=\"151\"><strong><span style=\"color: #0000ff;\">NEBBI<\/span><br \/>\n<\/strong>Community<br \/>\nNebbi PO Box<br \/>\nC : <a href=\"mailto:angoakoalbert@gmail.com\">angoakoalbert@gmail.com<\/a><\/td>\n<td width=\"151\"><strong><span style=\"color: #0000ff;\">NKOZI<\/span><br \/>\n<\/strong>Community<br \/>\n<strong>Uganda Martyrs<\/strong><br \/>\nNkozi PO Box<br \/>\n5498 Kampala<br \/>\nC : <a href=\"mailto:aloysiusbyaruhanga49@gmail.com\">aloysiusbyaruhanga49@gmail.com<\/a><\/td>\n<\/tr>\n<tr>\n<td width=\"151\"><strong><span style=\"color: #0000ff;\">RUBAGA<\/span><br \/>\n<\/strong>Community<br \/>\nPO Box<br \/>\n30074 Kampala<br \/>\nC : <a href=\"mailto:costmat038@gmail.com\">costmat038@gmail.com<\/a><\/td>\n<td width=\"151\"><strong><span style=\"color: #0000ff;\">ZOMBO<\/span><br \/>\n<\/strong>Community<br \/>\nAtyak Primary School<br \/>\nZOMBO<br \/>\nC : <a href=\"mailto:kitengejja@gmail.com\">kitengejja@gmail.com<\/a><\/td>\n<td width=\"151\"><\/td>\n<td width=\"151\"><\/td>\n<\/tr>\n<\/tbody>\n<\/table>\n<p>&nbsp;<\/p>\n<hr \/>\n<p><strong><img decoding=\"async\" class=\"alignright size-medium wp-image-1503\" src=\"https:\/\/www.lamennais.org\/wp-content\/uploads\/2016\/05\/Ouganda-A-300x189.jpg\" alt=\"Ouganda A\" width=\"300\" height=\"189\" srcset=\"https:\/\/www.lamennais.org\/wp-content\/uploads\/2016\/05\/Ouganda-A-300x189.jpg 300w, https:\/\/www.lamennais.org\/wp-content\/uploads\/2016\/05\/Ouganda-A-768x483.jpg 768w, https:\/\/www.lamennais.org\/wp-content\/uploads\/2016\/05\/Ouganda-A-1024x644.jpg 1024w, https:\/\/www.lamennais.org\/wp-content\/uploads\/2016\/05\/Ouganda-A-260x164.jpg 260w, https:\/\/www.lamennais.org\/wp-content\/uploads\/2016\/05\/Ouganda-A.jpg 1763w\" sizes=\"(max-width: 300px) 100vw, 300px\" \/><\/strong><\/p>\n<p><strong>El 4 de agosto de 1926<\/strong>, 4 HH. Menesianos canadienses llegan a Entebbe. Fue el comienzo de la obra Menesiana en Uganda.<\/p>\n<p>Han pasado 90 a\u00f1os desde entonces y los HH. canadienses, que fundaron la Provincia, han dejado paso, despu\u00e9s de largos a\u00f1os, a los HH. ugandeses, que son actualmente 170. Dirigen y animan algunas escuelas de Primaria y de Secundaria, as\u00ed como una Universidad.<\/p>\n<p><strong>Kisubi.<\/strong><\/p>\n<p><strong><em>\u2018Mount Saint Teresa\u2019<\/em><\/strong> de Kisubi, es el coraz\u00f3n y la cabeza de la Provincia. All\u00ed se encuentran: <em>\u2018St. Mary\u2019s College\u2019<\/em>, afamada escuela Secundaria ; 2 escuelas de Primaria, <em>Savio <\/em>y <em>Kisubi\u2019s boys<\/em>; el Postulantado y el Escolasticado un poco m\u00e1s lejos; la Universidad; una serie de residencias y locales administrativos para los HH. y para el H. Provincial. A algunos kil\u00f3metros, a orillas del lago Victoria, un Centro de Acogida y de descanso, <em>Nabynonya Resort<\/em>.<\/p>\n<p><strong>\u00a0<\/strong><\/p>\n<p><img decoding=\"async\" class=\"size-medium wp-image-1502 alignleft\" src=\"https:\/\/www.lamennais.org\/wp-content\/uploads\/2016\/05\/Ouganda-B-300x225.jpg\" alt=\"OLYMPUS DIGITAL CAMERA\" width=\"300\" height=\"225\" srcset=\"https:\/\/www.lamennais.org\/wp-content\/uploads\/2016\/05\/Ouganda-B-300x225.jpg 300w, https:\/\/www.lamennais.org\/wp-content\/uploads\/2016\/05\/Ouganda-B-768x576.jpg 768w, https:\/\/www.lamennais.org\/wp-content\/uploads\/2016\/05\/Ouganda-B-1024x768.jpg 1024w, https:\/\/www.lamennais.org\/wp-content\/uploads\/2016\/05\/Ouganda-B-260x195.jpg 260w\" sizes=\"(max-width: 300px) 100vw, 300px\" \/><\/p>\n<p><strong>Una Provincia joven.<\/strong><\/p>\n<p>El Noviciado de Kasasa sigue recibiendo cada a\u00f1o a los aspirantes de Uganda, Ruanda, Tanzania y Kenia. Alrededor de 40<em> Hermanos son profes<\/em>os temporales. Los Escol\u00e1sticos siguen su formaci\u00f3n religiosa y pedag\u00f3gica en lazo a la Universidad.<\/p>\n<p>La Provincia ha podido, abrir nueva comunidades y encargarse de nuevos Centros.<\/p>\n<p>En julio de 2013, la Provincia abri\u00f3 una nueva misi\u00f3n en Sud\u00e1n-Sur.<\/p>\n","protected":false},"excerpt":{"rendered":"<p>Province of Saint Teresa www.bcikisubiuganda.org Villes : Buhungiro &#8211; Bukuumi &#8211; Ibanda &#8211; Kabojja &#8211; Kakooge &#8211; Kambuga &#8211; Kampala &#8211; Kasasa &#8211; Kisubi &#8211; Kitovu \u2013 Makerere \u2013 Mubende \u2013 Nebbi &#8211; Nkozi &#8211; Rubaga &#8211; Zombo BUKUUMI Community Saint Edwards&#8217;S Secondary School PO Box 507 Kakumiro BUKUUMI C : jfnjogerere@gmail.com IBANDA Community St [&hellip;]<\/p>\n","protected":false},"author":1,"featured_media":0,"parent":5686,"menu_order":0,"comment_status":"closed","ping_status":"closed","template":"","meta":{"footnotes":""},"class_list":["post-5675","page","type-page","status-publish","hentry"],"yoast_head":"<!-- This site is optimized with the Yoast SEO plugin v27.4 - https:\/\/yoast.com\/product\/yoast-seo-wordpress\/ -->\n<title>Uganda - LaMennais.org<\/title>\n<meta name=\"robots\" content=\"index, follow, max-snippet:-1, max-image-preview:large, max-video-preview:-1\" \/>\n<link rel=\"canonical\" href=\"https:\/\/www.lamennais.org\/es\/en-el-mundo\/africa\/uganda\/\" \/>\n<meta property=\"og:locale\" content=\"es_ES\" \/>\n<meta property=\"og:type\" content=\"article\" \/>\n<meta property=\"og:title\" content=\"Uganda - LaMennais.org\" \/>\n<meta property=\"og:description\" content=\"Province of Saint Teresa www.bcikisubiuganda.org Villes : Buhungiro &#8211; Bukuumi &#8211; Ibanda &#8211; Kabojja &#8211; Kakooge &#8211; Kambuga &#8211; Kampala &#8211; Kasasa &#8211; Kisubi &#8211; Kitovu \u2013 Makerere \u2013 Mubende \u2013 Nebbi &#8211; Nkozi &#8211; Rubaga &#8211; Zombo BUKUUMI Community Saint Edwards&#8217;S Secondary School PO Box 507 Kakumiro BUKUUMI C : jfnjogerere@gmail.com IBANDA Community St [&hellip;]\" \/>\n<meta property=\"og:url\" content=\"https:\/\/www.lamennais.org\/es\/en-el-mundo\/africa\/uganda\/\" \/>\n<meta property=\"og:site_name\" content=\"LaMennais.org\" \/>\n<meta property=\"article:modified_time\" content=\"2024-12-20T08:24:48+00:00\" \/>\n<meta property=\"og:image\" content=\"https:\/\/www.lamennais.org\/wp-content\/uploads\/2016\/05\/uganda_resize.jpg\" \/>\n\t<meta property=\"og:image:width\" content=\"500\" \/>\n\t<meta property=\"og:image:height\" content=\"500\" \/>\n\t<meta property=\"og:image:type\" content=\"image\/jpeg\" \/>\n<meta name=\"twitter:card\" content=\"summary_large_image\" \/>\n<meta name=\"twitter:label1\" content=\"Tiempo de lectura\" \/>\n\t<meta name=\"twitter:data1\" content=\"3 minutos\" \/>\n<script type=\"application\/ld+json\" class=\"yoast-schema-graph\">{\"@context\":\"https:\\\/\\\/schema.org\",\"@graph\":[{\"@type\":\"WebPage\",\"@id\":\"https:\\\/\\\/www.lamennais.org\\\/es\\\/en-el-mundo\\\/africa\\\/uganda\\\/\",\"url\":\"https:\\\/\\\/www.lamennais.org\\\/es\\\/en-el-mundo\\\/africa\\\/uganda\\\/\",\"name\":\"Uganda - LaMennais.org\",\"isPartOf\":{\"@id\":\"https:\\\/\\\/www.lamennais.org\\\/#website\"},\"primaryImageOfPage\":{\"@id\":\"https:\\\/\\\/www.lamennais.org\\\/es\\\/en-el-mundo\\\/africa\\\/uganda\\\/#primaryimage\"},\"image\":{\"@id\":\"https:\\\/\\\/www.lamennais.org\\\/es\\\/en-el-mundo\\\/africa\\\/uganda\\\/#primaryimage\"},\"thumbnailUrl\":\"https:\\\/\\\/www.lamennais.org\\\/wp-content\\\/uploads\\\/2016\\\/05\\\/uganda_resize.jpg\",\"datePublished\":\"2016-05-01T14:38:15+00:00\",\"dateModified\":\"2024-12-20T08:24:48+00:00\",\"breadcrumb\":{\"@id\":\"https:\\\/\\\/www.lamennais.org\\\/es\\\/en-el-mundo\\\/africa\\\/uganda\\\/#breadcrumb\"},\"inLanguage\":\"es\",\"potentialAction\":[{\"@type\":\"ReadAction\",\"target\":[\"https:\\\/\\\/www.lamennais.org\\\/es\\\/en-el-mundo\\\/africa\\\/uganda\\\/\"]}]},{\"@type\":\"ImageObject\",\"inLanguage\":\"es\",\"@id\":\"https:\\\/\\\/www.lamennais.org\\\/es\\\/en-el-mundo\\\/africa\\\/uganda\\\/#primaryimage\",\"url\":\"https:\\\/\\\/www.lamennais.org\\\/wp-content\\\/uploads\\\/2016\\\/05\\\/uganda_resize.jpg\",\"contentUrl\":\"https:\\\/\\\/www.lamennais.org\\\/wp-content\\\/uploads\\\/2016\\\/05\\\/uganda_resize.jpg\"},{\"@type\":\"BreadcrumbList\",\"@id\":\"https:\\\/\\\/www.lamennais.org\\\/es\\\/en-el-mundo\\\/africa\\\/uganda\\\/#breadcrumb\",\"itemListElement\":[{\"@type\":\"ListItem\",\"position\":1,\"name\":\"Accueil\",\"item\":\"https:\\\/\\\/www.lamennais.org\\\/\"},{\"@type\":\"ListItem\",\"position\":2,\"name\":\"&#8230;en el mundo\",\"item\":\"https:\\\/\\\/www.lamennais.org\\\/en-el-mundo\\\/?lang=es\"},{\"@type\":\"ListItem\",\"position\":3,\"name\":\"\u00c1frica\",\"item\":\"https:\\\/\\\/www.lamennais.org\\\/en-el-mundo\\\/africa\\\/?lang=es\"},{\"@type\":\"ListItem\",\"position\":4,\"name\":\"Uganda\"}]},{\"@type\":\"WebSite\",\"@id\":\"https:\\\/\\\/www.lamennais.org\\\/#website\",\"url\":\"https:\\\/\\\/www.lamennais.org\\\/\",\"name\":\"LaMennais.org\",\"description\":\"Fr\u00e8res de l&#039;Instruction Chr\u00e9tienne et Famille Mennaisienne\",\"potentialAction\":[{\"@type\":\"SearchAction\",\"target\":{\"@type\":\"EntryPoint\",\"urlTemplate\":\"https:\\\/\\\/www.lamennais.org\\\/?s={search_term_string}\"},\"query-input\":{\"@type\":\"PropertyValueSpecification\",\"valueRequired\":true,\"valueName\":\"search_term_string\"}}],\"inLanguage\":\"es\"}]}<\/script>\n<!-- \/ Yoast SEO plugin. -->","yoast_head_json":{"title":"Uganda - LaMennais.org","robots":{"index":"index","follow":"follow","max-snippet":"max-snippet:-1","max-image-preview":"max-image-preview:large","max-video-preview":"max-video-preview:-1"},"canonical":"https:\/\/www.lamennais.org\/es\/en-el-mundo\/africa\/uganda\/","og_locale":"es_ES","og_type":"article","og_title":"Uganda - LaMennais.org","og_description":"Province of Saint Teresa www.bcikisubiuganda.org Villes : Buhungiro &#8211; Bukuumi &#8211; Ibanda &#8211; Kabojja &#8211; Kakooge &#8211; Kambuga &#8211; Kampala &#8211; Kasasa &#8211; Kisubi &#8211; Kitovu \u2013 Makerere \u2013 Mubende \u2013 Nebbi &#8211; Nkozi &#8211; Rubaga &#8211; Zombo BUKUUMI Community Saint Edwards&#8217;S Secondary School PO Box 507 Kakumiro BUKUUMI C : jfnjogerere@gmail.com IBANDA Community St [&hellip;]","og_url":"https:\/\/www.lamennais.org\/es\/en-el-mundo\/africa\/uganda\/","og_site_name":"LaMennais.org","article_modified_time":"2024-12-20T08:24:48+00:00","og_image":[{"width":500,"height":500,"url":"https:\/\/www.lamennais.org\/wp-content\/uploads\/2016\/05\/uganda_resize.jpg","type":"image\/jpeg"}],"twitter_card":"summary_large_image","twitter_misc":{"Tiempo de lectura":"3 minutos"},"schema":{"@context":"https:\/\/schema.org","@graph":[{"@type":"WebPage","@id":"https:\/\/www.lamennais.org\/es\/en-el-mundo\/africa\/uganda\/","url":"https:\/\/www.lamennais.org\/es\/en-el-mundo\/africa\/uganda\/","name":"Uganda - LaMennais.org","isPartOf":{"@id":"https:\/\/www.lamennais.org\/#website"},"primaryImageOfPage":{"@id":"https:\/\/www.lamennais.org\/es\/en-el-mundo\/africa\/uganda\/#primaryimage"},"image":{"@id":"https:\/\/www.lamennais.org\/es\/en-el-mundo\/africa\/uganda\/#primaryimage"},"thumbnailUrl":"https:\/\/www.lamennais.org\/wp-content\/uploads\/2016\/05\/uganda_resize.jpg","datePublished":"2016-05-01T14:38:15+00:00","dateModified":"2024-12-20T08:24:48+00:00","breadcrumb":{"@id":"https:\/\/www.lamennais.org\/es\/en-el-mundo\/africa\/uganda\/#breadcrumb"},"inLanguage":"es","potentialAction":[{"@type":"ReadAction","target":["https:\/\/www.lamennais.org\/es\/en-el-mundo\/africa\/uganda\/"]}]},{"@type":"ImageObject","inLanguage":"es","@id":"https:\/\/www.lamennais.org\/es\/en-el-mundo\/africa\/uganda\/#primaryimage","url":"https:\/\/www.lamennais.org\/wp-content\/uploads\/2016\/05\/uganda_resize.jpg","contentUrl":"https:\/\/www.lamennais.org\/wp-content\/uploads\/2016\/05\/uganda_resize.jpg"},{"@type":"BreadcrumbList","@id":"https:\/\/www.lamennais.org\/es\/en-el-mundo\/africa\/uganda\/#breadcrumb","itemListElement":[{"@type":"ListItem","position":1,"name":"Accueil","item":"https:\/\/www.lamennais.org\/"},{"@type":"ListItem","position":2,"name":"&#8230;en el mundo","item":"https:\/\/www.lamennais.org\/en-el-mundo\/?lang=es"},{"@type":"ListItem","position":3,"name":"\u00c1frica","item":"https:\/\/www.lamennais.org\/en-el-mundo\/africa\/?lang=es"},{"@type":"ListItem","position":4,"name":"Uganda"}]},{"@type":"WebSite","@id":"https:\/\/www.lamennais.org\/#website","url":"https:\/\/www.lamennais.org\/","name":"LaMennais.org","description":"Fr\u00e8res de l&#039;Instruction Chr\u00e9tienne et Famille Mennaisienne","potentialAction":[{"@type":"SearchAction","target":{"@type":"EntryPoint","urlTemplate":"https:\/\/www.lamennais.org\/?s={search_term_string}"},"query-input":{"@type":"PropertyValueSpecification","valueRequired":true,"valueName":"search_term_string"}}],"inLanguage":"es"}]}},"_links":{"self":[{"href":"https:\/\/www.lamennais.org\/es\/wp-json\/wp\/v2\/pages\/5675","targetHints":{"allow":["GET"]}}],"collection":[{"href":"https:\/\/www.lamennais.org\/es\/wp-json\/wp\/v2\/pages"}],"about":[{"href":"https:\/\/www.lamennais.org\/es\/wp-json\/wp\/v2\/types\/page"}],"author":[{"embeddable":true,"href":"https:\/\/www.lamennais.org\/es\/wp-json\/wp\/v2\/users\/1"}],"replies":[{"embeddable":true,"href":"https:\/\/www.lamennais.org\/es\/wp-json\/wp\/v2\/comments?post=5675"}],"version-history":[{"count":6,"href":"https:\/\/www.lamennais.org\/es\/wp-json\/wp\/v2\/pages\/5675\/revisions"}],"predecessor-version":[{"id":43912,"href":"https:\/\/www.lamennais.org\/es\/wp-json\/wp\/v2\/pages\/5675\/revisions\/43912"}],"up":[{"embeddable":true,"href":"https:\/\/www.lamennais.org\/es\/wp-json\/wp\/v2\/pages\/5686"}],"wp:attachment":[{"href":"https:\/\/www.lamennais.org\/es\/wp-json\/wp\/v2\/media?parent=5675"}],"curies":[{"name":"wp","href":"https:\/\/api.w.org\/{rel}","templated":true}]}}