{"id":5673,"date":"2016-05-01T16:30:35","date_gmt":"2016-05-01T14:30:35","guid":{"rendered":"http:\/\/www.lamennais.org\/?page_id=5673&#038;lang=es"},"modified":"2024-12-20T08:28:47","modified_gmt":"2024-12-20T07:28:47","slug":"kenya","status":"publish","type":"page","link":"https:\/\/www.lamennais.org\/es\/en-el-mundo\/africa\/kenya\/","title":{"rendered":"Kenya"},"content":{"rendered":"<p><strong><img fetchpriority=\"high\" decoding=\"async\" class=\"size-full wp-image-43896 alignright\" src=\"https:\/\/www.lamennais.org\/wp-content\/uploads\/2024\/12\/kenya.jpg\" alt=\"\" width=\"692\" height=\"684\" srcset=\"https:\/\/www.lamennais.org\/wp-content\/uploads\/2024\/12\/kenya.jpg 692w, https:\/\/www.lamennais.org\/wp-content\/uploads\/2024\/12\/kenya-300x297.jpg 300w, https:\/\/www.lamennais.org\/wp-content\/uploads\/2024\/12\/kenya-260x257.jpg 260w\" sizes=\"(max-width: 692px) 100vw, 692px\" \/><\/strong><strong>Ciudades<\/strong>: Nairobi &#8211; Meru<\/p>\n<p><strong><span style=\"color: #3366ff;\">NAIROBI<\/span><br \/>\nProvidence House<\/strong><br \/>\nLangata<br \/>\nPO Box 14630<br \/>\nNAIROBI &#8211; KENYA<br \/>\nE : <a href=\"mailto:wilsonmutethia5@gmail.com\">wilsonmutethia5@gmail.com<\/a><\/p>\n<p><strong><span style=\"color: #3366ff;\">MERU<\/span><br \/>\nSt. Martin&#8217;s Secondary School<\/strong><br \/>\nMpuri<br \/>\nPO Box 454<br \/>\nMERU<br \/>\nE : <a href=\"mailto:nyalaedward89@gmail.com\">nyalaedward89@gmail.com<\/a><\/p>\n<p><strong><span style=\"color: #0000ff;\">TIMAU<\/span><br \/>\nSt. Padre Pio High School<\/strong><br \/>\nPO Box 195<br \/>\n10406 TIMAU<br \/>\nE :<a href=\"mailto:kiharadavid480@gmail.com\"> kiharadavid480@gmail.com<\/a><\/p>\n<hr \/>\n<p><strong><img decoding=\"async\" class=\"alignright size-medium wp-image-1490\" src=\"https:\/\/www.lamennais.org\/wp-content\/uploads\/2016\/05\/Kenya-A-300x225.jpg\" alt=\"Kenya A\" width=\"300\" height=\"225\" srcset=\"https:\/\/www.lamennais.org\/wp-content\/uploads\/2016\/05\/Kenya-A-300x225.jpg 300w, https:\/\/www.lamennais.org\/wp-content\/uploads\/2016\/05\/Kenya-A-768x576.jpg 768w, https:\/\/www.lamennais.org\/wp-content\/uploads\/2016\/05\/Kenya-A-1024x768.jpg 1024w, https:\/\/www.lamennais.org\/wp-content\/uploads\/2016\/05\/Kenya-A-260x195.jpg 260w, https:\/\/www.lamennais.org\/wp-content\/uploads\/2016\/05\/Kenya-A.jpg 1600w\" sizes=\"(max-width: 300px) 100vw, 300px\" \/><\/strong><\/p>\n<p><strong>TANZANIA-KENIA.<\/strong><\/p>\n<p><strong>En 1931, comenzando con el colegio de Yala, los HH. Menesianos misioneros canadienses, llegaron a Kenia y a partir de 1948, a Tanzania.<\/strong><\/p>\n<p><strong>En 1972<\/strong>, el Sector de Tanzania y Kenia se erige en vice-Provincia de Uganda, y en <strong>2009<\/strong> fue erigida en una Provincia cuyo nombre es \u00abProvincia San Miguel Arc\u00e1ngel\u00bb.<br \/>\nA d\u00eda de hoy cuenta con unos 40 HH. Menesianos keniatas y tanzanos.<\/p>\n<p><strong><img decoding=\"async\" class=\"alignleft size-medium wp-image-1491\" src=\"https:\/\/www.lamennais.org\/wp-content\/uploads\/2016\/05\/Kenya-B-300x225.jpg\" alt=\"Kenya B\" width=\"300\" height=\"225\" srcset=\"https:\/\/www.lamennais.org\/wp-content\/uploads\/2016\/05\/Kenya-B-300x225.jpg 300w, https:\/\/www.lamennais.org\/wp-content\/uploads\/2016\/05\/Kenya-B-768x576.jpg 768w, https:\/\/www.lamennais.org\/wp-content\/uploads\/2016\/05\/Kenya-B-260x195.jpg 260w, https:\/\/www.lamennais.org\/wp-content\/uploads\/2016\/05\/Kenya-B.jpg 960w\" sizes=\"(max-width: 300px) 100vw, 300px\" \/>KENIA.<\/strong><\/p>\n<p>Los HH. Menesianos ugandeses abrieron una Escuela de Secundaria, en 1993, en <strong>M\u00c9RU<\/strong>. El a\u00f1o 2002 se construy\u00f3 en <strong>NAIROBI<\/strong>, una residencia para estudiantes, en la zona de la Universidad Cat\u00f3lica de \u00c1frica del este. All\u00ed pueden, los HH. Menesianos de Kenia y Tanzania, adquirir adecuada Formaci\u00f3n Universitaria.<\/p>\n<p><strong>\u00a0En 2021, <\/strong>una nueva comunidad y un nuevo colegio fueron abiertos en<strong> Timau.<br \/>\n<\/strong><\/p>\n","protected":false},"excerpt":{"rendered":"<p>Ciudades: Nairobi &#8211; Meru NAIROBI Providence House Langata PO Box 14630 NAIROBI &#8211; KENYA E : wilsonmutethia5@gmail.com MERU St. Martin&#8217;s Secondary School Mpuri PO Box 454 MERU E : nyalaedward89@gmail.com TIMAU St. Padre Pio High School PO Box 195 10406 TIMAU E : kiharadavid480@gmail.com TANZANIA-KENIA. En 1931, comenzando con el colegio de Yala, los HH. [&hellip;]<\/p>\n","protected":false},"author":1,"featured_media":0,"parent":5686,"menu_order":0,"comment_status":"closed","ping_status":"closed","template":"","meta":{"footnotes":""},"class_list":["post-5673","page","type-page","status-publish","hentry"],"yoast_head":"<!-- This site is optimized with the Yoast SEO plugin v27.4 - https:\/\/yoast.com\/product\/yoast-seo-wordpress\/ -->\n<title>Kenya - LaMennais.org<\/title>\n<meta name=\"robots\" content=\"index, follow, max-snippet:-1, max-image-preview:large, max-video-preview:-1\" \/>\n<link rel=\"canonical\" href=\"https:\/\/www.lamennais.org\/es\/en-el-mundo\/africa\/kenya\/\" \/>\n<meta property=\"og:locale\" content=\"es_ES\" \/>\n<meta property=\"og:type\" content=\"article\" \/>\n<meta property=\"og:title\" content=\"Kenya - LaMennais.org\" \/>\n<meta property=\"og:description\" content=\"Ciudades: Nairobi &#8211; Meru NAIROBI Providence House Langata PO Box 14630 NAIROBI &#8211; KENYA E : wilsonmutethia5@gmail.com MERU St. Martin&#8217;s Secondary School Mpuri PO Box 454 MERU E : nyalaedward89@gmail.com TIMAU St. Padre Pio High School PO Box 195 10406 TIMAU E : kiharadavid480@gmail.com TANZANIA-KENIA. En 1931, comenzando con el colegio de Yala, los HH. [&hellip;]\" \/>\n<meta property=\"og:url\" content=\"https:\/\/www.lamennais.org\/es\/en-el-mundo\/africa\/kenya\/\" \/>\n<meta property=\"og:site_name\" content=\"LaMennais.org\" \/>\n<meta property=\"article:modified_time\" content=\"2024-12-20T07:28:47+00:00\" \/>\n<meta property=\"og:image\" content=\"https:\/\/www.lamennais.org\/wp-content\/uploads\/2024\/12\/kenya.jpg\" \/>\n\t<meta property=\"og:image:width\" content=\"692\" \/>\n\t<meta property=\"og:image:height\" content=\"684\" \/>\n\t<meta property=\"og:image:type\" content=\"image\/jpeg\" \/>\n<meta name=\"twitter:card\" content=\"summary_large_image\" \/>\n<meta name=\"twitter:label1\" content=\"Tiempo de lectura\" \/>\n\t<meta name=\"twitter:data1\" content=\"2 minutos\" \/>\n<script type=\"application\/ld+json\" class=\"yoast-schema-graph\">{\"@context\":\"https:\\\/\\\/schema.org\",\"@graph\":[{\"@type\":\"WebPage\",\"@id\":\"https:\\\/\\\/www.lamennais.org\\\/es\\\/en-el-mundo\\\/africa\\\/kenya\\\/\",\"url\":\"https:\\\/\\\/www.lamennais.org\\\/es\\\/en-el-mundo\\\/africa\\\/kenya\\\/\",\"name\":\"Kenya - LaMennais.org\",\"isPartOf\":{\"@id\":\"https:\\\/\\\/www.lamennais.org\\\/#website\"},\"primaryImageOfPage\":{\"@id\":\"https:\\\/\\\/www.lamennais.org\\\/es\\\/en-el-mundo\\\/africa\\\/kenya\\\/#primaryimage\"},\"image\":{\"@id\":\"https:\\\/\\\/www.lamennais.org\\\/es\\\/en-el-mundo\\\/africa\\\/kenya\\\/#primaryimage\"},\"thumbnailUrl\":\"https:\\\/\\\/www.lamennais.org\\\/wp-content\\\/uploads\\\/2024\\\/12\\\/kenya.jpg\",\"datePublished\":\"2016-05-01T14:30:35+00:00\",\"dateModified\":\"2024-12-20T07:28:47+00:00\",\"breadcrumb\":{\"@id\":\"https:\\\/\\\/www.lamennais.org\\\/es\\\/en-el-mundo\\\/africa\\\/kenya\\\/#breadcrumb\"},\"inLanguage\":\"es\",\"potentialAction\":[{\"@type\":\"ReadAction\",\"target\":[\"https:\\\/\\\/www.lamennais.org\\\/es\\\/en-el-mundo\\\/africa\\\/kenya\\\/\"]}]},{\"@type\":\"ImageObject\",\"inLanguage\":\"es\",\"@id\":\"https:\\\/\\\/www.lamennais.org\\\/es\\\/en-el-mundo\\\/africa\\\/kenya\\\/#primaryimage\",\"url\":\"https:\\\/\\\/www.lamennais.org\\\/wp-content\\\/uploads\\\/2024\\\/12\\\/kenya.jpg\",\"contentUrl\":\"https:\\\/\\\/www.lamennais.org\\\/wp-content\\\/uploads\\\/2024\\\/12\\\/kenya.jpg\"},{\"@type\":\"BreadcrumbList\",\"@id\":\"https:\\\/\\\/www.lamennais.org\\\/es\\\/en-el-mundo\\\/africa\\\/kenya\\\/#breadcrumb\",\"itemListElement\":[{\"@type\":\"ListItem\",\"position\":1,\"name\":\"Accueil\",\"item\":\"https:\\\/\\\/www.lamennais.org\\\/\"},{\"@type\":\"ListItem\",\"position\":2,\"name\":\"&#8230;en el mundo\",\"item\":\"https:\\\/\\\/www.lamennais.org\\\/en-el-mundo\\\/?lang=es\"},{\"@type\":\"ListItem\",\"position\":3,\"name\":\"\u00c1frica\",\"item\":\"https:\\\/\\\/www.lamennais.org\\\/en-el-mundo\\\/africa\\\/?lang=es\"},{\"@type\":\"ListItem\",\"position\":4,\"name\":\"Kenya\"}]},{\"@type\":\"WebSite\",\"@id\":\"https:\\\/\\\/www.lamennais.org\\\/#website\",\"url\":\"https:\\\/\\\/www.lamennais.org\\\/\",\"name\":\"LaMennais.org\",\"description\":\"Fr\u00e8res de l&#039;Instruction Chr\u00e9tienne et Famille Mennaisienne\",\"potentialAction\":[{\"@type\":\"SearchAction\",\"target\":{\"@type\":\"EntryPoint\",\"urlTemplate\":\"https:\\\/\\\/www.lamennais.org\\\/?s={search_term_string}\"},\"query-input\":{\"@type\":\"PropertyValueSpecification\",\"valueRequired\":true,\"valueName\":\"search_term_string\"}}],\"inLanguage\":\"es\"}]}<\/script>\n<!-- \/ Yoast SEO plugin. -->","yoast_head_json":{"title":"Kenya - LaMennais.org","robots":{"index":"index","follow":"follow","max-snippet":"max-snippet:-1","max-image-preview":"max-image-preview:large","max-video-preview":"max-video-preview:-1"},"canonical":"https:\/\/www.lamennais.org\/es\/en-el-mundo\/africa\/kenya\/","og_locale":"es_ES","og_type":"article","og_title":"Kenya - LaMennais.org","og_description":"Ciudades: Nairobi &#8211; Meru NAIROBI Providence House Langata PO Box 14630 NAIROBI &#8211; KENYA E : wilsonmutethia5@gmail.com MERU St. Martin&#8217;s Secondary School Mpuri PO Box 454 MERU E : nyalaedward89@gmail.com TIMAU St. Padre Pio High School PO Box 195 10406 TIMAU E : kiharadavid480@gmail.com TANZANIA-KENIA. En 1931, comenzando con el colegio de Yala, los HH. [&hellip;]","og_url":"https:\/\/www.lamennais.org\/es\/en-el-mundo\/africa\/kenya\/","og_site_name":"LaMennais.org","article_modified_time":"2024-12-20T07:28:47+00:00","og_image":[{"width":692,"height":684,"url":"https:\/\/www.lamennais.org\/wp-content\/uploads\/2024\/12\/kenya.jpg","type":"image\/jpeg"}],"twitter_card":"summary_large_image","twitter_misc":{"Tiempo de lectura":"2 minutos"},"schema":{"@context":"https:\/\/schema.org","@graph":[{"@type":"WebPage","@id":"https:\/\/www.lamennais.org\/es\/en-el-mundo\/africa\/kenya\/","url":"https:\/\/www.lamennais.org\/es\/en-el-mundo\/africa\/kenya\/","name":"Kenya - LaMennais.org","isPartOf":{"@id":"https:\/\/www.lamennais.org\/#website"},"primaryImageOfPage":{"@id":"https:\/\/www.lamennais.org\/es\/en-el-mundo\/africa\/kenya\/#primaryimage"},"image":{"@id":"https:\/\/www.lamennais.org\/es\/en-el-mundo\/africa\/kenya\/#primaryimage"},"thumbnailUrl":"https:\/\/www.lamennais.org\/wp-content\/uploads\/2024\/12\/kenya.jpg","datePublished":"2016-05-01T14:30:35+00:00","dateModified":"2024-12-20T07:28:47+00:00","breadcrumb":{"@id":"https:\/\/www.lamennais.org\/es\/en-el-mundo\/africa\/kenya\/#breadcrumb"},"inLanguage":"es","potentialAction":[{"@type":"ReadAction","target":["https:\/\/www.lamennais.org\/es\/en-el-mundo\/africa\/kenya\/"]}]},{"@type":"ImageObject","inLanguage":"es","@id":"https:\/\/www.lamennais.org\/es\/en-el-mundo\/africa\/kenya\/#primaryimage","url":"https:\/\/www.lamennais.org\/wp-content\/uploads\/2024\/12\/kenya.jpg","contentUrl":"https:\/\/www.lamennais.org\/wp-content\/uploads\/2024\/12\/kenya.jpg"},{"@type":"BreadcrumbList","@id":"https:\/\/www.lamennais.org\/es\/en-el-mundo\/africa\/kenya\/#breadcrumb","itemListElement":[{"@type":"ListItem","position":1,"name":"Accueil","item":"https:\/\/www.lamennais.org\/"},{"@type":"ListItem","position":2,"name":"&#8230;en el mundo","item":"https:\/\/www.lamennais.org\/en-el-mundo\/?lang=es"},{"@type":"ListItem","position":3,"name":"\u00c1frica","item":"https:\/\/www.lamennais.org\/en-el-mundo\/africa\/?lang=es"},{"@type":"ListItem","position":4,"name":"Kenya"}]},{"@type":"WebSite","@id":"https:\/\/www.lamennais.org\/#website","url":"https:\/\/www.lamennais.org\/","name":"LaMennais.org","description":"Fr\u00e8res de l&#039;Instruction Chr\u00e9tienne et Famille Mennaisienne","potentialAction":[{"@type":"SearchAction","target":{"@type":"EntryPoint","urlTemplate":"https:\/\/www.lamennais.org\/?s={search_term_string}"},"query-input":{"@type":"PropertyValueSpecification","valueRequired":true,"valueName":"search_term_string"}}],"inLanguage":"es"}]}},"_links":{"self":[{"href":"https:\/\/www.lamennais.org\/es\/wp-json\/wp\/v2\/pages\/5673","targetHints":{"allow":["GET"]}}],"collection":[{"href":"https:\/\/www.lamennais.org\/es\/wp-json\/wp\/v2\/pages"}],"about":[{"href":"https:\/\/www.lamennais.org\/es\/wp-json\/wp\/v2\/types\/page"}],"author":[{"embeddable":true,"href":"https:\/\/www.lamennais.org\/es\/wp-json\/wp\/v2\/users\/1"}],"replies":[{"embeddable":true,"href":"https:\/\/www.lamennais.org\/es\/wp-json\/wp\/v2\/comments?post=5673"}],"version-history":[{"count":6,"href":"https:\/\/www.lamennais.org\/es\/wp-json\/wp\/v2\/pages\/5673\/revisions"}],"predecessor-version":[{"id":43905,"href":"https:\/\/www.lamennais.org\/es\/wp-json\/wp\/v2\/pages\/5673\/revisions\/43905"}],"up":[{"embeddable":true,"href":"https:\/\/www.lamennais.org\/es\/wp-json\/wp\/v2\/pages\/5686"}],"wp:attachment":[{"href":"https:\/\/www.lamennais.org\/es\/wp-json\/wp\/v2\/media?parent=5673"}],"curies":[{"name":"wp","href":"https:\/\/api.w.org\/{rel}","templated":true}]}}