{"id":5670,"date":"2016-05-01T16:24:50","date_gmt":"2016-05-01T14:24:50","guid":{"rendered":"http:\/\/www.lamennais.org\/?page_id=5670&#038;lang=es"},"modified":"2019-01-31T11:17:16","modified_gmt":"2019-01-31T10:17:16","slug":"costa-de-marfil","status":"publish","type":"page","link":"https:\/\/www.lamennais.org\/es\/en-el-mundo\/africa\/costa-de-marfil\/","title":{"rendered":"Costa de Marfil"},"content":{"rendered":"<p><strong><img fetchpriority=\"high\" decoding=\"async\" class=\"alignright size-full wp-image-1484\" src=\"http:\/\/www.lamennais.org\/wp-content\/uploads\/2016\/05\/cote-divoire-e1462112479259.jpg\" alt=\"cote-divoire\" width=\"500\" height=\"500\" \/>Ciudades<\/strong>: Abidjan<\/p>\n<p><strong>ABIDJAN<br \/>\nCommunaut\u00e9 Jean de la Mennais<br \/>\n<\/strong><strong>RIVIERA-PALMERAIE<\/strong><br \/>\nBP 333<br \/>\nABIDJAN-RIVIERA Cidex 03<br \/>\nCourriel: <a href=\"mailto:alphonse.sim25@gmail.com\">alphonse.sim25@gmail.com<\/a><\/p>\n<p><strong>Communaut\u00e9 Gabriel Deshayes<\/strong><br \/>\n<strong>Riviera-Coteaux<\/strong><br \/>\nBP 333<br \/>\nABIDJAN RIVIERA Cidex 03<br \/>\nCourriel: <a href=\"mailto:cg.deshayes@yahoo.fr\">cg.deshayes@yahoo.fr<\/a><\/p>\n<hr \/>\n<p>La vida en el Escolasticado tiene varias dimensiones: vida espiritual, vida fraterna, vida acad\u00e9mica, vida menesiana y pastoral. Una de las preocupaciones diarias de los Hermanos Escol\u00e1sticos Menesianos es, sin duda sus estudios en el CELAF (Centro Lasaliano Franc\u00f3fono), que es <em>un Instituto Superior de Ciencias Pedag\u00f3gicas y Religiosas (ISSPR)<\/em>. La Pastoral es una de las cuatro dimensiones de la vida del Escolasticado. Tiene como objetivo preparar a los HH. Escol\u00e1sticos para la Misi\u00f3n Apost\u00f3lica en la vida activa. Los lugares de la Pastoral son la Comunidad, la Catequesis, el MEJ (Movimiento Eucar\u00edstico de J\u00f3venes).<\/p>\n<p>El Escolasticado de Abidjan agrupa a los HH. J\u00f3venes en formaci\u00f3n procedentes de \u00c1frica Occidental, del Congo RDC y de Hait\u00ed.<\/p>\n\n\t\t<style type=\"text\/css\">\n\t\t\t#gallery-1 {\n\t\t\t\tmargin: auto;\n\t\t\t}\n\t\t\t#gallery-1 .gallery-item {\n\t\t\t\tfloat: left;\n\t\t\t\tmargin-top: 10px;\n\t\t\t\ttext-align: center;\n\t\t\t\twidth: 25%;\n\t\t\t}\n\t\t\t#gallery-1 img {\n\t\t\t\tborder: 2px solid #cfcfcf;\n\t\t\t}\n\t\t\t#gallery-1 .gallery-caption {\n\t\t\t\tmargin-left: 0;\n\t\t\t}\n\t\t\t\/* see gallery_shortcode() in wp-includes\/media.php *\/\n\t\t<\/style>\n\t\t<div id='gallery-1' class='gallery galleryid-5670 gallery-columns-4 gallery-size-thumbnail'><dl class='gallery-item'>\n\t\t\t<dt class='gallery-icon landscape'>\n\t\t\t\t<a href='https:\/\/www.lamennais.org\/es\/en-el-mundo\/africa\/costa-de-marfil\/cote-divoire-abidjan-scolasticat-2\/'><img decoding=\"async\" width=\"150\" height=\"150\" src=\"https:\/\/www.lamennais.org\/wp-content\/uploads\/2016\/05\/C\u00f4te-dIvoire-Abidjan-Scolasticat-150x150.jpg\" class=\"attachment-thumbnail size-thumbnail\" alt=\"\" \/><\/a>\n\t\t\t<\/dt><\/dl><dl class='gallery-item'>\n\t\t\t<dt class='gallery-icon landscape'>\n\t\t\t\t<a href='https:\/\/www.lamennais.org\/es\/en-el-mundo\/africa\/costa-de-marfil\/cote-divoire-a-2\/'><img decoding=\"async\" width=\"150\" height=\"150\" src=\"https:\/\/www.lamennais.org\/wp-content\/uploads\/2016\/05\/C\u00f4te-dIvoire-A-150x150.jpg\" class=\"attachment-thumbnail size-thumbnail\" alt=\"\" \/><\/a>\n\t\t\t<\/dt><\/dl><dl class='gallery-item'>\n\t\t\t<dt class='gallery-icon landscape'>\n\t\t\t\t<a href='https:\/\/www.lamennais.org\/es\/en-el-mundo\/africa\/costa-de-marfil\/coteiv01-2\/'><img loading=\"lazy\" decoding=\"async\" width=\"150\" height=\"150\" src=\"https:\/\/www.lamennais.org\/wp-content\/uploads\/2016\/05\/coteiv01-150x150.jpg\" class=\"attachment-thumbnail size-thumbnail\" alt=\"\" \/><\/a>\n\t\t\t<\/dt><\/dl>\n\t\t\t<br style='clear: both' \/>\n\t\t<\/div>\n\n","protected":false},"excerpt":{"rendered":"<p>Ciudades: Abidjan ABIDJAN Communaut\u00e9 Jean de la Mennais RIVIERA-PALMERAIE BP 333 ABIDJAN-RIVIERA Cidex 03 Courriel: alphonse.sim25@gmail.com Communaut\u00e9 Gabriel Deshayes Riviera-Coteaux BP 333 ABIDJAN RIVIERA Cidex 03 Courriel: cg.deshayes@yahoo.fr La vida en el Escolasticado tiene varias dimensiones: vida espiritual, vida fraterna, vida acad\u00e9mica, vida menesiana y pastoral. Una de las preocupaciones diarias de los Hermanos Escol\u00e1sticos [&hellip;]<\/p>\n","protected":false},"author":1,"featured_media":0,"parent":5686,"menu_order":0,"comment_status":"closed","ping_status":"closed","template":"","meta":{"footnotes":""},"class_list":["post-5670","page","type-page","status-publish","hentry"],"yoast_head":"<!-- This site is optimized with the Yoast SEO plugin v27.4 - https:\/\/yoast.com\/product\/yoast-seo-wordpress\/ -->\n<title>Costa de Marfil - LaMennais.org<\/title>\n<meta name=\"robots\" content=\"index, follow, max-snippet:-1, max-image-preview:large, max-video-preview:-1\" \/>\n<link rel=\"canonical\" href=\"https:\/\/www.lamennais.org\/en-el-mundo\/africa\/costa-de-marfil\/?lang=es\" \/>\n<meta property=\"og:locale\" content=\"es_ES\" \/>\n<meta property=\"og:type\" content=\"article\" \/>\n<meta property=\"og:title\" content=\"Costa de Marfil - LaMennais.org\" \/>\n<meta property=\"og:description\" content=\"Ciudades: Abidjan ABIDJAN Communaut\u00e9 Jean de la Mennais RIVIERA-PALMERAIE BP 333 ABIDJAN-RIVIERA Cidex 03 Courriel: alphonse.sim25@gmail.com Communaut\u00e9 Gabriel Deshayes Riviera-Coteaux BP 333 ABIDJAN RIVIERA Cidex 03 Courriel: cg.deshayes@yahoo.fr La vida en el Escolasticado tiene varias dimensiones: vida espiritual, vida fraterna, vida acad\u00e9mica, vida menesiana y pastoral. Una de las preocupaciones diarias de los Hermanos Escol\u00e1sticos [&hellip;]\" \/>\n<meta property=\"og:url\" content=\"https:\/\/www.lamennais.org\/en-el-mundo\/africa\/costa-de-marfil\/?lang=es\" \/>\n<meta property=\"og:site_name\" content=\"LaMennais.org\" \/>\n<meta property=\"article:modified_time\" content=\"2019-01-31T10:17:16+00:00\" \/>\n<meta property=\"og:image\" content=\"https:\/\/www.lamennais.org\/wp-content\/uploads\/2016\/05\/C\u00f4te-dIvoire-Abidjan-Scolasticat-150x150.jpg\" \/>\n<meta name=\"twitter:card\" content=\"summary_large_image\" \/>\n<meta name=\"twitter:label1\" content=\"Tiempo de lectura\" \/>\n\t<meta name=\"twitter:data1\" content=\"1 minuto\" \/>\n<script type=\"application\/ld+json\" class=\"yoast-schema-graph\">{\"@context\":\"https:\\\/\\\/schema.org\",\"@graph\":[{\"@type\":\"WebPage\",\"@id\":\"https:\\\/\\\/www.lamennais.org\\\/en-el-mundo\\\/africa\\\/costa-de-marfil\\\/?lang=es\",\"url\":\"https:\\\/\\\/www.lamennais.org\\\/en-el-mundo\\\/africa\\\/costa-de-marfil\\\/?lang=es\",\"name\":\"Costa de Marfil - LaMennais.org\",\"isPartOf\":{\"@id\":\"https:\\\/\\\/www.lamennais.org\\\/#website\"},\"primaryImageOfPage\":{\"@id\":\"https:\\\/\\\/www.lamennais.org\\\/en-el-mundo\\\/africa\\\/costa-de-marfil\\\/?lang=es#primaryimage\"},\"image\":{\"@id\":\"https:\\\/\\\/www.lamennais.org\\\/en-el-mundo\\\/africa\\\/costa-de-marfil\\\/?lang=es#primaryimage\"},\"thumbnailUrl\":\"http:\\\/\\\/www.lamennais.org\\\/wp-content\\\/uploads\\\/2016\\\/05\\\/cote-divoire-e1462112479259.jpg\",\"datePublished\":\"2016-05-01T14:24:50+00:00\",\"dateModified\":\"2019-01-31T10:17:16+00:00\",\"breadcrumb\":{\"@id\":\"https:\\\/\\\/www.lamennais.org\\\/en-el-mundo\\\/africa\\\/costa-de-marfil\\\/?lang=es#breadcrumb\"},\"inLanguage\":\"es\",\"potentialAction\":[{\"@type\":\"ReadAction\",\"target\":[\"https:\\\/\\\/www.lamennais.org\\\/en-el-mundo\\\/africa\\\/costa-de-marfil\\\/?lang=es\"]}]},{\"@type\":\"ImageObject\",\"inLanguage\":\"es\",\"@id\":\"https:\\\/\\\/www.lamennais.org\\\/en-el-mundo\\\/africa\\\/costa-de-marfil\\\/?lang=es#primaryimage\",\"url\":\"http:\\\/\\\/www.lamennais.org\\\/wp-content\\\/uploads\\\/2016\\\/05\\\/cote-divoire-e1462112479259.jpg\",\"contentUrl\":\"http:\\\/\\\/www.lamennais.org\\\/wp-content\\\/uploads\\\/2016\\\/05\\\/cote-divoire-e1462112479259.jpg\"},{\"@type\":\"BreadcrumbList\",\"@id\":\"https:\\\/\\\/www.lamennais.org\\\/en-el-mundo\\\/africa\\\/costa-de-marfil\\\/?lang=es#breadcrumb\",\"itemListElement\":[{\"@type\":\"ListItem\",\"position\":1,\"name\":\"Accueil\",\"item\":\"https:\\\/\\\/www.lamennais.org\\\/\"},{\"@type\":\"ListItem\",\"position\":2,\"name\":\"&#8230;en el mundo\",\"item\":\"https:\\\/\\\/www.lamennais.org\\\/en-el-mundo\\\/?lang=es\"},{\"@type\":\"ListItem\",\"position\":3,\"name\":\"\u00c1frica\",\"item\":\"https:\\\/\\\/www.lamennais.org\\\/en-el-mundo\\\/africa\\\/?lang=es\"},{\"@type\":\"ListItem\",\"position\":4,\"name\":\"Costa de Marfil\"}]},{\"@type\":\"WebSite\",\"@id\":\"https:\\\/\\\/www.lamennais.org\\\/#website\",\"url\":\"https:\\\/\\\/www.lamennais.org\\\/\",\"name\":\"LaMennais.org\",\"description\":\"Fr\u00e8res de l&#039;Instruction Chr\u00e9tienne et Famille Mennaisienne\",\"potentialAction\":[{\"@type\":\"SearchAction\",\"target\":{\"@type\":\"EntryPoint\",\"urlTemplate\":\"https:\\\/\\\/www.lamennais.org\\\/?s={search_term_string}\"},\"query-input\":{\"@type\":\"PropertyValueSpecification\",\"valueRequired\":true,\"valueName\":\"search_term_string\"}}],\"inLanguage\":\"es\"}]}<\/script>\n<!-- \/ Yoast SEO plugin. -->","yoast_head_json":{"title":"Costa de Marfil - LaMennais.org","robots":{"index":"index","follow":"follow","max-snippet":"max-snippet:-1","max-image-preview":"max-image-preview:large","max-video-preview":"max-video-preview:-1"},"canonical":"https:\/\/www.lamennais.org\/en-el-mundo\/africa\/costa-de-marfil\/?lang=es","og_locale":"es_ES","og_type":"article","og_title":"Costa de Marfil - LaMennais.org","og_description":"Ciudades: Abidjan ABIDJAN Communaut\u00e9 Jean de la Mennais RIVIERA-PALMERAIE BP 333 ABIDJAN-RIVIERA Cidex 03 Courriel: alphonse.sim25@gmail.com Communaut\u00e9 Gabriel Deshayes Riviera-Coteaux BP 333 ABIDJAN RIVIERA Cidex 03 Courriel: cg.deshayes@yahoo.fr La vida en el Escolasticado tiene varias dimensiones: vida espiritual, vida fraterna, vida acad\u00e9mica, vida menesiana y pastoral. Una de las preocupaciones diarias de los Hermanos Escol\u00e1sticos [&hellip;]","og_url":"https:\/\/www.lamennais.org\/en-el-mundo\/africa\/costa-de-marfil\/?lang=es","og_site_name":"LaMennais.org","article_modified_time":"2019-01-31T10:17:16+00:00","og_image":[{"url":"https:\/\/www.lamennais.org\/wp-content\/uploads\/2016\/05\/C\u00f4te-dIvoire-Abidjan-Scolasticat-150x150.jpg","type":"","width":"","height":""}],"twitter_card":"summary_large_image","twitter_misc":{"Tiempo de lectura":"1 minuto"},"schema":{"@context":"https:\/\/schema.org","@graph":[{"@type":"WebPage","@id":"https:\/\/www.lamennais.org\/en-el-mundo\/africa\/costa-de-marfil\/?lang=es","url":"https:\/\/www.lamennais.org\/en-el-mundo\/africa\/costa-de-marfil\/?lang=es","name":"Costa de Marfil - LaMennais.org","isPartOf":{"@id":"https:\/\/www.lamennais.org\/#website"},"primaryImageOfPage":{"@id":"https:\/\/www.lamennais.org\/en-el-mundo\/africa\/costa-de-marfil\/?lang=es#primaryimage"},"image":{"@id":"https:\/\/www.lamennais.org\/en-el-mundo\/africa\/costa-de-marfil\/?lang=es#primaryimage"},"thumbnailUrl":"http:\/\/www.lamennais.org\/wp-content\/uploads\/2016\/05\/cote-divoire-e1462112479259.jpg","datePublished":"2016-05-01T14:24:50+00:00","dateModified":"2019-01-31T10:17:16+00:00","breadcrumb":{"@id":"https:\/\/www.lamennais.org\/en-el-mundo\/africa\/costa-de-marfil\/?lang=es#breadcrumb"},"inLanguage":"es","potentialAction":[{"@type":"ReadAction","target":["https:\/\/www.lamennais.org\/en-el-mundo\/africa\/costa-de-marfil\/?lang=es"]}]},{"@type":"ImageObject","inLanguage":"es","@id":"https:\/\/www.lamennais.org\/en-el-mundo\/africa\/costa-de-marfil\/?lang=es#primaryimage","url":"http:\/\/www.lamennais.org\/wp-content\/uploads\/2016\/05\/cote-divoire-e1462112479259.jpg","contentUrl":"http:\/\/www.lamennais.org\/wp-content\/uploads\/2016\/05\/cote-divoire-e1462112479259.jpg"},{"@type":"BreadcrumbList","@id":"https:\/\/www.lamennais.org\/en-el-mundo\/africa\/costa-de-marfil\/?lang=es#breadcrumb","itemListElement":[{"@type":"ListItem","position":1,"name":"Accueil","item":"https:\/\/www.lamennais.org\/"},{"@type":"ListItem","position":2,"name":"&#8230;en el mundo","item":"https:\/\/www.lamennais.org\/en-el-mundo\/?lang=es"},{"@type":"ListItem","position":3,"name":"\u00c1frica","item":"https:\/\/www.lamennais.org\/en-el-mundo\/africa\/?lang=es"},{"@type":"ListItem","position":4,"name":"Costa de Marfil"}]},{"@type":"WebSite","@id":"https:\/\/www.lamennais.org\/#website","url":"https:\/\/www.lamennais.org\/","name":"LaMennais.org","description":"Fr\u00e8res de l&#039;Instruction Chr\u00e9tienne et Famille Mennaisienne","potentialAction":[{"@type":"SearchAction","target":{"@type":"EntryPoint","urlTemplate":"https:\/\/www.lamennais.org\/?s={search_term_string}"},"query-input":{"@type":"PropertyValueSpecification","valueRequired":true,"valueName":"search_term_string"}}],"inLanguage":"es"}]}},"_links":{"self":[{"href":"https:\/\/www.lamennais.org\/es\/wp-json\/wp\/v2\/pages\/5670","targetHints":{"allow":["GET"]}}],"collection":[{"href":"https:\/\/www.lamennais.org\/es\/wp-json\/wp\/v2\/pages"}],"about":[{"href":"https:\/\/www.lamennais.org\/es\/wp-json\/wp\/v2\/types\/page"}],"author":[{"embeddable":true,"href":"https:\/\/www.lamennais.org\/es\/wp-json\/wp\/v2\/users\/1"}],"replies":[{"embeddable":true,"href":"https:\/\/www.lamennais.org\/es\/wp-json\/wp\/v2\/comments?post=5670"}],"version-history":[{"count":4,"href":"https:\/\/www.lamennais.org\/es\/wp-json\/wp\/v2\/pages\/5670\/revisions"}],"predecessor-version":[{"id":19377,"href":"https:\/\/www.lamennais.org\/es\/wp-json\/wp\/v2\/pages\/5670\/revisions\/19377"}],"up":[{"embeddable":true,"href":"https:\/\/www.lamennais.org\/es\/wp-json\/wp\/v2\/pages\/5686"}],"wp:attachment":[{"href":"https:\/\/www.lamennais.org\/es\/wp-json\/wp\/v2\/media?parent=5670"}],"curies":[{"name":"wp","href":"https:\/\/api.w.org\/{rel}","templated":true}]}}