{"id":5667,"date":"2016-05-01T16:13:20","date_gmt":"2016-05-01T14:13:20","guid":{"rendered":"http:\/\/www.lamennais.org\/?page_id=5667&#038;lang=es"},"modified":"2024-12-21T10:40:58","modified_gmt":"2024-12-21T09:40:58","slug":"congo-rd","status":"publish","type":"page","link":"https:\/\/www.lamennais.org\/es\/en-el-mundo\/africa\/congo-rd\/","title":{"rendered":"Congo RD"},"content":{"rendered":"<p><strong><img fetchpriority=\"high\" decoding=\"async\" class=\"wp-image-8042 alignright\" src=\"https:\/\/www.lamennais.org\/wp-content\/uploads\/2016\/05\/Congo-2015.jpg\" alt=\"congo-2015\" width=\"596\" height=\"585\" srcset=\"https:\/\/www.lamennais.org\/wp-content\/uploads\/2016\/05\/Congo-2015.jpg 904w, https:\/\/www.lamennais.org\/wp-content\/uploads\/2016\/05\/Congo-2015-300x295.jpg 300w, https:\/\/www.lamennais.org\/wp-content\/uploads\/2016\/05\/Congo-2015-768x754.jpg 768w, https:\/\/www.lamennais.org\/wp-content\/uploads\/2016\/05\/Congo-2015-260x255.jpg 260w\" sizes=\"(max-width: 596px) 100vw, 596px\" \/>Delegaci\u00f3n San Jos\u00e9 (Congo RDC)<br \/>\n<\/strong><\/p>\n<p><a href=\"http:\/\/www.ficvpac.org\" target=\"_blank\" rel=\"noopener\">www.ficvpac.org<\/a><\/p>\n<p><strong>Villes<\/strong> : Bunia &#8211; Dungu &#8211; Isiro<\/p>\n<p><strong><span style=\"color: #3366ff;\">BUNIA<\/span><br \/>\nCommunaut\u00e9 F.I.C.<\/strong><br \/>\nB.P. 19 BUNIA<br \/>\nC: <a href=\"mailto:gbiro80@gmail.com\">gbiro80@gmail.com<\/a><\/p>\n<p><strong><span style=\"color: #3366ff;\">DUNGU<\/span><br \/>\n<\/strong><strong>Communaut\u00e9 FIC \u00a0et Juv\u00e9nat<br \/>\n<\/strong>BP 20 DUNGU (via ISIRO<br \/>\nP.O. BOX 17 KISUBI\u00a0\u00a0\u00a0 UGANDA<br \/>\nC : <a href=\"mailto:gumeagitir@hotmail.com\">gumeagitir@hotmail.com<\/a><\/p>\n<p><strong><span style=\"color: #3366ff;\">ISIRO<\/span><br \/>\n<\/strong>Communaut\u00e9 FIC<br \/>\nB.P. 320 ISIRO<br \/>\nPO BOX 17 , KISUBI, Uganda<br \/>\nT: (243) 081 200 1205<br \/>\nC: <a href=\"mailto:jeanticro@yahoo.fr\">jeanticro@yahoo.fr<\/a><\/p>\n<p><strong><span style=\"color: #3366ff;\">KINSHASA<\/span><br \/>\n<\/strong>Communaut\u00e9 FIC Bibwa\/Kinshasa<br \/>\nBoulevard Lumumba, 12<br \/>\nQuartier Two Ngamayo<br \/>\nCommune de la N&#8217;Sele<br \/>\nKINSHASA<br \/>\nC : <a href=\"mailto:frerefido@yahoo.com\">frerefido@yahoo.com<\/a><\/p>\n<hr \/>\n<p><img decoding=\"async\" class=\"alignright size-medium wp-image-1471\" src=\"https:\/\/www.lamennais.org\/wp-content\/uploads\/2016\/05\/Congo-A-300x225.jpg\" alt=\"Congo A\" width=\"300\" height=\"225\" srcset=\"https:\/\/www.lamennais.org\/wp-content\/uploads\/2016\/05\/Congo-A-300x225.jpg 300w, https:\/\/www.lamennais.org\/wp-content\/uploads\/2016\/05\/Congo-A-768x576.jpg 768w, https:\/\/www.lamennais.org\/wp-content\/uploads\/2016\/05\/Congo-A-1024x768.jpg 1024w, https:\/\/www.lamennais.org\/wp-content\/uploads\/2016\/05\/Congo-A-260x195.jpg 260w, https:\/\/www.lamennais.org\/wp-content\/uploads\/2016\/05\/Congo-A.jpg 1632w\" sizes=\"(max-width: 300px) 100vw, 300px\" \/><\/p>\n<p><strong>Ayer<\/strong><\/p>\n<p><strong>El 30 de agosto de 1969<\/strong>, los cuatro primeros HH. Menesianos canadienses llegaron al Congo-Zaire en la di\u00f3cesis de Dungu-Doruma. Los HH. Menesianos se hacen cargo de\u00a0 una escuela secundaria, el\u00a0<strong>Instituto Wando,<\/strong> del seminario menor y de la coordinaci\u00f3n diocesana de los colegios. En 1975 abren un\u00a0<strong>Juniorado<\/strong>\u00a0que aprovecha los cursos del\u00a0Instituto Wando.<\/p>\n<p><strong>En 1972 <\/strong>los HH. Menesianos se instalan en <strong>BANGADI<\/strong> y trabajan, por una parte, en el Instituto Bafuka, una escuela secundaria, y por otra en un Centro de Formaci\u00f3n Catequ\u00e9tica.<\/p>\n<p><strong>En 1977 <\/strong>nueva fundaci\u00f3n en<strong>\u00a0 POKO<\/strong>. Al lado del Instituto Bakengaie, de secundaria, los HH. Menesianos abren un centro profesional de carpinter\u00eda.<\/p>\n<p><strong>En 1985, <\/strong>apertura de una Comunidad en <strong>BUNIA,<\/strong> para asegurar la Formaci\u00f3n Teol\u00f3gica de los Hermanos j\u00f3venes (Escol\u00e1sticos). En 1994, este\u00a0 escolasticado se traslada a Kinshasa, en una casa alquilada a la di\u00f3cesis de Dungu. Esta casa de formaci\u00f3n se cerr\u00f3 en 1997 ya que los Hermanos j\u00f3venes contin\u00faan su formaci\u00f3n en el CELAF (Centro Lasaliano Franc\u00f3fono) de Abidjan, con sus cohermanos de \u00c1frica Occidental.<\/p>\n<p><img decoding=\"async\" class=\"wp-image-1472 size-medium alignleft\" src=\"https:\/\/www.lamennais.org\/wp-content\/uploads\/2016\/05\/Congo-B-St-Rosaire-300x225.jpg\" alt=\"Congo B + St Rosaire\" width=\"300\" height=\"225\" srcset=\"https:\/\/www.lamennais.org\/wp-content\/uploads\/2016\/05\/Congo-B-St-Rosaire-300x225.jpg 300w, https:\/\/www.lamennais.org\/wp-content\/uploads\/2016\/05\/Congo-B-St-Rosaire-260x195.jpg 260w, https:\/\/www.lamennais.org\/wp-content\/uploads\/2016\/05\/Congo-B-St-Rosaire.jpg 640w\" sizes=\"(max-width: 300px) 100vw, 300px\" \/>La\u00a0ca\u00edda del Presidente Mobutu en 1997 trajo consigo turbulencias por todo el pa\u00eds. Los HH. Menesianos canadienses fueron repatriados y los HH. j\u00f3venes de Zaire y los aspirantes se encargaron de guardar las residencias. Una mejora progresiva de la situaci\u00f3n del pa\u00eds permiti\u00f3 posteriormente el retorno paulatino\u00a0de los cohermanos canadienses, y la reanudaci\u00f3n de las actividades escolares y apost\u00f3licas.<\/p>\n<p>St. Rosaire<\/p>\n<p><strong>Hoy<\/strong><\/p>\n<p>Los Hermanos congoleses est\u00e1n implantados:<\/p>\n<p><strong>En DUNGU,<\/strong> donde dirigen el Instituto Wando (escuela secundaria diocesana) y el complejo escolar Raymond Hamelin (nuevo escuela primaria y secundaria de la Congregaci\u00f3n). El Juniorado, recientemente reconstruido, contin\u00faa su misi\u00f3n de despertar y acompa\u00f1ar las vocaciones.<\/p>\n<p><strong>En ISIRO<\/strong> los Hermanos tienen la responsabilidad del Instituto Santo Rosario (colegio secundario diocesano). Se ha comprado un nuevo terreno cercano al colegio y se est\u00e1 construyendo una comunidad para acoger a los Hermanos que trabajan en el secundario.<\/p>\n<p>La comunidad de <strong>BUNIA<\/strong> tiene una misi\u00f3n triple: Acoger a los Hermanos estudiantes del Distrito, el postulantado del sector congol\u00e9s y que sirva tambi\u00e9n de casa de acogida para los Hermanos de paso y que viajan hacia Uganda. Se ha comprado un extenso terreno cerca del aeropuerto y se est\u00e1 edificando poco a poco el complejo escolar Juan Mar\u00eda de la Mennais (colegio de la Congregaci\u00f3n). Se ha comenzado por las clases del secundario. Hoy una escuela primaria funciona tambi\u00e9n en el mismo sitio y una nueva comunidad est\u00e1 prevista para los Hermanos.<\/p>\n<p>En septiembre de <strong>2016<\/strong>, se han comprado un terreno y una casa en <strong>KINSHASA<\/strong>. Esta residencia servir\u00e1 en primer lugar para acoger a los Hermanos estudiantes en la capital y a los Hermanos que pasan para tr\u00e1mites administrativos y viajes. M\u00e1s tarde, es posible que los Hermanos se encarguen de un colegio.<\/p>\n<p><strong>A finales de 2024<\/strong>, el Distrito San Juan Pablo II (Congo RDC y Ruanda) se divide en un Distrito (Distrito ND de Kibeho: Ruanda) y una <strong>Delegaci\u00f3n (Delegaci\u00f3n San Jos\u00e9: Congo RDC).<\/strong><\/p>\n","protected":false},"excerpt":{"rendered":"<p>Delegaci\u00f3n San Jos\u00e9 (Congo RDC) www.ficvpac.org Villes : Bunia &#8211; Dungu &#8211; Isiro BUNIA Communaut\u00e9 F.I.C. B.P. 19 BUNIA C: gbiro80@gmail.com DUNGU Communaut\u00e9 FIC \u00a0et Juv\u00e9nat BP 20 DUNGU (via ISIRO P.O. BOX 17 KISUBI\u00a0\u00a0\u00a0 UGANDA C : gumeagitir@hotmail.com ISIRO Communaut\u00e9 FIC B.P. 320 ISIRO PO BOX 17 , KISUBI, Uganda T: (243) 081 200 [&hellip;]<\/p>\n","protected":false},"author":1,"featured_media":0,"parent":5686,"menu_order":0,"comment_status":"closed","ping_status":"closed","template":"","meta":{"footnotes":""},"class_list":["post-5667","page","type-page","status-publish","hentry"],"yoast_head":"<!-- This site is optimized with the Yoast SEO plugin v27.4 - https:\/\/yoast.com\/product\/yoast-seo-wordpress\/ -->\n<title>Congo RD - LaMennais.org<\/title>\n<meta name=\"robots\" content=\"index, follow, max-snippet:-1, max-image-preview:large, max-video-preview:-1\" \/>\n<link rel=\"canonical\" href=\"https:\/\/www.lamennais.org\/es\/en-el-mundo\/africa\/congo-rd\/\" \/>\n<meta property=\"og:locale\" content=\"es_ES\" \/>\n<meta property=\"og:type\" content=\"article\" \/>\n<meta property=\"og:title\" content=\"Congo RD - LaMennais.org\" \/>\n<meta property=\"og:description\" content=\"Delegaci\u00f3n San Jos\u00e9 (Congo RDC) www.ficvpac.org Villes : Bunia &#8211; Dungu &#8211; Isiro BUNIA Communaut\u00e9 F.I.C. B.P. 19 BUNIA C: gbiro80@gmail.com DUNGU Communaut\u00e9 FIC \u00a0et Juv\u00e9nat BP 20 DUNGU (via ISIRO P.O. BOX 17 KISUBI\u00a0\u00a0\u00a0 UGANDA C : gumeagitir@hotmail.com ISIRO Communaut\u00e9 FIC B.P. 320 ISIRO PO BOX 17 , KISUBI, Uganda T: (243) 081 200 [&hellip;]\" \/>\n<meta property=\"og:url\" content=\"https:\/\/www.lamennais.org\/es\/en-el-mundo\/africa\/congo-rd\/\" \/>\n<meta property=\"og:site_name\" content=\"LaMennais.org\" \/>\n<meta property=\"article:modified_time\" content=\"2024-12-21T09:40:58+00:00\" \/>\n<meta property=\"og:image\" content=\"https:\/\/www.lamennais.org\/wp-content\/uploads\/2016\/05\/Congo-2015.jpg\" \/>\n\t<meta property=\"og:image:width\" content=\"904\" \/>\n\t<meta property=\"og:image:height\" content=\"888\" \/>\n\t<meta property=\"og:image:type\" content=\"image\/jpeg\" \/>\n<meta name=\"twitter:card\" content=\"summary_large_image\" \/>\n<meta name=\"twitter:label1\" content=\"Tiempo de lectura\" \/>\n\t<meta name=\"twitter:data1\" content=\"4 minutos\" \/>\n<script type=\"application\/ld+json\" class=\"yoast-schema-graph\">{\"@context\":\"https:\\\/\\\/schema.org\",\"@graph\":[{\"@type\":\"WebPage\",\"@id\":\"https:\\\/\\\/www.lamennais.org\\\/es\\\/en-el-mundo\\\/africa\\\/congo-rd\\\/\",\"url\":\"https:\\\/\\\/www.lamennais.org\\\/es\\\/en-el-mundo\\\/africa\\\/congo-rd\\\/\",\"name\":\"Congo RD - LaMennais.org\",\"isPartOf\":{\"@id\":\"https:\\\/\\\/www.lamennais.org\\\/#website\"},\"primaryImageOfPage\":{\"@id\":\"https:\\\/\\\/www.lamennais.org\\\/es\\\/en-el-mundo\\\/africa\\\/congo-rd\\\/#primaryimage\"},\"image\":{\"@id\":\"https:\\\/\\\/www.lamennais.org\\\/es\\\/en-el-mundo\\\/africa\\\/congo-rd\\\/#primaryimage\"},\"thumbnailUrl\":\"https:\\\/\\\/www.lamennais.org\\\/wp-content\\\/uploads\\\/2016\\\/05\\\/Congo-2015.jpg\",\"datePublished\":\"2016-05-01T14:13:20+00:00\",\"dateModified\":\"2024-12-21T09:40:58+00:00\",\"breadcrumb\":{\"@id\":\"https:\\\/\\\/www.lamennais.org\\\/es\\\/en-el-mundo\\\/africa\\\/congo-rd\\\/#breadcrumb\"},\"inLanguage\":\"es\",\"potentialAction\":[{\"@type\":\"ReadAction\",\"target\":[\"https:\\\/\\\/www.lamennais.org\\\/es\\\/en-el-mundo\\\/africa\\\/congo-rd\\\/\"]}]},{\"@type\":\"ImageObject\",\"inLanguage\":\"es\",\"@id\":\"https:\\\/\\\/www.lamennais.org\\\/es\\\/en-el-mundo\\\/africa\\\/congo-rd\\\/#primaryimage\",\"url\":\"https:\\\/\\\/www.lamennais.org\\\/wp-content\\\/uploads\\\/2016\\\/05\\\/Congo-2015.jpg\",\"contentUrl\":\"https:\\\/\\\/www.lamennais.org\\\/wp-content\\\/uploads\\\/2016\\\/05\\\/Congo-2015.jpg\"},{\"@type\":\"BreadcrumbList\",\"@id\":\"https:\\\/\\\/www.lamennais.org\\\/es\\\/en-el-mundo\\\/africa\\\/congo-rd\\\/#breadcrumb\",\"itemListElement\":[{\"@type\":\"ListItem\",\"position\":1,\"name\":\"Accueil\",\"item\":\"https:\\\/\\\/www.lamennais.org\\\/\"},{\"@type\":\"ListItem\",\"position\":2,\"name\":\"&#8230;en el mundo\",\"item\":\"https:\\\/\\\/www.lamennais.org\\\/en-el-mundo\\\/?lang=es\"},{\"@type\":\"ListItem\",\"position\":3,\"name\":\"\u00c1frica\",\"item\":\"https:\\\/\\\/www.lamennais.org\\\/en-el-mundo\\\/africa\\\/?lang=es\"},{\"@type\":\"ListItem\",\"position\":4,\"name\":\"Congo RD\"}]},{\"@type\":\"WebSite\",\"@id\":\"https:\\\/\\\/www.lamennais.org\\\/#website\",\"url\":\"https:\\\/\\\/www.lamennais.org\\\/\",\"name\":\"LaMennais.org\",\"description\":\"Fr\u00e8res de l&#039;Instruction Chr\u00e9tienne et Famille Mennaisienne\",\"potentialAction\":[{\"@type\":\"SearchAction\",\"target\":{\"@type\":\"EntryPoint\",\"urlTemplate\":\"https:\\\/\\\/www.lamennais.org\\\/?s={search_term_string}\"},\"query-input\":{\"@type\":\"PropertyValueSpecification\",\"valueRequired\":true,\"valueName\":\"search_term_string\"}}],\"inLanguage\":\"es\"}]}<\/script>\n<!-- \/ Yoast SEO plugin. -->","yoast_head_json":{"title":"Congo RD - LaMennais.org","robots":{"index":"index","follow":"follow","max-snippet":"max-snippet:-1","max-image-preview":"max-image-preview:large","max-video-preview":"max-video-preview:-1"},"canonical":"https:\/\/www.lamennais.org\/es\/en-el-mundo\/africa\/congo-rd\/","og_locale":"es_ES","og_type":"article","og_title":"Congo RD - LaMennais.org","og_description":"Delegaci\u00f3n San Jos\u00e9 (Congo RDC) www.ficvpac.org Villes : Bunia &#8211; Dungu &#8211; Isiro BUNIA Communaut\u00e9 F.I.C. B.P. 19 BUNIA C: gbiro80@gmail.com DUNGU Communaut\u00e9 FIC \u00a0et Juv\u00e9nat BP 20 DUNGU (via ISIRO P.O. BOX 17 KISUBI\u00a0\u00a0\u00a0 UGANDA C : gumeagitir@hotmail.com ISIRO Communaut\u00e9 FIC B.P. 320 ISIRO PO BOX 17 , KISUBI, Uganda T: (243) 081 200 [&hellip;]","og_url":"https:\/\/www.lamennais.org\/es\/en-el-mundo\/africa\/congo-rd\/","og_site_name":"LaMennais.org","article_modified_time":"2024-12-21T09:40:58+00:00","og_image":[{"width":904,"height":888,"url":"https:\/\/www.lamennais.org\/wp-content\/uploads\/2016\/05\/Congo-2015.jpg","type":"image\/jpeg"}],"twitter_card":"summary_large_image","twitter_misc":{"Tiempo de lectura":"4 minutos"},"schema":{"@context":"https:\/\/schema.org","@graph":[{"@type":"WebPage","@id":"https:\/\/www.lamennais.org\/es\/en-el-mundo\/africa\/congo-rd\/","url":"https:\/\/www.lamennais.org\/es\/en-el-mundo\/africa\/congo-rd\/","name":"Congo RD - LaMennais.org","isPartOf":{"@id":"https:\/\/www.lamennais.org\/#website"},"primaryImageOfPage":{"@id":"https:\/\/www.lamennais.org\/es\/en-el-mundo\/africa\/congo-rd\/#primaryimage"},"image":{"@id":"https:\/\/www.lamennais.org\/es\/en-el-mundo\/africa\/congo-rd\/#primaryimage"},"thumbnailUrl":"https:\/\/www.lamennais.org\/wp-content\/uploads\/2016\/05\/Congo-2015.jpg","datePublished":"2016-05-01T14:13:20+00:00","dateModified":"2024-12-21T09:40:58+00:00","breadcrumb":{"@id":"https:\/\/www.lamennais.org\/es\/en-el-mundo\/africa\/congo-rd\/#breadcrumb"},"inLanguage":"es","potentialAction":[{"@type":"ReadAction","target":["https:\/\/www.lamennais.org\/es\/en-el-mundo\/africa\/congo-rd\/"]}]},{"@type":"ImageObject","inLanguage":"es","@id":"https:\/\/www.lamennais.org\/es\/en-el-mundo\/africa\/congo-rd\/#primaryimage","url":"https:\/\/www.lamennais.org\/wp-content\/uploads\/2016\/05\/Congo-2015.jpg","contentUrl":"https:\/\/www.lamennais.org\/wp-content\/uploads\/2016\/05\/Congo-2015.jpg"},{"@type":"BreadcrumbList","@id":"https:\/\/www.lamennais.org\/es\/en-el-mundo\/africa\/congo-rd\/#breadcrumb","itemListElement":[{"@type":"ListItem","position":1,"name":"Accueil","item":"https:\/\/www.lamennais.org\/"},{"@type":"ListItem","position":2,"name":"&#8230;en el mundo","item":"https:\/\/www.lamennais.org\/en-el-mundo\/?lang=es"},{"@type":"ListItem","position":3,"name":"\u00c1frica","item":"https:\/\/www.lamennais.org\/en-el-mundo\/africa\/?lang=es"},{"@type":"ListItem","position":4,"name":"Congo RD"}]},{"@type":"WebSite","@id":"https:\/\/www.lamennais.org\/#website","url":"https:\/\/www.lamennais.org\/","name":"LaMennais.org","description":"Fr\u00e8res de l&#039;Instruction Chr\u00e9tienne et Famille Mennaisienne","potentialAction":[{"@type":"SearchAction","target":{"@type":"EntryPoint","urlTemplate":"https:\/\/www.lamennais.org\/?s={search_term_string}"},"query-input":{"@type":"PropertyValueSpecification","valueRequired":true,"valueName":"search_term_string"}}],"inLanguage":"es"}]}},"_links":{"self":[{"href":"https:\/\/www.lamennais.org\/es\/wp-json\/wp\/v2\/pages\/5667","targetHints":{"allow":["GET"]}}],"collection":[{"href":"https:\/\/www.lamennais.org\/es\/wp-json\/wp\/v2\/pages"}],"about":[{"href":"https:\/\/www.lamennais.org\/es\/wp-json\/wp\/v2\/types\/page"}],"author":[{"embeddable":true,"href":"https:\/\/www.lamennais.org\/es\/wp-json\/wp\/v2\/users\/1"}],"replies":[{"embeddable":true,"href":"https:\/\/www.lamennais.org\/es\/wp-json\/wp\/v2\/comments?post=5667"}],"version-history":[{"count":8,"href":"https:\/\/www.lamennais.org\/es\/wp-json\/wp\/v2\/pages\/5667\/revisions"}],"predecessor-version":[{"id":43924,"href":"https:\/\/www.lamennais.org\/es\/wp-json\/wp\/v2\/pages\/5667\/revisions\/43924"}],"up":[{"embeddable":true,"href":"https:\/\/www.lamennais.org\/es\/wp-json\/wp\/v2\/pages\/5686"}],"wp:attachment":[{"href":"https:\/\/www.lamennais.org\/es\/wp-json\/wp\/v2\/media?parent=5667"}],"curies":[{"name":"wp","href":"https:\/\/api.w.org\/{rel}","templated":true}]}}