{"id":7297,"date":"2016-08-06T12:19:49","date_gmt":"2016-08-06T10:19:49","guid":{"rendered":"http:\/\/www.lamennais.org\/?page_id=7297&#038;lang=en"},"modified":"2024-12-01T10:56:27","modified_gmt":"2024-12-01T09:56:27","slug":"mennaisian-formation","status":"publish","type":"page","link":"https:\/\/www.lamennais.org\/en\/mennaisian-formation\/","title":{"rendered":"Mennaisian formation"},"content":{"rendered":"<h4><a href=\"https:\/\/www.lamennais.org\/wp-content\/uploads\/2021\/07\/Mennaisian-Family-EN-OCT-2024.pdf\" target=\"_blank\" rel=\"noopener\"><span style=\"color: #0000ff;\"><strong><strong>Document of reference of the Mennaisian Family and Statutes of the Lay Mennaisian Associates &#8211; October 2024<\/strong><\/strong><\/span><\/a><\/h4>\n<hr \/>\n<ul>\n<li><strong><a href=\"https:\/\/www.lamennais.org\/formation-mennaisienne\/\"><img decoding=\"async\" class=\"alignnone size-medium\" src=\"http:\/\/www.lamennais.org\/wp-content\/plugins\/sitepress-multilingual-cms\/res\/flags\/fr.png\" alt=\"\" width=\"18\" height=\"12\" \/><\/a><a href=\"https:\/\/www.lamennais.org\/wp-content\/uploads\/2016\/08\/fr-Famille-mennaisienne-projet-de-formation-octobre-2010.pdf\" target=\"_blank\" rel=\"noopener\">\u00a0Famille mennaisienne &#8211; Projet de formation &#8211; octobre 2010<\/a><\/strong>\u00a0(pdf &#8211; 365)<\/li>\n<li><strong><a href=\"https:\/\/www.lamennais.org\/en\/mennaisian-formation\/?lang=en\"><img decoding=\"async\" class=\"alignnone size-medium\" src=\"http:\/\/www.lamennais.org\/wp-content\/plugins\/sitepress-multilingual-cms\/res\/flags\/en.png\" alt=\"\" width=\"18\" height=\"12\" \/><\/a>\u00a0<a href=\"https:\/\/www.lamennais.org\/wp-content\/uploads\/2016\/08\/an-Formation-Project-Oct.-2010doc.pdf\" target=\"_blank\" rel=\"noopener\">Mennaisian Family &#8211; Formation Project &#8211; october 2010<\/a><\/strong>\u00a0(pdf &#8211; 365)<\/li>\n<li><strong><a href=\"https:\/\/www.lamennais.org\/es\/formacion-menesiana\/\"><img decoding=\"async\" class=\"alignnone size-medium\" src=\"http:\/\/www.lamennais.org\/wp-content\/plugins\/sitepress-multilingual-cms\/res\/flags\/es.png\" alt=\"\" width=\"18\" height=\"12\" \/><\/a>\u00a0 <a href=\"https:\/\/www.lamennais.org\/wp-content\/uploads\/2016\/03\/Proyecto-formaci\u00f3n-en-la-FM.pdf\" target=\"_blank\" rel=\"noopener\">Familia Menesiana &#8211; Proyecto de Formaci\u00f3n &#8211; octubre 2010 <\/a><\/strong>(pdf &#8211; 365)<\/li>\n<\/ul>\n<p>The text adopted by the General Council on 15 October 2010<\/p>\n<p class=\"alignnone size-medium\">The Formation Project below is meant to be complementary to the text of reference on the Mennaisian Family on the principles of formation concerning each one of the modalities of engagement in the Mennaisian Family. Certain Provinces or Vice-provinces will find in it only a confirmation of what they have already undertaken. Others will find themselves encouraged to follow suit.<\/p>\n<hr \/>\n<p><strong><b>Belonging&#8221; to the Mennaisian Family<br \/>\n<\/b><\/strong>Pertenencia a la Familia Menesiana<b> \/\u00a0<\/b>Appartenance a la famille mennaisienne<\/p>\n<ul>\n<li><a href=\"https:\/\/www.lamennais.org\/es\/formacion-menesiana\/\"><img decoding=\"async\" class=\"alignnone size-medium\" src=\"http:\/\/www.lamennais.org\/wp-content\/plugins\/sitepress-multilingual-cms\/res\/flags\/es.png\" alt=\"\" width=\"18\" height=\"12\" \/><\/a>\u00a0 Itin\u00e9raires de formation : \u00a0<a href=\"https:\/\/www.lamennais.org\/wp-content\/uploads\/2016\/08\/Itinerario-menesiano-Humildad.doc\">Humilit\u00e9 &#8211; Humildad <\/a>\u00a0 &#8211; \u00a0<a href=\"https:\/\/www.lamennais.org\/wp-content\/uploads\/2016\/08\/Itinerario-menesiano-PAZ.doc\">Paix &#8211; Paz &#8211; Peace<\/a><\/li>\n<li><a href=\"https:\/\/www.lamennais.org\/es\/formacion-menesiana\/\"><img decoding=\"async\" class=\"alignnone size-medium\" src=\"http:\/\/www.lamennais.org\/wp-content\/plugins\/sitepress-multilingual-cms\/res\/flags\/es.png\" alt=\"\" width=\"18\" height=\"12\" \/><\/a>\u00a0 <a href=\"https:\/\/www.lamennais.org\/wp-content\/uploads\/2016\/08\/Documento-1.-ORGANIZACI\u00d3N.doc\">Organisation &#8211; organizaci\u00f3n\u00a0<\/a>\u00a0 \u00a0* \u00a0<a href=\"https:\/\/www.lamennais.org\/wp-content\/uploads\/2016\/08\/Documento-2.MARCO-DE-VIDA-LAICADO-MENESIANO.doc\">Marco de vida &#8211; Charte de vie &#8211; Charter of Life<\/a><\/li>\n<li><a href=\"https:\/\/www.lamennais.org\/es\/formacion-menesiana\/\"><img decoding=\"async\" class=\"alignnone size-medium\" src=\"http:\/\/www.lamennais.org\/wp-content\/plugins\/sitepress-multilingual-cms\/res\/flags\/es.png\" alt=\"\" width=\"18\" height=\"12\" \/><\/a>\u00a0 Formaci\u00f3n \u00a0:<a href=\"https:\/\/www.lamennais.org\/wp-content\/uploads\/2016\/08\/Documento-3.-FORMACI\u00d3N.-Para-la-Vida-y-la-Misi\u00f3n.doc\">Para la Vida y la Misi\u00f3n &#8211; pour la vie de la Mission<\/a><\/li>\n<li><a href=\"https:\/\/www.lamennais.org\/formation-mennaisienne\/\"><img decoding=\"async\" class=\"alignnone size-medium\" src=\"http:\/\/www.lamennais.org\/wp-content\/plugins\/sitepress-multilingual-cms\/res\/flags\/fr.png\" alt=\"\" width=\"18\" height=\"12\" \/><\/a>\u00a0 <a href=\"https:\/\/www.lamennais.org\/wp-content\/uploads\/2016\/08\/Charte-Associ\u00e9s.doc\" target=\"_blank\" rel=\"noopener\">Charte Associ\u00e9s<\/a><\/li>\n<li><a href=\"https:\/\/www.lamennais.org\/formation-mennaisienne\/\"><img decoding=\"async\" class=\"alignnone size-medium\" src=\"http:\/\/www.lamennais.org\/wp-content\/plugins\/sitepress-multilingual-cms\/res\/flags\/fr.png\" alt=\"\" width=\"18\" height=\"12\" \/><\/a>\u00a0 <a href=\"https:\/\/www.lamennais.org\/wp-content\/uploads\/2016\/08\/Charte-Discernement-Guide-de-formation.doc\" target=\"_blank\" rel=\"noopener\">Charte de discernement<\/a><\/li>\n<li><a href=\"https:\/\/www.lamennais.org\/formation-mennaisienne\/\"><img decoding=\"async\" class=\"alignnone size-medium\" src=\"http:\/\/www.lamennais.org\/wp-content\/plugins\/sitepress-multilingual-cms\/res\/flags\/fr.png\" alt=\"\" width=\"18\" height=\"12\" \/><\/a>\u00a0 <a href=\"https:\/\/www.lamennais.org\/wp-content\/uploads\/2016\/08\/Invitation-au-cheminement.pdf\" target=\"_blank\" rel=\"noopener\">Invitation au cheminement<\/a><\/li>\n<\/ul>\n<hr \/>\n<p><b>Documents Mennaisian Family<br \/>\n<\/b>Documentos Familia Menesiana<b> \/\u00a0<\/b>Documents Famille Mennaisienne<\/p>\n<ul>\n<li><a href=\"https:\/\/www.lamennais.org\/es\/formacion-menesiana\/\"><img decoding=\"async\" class=\"alignnone size-medium\" src=\"http:\/\/www.lamennais.org\/wp-content\/plugins\/sitepress-multilingual-cms\/res\/flags\/es.png\" alt=\"\" width=\"18\" height=\"12\" \/><\/a>\u00a0 <a href=\"https:\/\/www.lamennais.org\/wp-content\/uploads\/2016\/08\/Carta-Compromiso-de-Laicos-1.pdf\">Carta compromiso de Laicos<\/a><\/li>\n<li><a href=\"https:\/\/www.lamennais.org\/formation-mennaisienne\/\"><img decoding=\"async\" class=\"alignnone size-medium\" src=\"http:\/\/www.lamennais.org\/wp-content\/plugins\/sitepress-multilingual-cms\/res\/flags\/fr.png\" alt=\"\" width=\"18\" height=\"12\" \/><\/a>\u00a0 <a href=\"https:\/\/www.lamennais.org\/wp-content\/uploads\/2016\/08\/Document-engagement.docx\" target=\"_blank\" rel=\"noopener\">Document engagement<\/a><\/li>\n<li><a href=\"https:\/\/www.lamennais.org\/formation-mennaisienne\/\"><img decoding=\"async\" class=\"alignnone size-medium\" src=\"http:\/\/www.lamennais.org\/wp-content\/plugins\/sitepress-multilingual-cms\/res\/flags\/fr.png\" alt=\"\" width=\"18\" height=\"12\" \/><\/a>\u00a0 <a href=\"https:\/\/www.lamennais.org\/wp-content\/uploads\/2016\/08\/flyer-Associ\u00e9s.pdf\" target=\"_blank\" rel=\"noopener\">Flyer membres asoci\u00e9s<\/a><\/li>\n<li><a href=\"https:\/\/www.lamennais.org\/es\/formacion-menesiana\/\"><img decoding=\"async\" class=\"alignnone size-medium\" src=\"http:\/\/www.lamennais.org\/wp-content\/plugins\/sitepress-multilingual-cms\/res\/flags\/es.png\" alt=\"\" width=\"18\" height=\"12\" \/><\/a>\u00a0 Itinerario Familia Menesiana <a href=\"https:\/\/www.lamennais.org\/wp-content\/uploads\/2016\/08\/Itinerario-Familia-Menesiana-1.ppt\">(DIAPORAMA)<\/a><\/li>\n<li><a href=\"https:\/\/www.lamennais.org\/formation-mennaisienne\/\"><img decoding=\"async\" class=\"alignnone size-medium\" src=\"http:\/\/www.lamennais.org\/wp-content\/plugins\/sitepress-multilingual-cms\/res\/flags\/fr.png\" alt=\"\" width=\"18\" height=\"12\" \/><\/a>\u00a0 Pr\u00e9sentation CHARTE Associ\u00e9s (<a href=\"https:\/\/www.lamennais.org\/wp-content\/uploads\/2016\/08\/Pr\u00e9sentation-CHARTE-Associ\u00e9s.pptx\" target=\"_blank\" rel=\"noopener\">DIAPORAMA<\/a>)<\/li>\n<li><a href=\"https:\/\/www.lamennais.org\/es\/formacion-menesiana\/\"><img decoding=\"async\" class=\"alignnone size-medium\" src=\"http:\/\/www.lamennais.org\/wp-content\/plugins\/sitepress-multilingual-cms\/res\/flags\/es.png\" alt=\"\" width=\"18\" height=\"12\" \/><\/a>\u00a0<a href=\"https:\/\/www.lamennais.org\/en\/mennaisian-formation\/?lang=en\"><img decoding=\"async\" class=\"alignnone size-medium\" src=\"http:\/\/www.lamennais.org\/wp-content\/plugins\/sitepress-multilingual-cms\/res\/flags\/en.png\" alt=\"\" width=\"18\" height=\"12\" \/><\/a>\u00a0<a href=\"https:\/\/www.lamennais.org\/formation-mennaisienne\/\"><img decoding=\"async\" class=\"alignnone size-medium\" src=\"http:\/\/www.lamennais.org\/wp-content\/plugins\/sitepress-multilingual-cms\/res\/flags\/fr.png\" alt=\"\" width=\"18\" height=\"12\" \/><\/a>\u00a0:<a href=\"https:\/\/www.lamennais.org\/testimonies-temoignages-testimonios-famille-mennaisienne\/\"> T\u00e9moignages de Fr\u00e8res et de La\u00efcs, au cours<\/a> de la Conf\u00e9rence G\u00e9n\u00e9rale d&#8217;Ha\u00efti (Octobre 2016) sur la FM<\/li>\n<\/ul>\n<hr \/>\n<p><b>Proposals of for<\/b><b>mation<\/b><\/p>\n<ul>\n<li><a href=\"https:\/\/www.lamennais.org\/es\/formacion-menesiana\/\"><img decoding=\"async\" class=\"alignnone size-medium\" src=\"http:\/\/www.lamennais.org\/wp-content\/plugins\/sitepress-multilingual-cms\/res\/flags\/es.png\" alt=\"\" width=\"18\" height=\"12\" \/><\/a>\u00a0<a href=\"https:\/\/www.lamennais.org\/es\/formacion-menesiana\/propuestas-de-formacion\/\"> Propuestas de formaci\u00f3n<\/a>\u00a0\/<a href=\"https:\/\/www.lamennais.org\/es\/formacion-menesiana\/propuestas-de-formacion\/\"> Proposals of formation<\/a><\/li>\n<li><img decoding=\"async\" class=\"alignnone size-medium\" src=\"http:\/\/www.lamennais.org\/wp-content\/plugins\/sitepress-multilingual-cms\/res\/flags\/fr.png\" alt=\"\" width=\"18\" height=\"12\" \/>\u00a0 <a href=\"https:\/\/www.lamennais.org\/wp-content\/uploads\/2016\/08\/Associ\u00e9s-et-communaut\u00e9s.docx\" target=\"_blank\" rel=\"noopener\">Membres Associ\u00e9s et Communaut\u00e9<\/a><\/li>\n<li><img decoding=\"async\" class=\"alignnone size-medium\" src=\"http:\/\/www.lamennais.org\/wp-content\/plugins\/sitepress-multilingual-cms\/res\/flags\/fr.png\" alt=\"\" width=\"18\" height=\"12\" \/>\u00a0 <a href=\"https:\/\/www.lamennais.org\/wp-content\/uploads\/2016\/08\/Associ\u00e9s-et-Mission.docx\" target=\"_blank\" rel=\"noopener\">Membres Associ\u00e9s et Mission<\/a><\/li>\n<li><img decoding=\"async\" class=\"alignnone size-medium\" src=\"http:\/\/www.lamennais.org\/wp-content\/plugins\/sitepress-multilingual-cms\/res\/flags\/fr.png\" alt=\"\" width=\"18\" height=\"12\" \/>\u00a0 <a href=\"https:\/\/www.lamennais.org\/wp-content\/uploads\/2016\/08\/Associ\u00e9s-et-Vie-fraternelle-en-communaut\u00e9.docx\" target=\"_blank\" rel=\"noopener\">Membres Associ\u00e9s et Vie fraternelle en communaut\u00e9<\/a><\/li>\n<li><img decoding=\"async\" class=\"alignnone size-medium\" src=\"http:\/\/www.lamennais.org\/wp-content\/plugins\/sitepress-multilingual-cms\/res\/flags\/fr.png\" alt=\"\" width=\"18\" height=\"12\" \/>\u00a0 <a href=\"https:\/\/www.lamennais.org\/wp-content\/uploads\/2016\/08\/Une-pri\u00e8re-au-coeur-de-la-vie-Prier-15-jours.docx\" target=\"_blank\" rel=\"noopener\">Une pri\u00e8re au coeur de la vie Prier 15 jours<\/a><\/li>\n<\/ul>\n<hr \/>\n<p><strong>Young Mennaisians<br \/>\n<\/strong>Jeunes Mennaisiens<strong> \/\u00a0<\/strong>J\u00f3venes Menesianos<\/p>\n<ul>\n<li><img loading=\"lazy\" decoding=\"async\" class=\"alignnone\" src=\"http:\/\/www.lamennais.org\/wp-content\/plugins\/sitepress-multilingual-cms\/res\/flags\/es.png\" width=\"18\" height=\"12\" \/>\u00a0Espa\u00f1ol\u00a0 : de un <a href=\"https:\/\/www.youtube.com\/watch?v=j2T_MdMF3Bg\">joven argentino\u00a0<\/a><\/li>\n<li><img loading=\"lazy\" decoding=\"async\" class=\"alignnone\" src=\"http:\/\/www.lamennais.org\/wp-content\/plugins\/sitepress-multilingual-cms\/res\/flags\/es.png\" width=\"18\" height=\"12\" \/>\u00a0Espa\u00f1ol\u00a0 : de un <a href=\"https:\/\/www.youtube.com\/watch?v=aqyPtkIApBQ\">joven espa\u00f1ol<\/a><\/li>\n<li><img loading=\"lazy\" decoding=\"async\" class=\"alignnone\" src=\"http:\/\/www.lamennais.org\/wp-content\/plugins\/sitepress-multilingual-cms\/res\/flags\/es.png\" width=\"18\" height=\"12\" \/>\u00a0Espa\u00f1ol\u00a0 : de una <a href=\"https:\/\/www.youtube.com\/watch?v=PGr0IQRW_hQ\">joven argentina<\/a><\/li>\n<\/ul>\n<hr \/>\n","protected":false},"excerpt":{"rendered":"<p>Documents and elements for the Mennaisian Formation<\/p>\n","protected":false},"author":1,"featured_media":13372,"parent":0,"menu_order":0,"comment_status":"closed","ping_status":"closed","template":"","meta":{"footnotes":""},"class_list":["post-7297","page","type-page","status-publish","has-post-thumbnail","hentry"],"yoast_head":"<!-- This site is optimized with the Yoast SEO plugin v27.4 - https:\/\/yoast.com\/product\/yoast-seo-wordpress\/ -->\n<title>Mennaisian formation - LaMennais.org<\/title>\n<meta name=\"robots\" content=\"index, follow, max-snippet:-1, max-image-preview:large, max-video-preview:-1\" \/>\n<link rel=\"canonical\" href=\"https:\/\/www.lamennais.org\/en\/mennaisian-formation\/\" \/>\n<meta property=\"og:locale\" content=\"en_US\" \/>\n<meta property=\"og:type\" content=\"article\" \/>\n<meta property=\"og:title\" content=\"Mennaisian formation - LaMennais.org\" \/>\n<meta property=\"og:description\" content=\"Documents and elements for the Mennaisian Formation\" \/>\n<meta property=\"og:url\" content=\"https:\/\/www.lamennais.org\/en\/mennaisian-formation\/\" \/>\n<meta property=\"og:site_name\" content=\"LaMennais.org\" \/>\n<meta property=\"article:modified_time\" content=\"2024-12-01T09:56:27+00:00\" \/>\n<meta property=\"og:image\" content=\"https:\/\/www.lamennais.org\/wp-content\/uploads\/2016\/08\/ARGENT-Formation-Enseignants-1024x657.jpg\" \/>\n\t<meta property=\"og:image:width\" content=\"1024\" \/>\n\t<meta property=\"og:image:height\" content=\"657\" \/>\n\t<meta property=\"og:image:type\" content=\"image\/jpeg\" \/>\n<meta name=\"twitter:card\" content=\"summary_large_image\" \/>\n<meta name=\"twitter:label1\" content=\"Est. reading time\" \/>\n\t<meta name=\"twitter:data1\" content=\"7 minutes\" \/>\n<script type=\"application\/ld+json\" class=\"yoast-schema-graph\">{\"@context\":\"https:\\\/\\\/schema.org\",\"@graph\":[{\"@type\":\"WebPage\",\"@id\":\"https:\\\/\\\/www.lamennais.org\\\/en\\\/mennaisian-formation\\\/\",\"url\":\"https:\\\/\\\/www.lamennais.org\\\/en\\\/mennaisian-formation\\\/\",\"name\":\"Mennaisian formation - LaMennais.org\",\"isPartOf\":{\"@id\":\"https:\\\/\\\/www.lamennais.org\\\/#website\"},\"primaryImageOfPage\":{\"@id\":\"https:\\\/\\\/www.lamennais.org\\\/en\\\/mennaisian-formation\\\/#primaryimage\"},\"image\":{\"@id\":\"https:\\\/\\\/www.lamennais.org\\\/en\\\/mennaisian-formation\\\/#primaryimage\"},\"thumbnailUrl\":\"https:\\\/\\\/www.lamennais.org\\\/wp-content\\\/uploads\\\/2016\\\/08\\\/ARGENT-Formation-Enseignants.jpg\",\"datePublished\":\"2016-08-06T10:19:49+00:00\",\"dateModified\":\"2024-12-01T09:56:27+00:00\",\"breadcrumb\":{\"@id\":\"https:\\\/\\\/www.lamennais.org\\\/en\\\/mennaisian-formation\\\/#breadcrumb\"},\"inLanguage\":\"en-US\",\"potentialAction\":[{\"@type\":\"ReadAction\",\"target\":[\"https:\\\/\\\/www.lamennais.org\\\/en\\\/mennaisian-formation\\\/\"]}]},{\"@type\":\"ImageObject\",\"inLanguage\":\"en-US\",\"@id\":\"https:\\\/\\\/www.lamennais.org\\\/en\\\/mennaisian-formation\\\/#primaryimage\",\"url\":\"https:\\\/\\\/www.lamennais.org\\\/wp-content\\\/uploads\\\/2016\\\/08\\\/ARGENT-Formation-Enseignants.jpg\",\"contentUrl\":\"https:\\\/\\\/www.lamennais.org\\\/wp-content\\\/uploads\\\/2016\\\/08\\\/ARGENT-Formation-Enseignants.jpg\",\"width\":4608,\"height\":2958},{\"@type\":\"BreadcrumbList\",\"@id\":\"https:\\\/\\\/www.lamennais.org\\\/en\\\/mennaisian-formation\\\/#breadcrumb\",\"itemListElement\":[{\"@type\":\"ListItem\",\"position\":1,\"name\":\"Accueil\",\"item\":\"https:\\\/\\\/www.lamennais.org\\\/\"},{\"@type\":\"ListItem\",\"position\":2,\"name\":\"Mennaisian formation\"}]},{\"@type\":\"WebSite\",\"@id\":\"https:\\\/\\\/www.lamennais.org\\\/#website\",\"url\":\"https:\\\/\\\/www.lamennais.org\\\/\",\"name\":\"LaMennais.org\",\"description\":\"Fr\u00e8res de l&#039;Instruction Chr\u00e9tienne et Famille Mennaisienne\",\"potentialAction\":[{\"@type\":\"SearchAction\",\"target\":{\"@type\":\"EntryPoint\",\"urlTemplate\":\"https:\\\/\\\/www.lamennais.org\\\/?s={search_term_string}\"},\"query-input\":{\"@type\":\"PropertyValueSpecification\",\"valueRequired\":true,\"valueName\":\"search_term_string\"}}],\"inLanguage\":\"en-US\"}]}<\/script>\n<!-- \/ Yoast SEO plugin. -->","yoast_head_json":{"title":"Mennaisian formation - LaMennais.org","robots":{"index":"index","follow":"follow","max-snippet":"max-snippet:-1","max-image-preview":"max-image-preview:large","max-video-preview":"max-video-preview:-1"},"canonical":"https:\/\/www.lamennais.org\/en\/mennaisian-formation\/","og_locale":"en_US","og_type":"article","og_title":"Mennaisian formation - LaMennais.org","og_description":"Documents and elements for the Mennaisian Formation","og_url":"https:\/\/www.lamennais.org\/en\/mennaisian-formation\/","og_site_name":"LaMennais.org","article_modified_time":"2024-12-01T09:56:27+00:00","og_image":[{"width":1024,"height":657,"url":"https:\/\/www.lamennais.org\/wp-content\/uploads\/2016\/08\/ARGENT-Formation-Enseignants-1024x657.jpg","type":"image\/jpeg"}],"twitter_card":"summary_large_image","twitter_misc":{"Est. reading time":"7 minutes"},"schema":{"@context":"https:\/\/schema.org","@graph":[{"@type":"WebPage","@id":"https:\/\/www.lamennais.org\/en\/mennaisian-formation\/","url":"https:\/\/www.lamennais.org\/en\/mennaisian-formation\/","name":"Mennaisian formation - LaMennais.org","isPartOf":{"@id":"https:\/\/www.lamennais.org\/#website"},"primaryImageOfPage":{"@id":"https:\/\/www.lamennais.org\/en\/mennaisian-formation\/#primaryimage"},"image":{"@id":"https:\/\/www.lamennais.org\/en\/mennaisian-formation\/#primaryimage"},"thumbnailUrl":"https:\/\/www.lamennais.org\/wp-content\/uploads\/2016\/08\/ARGENT-Formation-Enseignants.jpg","datePublished":"2016-08-06T10:19:49+00:00","dateModified":"2024-12-01T09:56:27+00:00","breadcrumb":{"@id":"https:\/\/www.lamennais.org\/en\/mennaisian-formation\/#breadcrumb"},"inLanguage":"en-US","potentialAction":[{"@type":"ReadAction","target":["https:\/\/www.lamennais.org\/en\/mennaisian-formation\/"]}]},{"@type":"ImageObject","inLanguage":"en-US","@id":"https:\/\/www.lamennais.org\/en\/mennaisian-formation\/#primaryimage","url":"https:\/\/www.lamennais.org\/wp-content\/uploads\/2016\/08\/ARGENT-Formation-Enseignants.jpg","contentUrl":"https:\/\/www.lamennais.org\/wp-content\/uploads\/2016\/08\/ARGENT-Formation-Enseignants.jpg","width":4608,"height":2958},{"@type":"BreadcrumbList","@id":"https:\/\/www.lamennais.org\/en\/mennaisian-formation\/#breadcrumb","itemListElement":[{"@type":"ListItem","position":1,"name":"Accueil","item":"https:\/\/www.lamennais.org\/"},{"@type":"ListItem","position":2,"name":"Mennaisian formation"}]},{"@type":"WebSite","@id":"https:\/\/www.lamennais.org\/#website","url":"https:\/\/www.lamennais.org\/","name":"LaMennais.org","description":"Fr\u00e8res de l&#039;Instruction Chr\u00e9tienne et Famille Mennaisienne","potentialAction":[{"@type":"SearchAction","target":{"@type":"EntryPoint","urlTemplate":"https:\/\/www.lamennais.org\/?s={search_term_string}"},"query-input":{"@type":"PropertyValueSpecification","valueRequired":true,"valueName":"search_term_string"}}],"inLanguage":"en-US"}]}},"_links":{"self":[{"href":"https:\/\/www.lamennais.org\/en\/wp-json\/wp\/v2\/pages\/7297","targetHints":{"allow":["GET"]}}],"collection":[{"href":"https:\/\/www.lamennais.org\/en\/wp-json\/wp\/v2\/pages"}],"about":[{"href":"https:\/\/www.lamennais.org\/en\/wp-json\/wp\/v2\/types\/page"}],"author":[{"embeddable":true,"href":"https:\/\/www.lamennais.org\/en\/wp-json\/wp\/v2\/users\/1"}],"replies":[{"embeddable":true,"href":"https:\/\/www.lamennais.org\/en\/wp-json\/wp\/v2\/comments?post=7297"}],"version-history":[{"count":29,"href":"https:\/\/www.lamennais.org\/en\/wp-json\/wp\/v2\/pages\/7297\/revisions"}],"predecessor-version":[{"id":42934,"href":"https:\/\/www.lamennais.org\/en\/wp-json\/wp\/v2\/pages\/7297\/revisions\/42934"}],"wp:featuredmedia":[{"embeddable":true,"href":"https:\/\/www.lamennais.org\/en\/wp-json\/wp\/v2\/media\/13372"}],"wp:attachment":[{"href":"https:\/\/www.lamennais.org\/en\/wp-json\/wp\/v2\/media?parent=7297"}],"curies":[{"name":"wp","href":"https:\/\/api.w.org\/{rel}","templated":true}]}}