{"id":5284,"date":"2016-05-01T17:25:41","date_gmt":"2016-05-01T15:25:41","guid":{"rendered":"http:\/\/www.lamennais.org\/?page_id=5284&#038;lang=en"},"modified":"2019-01-31T11:10:59","modified_gmt":"2019-01-31T10:10:59","slug":"togo","status":"publish","type":"page","link":"https:\/\/www.lamennais.org\/en\/around-the-world\/africa\/togo\/","title":{"rendered":"Togo"},"content":{"rendered":"<p><strong><img fetchpriority=\"high\" decoding=\"async\" class=\"alignright size-full wp-image-1541\" src=\"http:\/\/www.lamennais.org\/wp-content\/uploads\/2016\/05\/togo_resize.jpg\" alt=\"togo_resize\" width=\"500\" height=\"500\" \/>Towns<\/strong>\u00a0: Dapaong &#8211; Aneho &#8211; Lome &#8211; Mango &#8211; Ogaro<\/p>\n<p><strong>ANEHO<br \/>\n<\/strong><strong>Fr\u00e8res de l&#8217;Instruction Chr\u00e9tienne <\/strong><br \/>\nBP 29<br \/>\nANEHO<br \/>\nC: <a href=\"mailto:mapayenebenoit@yahoo.fr\">mapayenebenoit@yahoo.fr<\/a><\/p>\n<p><strong>DAPAONG<br \/>\n<\/strong><strong>Fr\u00e8res de l&#8217;Instruction Chr\u00e9tienne<\/strong><br \/>\nNoviciat<br \/>\nBP 09<br \/>\nDAPAONG<br \/>\nTOGO<br \/>\nC:<a href=\"mailto:mailto:ficnada@yahoo.fr\"> ficnada@yahoo.fr<\/a><\/p>\n<p><strong>LOM\u00c9<br \/>\n<\/strong><strong>Fr\u00e8res de l&#8217;Instruction Chr\u00e9tienne<\/strong><br \/>\n38 rue Kpegbadja<br \/>\n03 BP 30911<br \/>\nQuartier WUITI<br \/>\nLOM\u00c9<br \/>\nC : <a href=\"mailto:ficlome@yahoo.fr\">ficlome@yahoo.fr <\/a><\/p>\n<p><strong>MANGO<br \/>\n<\/strong><strong>Fr\u00e8res de l&#8217;Instruction Chr\u00e9tienne<br \/>\n<\/strong> BP 01 MANGO<br \/>\nC : <a href=\"mailto:kombatekoffi@yahoo.fr\">kombatekoffi@yahoo.fr<\/a><\/p>\n<p><strong>OGARO<br \/>\n<\/strong><strong>Fr\u00e8res de l&#8217;Instruction Chr\u00e9tienne<\/strong><br \/>\n<strong>CARTO d&#8217;Ogaro<\/strong><br \/>\nBP 09 &#8211; DAPAONG<br \/>\nC : <a href=\"mailto:cartogaro@gmail.com\">cartogaro@gmail.com<\/a><\/p>\n<hr \/>\n<p><strong>Ogaro<\/strong><\/p>\n<div id=\"attachment_1542\" style=\"width: 310px\" class=\"wp-caption alignright\"><img decoding=\"async\" aria-describedby=\"caption-attachment-1542\" class=\"size-medium wp-image-1542\" src=\"http:\/\/www.lamennais.org\/wp-content\/uploads\/2016\/05\/Togo-B-Ogaro-300x200.jpg\" alt=\"Ogaro\" width=\"300\" height=\"200\" srcset=\"https:\/\/www.lamennais.org\/wp-content\/uploads\/2016\/05\/Togo-B-Ogaro-300x200.jpg 300w, https:\/\/www.lamennais.org\/wp-content\/uploads\/2016\/05\/Togo-B-Ogaro-768x512.jpg 768w, https:\/\/www.lamennais.org\/wp-content\/uploads\/2016\/05\/Togo-B-Ogaro-1024x683.jpg 1024w, https:\/\/www.lamennais.org\/wp-content\/uploads\/2016\/05\/Togo-B-Ogaro-260x173.jpg 260w, https:\/\/www.lamennais.org\/wp-content\/uploads\/2016\/05\/Togo-B-Ogaro-1200x800.jpg 1200w, https:\/\/www.lamennais.org\/wp-content\/uploads\/2016\/05\/Togo-B-Ogaro.jpg 1374w\" sizes=\"(max-width: 300px) 100vw, 300px\" \/><p id=\"caption-attachment-1542\" class=\"wp-caption-text\">Ogaro<\/p><\/div>\n<p>It is in this village in the Savannah region of Northern Togo that the Brothers chose to set up in 1982. The arrival of the Brothers led real revolution in the agricultural field: training of farmers for harnessed cultivation, and introduction of new crops. If one Brother, with the cooperation of Togolese lay people takes care of the whole agricultural training, two others are engaged in village schools. School management, training and pedagogical follow-up of teachers, and constructions, are all tasks performed by this community. Gradually, the village schools are returned to the State; the Brothers kept only one school that has become JMLM School at Battebangbang.<br \/>\nIn 2018, a secondary achool is added to the primary section, called : &#8220;Complexe scolaire La Mennais&#8221; of Battebangbang.<\/p>\n<div id=\"attachment_1543\" style=\"width: 310px\" class=\"wp-caption alignleft\"><img decoding=\"async\" aria-describedby=\"caption-attachment-1543\" class=\"size-medium wp-image-1543\" src=\"http:\/\/www.lamennais.org\/wp-content\/uploads\/2016\/05\/Togo-A-Dapaong-300x226.jpg\" alt=\"Dapaong\" width=\"300\" height=\"226\" srcset=\"https:\/\/www.lamennais.org\/wp-content\/uploads\/2016\/05\/Togo-A-Dapaong-300x226.jpg 300w, https:\/\/www.lamennais.org\/wp-content\/uploads\/2016\/05\/Togo-A-Dapaong-768x580.jpg 768w, https:\/\/www.lamennais.org\/wp-content\/uploads\/2016\/05\/Togo-A-Dapaong-1024x773.jpg 1024w, https:\/\/www.lamennais.org\/wp-content\/uploads\/2016\/05\/Togo-A-Dapaong-260x196.jpg 260w, https:\/\/www.lamennais.org\/wp-content\/uploads\/2016\/05\/Togo-A-Dapaong.jpg 1632w\" sizes=\"(max-width: 300px) 100vw, 300px\" \/><p id=\"caption-attachment-1543\" class=\"wp-caption-text\">Dapaong<\/p><\/div>\n<p><strong>Dapaong<\/strong><br \/>\nSince 1985, a community has lived in this city in Northern Togo. The Brothers are involved in the animation of a Catholic High School under the supervision of the Lassalian Brothers, in Catholic movements and in vocational groups. Today, the Noviciate of Saint-Paul District of Western Africa is located in the heart of this city, characterised by the presence of very many young Christians and catechumens.<\/p>\n<p><strong>An\u00e9ho<\/strong><br \/>\nThe Saints-Pierre-et-Paul High School is located in the former capital of Togo. The Brothers took charge of this school in 1994.<\/p>\n<p><strong>Lom\u00e9<\/strong><br \/>\nSince 2002, a house was constructed in Lom\u00e9 to serve as a residence for young student Brothers. It has also become the Visitor\u2019s house.<\/p>\n<p><strong>Mango<\/strong><br \/>\nIn September 2005, Mgr Hanrion School was opened in Northern Togo<\/p>\n","protected":false},"excerpt":{"rendered":"<p>Towns\u00a0: Dapaong &#8211; Aneho &#8211; Lome &#8211; Mango &#8211; Ogaro ANEHO Fr\u00e8res de l&#8217;Instruction Chr\u00e9tienne BP 29 ANEHO C: mapayenebenoit@yahoo.fr DAPAONG Fr\u00e8res de l&#8217;Instruction Chr\u00e9tienne Noviciat BP 09 DAPAONG TOGO C: ficnada@yahoo.fr LOM\u00c9 Fr\u00e8res de l&#8217;Instruction Chr\u00e9tienne 38 rue Kpegbadja 03 BP 30911 Quartier WUITI LOM\u00c9 C : ficlome@yahoo.fr MANGO Fr\u00e8res de l&#8217;Instruction Chr\u00e9tienne BP [&hellip;]<\/p>\n","protected":false},"author":1,"featured_media":0,"parent":5209,"menu_order":0,"comment_status":"closed","ping_status":"closed","template":"","meta":{"footnotes":""},"class_list":["post-5284","page","type-page","status-publish","hentry"],"yoast_head":"<!-- This site is optimized with the Yoast SEO plugin v27.4 - https:\/\/yoast.com\/product\/yoast-seo-wordpress\/ -->\n<title>Togo - LaMennais.org<\/title>\n<meta name=\"robots\" content=\"index, follow, max-snippet:-1, max-image-preview:large, max-video-preview:-1\" \/>\n<link rel=\"canonical\" href=\"https:\/\/www.lamennais.org\/around-the-world\/africa\/togo\/?lang=en\" \/>\n<meta property=\"og:locale\" content=\"en_US\" \/>\n<meta property=\"og:type\" content=\"article\" \/>\n<meta property=\"og:title\" content=\"Togo - LaMennais.org\" \/>\n<meta property=\"og:description\" content=\"Towns\u00a0: Dapaong &#8211; Aneho &#8211; Lome &#8211; Mango &#8211; Ogaro ANEHO Fr\u00e8res de l&#8217;Instruction Chr\u00e9tienne BP 29 ANEHO C: mapayenebenoit@yahoo.fr DAPAONG Fr\u00e8res de l&#8217;Instruction Chr\u00e9tienne Noviciat BP 09 DAPAONG TOGO C: ficnada@yahoo.fr LOM\u00c9 Fr\u00e8res de l&#8217;Instruction Chr\u00e9tienne 38 rue Kpegbadja 03 BP 30911 Quartier WUITI LOM\u00c9 C : ficlome@yahoo.fr MANGO Fr\u00e8res de l&#8217;Instruction Chr\u00e9tienne BP [&hellip;]\" \/>\n<meta property=\"og:url\" content=\"https:\/\/www.lamennais.org\/around-the-world\/africa\/togo\/?lang=en\" \/>\n<meta property=\"og:site_name\" content=\"LaMennais.org\" \/>\n<meta property=\"article:modified_time\" content=\"2019-01-31T10:10:59+00:00\" \/>\n<meta property=\"og:image\" content=\"http:\/\/www.lamennais.org\/wp-content\/uploads\/2016\/05\/togo_resize.jpg\" \/>\n<meta name=\"twitter:card\" content=\"summary_large_image\" \/>\n<meta name=\"twitter:label1\" content=\"Est. reading time\" \/>\n\t<meta name=\"twitter:data1\" content=\"2 minutes\" \/>\n<script type=\"application\/ld+json\" class=\"yoast-schema-graph\">{\"@context\":\"https:\\\/\\\/schema.org\",\"@graph\":[{\"@type\":\"WebPage\",\"@id\":\"https:\\\/\\\/www.lamennais.org\\\/around-the-world\\\/africa\\\/togo\\\/?lang=en\",\"url\":\"https:\\\/\\\/www.lamennais.org\\\/around-the-world\\\/africa\\\/togo\\\/?lang=en\",\"name\":\"Togo - LaMennais.org\",\"isPartOf\":{\"@id\":\"https:\\\/\\\/www.lamennais.org\\\/#website\"},\"primaryImageOfPage\":{\"@id\":\"https:\\\/\\\/www.lamennais.org\\\/around-the-world\\\/africa\\\/togo\\\/?lang=en#primaryimage\"},\"image\":{\"@id\":\"https:\\\/\\\/www.lamennais.org\\\/around-the-world\\\/africa\\\/togo\\\/?lang=en#primaryimage\"},\"thumbnailUrl\":\"http:\\\/\\\/www.lamennais.org\\\/wp-content\\\/uploads\\\/2016\\\/05\\\/togo_resize.jpg\",\"datePublished\":\"2016-05-01T15:25:41+00:00\",\"dateModified\":\"2019-01-31T10:10:59+00:00\",\"breadcrumb\":{\"@id\":\"https:\\\/\\\/www.lamennais.org\\\/around-the-world\\\/africa\\\/togo\\\/?lang=en#breadcrumb\"},\"inLanguage\":\"en-US\",\"potentialAction\":[{\"@type\":\"ReadAction\",\"target\":[\"https:\\\/\\\/www.lamennais.org\\\/around-the-world\\\/africa\\\/togo\\\/?lang=en\"]}]},{\"@type\":\"ImageObject\",\"inLanguage\":\"en-US\",\"@id\":\"https:\\\/\\\/www.lamennais.org\\\/around-the-world\\\/africa\\\/togo\\\/?lang=en#primaryimage\",\"url\":\"http:\\\/\\\/www.lamennais.org\\\/wp-content\\\/uploads\\\/2016\\\/05\\\/togo_resize.jpg\",\"contentUrl\":\"http:\\\/\\\/www.lamennais.org\\\/wp-content\\\/uploads\\\/2016\\\/05\\\/togo_resize.jpg\"},{\"@type\":\"BreadcrumbList\",\"@id\":\"https:\\\/\\\/www.lamennais.org\\\/around-the-world\\\/africa\\\/togo\\\/?lang=en#breadcrumb\",\"itemListElement\":[{\"@type\":\"ListItem\",\"position\":1,\"name\":\"Accueil\",\"item\":\"https:\\\/\\\/www.lamennais.org\\\/\"},{\"@type\":\"ListItem\",\"position\":2,\"name\":\"&#8230;around the world\",\"item\":\"https:\\\/\\\/www.lamennais.org\\\/around-the-world\\\/?lang=en\"},{\"@type\":\"ListItem\",\"position\":3,\"name\":\"Africa\",\"item\":\"https:\\\/\\\/www.lamennais.org\\\/around-the-world\\\/africa\\\/?lang=en\"},{\"@type\":\"ListItem\",\"position\":4,\"name\":\"Togo\"}]},{\"@type\":\"WebSite\",\"@id\":\"https:\\\/\\\/www.lamennais.org\\\/#website\",\"url\":\"https:\\\/\\\/www.lamennais.org\\\/\",\"name\":\"LaMennais.org\",\"description\":\"Fr\u00e8res de l&#039;Instruction Chr\u00e9tienne et Famille Mennaisienne\",\"potentialAction\":[{\"@type\":\"SearchAction\",\"target\":{\"@type\":\"EntryPoint\",\"urlTemplate\":\"https:\\\/\\\/www.lamennais.org\\\/?s={search_term_string}\"},\"query-input\":{\"@type\":\"PropertyValueSpecification\",\"valueRequired\":true,\"valueName\":\"search_term_string\"}}],\"inLanguage\":\"en-US\"}]}<\/script>\n<!-- \/ Yoast SEO plugin. -->","yoast_head_json":{"title":"Togo - LaMennais.org","robots":{"index":"index","follow":"follow","max-snippet":"max-snippet:-1","max-image-preview":"max-image-preview:large","max-video-preview":"max-video-preview:-1"},"canonical":"https:\/\/www.lamennais.org\/around-the-world\/africa\/togo\/?lang=en","og_locale":"en_US","og_type":"article","og_title":"Togo - LaMennais.org","og_description":"Towns\u00a0: Dapaong &#8211; Aneho &#8211; Lome &#8211; Mango &#8211; Ogaro ANEHO Fr\u00e8res de l&#8217;Instruction Chr\u00e9tienne BP 29 ANEHO C: mapayenebenoit@yahoo.fr DAPAONG Fr\u00e8res de l&#8217;Instruction Chr\u00e9tienne Noviciat BP 09 DAPAONG TOGO C: ficnada@yahoo.fr LOM\u00c9 Fr\u00e8res de l&#8217;Instruction Chr\u00e9tienne 38 rue Kpegbadja 03 BP 30911 Quartier WUITI LOM\u00c9 C : ficlome@yahoo.fr MANGO Fr\u00e8res de l&#8217;Instruction Chr\u00e9tienne BP [&hellip;]","og_url":"https:\/\/www.lamennais.org\/around-the-world\/africa\/togo\/?lang=en","og_site_name":"LaMennais.org","article_modified_time":"2019-01-31T10:10:59+00:00","og_image":[{"url":"http:\/\/www.lamennais.org\/wp-content\/uploads\/2016\/05\/togo_resize.jpg","type":"","width":"","height":""}],"twitter_card":"summary_large_image","twitter_misc":{"Est. reading time":"2 minutes"},"schema":{"@context":"https:\/\/schema.org","@graph":[{"@type":"WebPage","@id":"https:\/\/www.lamennais.org\/around-the-world\/africa\/togo\/?lang=en","url":"https:\/\/www.lamennais.org\/around-the-world\/africa\/togo\/?lang=en","name":"Togo - LaMennais.org","isPartOf":{"@id":"https:\/\/www.lamennais.org\/#website"},"primaryImageOfPage":{"@id":"https:\/\/www.lamennais.org\/around-the-world\/africa\/togo\/?lang=en#primaryimage"},"image":{"@id":"https:\/\/www.lamennais.org\/around-the-world\/africa\/togo\/?lang=en#primaryimage"},"thumbnailUrl":"http:\/\/www.lamennais.org\/wp-content\/uploads\/2016\/05\/togo_resize.jpg","datePublished":"2016-05-01T15:25:41+00:00","dateModified":"2019-01-31T10:10:59+00:00","breadcrumb":{"@id":"https:\/\/www.lamennais.org\/around-the-world\/africa\/togo\/?lang=en#breadcrumb"},"inLanguage":"en-US","potentialAction":[{"@type":"ReadAction","target":["https:\/\/www.lamennais.org\/around-the-world\/africa\/togo\/?lang=en"]}]},{"@type":"ImageObject","inLanguage":"en-US","@id":"https:\/\/www.lamennais.org\/around-the-world\/africa\/togo\/?lang=en#primaryimage","url":"http:\/\/www.lamennais.org\/wp-content\/uploads\/2016\/05\/togo_resize.jpg","contentUrl":"http:\/\/www.lamennais.org\/wp-content\/uploads\/2016\/05\/togo_resize.jpg"},{"@type":"BreadcrumbList","@id":"https:\/\/www.lamennais.org\/around-the-world\/africa\/togo\/?lang=en#breadcrumb","itemListElement":[{"@type":"ListItem","position":1,"name":"Accueil","item":"https:\/\/www.lamennais.org\/"},{"@type":"ListItem","position":2,"name":"&#8230;around the world","item":"https:\/\/www.lamennais.org\/around-the-world\/?lang=en"},{"@type":"ListItem","position":3,"name":"Africa","item":"https:\/\/www.lamennais.org\/around-the-world\/africa\/?lang=en"},{"@type":"ListItem","position":4,"name":"Togo"}]},{"@type":"WebSite","@id":"https:\/\/www.lamennais.org\/#website","url":"https:\/\/www.lamennais.org\/","name":"LaMennais.org","description":"Fr\u00e8res de l&#039;Instruction Chr\u00e9tienne et Famille Mennaisienne","potentialAction":[{"@type":"SearchAction","target":{"@type":"EntryPoint","urlTemplate":"https:\/\/www.lamennais.org\/?s={search_term_string}"},"query-input":{"@type":"PropertyValueSpecification","valueRequired":true,"valueName":"search_term_string"}}],"inLanguage":"en-US"}]}},"_links":{"self":[{"href":"https:\/\/www.lamennais.org\/en\/wp-json\/wp\/v2\/pages\/5284","targetHints":{"allow":["GET"]}}],"collection":[{"href":"https:\/\/www.lamennais.org\/en\/wp-json\/wp\/v2\/pages"}],"about":[{"href":"https:\/\/www.lamennais.org\/en\/wp-json\/wp\/v2\/types\/page"}],"author":[{"embeddable":true,"href":"https:\/\/www.lamennais.org\/en\/wp-json\/wp\/v2\/users\/1"}],"replies":[{"embeddable":true,"href":"https:\/\/www.lamennais.org\/en\/wp-json\/wp\/v2\/comments?post=5284"}],"version-history":[{"count":5,"href":"https:\/\/www.lamennais.org\/en\/wp-json\/wp\/v2\/pages\/5284\/revisions"}],"predecessor-version":[{"id":19372,"href":"https:\/\/www.lamennais.org\/en\/wp-json\/wp\/v2\/pages\/5284\/revisions\/19372"}],"up":[{"embeddable":true,"href":"https:\/\/www.lamennais.org\/en\/wp-json\/wp\/v2\/pages\/5209"}],"wp:attachment":[{"href":"https:\/\/www.lamennais.org\/en\/wp-json\/wp\/v2\/media?parent=5284"}],"curies":[{"name":"wp","href":"https:\/\/api.w.org\/{rel}","templated":true}]}}