{"id":5274,"date":"2016-05-01T17:03:19","date_gmt":"2016-05-01T15:03:19","guid":{"rendered":"http:\/\/www.lamennais.org\/?page_id=5274&#038;lang=en"},"modified":"2016-06-04T19:57:09","modified_gmt":"2016-06-04T17:57:09","slug":"senegal","status":"publish","type":"page","link":"https:\/\/www.lamennais.org\/en\/around-the-world\/africa\/senegal\/","title":{"rendered":"Senegal"},"content":{"rendered":"<p><strong><br \/>\n<img fetchpriority=\"high\" decoding=\"async\" class=\"alignright size-full wp-image-1522\" src=\"http:\/\/www.lamennais.org\/wp-content\/uploads\/2016\/05\/senegal_resize.jpg\" alt=\"senegal_resize\" width=\"500\" height=\"500\" \/>Towns<\/strong>: Diourbel &#8211; Thi\u00e8s &#8211; Velingara<\/p>\n<p><strong>DIOURBEL<br \/>\nFr\u00e8res de Plo\u00ebrmel<\/strong><br \/>\nColl\u00e8ge Paul VI<br \/>\nB.P.20<br \/>\nDIOURBEL<br \/>\nC : <a href=\"mailto:ficdiourbel@yahoo.fr\">ficdiourbel@yahoo.fr <\/a><\/p>\n<p><strong>THIES<br \/>\nCommunaut\u00e9 des Fr\u00e8res Keur \u00abLa Mennais\u00bb<\/strong><br \/>\nBP 3306<br \/>\nTHIES<br \/>\nC:<a href=\"mailto:ficao@orange.sn\"> ficao@orange.sn<\/a><\/p>\n<p><strong>VELINGARA<br \/>\nFr\u00e8res de Plo\u00ebrmel<\/strong><br \/>\nColl\u00e8ge Jean-Paul II<br \/>\nB.P. 7<br \/>\nVELINGARA , S\u00e9n\u00e9gal<br \/>\nC\u00a0: <a href=\"mailto:%20ficjp2@yahoo.fr\">ficjp2@yahoo.fr<\/a><\/p>\n<hr \/>\n<p><strong>\u00a0<\/strong><\/p>\n<p><strong>Yesterday&#8230;<\/strong><br \/>\nAfter a first stay from 1841 to 1904, the Brothers came back in 1967, opening Didier-Marie College in Saint-Louis. They gave the management of the college to lay people in 2001.<\/p>\n<p>The Brothers ran also the Primary school in Richard-Toll, today managed by the Diocese.<br \/>\n<strong><br \/>\n<strong>Today<\/strong><br \/>\n<\/strong>Diourbel : The community animates Paul VI\u2019s College, a boarding school , a formation house and a network of bush schools.<br \/>\nV\u00e9lingara : The community animates Jean-Paul II\u2019s College.<br \/>\nAt Thi\u00e8s, the Brothers run a Youth Reception Centre.<br \/>\n<strong><\/p>\n<p><\/strong><\/p>\n","protected":false},"excerpt":{"rendered":"<p>Towns: Diourbel &#8211; Thi\u00e8s &#8211; Velingara DIOURBEL Fr\u00e8res de Plo\u00ebrmel Coll\u00e8ge Paul VI B.P.20 DIOURBEL C : ficdiourbel@yahoo.fr THIES Communaut\u00e9 des Fr\u00e8res Keur \u00abLa Mennais\u00bb BP 3306 THIES C: ficao@orange.sn VELINGARA Fr\u00e8res de Plo\u00ebrmel Coll\u00e8ge Jean-Paul II B.P. 7 VELINGARA , S\u00e9n\u00e9gal C\u00a0: ficjp2@yahoo.fr \u00a0 Yesterday&#8230; After a first stay from 1841 to 1904, the [&hellip;]<\/p>\n","protected":false},"author":1,"featured_media":0,"parent":5209,"menu_order":0,"comment_status":"closed","ping_status":"closed","template":"","meta":{"footnotes":""},"class_list":["post-5274","page","type-page","status-publish","hentry"],"yoast_head":"<!-- This site is optimized with the Yoast SEO plugin v27.4 - https:\/\/yoast.com\/product\/yoast-seo-wordpress\/ -->\n<title>Senegal - LaMennais.org<\/title>\n<meta name=\"robots\" content=\"index, follow, max-snippet:-1, max-image-preview:large, max-video-preview:-1\" \/>\n<link rel=\"canonical\" href=\"https:\/\/www.lamennais.org\/around-the-world\/africa\/senegal\/?lang=en\" \/>\n<meta property=\"og:locale\" content=\"en_US\" \/>\n<meta property=\"og:type\" content=\"article\" \/>\n<meta property=\"og:title\" content=\"Senegal - LaMennais.org\" \/>\n<meta property=\"og:description\" content=\"Towns: Diourbel &#8211; Thi\u00e8s &#8211; Velingara DIOURBEL Fr\u00e8res de Plo\u00ebrmel Coll\u00e8ge Paul VI B.P.20 DIOURBEL C : ficdiourbel@yahoo.fr THIES Communaut\u00e9 des Fr\u00e8res Keur \u00abLa Mennais\u00bb BP 3306 THIES C: ficao@orange.sn VELINGARA Fr\u00e8res de Plo\u00ebrmel Coll\u00e8ge Jean-Paul II B.P. 7 VELINGARA , S\u00e9n\u00e9gal C\u00a0: ficjp2@yahoo.fr \u00a0 Yesterday&#8230; After a first stay from 1841 to 1904, the [&hellip;]\" \/>\n<meta property=\"og:url\" content=\"https:\/\/www.lamennais.org\/around-the-world\/africa\/senegal\/?lang=en\" \/>\n<meta property=\"og:site_name\" content=\"LaMennais.org\" \/>\n<meta property=\"article:modified_time\" content=\"2016-06-04T17:57:09+00:00\" \/>\n<meta property=\"og:image\" content=\"http:\/\/www.lamennais.org\/wp-content\/uploads\/2016\/05\/senegal_resize.jpg\" \/>\n<meta name=\"twitter:card\" content=\"summary_large_image\" \/>\n<meta name=\"twitter:label1\" content=\"Est. reading time\" \/>\n\t<meta name=\"twitter:data1\" content=\"1 minute\" \/>\n<script type=\"application\/ld+json\" class=\"yoast-schema-graph\">{\"@context\":\"https:\\\/\\\/schema.org\",\"@graph\":[{\"@type\":\"WebPage\",\"@id\":\"https:\\\/\\\/www.lamennais.org\\\/around-the-world\\\/africa\\\/senegal\\\/?lang=en\",\"url\":\"https:\\\/\\\/www.lamennais.org\\\/around-the-world\\\/africa\\\/senegal\\\/?lang=en\",\"name\":\"Senegal - LaMennais.org\",\"isPartOf\":{\"@id\":\"https:\\\/\\\/www.lamennais.org\\\/#website\"},\"primaryImageOfPage\":{\"@id\":\"https:\\\/\\\/www.lamennais.org\\\/around-the-world\\\/africa\\\/senegal\\\/?lang=en#primaryimage\"},\"image\":{\"@id\":\"https:\\\/\\\/www.lamennais.org\\\/around-the-world\\\/africa\\\/senegal\\\/?lang=en#primaryimage\"},\"thumbnailUrl\":\"http:\\\/\\\/www.lamennais.org\\\/wp-content\\\/uploads\\\/2016\\\/05\\\/senegal_resize.jpg\",\"datePublished\":\"2016-05-01T15:03:19+00:00\",\"dateModified\":\"2016-06-04T17:57:09+00:00\",\"breadcrumb\":{\"@id\":\"https:\\\/\\\/www.lamennais.org\\\/around-the-world\\\/africa\\\/senegal\\\/?lang=en#breadcrumb\"},\"inLanguage\":\"en-US\",\"potentialAction\":[{\"@type\":\"ReadAction\",\"target\":[\"https:\\\/\\\/www.lamennais.org\\\/around-the-world\\\/africa\\\/senegal\\\/?lang=en\"]}]},{\"@type\":\"ImageObject\",\"inLanguage\":\"en-US\",\"@id\":\"https:\\\/\\\/www.lamennais.org\\\/around-the-world\\\/africa\\\/senegal\\\/?lang=en#primaryimage\",\"url\":\"http:\\\/\\\/www.lamennais.org\\\/wp-content\\\/uploads\\\/2016\\\/05\\\/senegal_resize.jpg\",\"contentUrl\":\"http:\\\/\\\/www.lamennais.org\\\/wp-content\\\/uploads\\\/2016\\\/05\\\/senegal_resize.jpg\"},{\"@type\":\"BreadcrumbList\",\"@id\":\"https:\\\/\\\/www.lamennais.org\\\/around-the-world\\\/africa\\\/senegal\\\/?lang=en#breadcrumb\",\"itemListElement\":[{\"@type\":\"ListItem\",\"position\":1,\"name\":\"Accueil\",\"item\":\"https:\\\/\\\/www.lamennais.org\\\/\"},{\"@type\":\"ListItem\",\"position\":2,\"name\":\"&#8230;around the world\",\"item\":\"https:\\\/\\\/www.lamennais.org\\\/around-the-world\\\/?lang=en\"},{\"@type\":\"ListItem\",\"position\":3,\"name\":\"Africa\",\"item\":\"https:\\\/\\\/www.lamennais.org\\\/around-the-world\\\/africa\\\/?lang=en\"},{\"@type\":\"ListItem\",\"position\":4,\"name\":\"Senegal\"}]},{\"@type\":\"WebSite\",\"@id\":\"https:\\\/\\\/www.lamennais.org\\\/#website\",\"url\":\"https:\\\/\\\/www.lamennais.org\\\/\",\"name\":\"LaMennais.org\",\"description\":\"Fr\u00e8res de l&#039;Instruction Chr\u00e9tienne et Famille Mennaisienne\",\"potentialAction\":[{\"@type\":\"SearchAction\",\"target\":{\"@type\":\"EntryPoint\",\"urlTemplate\":\"https:\\\/\\\/www.lamennais.org\\\/?s={search_term_string}\"},\"query-input\":{\"@type\":\"PropertyValueSpecification\",\"valueRequired\":true,\"valueName\":\"search_term_string\"}}],\"inLanguage\":\"en-US\"}]}<\/script>\n<!-- \/ Yoast SEO plugin. -->","yoast_head_json":{"title":"Senegal - LaMennais.org","robots":{"index":"index","follow":"follow","max-snippet":"max-snippet:-1","max-image-preview":"max-image-preview:large","max-video-preview":"max-video-preview:-1"},"canonical":"https:\/\/www.lamennais.org\/around-the-world\/africa\/senegal\/?lang=en","og_locale":"en_US","og_type":"article","og_title":"Senegal - LaMennais.org","og_description":"Towns: Diourbel &#8211; Thi\u00e8s &#8211; Velingara DIOURBEL Fr\u00e8res de Plo\u00ebrmel Coll\u00e8ge Paul VI B.P.20 DIOURBEL C : ficdiourbel@yahoo.fr THIES Communaut\u00e9 des Fr\u00e8res Keur \u00abLa Mennais\u00bb BP 3306 THIES C: ficao@orange.sn VELINGARA Fr\u00e8res de Plo\u00ebrmel Coll\u00e8ge Jean-Paul II B.P. 7 VELINGARA , S\u00e9n\u00e9gal C\u00a0: ficjp2@yahoo.fr \u00a0 Yesterday&#8230; After a first stay from 1841 to 1904, the [&hellip;]","og_url":"https:\/\/www.lamennais.org\/around-the-world\/africa\/senegal\/?lang=en","og_site_name":"LaMennais.org","article_modified_time":"2016-06-04T17:57:09+00:00","og_image":[{"url":"http:\/\/www.lamennais.org\/wp-content\/uploads\/2016\/05\/senegal_resize.jpg","type":"","width":"","height":""}],"twitter_card":"summary_large_image","twitter_misc":{"Est. reading time":"1 minute"},"schema":{"@context":"https:\/\/schema.org","@graph":[{"@type":"WebPage","@id":"https:\/\/www.lamennais.org\/around-the-world\/africa\/senegal\/?lang=en","url":"https:\/\/www.lamennais.org\/around-the-world\/africa\/senegal\/?lang=en","name":"Senegal - LaMennais.org","isPartOf":{"@id":"https:\/\/www.lamennais.org\/#website"},"primaryImageOfPage":{"@id":"https:\/\/www.lamennais.org\/around-the-world\/africa\/senegal\/?lang=en#primaryimage"},"image":{"@id":"https:\/\/www.lamennais.org\/around-the-world\/africa\/senegal\/?lang=en#primaryimage"},"thumbnailUrl":"http:\/\/www.lamennais.org\/wp-content\/uploads\/2016\/05\/senegal_resize.jpg","datePublished":"2016-05-01T15:03:19+00:00","dateModified":"2016-06-04T17:57:09+00:00","breadcrumb":{"@id":"https:\/\/www.lamennais.org\/around-the-world\/africa\/senegal\/?lang=en#breadcrumb"},"inLanguage":"en-US","potentialAction":[{"@type":"ReadAction","target":["https:\/\/www.lamennais.org\/around-the-world\/africa\/senegal\/?lang=en"]}]},{"@type":"ImageObject","inLanguage":"en-US","@id":"https:\/\/www.lamennais.org\/around-the-world\/africa\/senegal\/?lang=en#primaryimage","url":"http:\/\/www.lamennais.org\/wp-content\/uploads\/2016\/05\/senegal_resize.jpg","contentUrl":"http:\/\/www.lamennais.org\/wp-content\/uploads\/2016\/05\/senegal_resize.jpg"},{"@type":"BreadcrumbList","@id":"https:\/\/www.lamennais.org\/around-the-world\/africa\/senegal\/?lang=en#breadcrumb","itemListElement":[{"@type":"ListItem","position":1,"name":"Accueil","item":"https:\/\/www.lamennais.org\/"},{"@type":"ListItem","position":2,"name":"&#8230;around the world","item":"https:\/\/www.lamennais.org\/around-the-world\/?lang=en"},{"@type":"ListItem","position":3,"name":"Africa","item":"https:\/\/www.lamennais.org\/around-the-world\/africa\/?lang=en"},{"@type":"ListItem","position":4,"name":"Senegal"}]},{"@type":"WebSite","@id":"https:\/\/www.lamennais.org\/#website","url":"https:\/\/www.lamennais.org\/","name":"LaMennais.org","description":"Fr\u00e8res de l&#039;Instruction Chr\u00e9tienne et Famille Mennaisienne","potentialAction":[{"@type":"SearchAction","target":{"@type":"EntryPoint","urlTemplate":"https:\/\/www.lamennais.org\/?s={search_term_string}"},"query-input":{"@type":"PropertyValueSpecification","valueRequired":true,"valueName":"search_term_string"}}],"inLanguage":"en-US"}]}},"_links":{"self":[{"href":"https:\/\/www.lamennais.org\/en\/wp-json\/wp\/v2\/pages\/5274","targetHints":{"allow":["GET"]}}],"collection":[{"href":"https:\/\/www.lamennais.org\/en\/wp-json\/wp\/v2\/pages"}],"about":[{"href":"https:\/\/www.lamennais.org\/en\/wp-json\/wp\/v2\/types\/page"}],"author":[{"embeddable":true,"href":"https:\/\/www.lamennais.org\/en\/wp-json\/wp\/v2\/users\/1"}],"replies":[{"embeddable":true,"href":"https:\/\/www.lamennais.org\/en\/wp-json\/wp\/v2\/comments?post=5274"}],"version-history":[{"count":3,"href":"https:\/\/www.lamennais.org\/en\/wp-json\/wp\/v2\/pages\/5274\/revisions"}],"predecessor-version":[{"id":7810,"href":"https:\/\/www.lamennais.org\/en\/wp-json\/wp\/v2\/pages\/5274\/revisions\/7810"}],"up":[{"embeddable":true,"href":"https:\/\/www.lamennais.org\/en\/wp-json\/wp\/v2\/pages\/5209"}],"wp:attachment":[{"href":"https:\/\/www.lamennais.org\/en\/wp-json\/wp\/v2\/media?parent=5274"}],"curies":[{"name":"wp","href":"https:\/\/api.w.org\/{rel}","templated":true}]}}