{"id":5242,"date":"2016-05-01T15:40:49","date_gmt":"2016-05-01T13:40:49","guid":{"rendered":"http:\/\/www.lamennais.org\/?page_id=5242&#038;lang=en"},"modified":"2024-12-19T12:15:24","modified_gmt":"2024-12-19T11:15:24","slug":"benin","status":"publish","type":"page","link":"https:\/\/www.lamennais.org\/en\/around-the-world\/africa\/benin\/","title":{"rendered":"Benin"},"content":{"rendered":"<p><strong><img fetchpriority=\"high\" decoding=\"async\" class=\"alignright size-full wp-image-1461\" src=\"http:\/\/www.lamennais.org\/wp-content\/uploads\/2016\/05\/benin-e1462111725675.jpg\" alt=\"benin\" width=\"500\" height=\"500\" \/><\/strong><strong>Towns<\/strong>: Thian &#8211; Parakou<\/p>\n<p><strong>THIAN<\/strong><br \/>\n<strong>Communaut\u00e9 des Fr\u00e8res<br \/>\n<\/strong>THIAN<br \/>\nBP 474 Parakou<br \/>\nCourriel : <a href=\"mailto:ficthian@yahoo.fr\">ficthian@yahoo.fr<\/a><\/p>\n<p><strong>PARAKOU<br \/>\nCommunaut\u00e9 ND des Hibiscus<\/strong><br \/>\nBOUNDAROU<br \/>\nB.P. 829 PARAKOU<br \/>\nCourriel: <a href=\"mailto:ficboundarou@yahoo.com\">ficboundarou@yahoo.com<\/a><\/p>\n<hr \/>\n<p><img decoding=\"async\" class=\"alignright size-medium wp-image-1457\" src=\"https:\/\/www.lamennais.org\/wp-content\/uploads\/2016\/05\/B\u00e9nin-B-300x225.jpg\" alt=\"B\u00e9nin B\" width=\"300\" height=\"225\" srcset=\"https:\/\/www.lamennais.org\/wp-content\/uploads\/2016\/05\/B\u00e9nin-B-300x225.jpg 300w, https:\/\/www.lamennais.org\/wp-content\/uploads\/2016\/05\/B\u00e9nin-B-768x576.jpg 768w, https:\/\/www.lamennais.org\/wp-content\/uploads\/2016\/05\/B\u00e9nin-B-1024x768.jpg 1024w, https:\/\/www.lamennais.org\/wp-content\/uploads\/2016\/05\/B\u00e9nin-B-260x195.jpg 260w, https:\/\/www.lamennais.org\/wp-content\/uploads\/2016\/05\/B\u00e9nin-B.jpg 2048w\" sizes=\"(max-width: 300px) 100vw, 300px\" \/>The Beninese Mennaisian history begins at a place located 25 km from Parakou, a city with 120 000 inhabitants in the Midwest of Benin.<\/p>\n<p><strong>Thian<\/strong>. From 1988 to 1990, Bro. Jean Le Jeune works at the Trappist monastery of Kokoubou where he helps young people, aspirants to monastic life, to improve their knowledge. In 1991, in agreement with Bishop Asogba, archbishop of Parakou, a Vocational Centre opens at Thian, a village located 5 km from Parakou. Academic help and discernment are the core of the activities of this household since its foundation.\u00a0 This service will last until 2000. In 2008, the community of Thian welcomes the Postulate of the District.<\/p>\n<p>In 2021, a new Primary School was opened, followed by a College in 2024.<\/p>\n<div id=\"attachment_1458\" style=\"width: 310px\" class=\"wp-caption alignleft\"><img decoding=\"async\" aria-describedby=\"caption-attachment-1458\" class=\"wp-image-1458 size-medium\" src=\"https:\/\/www.lamennais.org\/wp-content\/uploads\/2016\/05\/B\u00e9nin-Hibiscus-A-300x225.jpg\" alt=\"B\u00e9nin Hibiscus A\" width=\"300\" height=\"225\" srcset=\"https:\/\/www.lamennais.org\/wp-content\/uploads\/2016\/05\/B\u00e9nin-Hibiscus-A-300x225.jpg 300w, https:\/\/www.lamennais.org\/wp-content\/uploads\/2016\/05\/B\u00e9nin-Hibiscus-A-260x195.jpg 260w, https:\/\/www.lamennais.org\/wp-content\/uploads\/2016\/05\/B\u00e9nin-Hibiscus-A.jpg 600w\" sizes=\"(max-width: 300px) 100vw, 300px\" \/><p id=\"caption-attachment-1458\" class=\"wp-caption-text\">Les Hibiscus<\/p><\/div>\n<p><strong>Les Hibiscus-Parakou.<\/strong><br \/>\nIn 1998, the Brothers had answered a new call from Bishop Asogba, taking responsibility for \u201cLes Hibiscus\u201d College, at Parakou. Since that time a compound was bought in town and a community house\u00a0 was erected<\/p>\n","protected":false},"excerpt":{"rendered":"<p>Towns: Thian &#8211; Parakou THIAN Communaut\u00e9 des Fr\u00e8res THIAN BP 474 Parakou Courriel : ficthian@yahoo.fr PARAKOU Communaut\u00e9 ND des Hibiscus BOUNDAROU B.P. 829 PARAKOU Courriel: ficboundarou@yahoo.com The Beninese Mennaisian history begins at a place located 25 km from Parakou, a city with 120 000 inhabitants in the Midwest of Benin. Thian. From 1988 to 1990, [&hellip;]<\/p>\n","protected":false},"author":1,"featured_media":0,"parent":5209,"menu_order":0,"comment_status":"closed","ping_status":"closed","template":"","meta":{"footnotes":""},"class_list":["post-5242","page","type-page","status-publish","hentry"],"yoast_head":"<!-- This site is optimized with the Yoast SEO plugin v27.4 - https:\/\/yoast.com\/product\/yoast-seo-wordpress\/ -->\n<title>Benin - LaMennais.org<\/title>\n<meta name=\"robots\" content=\"index, follow, max-snippet:-1, max-image-preview:large, max-video-preview:-1\" \/>\n<link rel=\"canonical\" href=\"https:\/\/www.lamennais.org\/en\/around-the-world\/africa\/benin\/\" \/>\n<meta property=\"og:locale\" content=\"en_US\" \/>\n<meta property=\"og:type\" content=\"article\" \/>\n<meta property=\"og:title\" content=\"Benin - LaMennais.org\" \/>\n<meta property=\"og:description\" content=\"Towns: Thian &#8211; Parakou THIAN Communaut\u00e9 des Fr\u00e8res THIAN BP 474 Parakou Courriel : ficthian@yahoo.fr PARAKOU Communaut\u00e9 ND des Hibiscus BOUNDAROU B.P. 829 PARAKOU Courriel: ficboundarou@yahoo.com The Beninese Mennaisian history begins at a place located 25 km from Parakou, a city with 120 000 inhabitants in the Midwest of Benin. Thian. From 1988 to 1990, [&hellip;]\" \/>\n<meta property=\"og:url\" content=\"https:\/\/www.lamennais.org\/en\/around-the-world\/africa\/benin\/\" \/>\n<meta property=\"og:site_name\" content=\"LaMennais.org\" \/>\n<meta property=\"article:modified_time\" content=\"2024-12-19T11:15:24+00:00\" \/>\n<meta property=\"og:image\" content=\"http:\/\/www.lamennais.org\/wp-content\/uploads\/2016\/05\/benin-e1462111725675.jpg\" \/>\n<meta name=\"twitter:card\" content=\"summary_large_image\" \/>\n<meta name=\"twitter:label1\" content=\"Est. reading time\" \/>\n\t<meta name=\"twitter:data1\" content=\"2 minutes\" \/>\n<script type=\"application\/ld+json\" class=\"yoast-schema-graph\">{\"@context\":\"https:\\\/\\\/schema.org\",\"@graph\":[{\"@type\":\"WebPage\",\"@id\":\"https:\\\/\\\/www.lamennais.org\\\/en\\\/around-the-world\\\/africa\\\/benin\\\/\",\"url\":\"https:\\\/\\\/www.lamennais.org\\\/en\\\/around-the-world\\\/africa\\\/benin\\\/\",\"name\":\"Benin - LaMennais.org\",\"isPartOf\":{\"@id\":\"https:\\\/\\\/www.lamennais.org\\\/#website\"},\"primaryImageOfPage\":{\"@id\":\"https:\\\/\\\/www.lamennais.org\\\/en\\\/around-the-world\\\/africa\\\/benin\\\/#primaryimage\"},\"image\":{\"@id\":\"https:\\\/\\\/www.lamennais.org\\\/en\\\/around-the-world\\\/africa\\\/benin\\\/#primaryimage\"},\"thumbnailUrl\":\"http:\\\/\\\/www.lamennais.org\\\/wp-content\\\/uploads\\\/2016\\\/05\\\/benin-e1462111725675.jpg\",\"datePublished\":\"2016-05-01T13:40:49+00:00\",\"dateModified\":\"2024-12-19T11:15:24+00:00\",\"breadcrumb\":{\"@id\":\"https:\\\/\\\/www.lamennais.org\\\/en\\\/around-the-world\\\/africa\\\/benin\\\/#breadcrumb\"},\"inLanguage\":\"en-US\",\"potentialAction\":[{\"@type\":\"ReadAction\",\"target\":[\"https:\\\/\\\/www.lamennais.org\\\/en\\\/around-the-world\\\/africa\\\/benin\\\/\"]}]},{\"@type\":\"ImageObject\",\"inLanguage\":\"en-US\",\"@id\":\"https:\\\/\\\/www.lamennais.org\\\/en\\\/around-the-world\\\/africa\\\/benin\\\/#primaryimage\",\"url\":\"http:\\\/\\\/www.lamennais.org\\\/wp-content\\\/uploads\\\/2016\\\/05\\\/benin-e1462111725675.jpg\",\"contentUrl\":\"http:\\\/\\\/www.lamennais.org\\\/wp-content\\\/uploads\\\/2016\\\/05\\\/benin-e1462111725675.jpg\"},{\"@type\":\"BreadcrumbList\",\"@id\":\"https:\\\/\\\/www.lamennais.org\\\/en\\\/around-the-world\\\/africa\\\/benin\\\/#breadcrumb\",\"itemListElement\":[{\"@type\":\"ListItem\",\"position\":1,\"name\":\"Accueil\",\"item\":\"https:\\\/\\\/www.lamennais.org\\\/\"},{\"@type\":\"ListItem\",\"position\":2,\"name\":\"&#8230;around the world\",\"item\":\"https:\\\/\\\/www.lamennais.org\\\/around-the-world\\\/?lang=en\"},{\"@type\":\"ListItem\",\"position\":3,\"name\":\"Africa\",\"item\":\"https:\\\/\\\/www.lamennais.org\\\/around-the-world\\\/africa\\\/?lang=en\"},{\"@type\":\"ListItem\",\"position\":4,\"name\":\"Benin\"}]},{\"@type\":\"WebSite\",\"@id\":\"https:\\\/\\\/www.lamennais.org\\\/#website\",\"url\":\"https:\\\/\\\/www.lamennais.org\\\/\",\"name\":\"LaMennais.org\",\"description\":\"Fr\u00e8res de l&#039;Instruction Chr\u00e9tienne et Famille Mennaisienne\",\"potentialAction\":[{\"@type\":\"SearchAction\",\"target\":{\"@type\":\"EntryPoint\",\"urlTemplate\":\"https:\\\/\\\/www.lamennais.org\\\/?s={search_term_string}\"},\"query-input\":{\"@type\":\"PropertyValueSpecification\",\"valueRequired\":true,\"valueName\":\"search_term_string\"}}],\"inLanguage\":\"en-US\"}]}<\/script>\n<!-- \/ Yoast SEO plugin. -->","yoast_head_json":{"title":"Benin - LaMennais.org","robots":{"index":"index","follow":"follow","max-snippet":"max-snippet:-1","max-image-preview":"max-image-preview:large","max-video-preview":"max-video-preview:-1"},"canonical":"https:\/\/www.lamennais.org\/en\/around-the-world\/africa\/benin\/","og_locale":"en_US","og_type":"article","og_title":"Benin - LaMennais.org","og_description":"Towns: Thian &#8211; Parakou THIAN Communaut\u00e9 des Fr\u00e8res THIAN BP 474 Parakou Courriel : ficthian@yahoo.fr PARAKOU Communaut\u00e9 ND des Hibiscus BOUNDAROU B.P. 829 PARAKOU Courriel: ficboundarou@yahoo.com The Beninese Mennaisian history begins at a place located 25 km from Parakou, a city with 120 000 inhabitants in the Midwest of Benin. Thian. From 1988 to 1990, [&hellip;]","og_url":"https:\/\/www.lamennais.org\/en\/around-the-world\/africa\/benin\/","og_site_name":"LaMennais.org","article_modified_time":"2024-12-19T11:15:24+00:00","og_image":[{"url":"http:\/\/www.lamennais.org\/wp-content\/uploads\/2016\/05\/benin-e1462111725675.jpg","type":"","width":"","height":""}],"twitter_card":"summary_large_image","twitter_misc":{"Est. reading time":"2 minutes"},"schema":{"@context":"https:\/\/schema.org","@graph":[{"@type":"WebPage","@id":"https:\/\/www.lamennais.org\/en\/around-the-world\/africa\/benin\/","url":"https:\/\/www.lamennais.org\/en\/around-the-world\/africa\/benin\/","name":"Benin - LaMennais.org","isPartOf":{"@id":"https:\/\/www.lamennais.org\/#website"},"primaryImageOfPage":{"@id":"https:\/\/www.lamennais.org\/en\/around-the-world\/africa\/benin\/#primaryimage"},"image":{"@id":"https:\/\/www.lamennais.org\/en\/around-the-world\/africa\/benin\/#primaryimage"},"thumbnailUrl":"http:\/\/www.lamennais.org\/wp-content\/uploads\/2016\/05\/benin-e1462111725675.jpg","datePublished":"2016-05-01T13:40:49+00:00","dateModified":"2024-12-19T11:15:24+00:00","breadcrumb":{"@id":"https:\/\/www.lamennais.org\/en\/around-the-world\/africa\/benin\/#breadcrumb"},"inLanguage":"en-US","potentialAction":[{"@type":"ReadAction","target":["https:\/\/www.lamennais.org\/en\/around-the-world\/africa\/benin\/"]}]},{"@type":"ImageObject","inLanguage":"en-US","@id":"https:\/\/www.lamennais.org\/en\/around-the-world\/africa\/benin\/#primaryimage","url":"http:\/\/www.lamennais.org\/wp-content\/uploads\/2016\/05\/benin-e1462111725675.jpg","contentUrl":"http:\/\/www.lamennais.org\/wp-content\/uploads\/2016\/05\/benin-e1462111725675.jpg"},{"@type":"BreadcrumbList","@id":"https:\/\/www.lamennais.org\/en\/around-the-world\/africa\/benin\/#breadcrumb","itemListElement":[{"@type":"ListItem","position":1,"name":"Accueil","item":"https:\/\/www.lamennais.org\/"},{"@type":"ListItem","position":2,"name":"&#8230;around the world","item":"https:\/\/www.lamennais.org\/around-the-world\/?lang=en"},{"@type":"ListItem","position":3,"name":"Africa","item":"https:\/\/www.lamennais.org\/around-the-world\/africa\/?lang=en"},{"@type":"ListItem","position":4,"name":"Benin"}]},{"@type":"WebSite","@id":"https:\/\/www.lamennais.org\/#website","url":"https:\/\/www.lamennais.org\/","name":"LaMennais.org","description":"Fr\u00e8res de l&#039;Instruction Chr\u00e9tienne et Famille Mennaisienne","potentialAction":[{"@type":"SearchAction","target":{"@type":"EntryPoint","urlTemplate":"https:\/\/www.lamennais.org\/?s={search_term_string}"},"query-input":{"@type":"PropertyValueSpecification","valueRequired":true,"valueName":"search_term_string"}}],"inLanguage":"en-US"}]}},"_links":{"self":[{"href":"https:\/\/www.lamennais.org\/en\/wp-json\/wp\/v2\/pages\/5242","targetHints":{"allow":["GET"]}}],"collection":[{"href":"https:\/\/www.lamennais.org\/en\/wp-json\/wp\/v2\/pages"}],"about":[{"href":"https:\/\/www.lamennais.org\/en\/wp-json\/wp\/v2\/types\/page"}],"author":[{"embeddable":true,"href":"https:\/\/www.lamennais.org\/en\/wp-json\/wp\/v2\/users\/1"}],"replies":[{"embeddable":true,"href":"https:\/\/www.lamennais.org\/en\/wp-json\/wp\/v2\/comments?post=5242"}],"version-history":[{"count":5,"href":"https:\/\/www.lamennais.org\/en\/wp-json\/wp\/v2\/pages\/5242\/revisions"}],"predecessor-version":[{"id":43823,"href":"https:\/\/www.lamennais.org\/en\/wp-json\/wp\/v2\/pages\/5242\/revisions\/43823"}],"up":[{"embeddable":true,"href":"https:\/\/www.lamennais.org\/en\/wp-json\/wp\/v2\/pages\/5209"}],"wp:attachment":[{"href":"https:\/\/www.lamennais.org\/en\/wp-json\/wp\/v2\/media?parent=5242"}],"curies":[{"name":"wp","href":"https:\/\/api.w.org\/{rel}","templated":true}]}}