{"id":5233,"date":"2016-05-01T18:44:47","date_gmt":"2016-05-01T16:44:47","guid":{"rendered":"http:\/\/www.lamennais.org\/?page_id=5233&#038;lang=en"},"modified":"2019-01-31T11:30:49","modified_gmt":"2019-01-31T10:30:49","slug":"french-polynesia","status":"publish","type":"page","link":"https:\/\/www.lamennais.org\/en\/around-the-world\/oceania\/french-polynesia\/","title":{"rendered":"French Polynesia"},"content":{"rendered":"<p><strong><em><img fetchpriority=\"high\" decoding=\"async\" class=\"alignright size-medium wp-image-1687\" src=\"http:\/\/www.lamennais.org\/wp-content\/uploads\/2016\/05\/tahiti_resize-300x300.jpg\" alt=\"tahiti_resize\" width=\"300\" height=\"300\" \/>Tahiti <\/em><\/strong><br \/>\n<strong>Towns<\/strong>: Papete &#8211; Faaa &#8211; Taravao<\/p>\n<p><strong><em>Marquises<br \/>\n<\/em><\/strong><strong>Towns<\/strong>: Taiohae<\/p>\n<p><strong><em>TAHITI<\/em><\/strong><\/p>\n<p><strong>FAAA<br \/>\n<\/strong>Communaut\u00e9 Saint-Hilaire<br \/>\nBP 60025<br \/>\n98702 FAAA &#8211; Tahiti<br \/>\nC :<a href=\"mailto:h.alanou@fic.ddec.pf\">h.alanou@fic.ddec.pf<\/a><strong><br \/>\n<\/strong><\/p>\n<p><strong>PAPEETE<br \/>\n<\/strong><strong>Communaut\u00e9 Saint-Fran\u00e7ois d&#8217;Assise<\/strong><br \/>\nVall\u00e9e dela Mission<br \/>\nR\u00e9sidence Pure Ora 2 Lot 127\u00a0\u00a0\u00a0 BP 3878<br \/>\n98713 PAPEETE<strong> &#8211; Tahiti<br \/>\n<\/strong>C : <a href=\"mailto:frogierxavierfic@lamennais.org\">frogierxavierfic@lamennais.org<\/a><\/p>\n<p><strong><img decoding=\"async\" class=\"alignright size-medium wp-image-1686\" src=\"http:\/\/www.lamennais.org\/wp-content\/uploads\/2016\/05\/marquise_resize-300x300.jpg\" alt=\"marquise_resize\" width=\"300\" height=\"300\" srcset=\"https:\/\/www.lamennais.org\/wp-content\/uploads\/2016\/05\/marquise_resize-300x300.jpg 300w, https:\/\/www.lamennais.org\/wp-content\/uploads\/2016\/05\/marquise_resize-150x150.jpg 150w, https:\/\/www.lamennais.org\/wp-content\/uploads\/2016\/05\/marquise_resize-260x260.jpg 260w, https:\/\/www.lamennais.org\/wp-content\/uploads\/2016\/05\/marquise_resize.jpg 500w\" sizes=\"(max-width: 300px) 100vw, 300px\" \/><\/strong><strong><em>MARQUISES<\/em><\/strong><\/p>\n<p><span style=\"color: #3366ff;\"><strong>TAIOHAE<\/strong><\/span><strong><br \/>\n<strong>Communaut\u00e9 des Fr\u00e8res<\/strong><\/strong><br \/>\nB.P. 20<br \/>\n98742 TAIOHAE Iles Marquises (Polyn. Fr.)<br \/>\nC : <a href=\"mailto:f.caillet@fic.ddec.pf\">f.caillet@fic.ddec.pf<\/a><\/p>\n<hr \/>\n<p><strong>TAHITI <\/strong><\/p>\n<p><img decoding=\"async\" class=\"alignright size-medium wp-image-1688\" src=\"http:\/\/www.lamennais.org\/wp-content\/uploads\/2016\/05\/POLYNESIE-A-Tahiti-300x171.jpg\" alt=\"POLYNESIE A+ Tahiti\" width=\"300\" height=\"171\" srcset=\"https:\/\/www.lamennais.org\/wp-content\/uploads\/2016\/05\/POLYNESIE-A-Tahiti-300x171.jpg 300w, https:\/\/www.lamennais.org\/wp-content\/uploads\/2016\/05\/POLYNESIE-A-Tahiti-768x438.jpg 768w, https:\/\/www.lamennais.org\/wp-content\/uploads\/2016\/05\/POLYNESIE-A-Tahiti-1024x584.jpg 1024w, https:\/\/www.lamennais.org\/wp-content\/uploads\/2016\/05\/POLYNESIE-A-Tahiti-260x148.jpg 260w\" sizes=\"(max-width: 300px) 100vw, 300px\" \/><\/p>\n<p>Called in Tahiti by Mgr. Janssen and the imperial police Commissioner, Bro Alpert-Marie and three Confreres arrived at Papeete on 17<sup>th<\/sup> October 1860. It was the last foundation encouraged by the Father Jean-Marie de la Mennais before his death on December 26th, 1860. On December 5th, 1860, the Brothers opened their school with four pupils. Over the years, the Brothers have been involved in several Public schools in various municipalities, then they set up a Private school in Papeete. It will become the College, and then the La Mennais High school and it pursues its development with more than 2200 young pupils today. They are also linked with the Federation FSCF, the MEJ and actors of the pastoral ministry in the Catholic education.<\/p>\n<p>At the moment, the Brothers remain in three communities, one at Papeete, one at Faaa and\u00a0 another one in the Marquises Islands at Taiohae.<\/p>\n<p>Today, 152 Brothers have lived and served in Polynesia.<\/p>\n<p><img loading=\"lazy\" decoding=\"async\" class=\"size-medium wp-image-1689 alignleft\" src=\"http:\/\/www.lamennais.org\/wp-content\/uploads\/2016\/05\/POLYNESIE-BMarquises-300x225.jpg\" alt=\"OLYMPUS DIGITAL CAMERA\" width=\"300\" height=\"225\" srcset=\"https:\/\/www.lamennais.org\/wp-content\/uploads\/2016\/05\/POLYNESIE-BMarquises-300x225.jpg 300w, https:\/\/www.lamennais.org\/wp-content\/uploads\/2016\/05\/POLYNESIE-BMarquises-768x576.jpg 768w, https:\/\/www.lamennais.org\/wp-content\/uploads\/2016\/05\/POLYNESIE-BMarquises-1024x768.jpg 1024w, https:\/\/www.lamennais.org\/wp-content\/uploads\/2016\/05\/POLYNESIE-BMarquises-260x195.jpg 260w\" sizes=\"(max-width: 300px) 100vw, 300px\" \/><\/p>\n<p><strong>THE MARQUESAS <\/strong><br \/>\nThree Brothers joined the Marquesas Islands, in Taiohae in 1863 and had to leave in 1866. They returned in 1898 and left in 1904. They were called back in 1971. In 1998 they set up a professional school specialised in agriculture and development: the Saint Joseph CED. The objective? &#8220;To turn the archipelago of the Marquesas into the first Polynesian garden with agricultural managers respectful of tradition and open to the modern agriculture. &#8221; The community is also active in the team of the radio Te Oke Nui, the Mej and the FSCF.<\/p>\n","protected":false},"excerpt":{"rendered":"<p>Tahiti Towns: Papete &#8211; Faaa &#8211; Taravao Marquises Towns: Taiohae TAHITI FAAA Communaut\u00e9 Saint-Hilaire BP 60025 98702 FAAA &#8211; Tahiti C :h.alanou@fic.ddec.pf PAPEETE Communaut\u00e9 Saint-Fran\u00e7ois d&#8217;Assise Vall\u00e9e dela Mission R\u00e9sidence Pure Ora 2 Lot 127\u00a0\u00a0\u00a0 BP 3878 98713 PAPEETE &#8211; Tahiti C : frogierxavierfic@lamennais.org MARQUISES TAIOHAE Communaut\u00e9 des Fr\u00e8res B.P. 20 98742 TAIOHAE Iles Marquises [&hellip;]<\/p>\n","protected":false},"author":1,"featured_media":0,"parent":5231,"menu_order":0,"comment_status":"closed","ping_status":"closed","template":"","meta":{"footnotes":""},"class_list":["post-5233","page","type-page","status-publish","hentry"],"yoast_head":"<!-- This site is optimized with the Yoast SEO plugin v27.4 - https:\/\/yoast.com\/product\/yoast-seo-wordpress\/ -->\n<title>French Polynesia - LaMennais.org<\/title>\n<meta name=\"robots\" content=\"index, follow, max-snippet:-1, max-image-preview:large, max-video-preview:-1\" \/>\n<link rel=\"canonical\" href=\"https:\/\/www.lamennais.org\/around-the-world\/oceania\/french-polynesia\/?lang=en\" \/>\n<meta property=\"og:locale\" content=\"en_US\" \/>\n<meta property=\"og:type\" content=\"article\" \/>\n<meta property=\"og:title\" content=\"French Polynesia - LaMennais.org\" \/>\n<meta property=\"og:description\" content=\"Tahiti Towns: Papete &#8211; Faaa &#8211; Taravao Marquises Towns: Taiohae TAHITI FAAA Communaut\u00e9 Saint-Hilaire BP 60025 98702 FAAA &#8211; Tahiti C :h.alanou@fic.ddec.pf PAPEETE Communaut\u00e9 Saint-Fran\u00e7ois d&#8217;Assise Vall\u00e9e dela Mission R\u00e9sidence Pure Ora 2 Lot 127\u00a0\u00a0\u00a0 BP 3878 98713 PAPEETE &#8211; Tahiti C : frogierxavierfic@lamennais.org MARQUISES TAIOHAE Communaut\u00e9 des Fr\u00e8res B.P. 20 98742 TAIOHAE Iles Marquises [&hellip;]\" \/>\n<meta property=\"og:url\" content=\"https:\/\/www.lamennais.org\/around-the-world\/oceania\/french-polynesia\/?lang=en\" \/>\n<meta property=\"og:site_name\" content=\"LaMennais.org\" \/>\n<meta property=\"article:modified_time\" content=\"2019-01-31T10:30:49+00:00\" \/>\n<meta property=\"og:image\" content=\"http:\/\/www.lamennais.org\/wp-content\/uploads\/2016\/05\/tahiti_resize-300x300.jpg\" \/>\n<meta name=\"twitter:card\" content=\"summary_large_image\" \/>\n<meta name=\"twitter:label1\" content=\"Est. reading time\" \/>\n\t<meta name=\"twitter:data1\" content=\"2 minutes\" \/>\n<script type=\"application\/ld+json\" class=\"yoast-schema-graph\">{\"@context\":\"https:\\\/\\\/schema.org\",\"@graph\":[{\"@type\":\"WebPage\",\"@id\":\"https:\\\/\\\/www.lamennais.org\\\/around-the-world\\\/oceania\\\/french-polynesia\\\/?lang=en\",\"url\":\"https:\\\/\\\/www.lamennais.org\\\/around-the-world\\\/oceania\\\/french-polynesia\\\/?lang=en\",\"name\":\"French Polynesia - LaMennais.org\",\"isPartOf\":{\"@id\":\"https:\\\/\\\/www.lamennais.org\\\/#website\"},\"primaryImageOfPage\":{\"@id\":\"https:\\\/\\\/www.lamennais.org\\\/around-the-world\\\/oceania\\\/french-polynesia\\\/?lang=en#primaryimage\"},\"image\":{\"@id\":\"https:\\\/\\\/www.lamennais.org\\\/around-the-world\\\/oceania\\\/french-polynesia\\\/?lang=en#primaryimage\"},\"thumbnailUrl\":\"http:\\\/\\\/www.lamennais.org\\\/wp-content\\\/uploads\\\/2016\\\/05\\\/tahiti_resize-300x300.jpg\",\"datePublished\":\"2016-05-01T16:44:47+00:00\",\"dateModified\":\"2019-01-31T10:30:49+00:00\",\"breadcrumb\":{\"@id\":\"https:\\\/\\\/www.lamennais.org\\\/around-the-world\\\/oceania\\\/french-polynesia\\\/?lang=en#breadcrumb\"},\"inLanguage\":\"en-US\",\"potentialAction\":[{\"@type\":\"ReadAction\",\"target\":[\"https:\\\/\\\/www.lamennais.org\\\/around-the-world\\\/oceania\\\/french-polynesia\\\/?lang=en\"]}]},{\"@type\":\"ImageObject\",\"inLanguage\":\"en-US\",\"@id\":\"https:\\\/\\\/www.lamennais.org\\\/around-the-world\\\/oceania\\\/french-polynesia\\\/?lang=en#primaryimage\",\"url\":\"http:\\\/\\\/www.lamennais.org\\\/wp-content\\\/uploads\\\/2016\\\/05\\\/tahiti_resize-300x300.jpg\",\"contentUrl\":\"http:\\\/\\\/www.lamennais.org\\\/wp-content\\\/uploads\\\/2016\\\/05\\\/tahiti_resize-300x300.jpg\"},{\"@type\":\"BreadcrumbList\",\"@id\":\"https:\\\/\\\/www.lamennais.org\\\/around-the-world\\\/oceania\\\/french-polynesia\\\/?lang=en#breadcrumb\",\"itemListElement\":[{\"@type\":\"ListItem\",\"position\":1,\"name\":\"Accueil\",\"item\":\"https:\\\/\\\/www.lamennais.org\\\/\"},{\"@type\":\"ListItem\",\"position\":2,\"name\":\"&#8230;around the world\",\"item\":\"https:\\\/\\\/www.lamennais.org\\\/around-the-world\\\/?lang=en\"},{\"@type\":\"ListItem\",\"position\":3,\"name\":\"Oceania\",\"item\":\"https:\\\/\\\/www.lamennais.org\\\/around-the-world\\\/oceania\\\/?lang=en\"},{\"@type\":\"ListItem\",\"position\":4,\"name\":\"French Polynesia\"}]},{\"@type\":\"WebSite\",\"@id\":\"https:\\\/\\\/www.lamennais.org\\\/#website\",\"url\":\"https:\\\/\\\/www.lamennais.org\\\/\",\"name\":\"LaMennais.org\",\"description\":\"Fr\u00e8res de l&#039;Instruction Chr\u00e9tienne et Famille Mennaisienne\",\"potentialAction\":[{\"@type\":\"SearchAction\",\"target\":{\"@type\":\"EntryPoint\",\"urlTemplate\":\"https:\\\/\\\/www.lamennais.org\\\/?s={search_term_string}\"},\"query-input\":{\"@type\":\"PropertyValueSpecification\",\"valueRequired\":true,\"valueName\":\"search_term_string\"}}],\"inLanguage\":\"en-US\"}]}<\/script>\n<!-- \/ Yoast SEO plugin. -->","yoast_head_json":{"title":"French Polynesia - LaMennais.org","robots":{"index":"index","follow":"follow","max-snippet":"max-snippet:-1","max-image-preview":"max-image-preview:large","max-video-preview":"max-video-preview:-1"},"canonical":"https:\/\/www.lamennais.org\/around-the-world\/oceania\/french-polynesia\/?lang=en","og_locale":"en_US","og_type":"article","og_title":"French Polynesia - LaMennais.org","og_description":"Tahiti Towns: Papete &#8211; Faaa &#8211; Taravao Marquises Towns: Taiohae TAHITI FAAA Communaut\u00e9 Saint-Hilaire BP 60025 98702 FAAA &#8211; Tahiti C :h.alanou@fic.ddec.pf PAPEETE Communaut\u00e9 Saint-Fran\u00e7ois d&#8217;Assise Vall\u00e9e dela Mission R\u00e9sidence Pure Ora 2 Lot 127\u00a0\u00a0\u00a0 BP 3878 98713 PAPEETE &#8211; Tahiti C : frogierxavierfic@lamennais.org MARQUISES TAIOHAE Communaut\u00e9 des Fr\u00e8res B.P. 20 98742 TAIOHAE Iles Marquises [&hellip;]","og_url":"https:\/\/www.lamennais.org\/around-the-world\/oceania\/french-polynesia\/?lang=en","og_site_name":"LaMennais.org","article_modified_time":"2019-01-31T10:30:49+00:00","og_image":[{"url":"http:\/\/www.lamennais.org\/wp-content\/uploads\/2016\/05\/tahiti_resize-300x300.jpg","type":"","width":"","height":""}],"twitter_card":"summary_large_image","twitter_misc":{"Est. reading time":"2 minutes"},"schema":{"@context":"https:\/\/schema.org","@graph":[{"@type":"WebPage","@id":"https:\/\/www.lamennais.org\/around-the-world\/oceania\/french-polynesia\/?lang=en","url":"https:\/\/www.lamennais.org\/around-the-world\/oceania\/french-polynesia\/?lang=en","name":"French Polynesia - LaMennais.org","isPartOf":{"@id":"https:\/\/www.lamennais.org\/#website"},"primaryImageOfPage":{"@id":"https:\/\/www.lamennais.org\/around-the-world\/oceania\/french-polynesia\/?lang=en#primaryimage"},"image":{"@id":"https:\/\/www.lamennais.org\/around-the-world\/oceania\/french-polynesia\/?lang=en#primaryimage"},"thumbnailUrl":"http:\/\/www.lamennais.org\/wp-content\/uploads\/2016\/05\/tahiti_resize-300x300.jpg","datePublished":"2016-05-01T16:44:47+00:00","dateModified":"2019-01-31T10:30:49+00:00","breadcrumb":{"@id":"https:\/\/www.lamennais.org\/around-the-world\/oceania\/french-polynesia\/?lang=en#breadcrumb"},"inLanguage":"en-US","potentialAction":[{"@type":"ReadAction","target":["https:\/\/www.lamennais.org\/around-the-world\/oceania\/french-polynesia\/?lang=en"]}]},{"@type":"ImageObject","inLanguage":"en-US","@id":"https:\/\/www.lamennais.org\/around-the-world\/oceania\/french-polynesia\/?lang=en#primaryimage","url":"http:\/\/www.lamennais.org\/wp-content\/uploads\/2016\/05\/tahiti_resize-300x300.jpg","contentUrl":"http:\/\/www.lamennais.org\/wp-content\/uploads\/2016\/05\/tahiti_resize-300x300.jpg"},{"@type":"BreadcrumbList","@id":"https:\/\/www.lamennais.org\/around-the-world\/oceania\/french-polynesia\/?lang=en#breadcrumb","itemListElement":[{"@type":"ListItem","position":1,"name":"Accueil","item":"https:\/\/www.lamennais.org\/"},{"@type":"ListItem","position":2,"name":"&#8230;around the world","item":"https:\/\/www.lamennais.org\/around-the-world\/?lang=en"},{"@type":"ListItem","position":3,"name":"Oceania","item":"https:\/\/www.lamennais.org\/around-the-world\/oceania\/?lang=en"},{"@type":"ListItem","position":4,"name":"French Polynesia"}]},{"@type":"WebSite","@id":"https:\/\/www.lamennais.org\/#website","url":"https:\/\/www.lamennais.org\/","name":"LaMennais.org","description":"Fr\u00e8res de l&#039;Instruction Chr\u00e9tienne et Famille Mennaisienne","potentialAction":[{"@type":"SearchAction","target":{"@type":"EntryPoint","urlTemplate":"https:\/\/www.lamennais.org\/?s={search_term_string}"},"query-input":{"@type":"PropertyValueSpecification","valueRequired":true,"valueName":"search_term_string"}}],"inLanguage":"en-US"}]}},"_links":{"self":[{"href":"https:\/\/www.lamennais.org\/en\/wp-json\/wp\/v2\/pages\/5233","targetHints":{"allow":["GET"]}}],"collection":[{"href":"https:\/\/www.lamennais.org\/en\/wp-json\/wp\/v2\/pages"}],"about":[{"href":"https:\/\/www.lamennais.org\/en\/wp-json\/wp\/v2\/types\/page"}],"author":[{"embeddable":true,"href":"https:\/\/www.lamennais.org\/en\/wp-json\/wp\/v2\/users\/1"}],"replies":[{"embeddable":true,"href":"https:\/\/www.lamennais.org\/en\/wp-json\/wp\/v2\/comments?post=5233"}],"version-history":[{"count":3,"href":"https:\/\/www.lamennais.org\/en\/wp-json\/wp\/v2\/pages\/5233\/revisions"}],"predecessor-version":[{"id":19380,"href":"https:\/\/www.lamennais.org\/en\/wp-json\/wp\/v2\/pages\/5233\/revisions\/19380"}],"up":[{"embeddable":true,"href":"https:\/\/www.lamennais.org\/en\/wp-json\/wp\/v2\/pages\/5231"}],"wp:attachment":[{"href":"https:\/\/www.lamennais.org\/en\/wp-json\/wp\/v2\/media?parent=5233"}],"curies":[{"name":"wp","href":"https:\/\/api.w.org\/{rel}","templated":true}]}}