{"id":5205,"date":"2016-05-01T18:54:33","date_gmt":"2016-05-01T16:54:33","guid":{"rendered":"http:\/\/www.lamennais.org\/?page_id=5205&#038;lang=en"},"modified":"2019-01-30T15:47:47","modified_gmt":"2019-01-30T14:47:47","slug":"spain","status":"publish","type":"page","link":"https:\/\/www.lamennais.org\/en\/around-the-world\/europe\/spain\/","title":{"rendered":"Spain"},"content":{"rendered":"<p><strong><img fetchpriority=\"high\" decoding=\"async\" class=\"alignright size-full wp-image-1716\" src=\"http:\/\/www.lamennais.org\/wp-content\/uploads\/2016\/05\/espagne_resize.jpg\" alt=\"espagne_resize\" width=\"500\" height=\"494\" \/><\/strong><strong>Towns<\/strong>: Aguilar de Campoo &#8211; Bilbao &#8211; Madrid &#8211; Nanclares de la Oca &#8211; Portugalete &#8211; Reinosa &#8211; Santo Domingo De La Calzada \u2013 Valladolid &#8211; Zamora<\/p>\n<p><strong>AGUILAR DE CAMPOO<br \/>\nHermanos\u00a0 Menesianos<br \/>\nColegio San Gregorio La Compassion <\/strong><br \/>\nP\u00ba. El Soto, 2<br \/>\n34800 AGUILAR DE CAMPOO (Palencia)<br \/>\nC:<a href=\"mailto:ivoarenas@hotmail.com\"> ivoarenas@hotmail.com<\/a><\/p>\n<p><strong>BILBAO<br \/>\nHermanos\u00a0 Menesianos<\/strong><br \/>\nColegio Berrio-Otxoa<br \/>\nC\/Men\u00e9ndez y Pelayo, 25<br \/>\n48006 BILBAO (Vizcaya)<br \/>\nC : <a href=\"mailto:nemecastano@hotmail.com\">nemecastano@hotmail.com<\/a><\/p>\n<p><strong>Berrio-Etxe<\/strong><br \/>\n<strong>Hermanos\u00a0 Menesianos<\/strong><br \/>\nC\/Menendez y Pelayo 25<br \/>\n48006BILBAO (Vizcaya)<br \/>\nC : <a href=\"mailto:barbasrepublicano@hotmail.com\">barbasrepublicano@hotmail.com<\/a><\/p>\n<p><strong>MADRID<br \/>\nHermanos\u00a0 Menesianos<br \/>\nColegio menesiano <\/strong><br \/>\nAvenida de Brasilia, 11<br \/>\n28028 MADRID<br \/>\nC :<a href=\"mailto:raulbr53@hotmail.com\"> raulbr53@hotmail.com<\/a><\/p>\n<p><strong>Madrid &#8211; Nuria<br \/>\n<\/strong><strong>Hermanos\u00a0 Menesianos<\/strong><br \/>\nNuria<br \/>\nSancho D\u00e1vila, 6 izda 5\u00b0<br \/>\n28028 MADRID<br \/>\nC : <a href=\"mailto:hfexme@yahoo.es\">hfexme@yahoo.es<\/a><\/p>\n<p><strong>NANCLARES DE LA OCA<br \/>\nHermanos\u00a0 Menesianos<br \/>\nColegio San Jos\u00e9<\/strong><br \/>\nAvda Langraiz, 2<br \/>\n01230 NANCLARES DE LA OCA (\u00c1lava)<br \/>\nC : <a href=\"mailto:susillagil@hotmail.com\">susillagil@hotmail.com<\/a><\/p>\n<p><strong>PORTUGALETE<br \/>\n<\/strong>Comunidad de Santa Mar\u00eda<br \/>\n<strong>Colegio Santa Mar\u00eda Ikastetxea<\/strong><br \/>\nC\/ Alberto Palacio, 2<br \/>\n48920 PORTUGALETE (Vizcaya)<br \/>\nC : <a href=\"mailto:edesiogutierrez@hotmail.com\">edesiogutierrez@hotmail.com<\/a><\/p>\n<p><strong>Hermanos Menesianos<br \/>\n<\/strong><strong>Portu-Joven<br \/>\n<\/strong>C\/ Alberto Palacio 2<br \/>\n48920 PORTUGALETE (Viscaya)<br \/>\nC : <a href=\"mailto:josuolabarrieta@gmail.com\">josuolabarrieta@gmail.com<\/a><\/p>\n<p><strong>REINOSA<br \/>\nHermanos\u00a0 Menesianos<br \/>\nColegio de San Jos\u00e9 Ni\u00f1o Jes\u00fas<\/strong><br \/>\nC\/ Pe\u00f1as Arriba, 19<br \/>\nB.P.20<br \/>\n39200 REINOSA (Cantabria)<br \/>\nC : <a href=\"mailto:duende1035@hotmail.com\">duende1035@hotmail.com<\/a><\/p>\n<p><strong>SANTO DOMINGO DE LA CALZADA<\/strong><br \/>\n<strong>Hermanos\u00a0 Menesianos<\/strong><br \/>\nCarretera de Ezcaray s\/n<br \/>\n26250 STO. DOMINGO DE LA CALZADA (La Rioja)<br \/>\nC : <a href=\"mailto:capecar@hotmail.com\">capecar@hotmail.com<\/a><\/p>\n<p><strong>VALLADOLID<br \/>\nCentro Menesiano San Pedro Regalado<\/strong><br \/>\nAvenida de Santander, 14<br \/>\n47011 VALLADOLID (Valladolid)<br \/>\nW: <a href=\"http:\/\/www.menesianosvalladolid.com\/\">www.menesianosvalladolid.com<\/a><\/p>\n<p><strong>ZAMORA<br \/>\nHermanos\u00a0 Menesianos<br \/>\nCentro Menesiano Zamora Joven <\/strong><br \/>\nEntrepuentes, 20 portal, 2 Bajo B<br \/>\n49028 ZAMORA<br \/>\nC : <a href=\"mailto:antoniourbin@hotmail.com\">antoniourbin@hotmail.com<\/a><\/p>\n<hr \/>\n<p><strong><img decoding=\"async\" class=\"alignright size-medium wp-image-1719\" src=\"http:\/\/www.lamennais.org\/wp-content\/uploads\/2016\/05\/Espagne-A-300x200.jpg\" alt=\"Espagne A\" width=\"300\" height=\"200\" srcset=\"https:\/\/www.lamennais.org\/wp-content\/uploads\/2016\/05\/Espagne-A-300x200.jpg 300w, https:\/\/www.lamennais.org\/wp-content\/uploads\/2016\/05\/Espagne-A-768x511.jpg 768w, https:\/\/www.lamennais.org\/wp-content\/uploads\/2016\/05\/Espagne-A-1024x682.jpg 1024w, https:\/\/www.lamennais.org\/wp-content\/uploads\/2016\/05\/Espagne-A-260x173.jpg 260w, https:\/\/www.lamennais.org\/wp-content\/uploads\/2016\/05\/Espagne-A-1200x800.jpg 1200w\" sizes=\"(max-width: 300px) 100vw, 300px\" \/><\/strong><\/p>\n<p><strong>The origins<br \/>\n<\/strong>In 1903, driven away from by their schools and forbidden to teach by the French government and its leader \u00c9mile Combes, many of the Brothers of the South of France opted\u00a0 to emigrate into Spain.<br \/>\nThat is what four Brothers did on the 13th June, 1903, settling down near the border in a house at Zugarramurdi. Some fifteen others followed later in October. The Spanish Mennaisian branch was born.<\/p>\n<p>The beginnings were difficult, the Brothers being without resources. Mikelen Borda, Dancharinea, Lujua, and Etxebarri were the first settlements. In 1914, Bro Ulysses Baron, Provincial, bought a seaside residence Nanclares de la Oca&#8217;s, uninhabited for fourteen years: the Brothers had from now on a Monther House and a Formation Centre.<\/p>\n<p><strong>Today<\/strong>.<br \/>\nWith the development of the Province, Spain sent some missionary Brothers to Haiti, Argentina and recently to Chile and\u00a0 Bolivia.<br \/>\n<img decoding=\"async\" class=\"alignleft size-medium wp-image-1722\" src=\"http:\/\/www.lamennais.org\/wp-content\/uploads\/2016\/05\/Espagne-B-300x216.jpg\" alt=\"Espagne B\" width=\"300\" height=\"216\" srcset=\"https:\/\/www.lamennais.org\/wp-content\/uploads\/2016\/05\/Espagne-B-300x216.jpg 300w, https:\/\/www.lamennais.org\/wp-content\/uploads\/2016\/05\/Espagne-B-768x554.jpg 768w, https:\/\/www.lamennais.org\/wp-content\/uploads\/2016\/05\/Espagne-B-260x188.jpg 260w, https:\/\/www.lamennais.org\/wp-content\/uploads\/2016\/05\/Espagne-B.jpg 793w\" sizes=\"(max-width: 300px) 100vw, 300px\" \/>Today the Brothers work in 9 big educational centers catering for children from the nursery to the Higher School : Bilbao, Reinosa, Aguilar de Campoo, Portugalete, Madrid,\u00a0 and Santo Domingo de la Calzada. At Valladolid ( 1991 ) and at Zamora (1998 ), the Brothers opened two professional and Technical Centres catering for young school dropouts, academicaly, socialy, in their family life and need new integration into society.<\/p>\n<p>The communities of Chile and Bolivia were born from the Spanish Province and offer the opportunity of living a demanding missionary commitment. Young lay volunteers also get involved for a few weeks or the whole year to participate in the animation of these missionary institutions.<\/p>\n<p><strong>The Mennaisian Family.<\/strong><br \/>\nThe Province and every school invest a lot in the training of teachers, parents and young people, so that the Mennaisian charism and the educational principles of Jean-Marie de la Mennais are shared and lived by the Brothers and the lay people.<\/p>\n","protected":false},"excerpt":{"rendered":"<p>Towns: Aguilar de Campoo &#8211; Bilbao &#8211; Madrid &#8211; Nanclares de la Oca &#8211; Portugalete &#8211; Reinosa &#8211; Santo Domingo De La Calzada \u2013 Valladolid &#8211; Zamora AGUILAR DE CAMPOO Hermanos\u00a0 Menesianos Colegio San Gregorio La Compassion P\u00ba. El Soto, 2 34800 AGUILAR DE CAMPOO (Palencia) C: ivoarenas@hotmail.com BILBAO Hermanos\u00a0 Menesianos Colegio Berrio-Otxoa C\/Men\u00e9ndez y [&hellip;]<\/p>\n","protected":false},"author":1,"featured_media":0,"parent":5151,"menu_order":0,"comment_status":"closed","ping_status":"closed","template":"","meta":{"footnotes":""},"class_list":["post-5205","page","type-page","status-publish","hentry"],"yoast_head":"<!-- This site is optimized with the Yoast SEO plugin v27.4 - https:\/\/yoast.com\/product\/yoast-seo-wordpress\/ -->\n<title>Spain - LaMennais.org<\/title>\n<meta name=\"robots\" content=\"index, follow, max-snippet:-1, max-image-preview:large, max-video-preview:-1\" \/>\n<link rel=\"canonical\" href=\"https:\/\/www.lamennais.org\/around-the-world\/europe\/spain\/?lang=en\" \/>\n<meta property=\"og:locale\" content=\"en_US\" \/>\n<meta property=\"og:type\" content=\"article\" \/>\n<meta property=\"og:title\" content=\"Spain - LaMennais.org\" \/>\n<meta property=\"og:description\" content=\"Towns: Aguilar de Campoo &#8211; Bilbao &#8211; Madrid &#8211; Nanclares de la Oca &#8211; Portugalete &#8211; Reinosa &#8211; Santo Domingo De La Calzada \u2013 Valladolid &#8211; Zamora AGUILAR DE CAMPOO Hermanos\u00a0 Menesianos Colegio San Gregorio La Compassion P\u00ba. El Soto, 2 34800 AGUILAR DE CAMPOO (Palencia) C: ivoarenas@hotmail.com BILBAO Hermanos\u00a0 Menesianos Colegio Berrio-Otxoa C\/Men\u00e9ndez y [&hellip;]\" \/>\n<meta property=\"og:url\" content=\"https:\/\/www.lamennais.org\/around-the-world\/europe\/spain\/?lang=en\" \/>\n<meta property=\"og:site_name\" content=\"LaMennais.org\" \/>\n<meta property=\"article:modified_time\" content=\"2019-01-30T14:47:47+00:00\" \/>\n<meta property=\"og:image\" content=\"http:\/\/www.lamennais.org\/wp-content\/uploads\/2016\/05\/espagne_resize.jpg\" \/>\n<meta name=\"twitter:card\" content=\"summary_large_image\" \/>\n<meta name=\"twitter:label1\" content=\"Est. reading time\" \/>\n\t<meta name=\"twitter:data1\" content=\"3 minutes\" \/>\n<script type=\"application\/ld+json\" class=\"yoast-schema-graph\">{\"@context\":\"https:\\\/\\\/schema.org\",\"@graph\":[{\"@type\":\"WebPage\",\"@id\":\"https:\\\/\\\/www.lamennais.org\\\/around-the-world\\\/europe\\\/spain\\\/?lang=en\",\"url\":\"https:\\\/\\\/www.lamennais.org\\\/around-the-world\\\/europe\\\/spain\\\/?lang=en\",\"name\":\"Spain - LaMennais.org\",\"isPartOf\":{\"@id\":\"https:\\\/\\\/www.lamennais.org\\\/#website\"},\"primaryImageOfPage\":{\"@id\":\"https:\\\/\\\/www.lamennais.org\\\/around-the-world\\\/europe\\\/spain\\\/?lang=en#primaryimage\"},\"image\":{\"@id\":\"https:\\\/\\\/www.lamennais.org\\\/around-the-world\\\/europe\\\/spain\\\/?lang=en#primaryimage\"},\"thumbnailUrl\":\"http:\\\/\\\/www.lamennais.org\\\/wp-content\\\/uploads\\\/2016\\\/05\\\/espagne_resize.jpg\",\"datePublished\":\"2016-05-01T16:54:33+00:00\",\"dateModified\":\"2019-01-30T14:47:47+00:00\",\"breadcrumb\":{\"@id\":\"https:\\\/\\\/www.lamennais.org\\\/around-the-world\\\/europe\\\/spain\\\/?lang=en#breadcrumb\"},\"inLanguage\":\"en-US\",\"potentialAction\":[{\"@type\":\"ReadAction\",\"target\":[\"https:\\\/\\\/www.lamennais.org\\\/around-the-world\\\/europe\\\/spain\\\/?lang=en\"]}]},{\"@type\":\"ImageObject\",\"inLanguage\":\"en-US\",\"@id\":\"https:\\\/\\\/www.lamennais.org\\\/around-the-world\\\/europe\\\/spain\\\/?lang=en#primaryimage\",\"url\":\"http:\\\/\\\/www.lamennais.org\\\/wp-content\\\/uploads\\\/2016\\\/05\\\/espagne_resize.jpg\",\"contentUrl\":\"http:\\\/\\\/www.lamennais.org\\\/wp-content\\\/uploads\\\/2016\\\/05\\\/espagne_resize.jpg\"},{\"@type\":\"BreadcrumbList\",\"@id\":\"https:\\\/\\\/www.lamennais.org\\\/around-the-world\\\/europe\\\/spain\\\/?lang=en#breadcrumb\",\"itemListElement\":[{\"@type\":\"ListItem\",\"position\":1,\"name\":\"Accueil\",\"item\":\"https:\\\/\\\/www.lamennais.org\\\/\"},{\"@type\":\"ListItem\",\"position\":2,\"name\":\"&#8230;around the world\",\"item\":\"https:\\\/\\\/www.lamennais.org\\\/around-the-world\\\/?lang=en\"},{\"@type\":\"ListItem\",\"position\":3,\"name\":\"Europe\",\"item\":\"https:\\\/\\\/www.lamennais.org\\\/around-the-world\\\/europe\\\/?lang=en\"},{\"@type\":\"ListItem\",\"position\":4,\"name\":\"Spain\"}]},{\"@type\":\"WebSite\",\"@id\":\"https:\\\/\\\/www.lamennais.org\\\/#website\",\"url\":\"https:\\\/\\\/www.lamennais.org\\\/\",\"name\":\"LaMennais.org\",\"description\":\"Fr\u00e8res de l&#039;Instruction Chr\u00e9tienne et Famille Mennaisienne\",\"potentialAction\":[{\"@type\":\"SearchAction\",\"target\":{\"@type\":\"EntryPoint\",\"urlTemplate\":\"https:\\\/\\\/www.lamennais.org\\\/?s={search_term_string}\"},\"query-input\":{\"@type\":\"PropertyValueSpecification\",\"valueRequired\":true,\"valueName\":\"search_term_string\"}}],\"inLanguage\":\"en-US\"}]}<\/script>\n<!-- \/ Yoast SEO plugin. -->","yoast_head_json":{"title":"Spain - LaMennais.org","robots":{"index":"index","follow":"follow","max-snippet":"max-snippet:-1","max-image-preview":"max-image-preview:large","max-video-preview":"max-video-preview:-1"},"canonical":"https:\/\/www.lamennais.org\/around-the-world\/europe\/spain\/?lang=en","og_locale":"en_US","og_type":"article","og_title":"Spain - LaMennais.org","og_description":"Towns: Aguilar de Campoo &#8211; Bilbao &#8211; Madrid &#8211; Nanclares de la Oca &#8211; Portugalete &#8211; Reinosa &#8211; Santo Domingo De La Calzada \u2013 Valladolid &#8211; Zamora AGUILAR DE CAMPOO Hermanos\u00a0 Menesianos Colegio San Gregorio La Compassion P\u00ba. El Soto, 2 34800 AGUILAR DE CAMPOO (Palencia) C: ivoarenas@hotmail.com BILBAO Hermanos\u00a0 Menesianos Colegio Berrio-Otxoa C\/Men\u00e9ndez y [&hellip;]","og_url":"https:\/\/www.lamennais.org\/around-the-world\/europe\/spain\/?lang=en","og_site_name":"LaMennais.org","article_modified_time":"2019-01-30T14:47:47+00:00","og_image":[{"url":"http:\/\/www.lamennais.org\/wp-content\/uploads\/2016\/05\/espagne_resize.jpg","type":"","width":"","height":""}],"twitter_card":"summary_large_image","twitter_misc":{"Est. reading time":"3 minutes"},"schema":{"@context":"https:\/\/schema.org","@graph":[{"@type":"WebPage","@id":"https:\/\/www.lamennais.org\/around-the-world\/europe\/spain\/?lang=en","url":"https:\/\/www.lamennais.org\/around-the-world\/europe\/spain\/?lang=en","name":"Spain - LaMennais.org","isPartOf":{"@id":"https:\/\/www.lamennais.org\/#website"},"primaryImageOfPage":{"@id":"https:\/\/www.lamennais.org\/around-the-world\/europe\/spain\/?lang=en#primaryimage"},"image":{"@id":"https:\/\/www.lamennais.org\/around-the-world\/europe\/spain\/?lang=en#primaryimage"},"thumbnailUrl":"http:\/\/www.lamennais.org\/wp-content\/uploads\/2016\/05\/espagne_resize.jpg","datePublished":"2016-05-01T16:54:33+00:00","dateModified":"2019-01-30T14:47:47+00:00","breadcrumb":{"@id":"https:\/\/www.lamennais.org\/around-the-world\/europe\/spain\/?lang=en#breadcrumb"},"inLanguage":"en-US","potentialAction":[{"@type":"ReadAction","target":["https:\/\/www.lamennais.org\/around-the-world\/europe\/spain\/?lang=en"]}]},{"@type":"ImageObject","inLanguage":"en-US","@id":"https:\/\/www.lamennais.org\/around-the-world\/europe\/spain\/?lang=en#primaryimage","url":"http:\/\/www.lamennais.org\/wp-content\/uploads\/2016\/05\/espagne_resize.jpg","contentUrl":"http:\/\/www.lamennais.org\/wp-content\/uploads\/2016\/05\/espagne_resize.jpg"},{"@type":"BreadcrumbList","@id":"https:\/\/www.lamennais.org\/around-the-world\/europe\/spain\/?lang=en#breadcrumb","itemListElement":[{"@type":"ListItem","position":1,"name":"Accueil","item":"https:\/\/www.lamennais.org\/"},{"@type":"ListItem","position":2,"name":"&#8230;around the world","item":"https:\/\/www.lamennais.org\/around-the-world\/?lang=en"},{"@type":"ListItem","position":3,"name":"Europe","item":"https:\/\/www.lamennais.org\/around-the-world\/europe\/?lang=en"},{"@type":"ListItem","position":4,"name":"Spain"}]},{"@type":"WebSite","@id":"https:\/\/www.lamennais.org\/#website","url":"https:\/\/www.lamennais.org\/","name":"LaMennais.org","description":"Fr\u00e8res de l&#039;Instruction Chr\u00e9tienne et Famille Mennaisienne","potentialAction":[{"@type":"SearchAction","target":{"@type":"EntryPoint","urlTemplate":"https:\/\/www.lamennais.org\/?s={search_term_string}"},"query-input":{"@type":"PropertyValueSpecification","valueRequired":true,"valueName":"search_term_string"}}],"inLanguage":"en-US"}]}},"_links":{"self":[{"href":"https:\/\/www.lamennais.org\/en\/wp-json\/wp\/v2\/pages\/5205","targetHints":{"allow":["GET"]}}],"collection":[{"href":"https:\/\/www.lamennais.org\/en\/wp-json\/wp\/v2\/pages"}],"about":[{"href":"https:\/\/www.lamennais.org\/en\/wp-json\/wp\/v2\/types\/page"}],"author":[{"embeddable":true,"href":"https:\/\/www.lamennais.org\/en\/wp-json\/wp\/v2\/users\/1"}],"replies":[{"embeddable":true,"href":"https:\/\/www.lamennais.org\/en\/wp-json\/wp\/v2\/comments?post=5205"}],"version-history":[{"count":2,"href":"https:\/\/www.lamennais.org\/en\/wp-json\/wp\/v2\/pages\/5205\/revisions"}],"predecessor-version":[{"id":19333,"href":"https:\/\/www.lamennais.org\/en\/wp-json\/wp\/v2\/pages\/5205\/revisions\/19333"}],"up":[{"embeddable":true,"href":"https:\/\/www.lamennais.org\/en\/wp-json\/wp\/v2\/pages\/5151"}],"wp:attachment":[{"href":"https:\/\/www.lamennais.org\/en\/wp-json\/wp\/v2\/media?parent=5205"}],"curies":[{"name":"wp","href":"https:\/\/api.w.org\/{rel}","templated":true}]}}