{"id":5173,"date":"2016-05-01T17:51:34","date_gmt":"2016-05-01T15:51:34","guid":{"rendered":"http:\/\/www.lamennais.org\/?page_id=5173&#038;lang=en"},"modified":"2024-12-24T12:00:23","modified_gmt":"2024-12-24T11:00:23","slug":"canada","status":"publish","type":"page","link":"https:\/\/www.lamennais.org\/en\/around-the-world\/america\/canada\/","title":{"rendered":"Canada"},"content":{"rendered":"<p><strong><img fetchpriority=\"high\" decoding=\"async\" class=\"size-full wp-image-44055 alignright\" src=\"https:\/\/www.lamennais.org\/wp-content\/uploads\/2024\/12\/Canada2022.jpg\" alt=\"\" width=\"858\" height=\"852\" srcset=\"https:\/\/www.lamennais.org\/wp-content\/uploads\/2024\/12\/Canada2022.jpg 858w, https:\/\/www.lamennais.org\/wp-content\/uploads\/2024\/12\/Canada2022-300x298.jpg 300w, https:\/\/www.lamennais.org\/wp-content\/uploads\/2024\/12\/Canada2022-150x150.jpg 150w, https:\/\/www.lamennais.org\/wp-content\/uploads\/2024\/12\/Canada2022-768x763.jpg 768w, https:\/\/www.lamennais.org\/wp-content\/uploads\/2024\/12\/Canada2022-260x258.jpg 260w\" sizes=\"(max-width: 858px) 100vw, 858px\" \/>\u00a0<\/strong><span style=\"color: #000000; font-family: 'Arial Rounded MT Bold'; font-size: large;\"><strong>Province Jean de la Mennais<\/strong><br \/>\n<\/span><\/p>\n<p><strong>Towns<\/strong>: La Prairie &#8211; Laval &#8211; Montr\u00e9al &#8211; Pointe-du-Lac (Trois-Rivi\u00e8res) &#8211; Saint-Romuald (L\u00e9vis) &#8211; Shediac Cape.<\/p>\n<p><strong><span style=\"color: #3366ff;\">LA PRAIRIE<\/span><br \/>\n<\/strong><strong> Administration Provinciale<\/strong><br \/>\n850 Chemin de Sault St Louis<br \/>\nLA PRAIRIE &#8211; QUEBEC J5R 1E1 &#8211; CANADA<br \/>\nCourriel : <a href=\"mailto:mariocourrier@hotmail.com\">mariocourrier@hotmail.com<br \/>\n<\/a><br \/>\n<strong>Maison m\u00e8re<\/strong><br \/>\n870, Chemin de Saint-Jean<br \/>\nLa Prairie QC J5R 2L5<br \/>\nC : <a href=\"mailto:lacroixh@jdlm.qc.ca\">lacroixh@jdlm.qc.ca<\/a><\/p>\n<p><strong>Coll\u00e8ge Jean de la Mennais<\/strong><br \/>\n870, chemin de Saint-Jean<br \/>\nLa Prairie (Qc) J5R 2L5<br \/>\nC : <a href=\"mailto:administration@jeandelamennais.qc.ca\">administration@jeandelamennais.qc.ca<br \/>\n<\/a><br \/>\n<strong>Terre Sans Fronti\u00e8res<\/strong><br \/>\nW: <a href=\"http:\/\/www.terresansfrontieres.ca\/\">www.terresansfrontieres.ca<\/a><\/p>\n<p><span style=\"color: #0000ff;\"><strong>MONTR\u00c9AL<\/strong><strong><br \/>\n<\/strong><\/span><strong><span style=\"color: #000000;\">Appartements du Square Angus<\/span><\/strong><br \/>\n<span style=\"color: #000000;\">3200, rue Omer &#8211; Lavall\u00e9e<\/span><br \/>\n<span style=\"color: #000000;\">MONTR\u00c9AL Qu\u00e9bec H1Y 3P5<\/span><a href=\"mailto:michelgraveldga@hotmail.com\"><br \/>\nC : <\/a><a href=\"mailto:michelgraveldga@hotmail.com\">michelgraveldga@hotmail.com<\/a><\/p>\n<p><strong><span style=\"color: #3366ff;\">POINTE-DU-LAC (Trois-Rivi\u00e8res)<\/span><br \/>\n<\/strong><strong>Maison Saint-Joseph<br \/>\n<\/strong>501, rue des Fr\u00e8res enseignants<br \/>\nTROIS-RIVI\u00c8RES Qu\u00e9bec G9B 6J1<br \/>\nC : <a href=\"mailto:marcellinper@hotmail.ca\">marcellinper@hotmail.ca<\/a><\/p>\n<p><strong><span style=\"color: #3366ff;\">SAINT-ROMUALD (L\u00e9vis)<\/span><br \/>\nMaison Atkinson<\/strong><br \/>\n20, rue du Juv\u00e9nat<br \/>\nLEVIS Qu\u00e9bec G6W 7X2<br \/>\nC :<a href=\"mailto:fortin.lucien1942@gmail.com\"> fortin.lucien1942@gmail.com<\/a><\/p>\n<p><strong>Juv\u00e9nat Notre Dame du Saint-Laurent<\/strong><br \/>\n30, rue du Juv\u00e9nat<br \/>\nLEVIS Qu\u00e9bec G6W 7X2<br \/>\nC: <a href=\"mailto:juvenat@jnd.qc.ca\">juvenat@jnd.qc.ca<\/a><\/p>\n<p><strong><span style=\"color: #3366ff;\">SHEDIAC CAPE<\/span><br \/>\nLe Village des Sources<\/strong><br \/>\nC.P. 5061 &#8211; 3466, route 134<br \/>\nSh\u00e9diac N.-B. E4P 8T8<br \/>\nC : <a href=\"mailto:leviboudreau@mail.com\">leviboudreau@mail.com<\/a><\/p>\n<hr \/>\n<p>Since 1886, when the French Brothers, worried about Jules Ferry&#8217;s political and school orientations, looked for a host country and opted for Canada, the FIC Canadian Province wrote interesting pages of its history.<\/p>\n<p><strong><img decoding=\"async\" class=\"size-medium wp-image-1586 alignleft\" src=\"https:\/\/www.lamennais.org\/wp-content\/uploads\/2016\/05\/Canada-A-300x199.jpg\" alt=\"Canada A\" width=\"300\" height=\"199\" srcset=\"https:\/\/www.lamennais.org\/wp-content\/uploads\/2016\/05\/Canada-A-300x199.jpg 300w, https:\/\/www.lamennais.org\/wp-content\/uploads\/2016\/05\/Canada-A-768x509.jpg 768w, https:\/\/www.lamennais.org\/wp-content\/uploads\/2016\/05\/Canada-A-1024x679.jpg 1024w, https:\/\/www.lamennais.org\/wp-content\/uploads\/2016\/05\/Canada-A-260x172.jpg 260w, https:\/\/www.lamennais.org\/wp-content\/uploads\/2016\/05\/Canada-A-1200x800.jpg 1200w\" sizes=\"(max-width: 300px) 100vw, 300px\" \/><\/strong><\/p>\n<p><strong>Development and missionary commitments.<\/strong><\/p>\n<p>In 1904, the Canadian Brothers were already about fifty. They received a new reinforcement from France (more than 100 Brothers and Novices). The local recruitment is prosperous. The Parishes priests gladly requested for the Brothers: the Province is covered with catholic schools.<\/p>\n<p>Following the example of their French confreres, the Canadian Brothers, in their turn, became missionaries.<br \/>\nThey established new communities in the United States, strengthened the workforce in\u00a0 Haiti and Egypt, and especially, from 1926, went to Uganda, then to Kenya ( 1931 ), to Tanzania ( 1948 ) and finally to Japan ( 1951 ). The members of the Canadian Provinces exceeded, in 1954, 1000 Brothers and more than 100 Novices.<\/p>\n<p><strong>Despite the crisis, a new missionary impetus.<\/strong><br \/>\nThe1960s and the post Vatican II Council trigger the \u201cQuiet Revolution &#8220;. A deep crisis shook the society; the school system in Quebec was totally restructured. The Brothers had to abandon their schools to join new state &#8220;multi-purpose schools\u201d.\u00a0 A large number of Brothers left the congregation, but the Province continued its missionary effort: 1968, Rwanda and Burundi;\u00a0 takingin charge the mission in Seychelles Islands ; 1969, Congo-Za\u00efre; 1987, the Philippines.<br \/>\nIn 1980, the Brothers are 436 and in 1996, less than 300.<\/p>\n<p><strong><img decoding=\"async\" class=\"size-medium wp-image-1589 alignright\" src=\"https:\/\/www.lamennais.org\/wp-content\/uploads\/2016\/05\/Canada-B-300x225.jpg\" alt=\" \" width=\"300\" height=\"225\" srcset=\"https:\/\/www.lamennais.org\/wp-content\/uploads\/2016\/05\/Canada-B-300x225.jpg 300w, https:\/\/www.lamennais.org\/wp-content\/uploads\/2016\/05\/Canada-B-768x576.jpg 768w, https:\/\/www.lamennais.org\/wp-content\/uploads\/2016\/05\/Canada-B-1024x768.jpg 1024w, https:\/\/www.lamennais.org\/wp-content\/uploads\/2016\/05\/Canada-B-260x195.jpg 260w\" sizes=\"(max-width: 300px) 100vw, 300px\" \/><\/strong><strong>Today<br \/>\n<\/strong><\/p>\n<p>In Quebec, two schools are still living from the Mennaisian spirit, while there is a dynamic institutional succession: the Coll\u00e8ge Jean de la Mennais de La Prairie, and the Juv\u00e9nat Notre-Dame de Saint-Romuald (L\u00e9vis). The laity are already fully in charge of management and administration, and will become owners of the premises in 2026.<\/p>\n<p>Several Brothers continued to commit themselves in the field of education, in the service of the young people with academic difficulties or in diocesan and parochial pastoral ministry. They support financially the Saint John-Paul II District of Congo DRC &#8211; RWANDA.<\/p>\n<p><strong>\u00ab\u00a0Terre Sans Fronti\u00e8res\u201d,<\/strong> an NGO founded by the FIC, is very active and supports the Brothers\u2019 African works as well as the other projects in the field of education and of development. Another work carried out by the Brothers, &#8220;Secours-Missions&#8221;, makes a great difference in the daily lives of their African confreres by supporting micro-projects for schools and training.<\/p>\n<p>Like the other congregations involved in education, the Brothers of Christian Instruction wonder about their future in Quebec and in New Brunswick, but can rejoice at the promises and at the fruits of their missionary foundations in Africa and in Asia. There are still about 100 Brothers in the Province, but with a rather respectacle age.<\/p>\n<p>Since 2023, the Infirmary of La Prairie has moved to Laval in an Inter-Congregational Structure, run by the Lassalian Brothers.<\/p>\n","protected":false},"excerpt":{"rendered":"<p>\u00a0Province Jean de la Mennais Towns: La Prairie &#8211; Laval &#8211; Montr\u00e9al &#8211; Pointe-du-Lac (Trois-Rivi\u00e8res) &#8211; Saint-Romuald (L\u00e9vis) &#8211; Shediac Cape. LA PRAIRIE Administration Provinciale 850 Chemin de Sault St Louis LA PRAIRIE &#8211; QUEBEC J5R 1E1 &#8211; CANADA Courriel : mariocourrier@hotmail.com Maison m\u00e8re 870, Chemin de Saint-Jean La Prairie QC J5R 2L5 C : [&hellip;]<\/p>\n","protected":false},"author":1,"featured_media":0,"parent":5154,"menu_order":0,"comment_status":"closed","ping_status":"closed","template":"","meta":{"footnotes":""},"class_list":["post-5173","page","type-page","status-publish","hentry"],"yoast_head":"<!-- This site is optimized with the Yoast SEO plugin v27.4 - https:\/\/yoast.com\/product\/yoast-seo-wordpress\/ -->\n<title>Canada - LaMennais.org<\/title>\n<meta name=\"robots\" content=\"index, follow, max-snippet:-1, max-image-preview:large, max-video-preview:-1\" \/>\n<link rel=\"canonical\" href=\"https:\/\/www.lamennais.org\/en\/around-the-world\/america\/canada\/\" \/>\n<meta property=\"og:locale\" content=\"en_US\" \/>\n<meta property=\"og:type\" content=\"article\" \/>\n<meta property=\"og:title\" content=\"Canada - LaMennais.org\" \/>\n<meta property=\"og:description\" content=\"\u00a0Province Jean de la Mennais Towns: La Prairie &#8211; Laval &#8211; Montr\u00e9al &#8211; Pointe-du-Lac (Trois-Rivi\u00e8res) &#8211; Saint-Romuald (L\u00e9vis) &#8211; Shediac Cape. LA PRAIRIE Administration Provinciale 850 Chemin de Sault St Louis LA PRAIRIE &#8211; QUEBEC J5R 1E1 &#8211; CANADA Courriel : mariocourrier@hotmail.com Maison m\u00e8re 870, Chemin de Saint-Jean La Prairie QC J5R 2L5 C : [&hellip;]\" \/>\n<meta property=\"og:url\" content=\"https:\/\/www.lamennais.org\/en\/around-the-world\/america\/canada\/\" \/>\n<meta property=\"og:site_name\" content=\"LaMennais.org\" \/>\n<meta property=\"article:modified_time\" content=\"2024-12-24T11:00:23+00:00\" \/>\n<meta property=\"og:image\" content=\"https:\/\/www.lamennais.org\/wp-content\/uploads\/2024\/12\/Canada2022.jpg\" \/>\n\t<meta property=\"og:image:width\" content=\"858\" \/>\n\t<meta property=\"og:image:height\" content=\"852\" \/>\n\t<meta property=\"og:image:type\" content=\"image\/jpeg\" \/>\n<meta name=\"twitter:card\" content=\"summary_large_image\" \/>\n<meta name=\"twitter:label1\" content=\"Est. reading time\" \/>\n\t<meta name=\"twitter:data1\" content=\"4 minutes\" \/>\n<script type=\"application\/ld+json\" class=\"yoast-schema-graph\">{\"@context\":\"https:\\\/\\\/schema.org\",\"@graph\":[{\"@type\":\"WebPage\",\"@id\":\"https:\\\/\\\/www.lamennais.org\\\/en\\\/around-the-world\\\/america\\\/canada\\\/\",\"url\":\"https:\\\/\\\/www.lamennais.org\\\/en\\\/around-the-world\\\/america\\\/canada\\\/\",\"name\":\"Canada - LaMennais.org\",\"isPartOf\":{\"@id\":\"https:\\\/\\\/www.lamennais.org\\\/#website\"},\"primaryImageOfPage\":{\"@id\":\"https:\\\/\\\/www.lamennais.org\\\/en\\\/around-the-world\\\/america\\\/canada\\\/#primaryimage\"},\"image\":{\"@id\":\"https:\\\/\\\/www.lamennais.org\\\/en\\\/around-the-world\\\/america\\\/canada\\\/#primaryimage\"},\"thumbnailUrl\":\"https:\\\/\\\/www.lamennais.org\\\/wp-content\\\/uploads\\\/2024\\\/12\\\/Canada2022.jpg\",\"datePublished\":\"2016-05-01T15:51:34+00:00\",\"dateModified\":\"2024-12-24T11:00:23+00:00\",\"breadcrumb\":{\"@id\":\"https:\\\/\\\/www.lamennais.org\\\/en\\\/around-the-world\\\/america\\\/canada\\\/#breadcrumb\"},\"inLanguage\":\"en-US\",\"potentialAction\":[{\"@type\":\"ReadAction\",\"target\":[\"https:\\\/\\\/www.lamennais.org\\\/en\\\/around-the-world\\\/america\\\/canada\\\/\"]}]},{\"@type\":\"ImageObject\",\"inLanguage\":\"en-US\",\"@id\":\"https:\\\/\\\/www.lamennais.org\\\/en\\\/around-the-world\\\/america\\\/canada\\\/#primaryimage\",\"url\":\"https:\\\/\\\/www.lamennais.org\\\/wp-content\\\/uploads\\\/2024\\\/12\\\/Canada2022.jpg\",\"contentUrl\":\"https:\\\/\\\/www.lamennais.org\\\/wp-content\\\/uploads\\\/2024\\\/12\\\/Canada2022.jpg\"},{\"@type\":\"BreadcrumbList\",\"@id\":\"https:\\\/\\\/www.lamennais.org\\\/en\\\/around-the-world\\\/america\\\/canada\\\/#breadcrumb\",\"itemListElement\":[{\"@type\":\"ListItem\",\"position\":1,\"name\":\"Accueil\",\"item\":\"https:\\\/\\\/www.lamennais.org\\\/\"},{\"@type\":\"ListItem\",\"position\":2,\"name\":\"&#8230;around the world\",\"item\":\"https:\\\/\\\/www.lamennais.org\\\/around-the-world\\\/?lang=en\"},{\"@type\":\"ListItem\",\"position\":3,\"name\":\"America\",\"item\":\"https:\\\/\\\/www.lamennais.org\\\/around-the-world\\\/america\\\/?lang=en\"},{\"@type\":\"ListItem\",\"position\":4,\"name\":\"Canada\"}]},{\"@type\":\"WebSite\",\"@id\":\"https:\\\/\\\/www.lamennais.org\\\/#website\",\"url\":\"https:\\\/\\\/www.lamennais.org\\\/\",\"name\":\"LaMennais.org\",\"description\":\"Fr\u00e8res de l&#039;Instruction Chr\u00e9tienne et Famille Mennaisienne\",\"potentialAction\":[{\"@type\":\"SearchAction\",\"target\":{\"@type\":\"EntryPoint\",\"urlTemplate\":\"https:\\\/\\\/www.lamennais.org\\\/?s={search_term_string}\"},\"query-input\":{\"@type\":\"PropertyValueSpecification\",\"valueRequired\":true,\"valueName\":\"search_term_string\"}}],\"inLanguage\":\"en-US\"}]}<\/script>\n<!-- \/ Yoast SEO plugin. -->","yoast_head_json":{"title":"Canada - LaMennais.org","robots":{"index":"index","follow":"follow","max-snippet":"max-snippet:-1","max-image-preview":"max-image-preview:large","max-video-preview":"max-video-preview:-1"},"canonical":"https:\/\/www.lamennais.org\/en\/around-the-world\/america\/canada\/","og_locale":"en_US","og_type":"article","og_title":"Canada - LaMennais.org","og_description":"\u00a0Province Jean de la Mennais Towns: La Prairie &#8211; Laval &#8211; Montr\u00e9al &#8211; Pointe-du-Lac (Trois-Rivi\u00e8res) &#8211; Saint-Romuald (L\u00e9vis) &#8211; Shediac Cape. LA PRAIRIE Administration Provinciale 850 Chemin de Sault St Louis LA PRAIRIE &#8211; QUEBEC J5R 1E1 &#8211; CANADA Courriel : mariocourrier@hotmail.com Maison m\u00e8re 870, Chemin de Saint-Jean La Prairie QC J5R 2L5 C : [&hellip;]","og_url":"https:\/\/www.lamennais.org\/en\/around-the-world\/america\/canada\/","og_site_name":"LaMennais.org","article_modified_time":"2024-12-24T11:00:23+00:00","og_image":[{"width":858,"height":852,"url":"https:\/\/www.lamennais.org\/wp-content\/uploads\/2024\/12\/Canada2022.jpg","type":"image\/jpeg"}],"twitter_card":"summary_large_image","twitter_misc":{"Est. reading time":"4 minutes"},"schema":{"@context":"https:\/\/schema.org","@graph":[{"@type":"WebPage","@id":"https:\/\/www.lamennais.org\/en\/around-the-world\/america\/canada\/","url":"https:\/\/www.lamennais.org\/en\/around-the-world\/america\/canada\/","name":"Canada - LaMennais.org","isPartOf":{"@id":"https:\/\/www.lamennais.org\/#website"},"primaryImageOfPage":{"@id":"https:\/\/www.lamennais.org\/en\/around-the-world\/america\/canada\/#primaryimage"},"image":{"@id":"https:\/\/www.lamennais.org\/en\/around-the-world\/america\/canada\/#primaryimage"},"thumbnailUrl":"https:\/\/www.lamennais.org\/wp-content\/uploads\/2024\/12\/Canada2022.jpg","datePublished":"2016-05-01T15:51:34+00:00","dateModified":"2024-12-24T11:00:23+00:00","breadcrumb":{"@id":"https:\/\/www.lamennais.org\/en\/around-the-world\/america\/canada\/#breadcrumb"},"inLanguage":"en-US","potentialAction":[{"@type":"ReadAction","target":["https:\/\/www.lamennais.org\/en\/around-the-world\/america\/canada\/"]}]},{"@type":"ImageObject","inLanguage":"en-US","@id":"https:\/\/www.lamennais.org\/en\/around-the-world\/america\/canada\/#primaryimage","url":"https:\/\/www.lamennais.org\/wp-content\/uploads\/2024\/12\/Canada2022.jpg","contentUrl":"https:\/\/www.lamennais.org\/wp-content\/uploads\/2024\/12\/Canada2022.jpg"},{"@type":"BreadcrumbList","@id":"https:\/\/www.lamennais.org\/en\/around-the-world\/america\/canada\/#breadcrumb","itemListElement":[{"@type":"ListItem","position":1,"name":"Accueil","item":"https:\/\/www.lamennais.org\/"},{"@type":"ListItem","position":2,"name":"&#8230;around the world","item":"https:\/\/www.lamennais.org\/around-the-world\/?lang=en"},{"@type":"ListItem","position":3,"name":"America","item":"https:\/\/www.lamennais.org\/around-the-world\/america\/?lang=en"},{"@type":"ListItem","position":4,"name":"Canada"}]},{"@type":"WebSite","@id":"https:\/\/www.lamennais.org\/#website","url":"https:\/\/www.lamennais.org\/","name":"LaMennais.org","description":"Fr\u00e8res de l&#039;Instruction Chr\u00e9tienne et Famille Mennaisienne","potentialAction":[{"@type":"SearchAction","target":{"@type":"EntryPoint","urlTemplate":"https:\/\/www.lamennais.org\/?s={search_term_string}"},"query-input":{"@type":"PropertyValueSpecification","valueRequired":true,"valueName":"search_term_string"}}],"inLanguage":"en-US"}]}},"_links":{"self":[{"href":"https:\/\/www.lamennais.org\/en\/wp-json\/wp\/v2\/pages\/5173","targetHints":{"allow":["GET"]}}],"collection":[{"href":"https:\/\/www.lamennais.org\/en\/wp-json\/wp\/v2\/pages"}],"about":[{"href":"https:\/\/www.lamennais.org\/en\/wp-json\/wp\/v2\/types\/page"}],"author":[{"embeddable":true,"href":"https:\/\/www.lamennais.org\/en\/wp-json\/wp\/v2\/users\/1"}],"replies":[{"embeddable":true,"href":"https:\/\/www.lamennais.org\/en\/wp-json\/wp\/v2\/comments?post=5173"}],"version-history":[{"count":7,"href":"https:\/\/www.lamennais.org\/en\/wp-json\/wp\/v2\/pages\/5173\/revisions"}],"predecessor-version":[{"id":44063,"href":"https:\/\/www.lamennais.org\/en\/wp-json\/wp\/v2\/pages\/5173\/revisions\/44063"}],"up":[{"embeddable":true,"href":"https:\/\/www.lamennais.org\/en\/wp-json\/wp\/v2\/pages\/5154"}],"wp:attachment":[{"href":"https:\/\/www.lamennais.org\/en\/wp-json\/wp\/v2\/media?parent=5173"}],"curies":[{"name":"wp","href":"https:\/\/api.w.org\/{rel}","templated":true}]}}