{"id":5158,"date":"2016-05-01T17:30:26","date_gmt":"2016-05-01T15:30:26","guid":{"rendered":"http:\/\/www.lamennais.org\/?page_id=5158&#038;lang=en"},"modified":"2019-01-30T16:17:47","modified_gmt":"2019-01-30T15:17:47","slug":"argentina","status":"publish","type":"page","link":"https:\/\/www.lamennais.org\/en\/around-the-world\/america\/argentina\/","title":{"rendered":"Argentina"},"content":{"rendered":"<p><strong><img fetchpriority=\"high\" decoding=\"async\" class=\"alignright  wp-image-1563\" src=\"http:\/\/www.lamennais.org\/wp-content\/uploads\/2016\/05\/argentine_resize.jpg\" alt=\"argentine_resize\" width=\"468\" height=\"468\" srcset=\"https:\/\/www.lamennais.org\/wp-content\/uploads\/2016\/05\/argentine_resize.jpg 500w, https:\/\/www.lamennais.org\/wp-content\/uploads\/2016\/05\/argentine_resize-150x150.jpg 150w, https:\/\/www.lamennais.org\/wp-content\/uploads\/2016\/05\/argentine_resize-300x300.jpg 300w, https:\/\/www.lamennais.org\/wp-content\/uploads\/2016\/05\/argentine_resize-260x260.jpg 260w\" sizes=\"(max-width: 468px) 100vw, 468px\" \/><\/strong><strong>Towns<\/strong>: Bialet Mass\u00e9 &#8211; Buenos Aires &#8211; Luj\u00e1n de Cuyo Villa Gobernador G\u00e1lvez<\/p>\n<p><strong>BIALET MASS\u00c9<br \/>\n<\/strong><strong>Instituto Nuestra Se\u00f1ora del Rosario<br \/>\n<\/strong>9 de Julio 359<br \/>\nX5158ACG\u00a0\u00a0 \u00a0BIALET MASS\u00c9 (C\u00f3rdoba)<\/p>\n<p><strong>BUENOS AIRES<br \/>\n<\/strong><strong>Comunidad Hermanos Menesianos<br \/>\nInstituto Colegio Cardinal Copello<\/strong><br \/>\nNueva York 3571, Villa Devoto<br \/>\nC1419 HDE.<br \/>\nC : <a href=\"mailto:hnoclaudio@yahoo.com\">hnoclaudio@yahoo.com<\/a><br \/>\n<u><\/u><\/p>\n<p><strong>LUJ\u00c1N DE CUYO<br \/>\n<\/strong><strong>Comunidad Hermanos Menesianos<br \/>\nColegio San Pablo<\/strong><br \/>\nSan Martin 1425<br \/>\nM5507 LUJ\u00c1N DE CUYO (Mendoza)<br \/>\nC : <a href=\"mailto:arturopiana@gmail.com\">arturopiana@gmail.com<\/a><\/p>\n<p><strong>VILLA GOBERNADOR G\u00c1LVEZ<br \/>\n<\/strong><strong>Comunidad Hermanos Menesianos<br \/>\nInstituto Teodelina Fern\u00e1ndez de Alvear<\/strong><br \/>\nBulevar San Diego 1056<br \/>\n2124 VILLA GOBERNADOR G\u00c1LVEZ (Santa Fe)<br \/>\n<strong>C : <\/strong><a href=\"mailto:carlos.hic@yahoo.com.ar\">carlos.hic@yahoo.com.ar<\/a><\/p>\n<hr \/>\n<p><img decoding=\"async\" class=\"alignright size-medium wp-image-1553\" src=\"http:\/\/www.lamennais.org\/wp-content\/uploads\/2016\/05\/Argentine-A-300x225.jpg\" alt=\"Argentine A\" width=\"300\" height=\"225\" srcset=\"https:\/\/www.lamennais.org\/wp-content\/uploads\/2016\/05\/Argentine-A-300x225.jpg 300w, https:\/\/www.lamennais.org\/wp-content\/uploads\/2016\/05\/Argentine-A-260x195.jpg 260w, https:\/\/www.lamennais.org\/wp-content\/uploads\/2016\/05\/Argentine-A.jpg 595w\" sizes=\"(max-width: 300px) 100vw, 300px\" \/><\/p>\n<p>The first Spanish Brothers, three in number, arrived in Argentina in <strong>1933<\/strong>. After meeting with difficulties characteristic of beginnings and many trials, notably at San Miguel and Tucum\u00e1n, they set up Cardinal Copello College in Buenos Aires. In 1953 they opened the Instituto Nuestra Se\u00f1ora del Rosario in <strong>Bialet Mass\u00e9<\/strong><\/p>\n<p>In 1967, at <strong>Villa Gobernador G\u00e1lvez<\/strong>, the Capuchin Fathers ceded to the Brothers the responsibility of a Secondary and Technical College Teodelina Fern\u00e1ndez de Alvear which has a population of 1200 students today.<\/p>\n<p>In 1987, at the request of the Parish priest, the Brothers accept the management of a Primary, Secondary and Technical School with a population of 1000 students at <strong>Lujan de Cuyo.<\/strong> The Brothers and Lay people of the community of Luj\u00e1n de Cuyo, have recently opened a new school: &#8220;<em>La Petite \u00c9cole<\/em>&#8220;, in the area <em>Las Margaritas<\/em> of the city of Luj\u00e1n de Cuyo, to welcome and accompany children and young people coming from the poorest areas.<br \/>\n<img decoding=\"async\" class=\"aligncenter size-full wp-image-1555\" src=\"http:\/\/www.lamennais.org\/wp-content\/uploads\/2016\/05\/argentine.jpg\" alt=\"argentine\" width=\"602\" height=\"451\" srcset=\"https:\/\/www.lamennais.org\/wp-content\/uploads\/2016\/05\/argentine.jpg 602w, https:\/\/www.lamennais.org\/wp-content\/uploads\/2016\/05\/argentine-300x225.jpg 300w, https:\/\/www.lamennais.org\/wp-content\/uploads\/2016\/05\/argentine-260x195.jpg 260w\" sizes=\"(max-width: 602px) 100vw, 602px\" \/><\/p>\n","protected":false},"excerpt":{"rendered":"<p>Towns: Bialet Mass\u00e9 &#8211; Buenos Aires &#8211; Luj\u00e1n de Cuyo Villa Gobernador G\u00e1lvez BIALET MASS\u00c9 Instituto Nuestra Se\u00f1ora del Rosario 9 de Julio 359 X5158ACG\u00a0\u00a0 \u00a0BIALET MASS\u00c9 (C\u00f3rdoba) BUENOS AIRES Comunidad Hermanos Menesianos Instituto Colegio Cardinal Copello Nueva York 3571, Villa Devoto C1419 HDE. C : hnoclaudio@yahoo.com LUJ\u00c1N DE CUYO Comunidad Hermanos Menesianos Colegio San [&hellip;]<\/p>\n","protected":false},"author":1,"featured_media":0,"parent":5154,"menu_order":0,"comment_status":"closed","ping_status":"closed","template":"","meta":{"footnotes":""},"class_list":["post-5158","page","type-page","status-publish","hentry"],"yoast_head":"<!-- This site is optimized with the Yoast SEO plugin v27.4 - https:\/\/yoast.com\/product\/yoast-seo-wordpress\/ -->\n<title>Argentina - LaMennais.org<\/title>\n<meta name=\"robots\" content=\"index, follow, max-snippet:-1, max-image-preview:large, max-video-preview:-1\" \/>\n<link rel=\"canonical\" href=\"https:\/\/www.lamennais.org\/around-the-world\/america\/argentina\/?lang=en\" \/>\n<meta property=\"og:locale\" content=\"en_US\" \/>\n<meta property=\"og:type\" content=\"article\" \/>\n<meta property=\"og:title\" content=\"Argentina - LaMennais.org\" \/>\n<meta property=\"og:description\" content=\"Towns: Bialet Mass\u00e9 &#8211; Buenos Aires &#8211; Luj\u00e1n de Cuyo Villa Gobernador G\u00e1lvez BIALET MASS\u00c9 Instituto Nuestra Se\u00f1ora del Rosario 9 de Julio 359 X5158ACG\u00a0\u00a0 \u00a0BIALET MASS\u00c9 (C\u00f3rdoba) BUENOS AIRES Comunidad Hermanos Menesianos Instituto Colegio Cardinal Copello Nueva York 3571, Villa Devoto C1419 HDE. C : hnoclaudio@yahoo.com LUJ\u00c1N DE CUYO Comunidad Hermanos Menesianos Colegio San [&hellip;]\" \/>\n<meta property=\"og:url\" content=\"https:\/\/www.lamennais.org\/around-the-world\/america\/argentina\/?lang=en\" \/>\n<meta property=\"og:site_name\" content=\"LaMennais.org\" \/>\n<meta property=\"article:modified_time\" content=\"2019-01-30T15:17:47+00:00\" \/>\n<meta property=\"og:image\" content=\"http:\/\/www.lamennais.org\/wp-content\/uploads\/2016\/05\/argentine_resize.jpg\" \/>\n<meta name=\"twitter:card\" content=\"summary_large_image\" \/>\n<meta name=\"twitter:label1\" content=\"Est. reading time\" \/>\n\t<meta name=\"twitter:data1\" content=\"1 minute\" \/>\n<script type=\"application\/ld+json\" class=\"yoast-schema-graph\">{\"@context\":\"https:\\\/\\\/schema.org\",\"@graph\":[{\"@type\":\"WebPage\",\"@id\":\"https:\\\/\\\/www.lamennais.org\\\/around-the-world\\\/america\\\/argentina\\\/?lang=en\",\"url\":\"https:\\\/\\\/www.lamennais.org\\\/around-the-world\\\/america\\\/argentina\\\/?lang=en\",\"name\":\"Argentina - LaMennais.org\",\"isPartOf\":{\"@id\":\"https:\\\/\\\/www.lamennais.org\\\/#website\"},\"primaryImageOfPage\":{\"@id\":\"https:\\\/\\\/www.lamennais.org\\\/around-the-world\\\/america\\\/argentina\\\/?lang=en#primaryimage\"},\"image\":{\"@id\":\"https:\\\/\\\/www.lamennais.org\\\/around-the-world\\\/america\\\/argentina\\\/?lang=en#primaryimage\"},\"thumbnailUrl\":\"http:\\\/\\\/www.lamennais.org\\\/wp-content\\\/uploads\\\/2016\\\/05\\\/argentine_resize.jpg\",\"datePublished\":\"2016-05-01T15:30:26+00:00\",\"dateModified\":\"2019-01-30T15:17:47+00:00\",\"breadcrumb\":{\"@id\":\"https:\\\/\\\/www.lamennais.org\\\/around-the-world\\\/america\\\/argentina\\\/?lang=en#breadcrumb\"},\"inLanguage\":\"en-US\",\"potentialAction\":[{\"@type\":\"ReadAction\",\"target\":[\"https:\\\/\\\/www.lamennais.org\\\/around-the-world\\\/america\\\/argentina\\\/?lang=en\"]}]},{\"@type\":\"ImageObject\",\"inLanguage\":\"en-US\",\"@id\":\"https:\\\/\\\/www.lamennais.org\\\/around-the-world\\\/america\\\/argentina\\\/?lang=en#primaryimage\",\"url\":\"http:\\\/\\\/www.lamennais.org\\\/wp-content\\\/uploads\\\/2016\\\/05\\\/argentine_resize.jpg\",\"contentUrl\":\"http:\\\/\\\/www.lamennais.org\\\/wp-content\\\/uploads\\\/2016\\\/05\\\/argentine_resize.jpg\"},{\"@type\":\"BreadcrumbList\",\"@id\":\"https:\\\/\\\/www.lamennais.org\\\/around-the-world\\\/america\\\/argentina\\\/?lang=en#breadcrumb\",\"itemListElement\":[{\"@type\":\"ListItem\",\"position\":1,\"name\":\"Accueil\",\"item\":\"https:\\\/\\\/www.lamennais.org\\\/\"},{\"@type\":\"ListItem\",\"position\":2,\"name\":\"&#8230;around the world\",\"item\":\"https:\\\/\\\/www.lamennais.org\\\/around-the-world\\\/?lang=en\"},{\"@type\":\"ListItem\",\"position\":3,\"name\":\"America\",\"item\":\"https:\\\/\\\/www.lamennais.org\\\/around-the-world\\\/america\\\/?lang=en\"},{\"@type\":\"ListItem\",\"position\":4,\"name\":\"Argentina\"}]},{\"@type\":\"WebSite\",\"@id\":\"https:\\\/\\\/www.lamennais.org\\\/#website\",\"url\":\"https:\\\/\\\/www.lamennais.org\\\/\",\"name\":\"LaMennais.org\",\"description\":\"Fr\u00e8res de l&#039;Instruction Chr\u00e9tienne et Famille Mennaisienne\",\"potentialAction\":[{\"@type\":\"SearchAction\",\"target\":{\"@type\":\"EntryPoint\",\"urlTemplate\":\"https:\\\/\\\/www.lamennais.org\\\/?s={search_term_string}\"},\"query-input\":{\"@type\":\"PropertyValueSpecification\",\"valueRequired\":true,\"valueName\":\"search_term_string\"}}],\"inLanguage\":\"en-US\"}]}<\/script>\n<!-- \/ Yoast SEO plugin. -->","yoast_head_json":{"title":"Argentina - LaMennais.org","robots":{"index":"index","follow":"follow","max-snippet":"max-snippet:-1","max-image-preview":"max-image-preview:large","max-video-preview":"max-video-preview:-1"},"canonical":"https:\/\/www.lamennais.org\/around-the-world\/america\/argentina\/?lang=en","og_locale":"en_US","og_type":"article","og_title":"Argentina - LaMennais.org","og_description":"Towns: Bialet Mass\u00e9 &#8211; Buenos Aires &#8211; Luj\u00e1n de Cuyo Villa Gobernador G\u00e1lvez BIALET MASS\u00c9 Instituto Nuestra Se\u00f1ora del Rosario 9 de Julio 359 X5158ACG\u00a0\u00a0 \u00a0BIALET MASS\u00c9 (C\u00f3rdoba) BUENOS AIRES Comunidad Hermanos Menesianos Instituto Colegio Cardinal Copello Nueva York 3571, Villa Devoto C1419 HDE. C : hnoclaudio@yahoo.com LUJ\u00c1N DE CUYO Comunidad Hermanos Menesianos Colegio San [&hellip;]","og_url":"https:\/\/www.lamennais.org\/around-the-world\/america\/argentina\/?lang=en","og_site_name":"LaMennais.org","article_modified_time":"2019-01-30T15:17:47+00:00","og_image":[{"url":"http:\/\/www.lamennais.org\/wp-content\/uploads\/2016\/05\/argentine_resize.jpg","type":"","width":"","height":""}],"twitter_card":"summary_large_image","twitter_misc":{"Est. reading time":"1 minute"},"schema":{"@context":"https:\/\/schema.org","@graph":[{"@type":"WebPage","@id":"https:\/\/www.lamennais.org\/around-the-world\/america\/argentina\/?lang=en","url":"https:\/\/www.lamennais.org\/around-the-world\/america\/argentina\/?lang=en","name":"Argentina - LaMennais.org","isPartOf":{"@id":"https:\/\/www.lamennais.org\/#website"},"primaryImageOfPage":{"@id":"https:\/\/www.lamennais.org\/around-the-world\/america\/argentina\/?lang=en#primaryimage"},"image":{"@id":"https:\/\/www.lamennais.org\/around-the-world\/america\/argentina\/?lang=en#primaryimage"},"thumbnailUrl":"http:\/\/www.lamennais.org\/wp-content\/uploads\/2016\/05\/argentine_resize.jpg","datePublished":"2016-05-01T15:30:26+00:00","dateModified":"2019-01-30T15:17:47+00:00","breadcrumb":{"@id":"https:\/\/www.lamennais.org\/around-the-world\/america\/argentina\/?lang=en#breadcrumb"},"inLanguage":"en-US","potentialAction":[{"@type":"ReadAction","target":["https:\/\/www.lamennais.org\/around-the-world\/america\/argentina\/?lang=en"]}]},{"@type":"ImageObject","inLanguage":"en-US","@id":"https:\/\/www.lamennais.org\/around-the-world\/america\/argentina\/?lang=en#primaryimage","url":"http:\/\/www.lamennais.org\/wp-content\/uploads\/2016\/05\/argentine_resize.jpg","contentUrl":"http:\/\/www.lamennais.org\/wp-content\/uploads\/2016\/05\/argentine_resize.jpg"},{"@type":"BreadcrumbList","@id":"https:\/\/www.lamennais.org\/around-the-world\/america\/argentina\/?lang=en#breadcrumb","itemListElement":[{"@type":"ListItem","position":1,"name":"Accueil","item":"https:\/\/www.lamennais.org\/"},{"@type":"ListItem","position":2,"name":"&#8230;around the world","item":"https:\/\/www.lamennais.org\/around-the-world\/?lang=en"},{"@type":"ListItem","position":3,"name":"America","item":"https:\/\/www.lamennais.org\/around-the-world\/america\/?lang=en"},{"@type":"ListItem","position":4,"name":"Argentina"}]},{"@type":"WebSite","@id":"https:\/\/www.lamennais.org\/#website","url":"https:\/\/www.lamennais.org\/","name":"LaMennais.org","description":"Fr\u00e8res de l&#039;Instruction Chr\u00e9tienne et Famille Mennaisienne","potentialAction":[{"@type":"SearchAction","target":{"@type":"EntryPoint","urlTemplate":"https:\/\/www.lamennais.org\/?s={search_term_string}"},"query-input":{"@type":"PropertyValueSpecification","valueRequired":true,"valueName":"search_term_string"}}],"inLanguage":"en-US"}]}},"_links":{"self":[{"href":"https:\/\/www.lamennais.org\/en\/wp-json\/wp\/v2\/pages\/5158","targetHints":{"allow":["GET"]}}],"collection":[{"href":"https:\/\/www.lamennais.org\/en\/wp-json\/wp\/v2\/pages"}],"about":[{"href":"https:\/\/www.lamennais.org\/en\/wp-json\/wp\/v2\/types\/page"}],"author":[{"embeddable":true,"href":"https:\/\/www.lamennais.org\/en\/wp-json\/wp\/v2\/users\/1"}],"replies":[{"embeddable":true,"href":"https:\/\/www.lamennais.org\/en\/wp-json\/wp\/v2\/comments?post=5158"}],"version-history":[{"count":3,"href":"https:\/\/www.lamennais.org\/en\/wp-json\/wp\/v2\/pages\/5158\/revisions"}],"predecessor-version":[{"id":19343,"href":"https:\/\/www.lamennais.org\/en\/wp-json\/wp\/v2\/pages\/5158\/revisions\/19343"}],"up":[{"embeddable":true,"href":"https:\/\/www.lamennais.org\/en\/wp-json\/wp\/v2\/pages\/5154"}],"wp:attachment":[{"href":"https:\/\/www.lamennais.org\/en\/wp-json\/wp\/v2\/media?parent=5158"}],"curies":[{"name":"wp","href":"https:\/\/api.w.org\/{rel}","templated":true}]}}